{"id":7782,"date":"2025-01-22T07:19:22","date_gmt":"2025-01-22T07:19:22","guid":{"rendered":"https:\/\/jinhuaceramic.com\/?post_type=product&#038;p=7782"},"modified":"2025-01-22T07:19:24","modified_gmt":"2025-01-22T07:19:24","slug":"customized-baking-pan","status":"publish","type":"product","link":"https:\/\/jinhuaceramic.com\/fr\/product\/customized-baking-pan\/","title":{"rendered":"Plaque \u00e0 p\u00e2tisserie antiadh\u00e9sive personnalis\u00e9e, c\u00e9ramique pour p\u00e2tisserie Wholesale"},"content":{"rendered":"<div class=\"wp-block-columns is-layout-flex wp-container-core-columns-is-layout-9d6595d7 wp-block-columns-is-layout-flex\">\n<div class=\"wp-block-column is-layout-flow wp-block-column-is-layout-flow\">\n<h3 class=\"wp-block-heading\">Plaque \u00e0 p\u00e2tisserie personnalis\u00e9e de qualit\u00e9 sup\u00e9rieure Caract\u00e9ristiques :<\/h3>\n\n\n\n<ul class=\"wp-block-list\">\n<li><strong>Forme rectangulaire :<\/strong> Ce moule de cuisson personnalis\u00e9 est de forme rectangulaire, plus pratique, et peut contenir plus d'ingr\u00e9dients. En outre, ce type de plat de cuisson est plus facile \u00e0 enfourner, car il permet d'utiliser pleinement l'espace du four, ce qui am\u00e9liore l'efficacit\u00e9 de l'utilisation de ce dernier.<\/li>\n\n\n\n<li><strong>Classique Correspondance des couleurs : <\/strong>Ces ustensiles de cuisson en c\u00e9ramique sont de couleur blanche avec des bords et des poign\u00e9es noirs, ce qui forme un contraste de couleur net, simple mais \u00e9l\u00e9gant. Cette combinaison de couleurs peut facilement se fondre dans diff\u00e9rents styles de cuisine et rehausser la beaut\u00e9 de la cuisine.<\/li>\n\n\n\n<li><strong>Mat\u00e9riau de haute qualit\u00e9 : <\/strong>Ces moules \u00e0 p\u00e2tisserie personnalis\u00e9s en c\u00e9ramique de haute qualit\u00e9 pr\u00e9sentent une bonne r\u00e9sistance aux temp\u00e9ratures \u00e9lev\u00e9es. Ils peuvent \u00eatre utilis\u00e9s dans l'environnement \u00e0 haute temp\u00e9rature du four et supporter quelques centaines de degr\u00e9s Celsius sans se fissurer ni se d\u00e9former.<\/li>\n\n\n\n<li><strong>Poign\u00e9es pratiques : <\/strong>Ces moules \u00e0 p\u00e2tisserie en c\u00e9ramique sont dot\u00e9s de poign\u00e9es des deux c\u00f4t\u00e9s qui facilitent le travail, tout en \u00e9vitant les risques de br\u00fblure des mains lors du transport des moules \u00e0 p\u00e2tisserie - en particulier lorsqu'ils viennent d'\u00eatre sortis du four - ce qui am\u00e9liore la s\u00e9curit\u00e9 d'utilisation et la commodit\u00e9.<\/li>\n<\/ul>\n<\/div>\n\n\n\n<div class=\"wp-block-column is-layout-flow wp-block-column-is-layout-flow\">\n<figure class=\"wp-block-image size-full\"><img fetchpriority=\"high\" decoding=\"async\" width=\"1600\" height=\"1600\" src=\"https:\/\/jinhuaceramic.com\/wp-content\/uploads\/2025\/01\/Rectangular-Nonstick-Custom-Baking-Dish-Ceramic-Professional-Bakeware-Supplies-2.webp\" alt=\"Plaque de cuisson antiadh\u00e9sive personnalis\u00e9e, c\u00e9ramique pour p\u00e2tisserie Wholesale-1\" class=\"wp-image-7783\" srcset=\"https:\/\/jinhuaceramic.com\/wp-content\/uploads\/2025\/01\/Rectangular-Nonstick-Custom-Baking-Dish-Ceramic-Professional-Bakeware-Supplies-2.webp 1600w, https:\/\/jinhuaceramic.com\/wp-content\/uploads\/2025\/01\/Rectangular-Nonstick-Custom-Baking-Dish-Ceramic-Professional-Bakeware-Supplies-2-300x300.webp 300w, https:\/\/jinhuaceramic.com\/wp-content\/uploads\/2025\/01\/Rectangular-Nonstick-Custom-Baking-Dish-Ceramic-Professional-Bakeware-Supplies-2-150x150.webp 150w, https:\/\/jinhuaceramic.com\/wp-content\/uploads\/2025\/01\/Rectangular-Nonstick-Custom-Baking-Dish-Ceramic-Professional-Bakeware-Supplies-2-768x768.webp 768w, https:\/\/jinhuaceramic.com\/wp-content\/uploads\/2025\/01\/Rectangular-Nonstick-Custom-Baking-Dish-Ceramic-Professional-Bakeware-Supplies-2-12x12.webp 12w, https:\/\/jinhuaceramic.com\/wp-content\/uploads\/2025\/01\/Rectangular-Nonstick-Custom-Baking-Dish-Ceramic-Professional-Bakeware-Supplies-2-285x285.webp 285w, https:\/\/jinhuaceramic.com\/wp-content\/uploads\/2025\/01\/Rectangular-Nonstick-Custom-Baking-Dish-Ceramic-Professional-Bakeware-Supplies-2-270x270.webp 270w, https:\/\/jinhuaceramic.com\/wp-content\/uploads\/2025\/01\/Rectangular-Nonstick-Custom-Baking-Dish-Ceramic-Professional-Bakeware-Supplies-2-540x540.webp 540w, https:\/\/jinhuaceramic.com\/wp-content\/uploads\/2025\/01\/Rectangular-Nonstick-Custom-Baking-Dish-Ceramic-Professional-Bakeware-Supplies-2-660x660.webp 660w\" sizes=\"(max-width: 1600px) 100vw, 1600px\" \/><\/figure>\n<\/div>\n<\/div>","protected":false},"excerpt":{"rendered":"<p>Bienvenue sur le site d'achat en gros d'ustensiles de cuisson en c\u00e9ramique. Ce moule \u00e0 p\u00e2tisserie personnalis\u00e9 pr\u00e9sente une forme rectangulaire pratique, une combinaison classique de couleurs noire et blanche, une construction en c\u00e9ramique durable et des poign\u00e9es pratiques, ce qui en fait un article indispensable dans la cuisine. Alliant esth\u00e9tique et praticit\u00e9, ces plats de cuisson sont un excellent choix pour ceux qui recherchent une vie de qualit\u00e9.<\/p>","protected":false},"featured_media":7784,"comment_status":"closed","ping_status":"closed","template":"","meta":{"_acf_changed":false},"product_brand":[],"product_cat":[53],"product_tag":[71],"class_list":{"0":"post-7782","1":"product","2":"type-product","3":"status-publish","4":"has-post-thumbnail","6":"product_cat-bakeware-in-bulk","7":"product_tag-wholesale-baking-pans","9":"first","10":"instock","11":"shipping-taxable","12":"product-type-simple"},"acf":[],"_links":{"self":[{"href":"https:\/\/jinhuaceramic.com\/fr\/wp-json\/wp\/v2\/product\/7782","targetHints":{"allow":["GET"]}}],"collection":[{"href":"https:\/\/jinhuaceramic.com\/fr\/wp-json\/wp\/v2\/product"}],"about":[{"href":"https:\/\/jinhuaceramic.com\/fr\/wp-json\/wp\/v2\/types\/product"}],"replies":[{"embeddable":true,"href":"https:\/\/jinhuaceramic.com\/fr\/wp-json\/wp\/v2\/comments?post=7782"}],"version-history":[{"count":0,"href":"https:\/\/jinhuaceramic.com\/fr\/wp-json\/wp\/v2\/product\/7782\/revisions"}],"wp:featuredmedia":[{"embeddable":true,"href":"https:\/\/jinhuaceramic.com\/fr\/wp-json\/wp\/v2\/media\/7784"}],"wp:attachment":[{"href":"https:\/\/jinhuaceramic.com\/fr\/wp-json\/wp\/v2\/media?parent=7782"}],"wp:term":[{"taxonomy":"product_brand","embeddable":true,"href":"https:\/\/jinhuaceramic.com\/fr\/wp-json\/wp\/v2\/product_brand?post=7782"},{"taxonomy":"product_cat","embeddable":true,"href":"https:\/\/jinhuaceramic.com\/fr\/wp-json\/wp\/v2\/product_cat?post=7782"},{"taxonomy":"product_tag","embeddable":true,"href":"https:\/\/jinhuaceramic.com\/fr\/wp-json\/wp\/v2\/product_tag?post=7782"}],"curies":[{"name":"wp","href":"https:\/\/api.w.org\/{rel}","templated":true}]}}