{"id":7796,"date":"2025-01-24T07:08:17","date_gmt":"2025-01-24T07:08:17","guid":{"rendered":"https:\/\/jinhuaceramic.com\/?post_type=product&#038;p=7796"},"modified":"2025-01-24T07:08:43","modified_gmt":"2025-01-24T07:08:43","slug":"restaurant-crockery-wholesale","status":"publish","type":"product","link":"https:\/\/jinhuaceramic.com\/fr\/product\/restaurant-crockery-wholesale\/","title":{"rendered":"Tan Restaurant Crockery Wholesale, Ceramic Custom Plates and Bowls (assiettes et bols personnalis\u00e9s en c\u00e9ramique)"},"content":{"rendered":"<div class=\"wp-block-columns is-layout-flex wp-container-core-columns-is-layout-9d6595d7 wp-block-columns-is-layout-flex\">\n<div class=\"wp-block-column is-layout-flow wp-block-column-is-layout-flow\">\n<h3 class=\"wp-block-heading\">Premium Restaurant Crockery Wholesale Caract\u00e9ristiques :<\/h3>\n\n\n\n<ul class=\"wp-block-list\">\n<li><strong>Design \u00e9l\u00e9gant :<\/strong> Cette vaisselle de restaurant en gros est une combinaison naturelle et rustique de beige et de beige. Les bords beige donnent une impression de chaleur et de r\u00e9tro, tandis que les parties beiges semblent propres et rafra\u00eechissantes, ce qui permet de mettre en valeur la couleur des aliments et convient \u00e0 une vari\u00e9t\u00e9 de sc\u00e8nes de repas.<\/li>\n\n\n\n<li><strong>Texture \u00e9maill\u00e9e de qualit\u00e9 sup\u00e9rieure : <\/strong>L'\u00e9mail de ces assiettes et bols en vrac est lisse et brillant, d'aspect sophistiqu\u00e9 et haut de gamme, avec de l\u00e9gers effets de gradient et des taches sur l'\u00e9mail, qui ajoutent de la texture et de l'originalit\u00e9.<\/li>\n\n\n\n<li><strong>Mat\u00e9riau c\u00e9ramique de premi\u00e8re qualit\u00e9 : <\/strong>Fabriqu\u00e9e en c\u00e9ramique cuite de haute qualit\u00e9, elle est non toxique et inoffensive. R\u00e9sistante aux temp\u00e9ratures \u00e9lev\u00e9es, notre vaisselle de restaurant en gros peut \u00eatre utilis\u00e9e au micro-ondes ou au four.<\/li>\n\n\n\n<li><strong>Une grande praticit\u00e9 : <\/strong>Ces assiettes et bols en vrac comprennent deux tailles d'assiettes et de bols pour r\u00e9pondre aux besoins de contenir diff\u00e9rents aliments. Qu'il s'agisse d'aliments de base, de plats ou de soupes, il existe une vaisselle adapt\u00e9e.<\/li>\n<\/ul>\n<\/div>\n\n\n\n<div class=\"wp-block-column is-layout-flow wp-block-column-is-layout-flow\">\n<figure class=\"wp-block-image size-full\"><img fetchpriority=\"high\" decoding=\"async\" width=\"1500\" height=\"1500\" src=\"https:\/\/jinhuaceramic.com\/wp-content\/uploads\/2025\/01\/Tan-Wholesale-Tableware-Set-Ceramic-Custom-Dinnerware-Set-Service-For-8-4.webp\" alt=\"Tan Restaurant Crockery Wholesale, Custom Plates and Bowls-1\" class=\"wp-image-7799\" srcset=\"https:\/\/jinhuaceramic.com\/wp-content\/uploads\/2025\/01\/Tan-Wholesale-Tableware-Set-Ceramic-Custom-Dinnerware-Set-Service-For-8-4.webp 1500w, https:\/\/jinhuaceramic.com\/wp-content\/uploads\/2025\/01\/Tan-Wholesale-Tableware-Set-Ceramic-Custom-Dinnerware-Set-Service-For-8-4-300x300.webp 300w, https:\/\/jinhuaceramic.com\/wp-content\/uploads\/2025\/01\/Tan-Wholesale-Tableware-Set-Ceramic-Custom-Dinnerware-Set-Service-For-8-4-150x150.webp 150w, https:\/\/jinhuaceramic.com\/wp-content\/uploads\/2025\/01\/Tan-Wholesale-Tableware-Set-Ceramic-Custom-Dinnerware-Set-Service-For-8-4-768x768.webp 768w, https:\/\/jinhuaceramic.com\/wp-content\/uploads\/2025\/01\/Tan-Wholesale-Tableware-Set-Ceramic-Custom-Dinnerware-Set-Service-For-8-4-12x12.webp 12w, https:\/\/jinhuaceramic.com\/wp-content\/uploads\/2025\/01\/Tan-Wholesale-Tableware-Set-Ceramic-Custom-Dinnerware-Set-Service-For-8-4-285x285.webp 285w, https:\/\/jinhuaceramic.com\/wp-content\/uploads\/2025\/01\/Tan-Wholesale-Tableware-Set-Ceramic-Custom-Dinnerware-Set-Service-For-8-4-270x270.webp 270w, https:\/\/jinhuaceramic.com\/wp-content\/uploads\/2025\/01\/Tan-Wholesale-Tableware-Set-Ceramic-Custom-Dinnerware-Set-Service-For-8-4-540x540.webp 540w, https:\/\/jinhuaceramic.com\/wp-content\/uploads\/2025\/01\/Tan-Wholesale-Tableware-Set-Ceramic-Custom-Dinnerware-Set-Service-For-8-4-660x660.webp 660w\" sizes=\"(max-width: 1500px) 100vw, 1500px\" \/><\/figure>\n<\/div>\n<\/div>\n\n\n\n<p><\/p>","protected":false},"excerpt":{"rendered":"<p>Nous vous invitons \u00e0 acheter des assiettes et des bols en vrac. Cette vaisselle de restaurant en gros est harmonieusement assortie au blanc cass\u00e9 et au beige, et le gla\u00e7age lisse montre l'exquisit\u00e9 et la haute qualit\u00e9. Les mat\u00e9riaux sains, s\u00fbrs et r\u00e9sistants aux hautes temp\u00e9ratures r\u00e9pondent aux besoins d'une utilisation quotidienne, et les diff\u00e9rentes tailles r\u00e9pondent aux besoins de diff\u00e9rents services alimentaires, qui sont \u00e0 la fois pratiques et beaux.<\/p>","protected":false},"featured_media":7800,"comment_status":"closed","ping_status":"closed","template":"","meta":{"_acf_changed":false},"product_brand":[],"product_cat":[83,54],"product_tag":[],"class_list":{"0":"post-7796","1":"product","2":"type-product","3":"status-publish","4":"has-post-thumbnail","6":"product_cat-wholesale-dinnerware-sets","7":"product_cat-tableware-wholesale","9":"first","10":"instock","11":"shipping-taxable","12":"product-type-simple"},"acf":[],"_links":{"self":[{"href":"https:\/\/jinhuaceramic.com\/fr\/wp-json\/wp\/v2\/product\/7796","targetHints":{"allow":["GET"]}}],"collection":[{"href":"https:\/\/jinhuaceramic.com\/fr\/wp-json\/wp\/v2\/product"}],"about":[{"href":"https:\/\/jinhuaceramic.com\/fr\/wp-json\/wp\/v2\/types\/product"}],"replies":[{"embeddable":true,"href":"https:\/\/jinhuaceramic.com\/fr\/wp-json\/wp\/v2\/comments?post=7796"}],"version-history":[{"count":0,"href":"https:\/\/jinhuaceramic.com\/fr\/wp-json\/wp\/v2\/product\/7796\/revisions"}],"wp:featuredmedia":[{"embeddable":true,"href":"https:\/\/jinhuaceramic.com\/fr\/wp-json\/wp\/v2\/media\/7800"}],"wp:attachment":[{"href":"https:\/\/jinhuaceramic.com\/fr\/wp-json\/wp\/v2\/media?parent=7796"}],"wp:term":[{"taxonomy":"product_brand","embeddable":true,"href":"https:\/\/jinhuaceramic.com\/fr\/wp-json\/wp\/v2\/product_brand?post=7796"},{"taxonomy":"product_cat","embeddable":true,"href":"https:\/\/jinhuaceramic.com\/fr\/wp-json\/wp\/v2\/product_cat?post=7796"},{"taxonomy":"product_tag","embeddable":true,"href":"https:\/\/jinhuaceramic.com\/fr\/wp-json\/wp\/v2\/product_tag?post=7796"}],"curies":[{"name":"wp","href":"https:\/\/api.w.org\/{rel}","templated":true}]}}