{"id":7805,"date":"2025-01-24T07:00:45","date_gmt":"2025-01-24T07:00:45","guid":{"rendered":"https:\/\/jinhuaceramic.com\/?post_type=product&#038;p=7805"},"modified":"2025-01-24T07:00:46","modified_gmt":"2025-01-24T07:00:46","slug":"wholesale-bathroom-set","status":"publish","type":"product","link":"https:\/\/jinhuaceramic.com\/fr\/product\/wholesale-bathroom-set\/","title":{"rendered":"Birdcage Design Wholesale Bathroom Sets, Ceramic Bath Accessories"},"content":{"rendered":"<div class=\"wp-block-columns is-layout-flex wp-container-core-columns-is-layout-9d6595d7 wp-block-columns-is-layout-flex\">\n<div class=\"wp-block-column is-layout-flow wp-block-column-is-layout-flow\">\n<h3 class=\"wp-block-heading\">Premium Wholesale Bathroom Sets Caract\u00e9ristiques :<\/h3>\n\n\n\n<ul class=\"wp-block-list\">\n<li><strong>Birdcage Design :<\/strong> Les sets de salle de bain en forme de cage d'oiseau ont des motifs d\u00e9licats en relief sur la surface, qui sont tout aussi r\u00e9els et vivants. De tels motifs peuvent ajouter un go\u00fbt artistique et d\u00e9coratif \u00e0 la salle de bains et mettre en valeur votre style.<\/li>\n\n\n\n<li><strong>Durabilit\u00e9 : <\/strong>Ces accessoires de bain en c\u00e9ramique en vrac sont fabriqu\u00e9s \u00e0 partir de mat\u00e9riaux c\u00e9ramiques de haute qualit\u00e9 ; ils sont donc solides, durables, r\u00e9sistants \u00e0 l'usure et \u00e0 la corrosion, ne peuvent pas \u00eatre facilement endommag\u00e9s par les d\u00e9tergents et d'autres substances lors de l'utilisation quotidienne, et sont utilisables pendant longtemps.<\/li>\n\n\n\n<li><strong>Pratique : <\/strong>Ces sets de salle de bain en gros au design de cage \u00e0 oiseaux comprennent un distributeur de savon liquide, un porte-brosse \u00e0 dents et un porte-savon, qui r\u00e9pondent aux besoins de placement des articles de toilette quotidiens dans la salle de bain. Ils sont enti\u00e8rement fonctionnels et faciles \u00e0 utiliser.<\/li>\n\n\n\n<li><strong>R\u00e9utilisable et facile \u00e0 nettoyer : <\/strong>Ces accessoires de bain en c\u00e9ramique ont une surface lisse, ne se tachent pas facilement, ne se colorent pas \u00e0 l'eau et sont faciles \u00e0 nettoyer. Il suffit de les nettoyer avec un chiffon humide pour les garder propres. Ils peuvent \u00eatre r\u00e9utilis\u00e9s apr\u00e8s avoir \u00e9t\u00e9 lav\u00e9s, ce qui permet de r\u00e9duire l'utilisation de bouteilles en plastique jetables et d'\u00eatre plus \u00e9cologique.<\/li>\n<\/ul>\n<\/div>\n\n\n\n<div class=\"wp-block-column is-layout-flow wp-block-column-is-layout-flow\">\n<figure class=\"wp-block-image size-full\"><img fetchpriority=\"high\" decoding=\"async\" width=\"1600\" height=\"1600\" src=\"https:\/\/jinhuaceramic.com\/wp-content\/uploads\/2025\/01\/Birdcage-Design-Wholesale-Bathroom-Sets-Custom-Made-Bathroom-Accessories-2.webp\" alt=\"Birdcage Design Wholesale Bathroom Sets, Ceramic Bath Accessories-1 (accessoires de salle de bain en c\u00e9ramique)\" class=\"wp-image-7806\" srcset=\"https:\/\/jinhuaceramic.com\/wp-content\/uploads\/2025\/01\/Birdcage-Design-Wholesale-Bathroom-Sets-Custom-Made-Bathroom-Accessories-2.webp 1600w, https:\/\/jinhuaceramic.com\/wp-content\/uploads\/2025\/01\/Birdcage-Design-Wholesale-Bathroom-Sets-Custom-Made-Bathroom-Accessories-2-300x300.webp 300w, https:\/\/jinhuaceramic.com\/wp-content\/uploads\/2025\/01\/Birdcage-Design-Wholesale-Bathroom-Sets-Custom-Made-Bathroom-Accessories-2-150x150.webp 150w, https:\/\/jinhuaceramic.com\/wp-content\/uploads\/2025\/01\/Birdcage-Design-Wholesale-Bathroom-Sets-Custom-Made-Bathroom-Accessories-2-768x768.webp 768w, https:\/\/jinhuaceramic.com\/wp-content\/uploads\/2025\/01\/Birdcage-Design-Wholesale-Bathroom-Sets-Custom-Made-Bathroom-Accessories-2-12x12.webp 12w, https:\/\/jinhuaceramic.com\/wp-content\/uploads\/2025\/01\/Birdcage-Design-Wholesale-Bathroom-Sets-Custom-Made-Bathroom-Accessories-2-285x285.webp 285w, https:\/\/jinhuaceramic.com\/wp-content\/uploads\/2025\/01\/Birdcage-Design-Wholesale-Bathroom-Sets-Custom-Made-Bathroom-Accessories-2-270x270.webp 270w, https:\/\/jinhuaceramic.com\/wp-content\/uploads\/2025\/01\/Birdcage-Design-Wholesale-Bathroom-Sets-Custom-Made-Bathroom-Accessories-2-540x540.webp 540w, https:\/\/jinhuaceramic.com\/wp-content\/uploads\/2025\/01\/Birdcage-Design-Wholesale-Bathroom-Sets-Custom-Made-Bathroom-Accessories-2-660x660.webp 660w\" sizes=\"(max-width: 1600px) 100vw, 1600px\" \/><\/figure>\n<\/div>\n<\/div>","protected":false},"excerpt":{"rendered":"<p>Bienvenue sur le site d'achat en gros d'accessoires de salle de bain. Ces accessoires de bain en c\u00e9ramique sont dot\u00e9s d'un design unique et \u00e9l\u00e9gant en forme de cage d'oiseau qui peut rehausser le style g\u00e9n\u00e9ral de votre salle de bain. En m\u00eame temps, le mat\u00e9riau c\u00e9ramique est durable et facile \u00e0 nettoyer, combinant beaut\u00e9 et praticit\u00e9, faisant de ces ensembles de salle de bains un must pour ceux qui recherchent une vie de qualit\u00e9.<\/p>","protected":false},"featured_media":7814,"comment_status":"closed","ping_status":"closed","template":"","meta":{"_acf_changed":false},"product_brand":[],"product_cat":[51],"product_tag":[74],"class_list":{"0":"post-7805","1":"product","2":"type-product","3":"status-publish","4":"has-post-thumbnail","6":"product_cat-bathroom-accessories-wholesale","7":"product_tag-ceramic-bath-accessories-wholesale","9":"first","10":"instock","11":"shipping-taxable","12":"product-type-simple"},"acf":[],"_links":{"self":[{"href":"https:\/\/jinhuaceramic.com\/fr\/wp-json\/wp\/v2\/product\/7805","targetHints":{"allow":["GET"]}}],"collection":[{"href":"https:\/\/jinhuaceramic.com\/fr\/wp-json\/wp\/v2\/product"}],"about":[{"href":"https:\/\/jinhuaceramic.com\/fr\/wp-json\/wp\/v2\/types\/product"}],"replies":[{"embeddable":true,"href":"https:\/\/jinhuaceramic.com\/fr\/wp-json\/wp\/v2\/comments?post=7805"}],"version-history":[{"count":0,"href":"https:\/\/jinhuaceramic.com\/fr\/wp-json\/wp\/v2\/product\/7805\/revisions"}],"wp:featuredmedia":[{"embeddable":true,"href":"https:\/\/jinhuaceramic.com\/fr\/wp-json\/wp\/v2\/media\/7814"}],"wp:attachment":[{"href":"https:\/\/jinhuaceramic.com\/fr\/wp-json\/wp\/v2\/media?parent=7805"}],"wp:term":[{"taxonomy":"product_brand","embeddable":true,"href":"https:\/\/jinhuaceramic.com\/fr\/wp-json\/wp\/v2\/product_brand?post=7805"},{"taxonomy":"product_cat","embeddable":true,"href":"https:\/\/jinhuaceramic.com\/fr\/wp-json\/wp\/v2\/product_cat?post=7805"},{"taxonomy":"product_tag","embeddable":true,"href":"https:\/\/jinhuaceramic.com\/fr\/wp-json\/wp\/v2\/product_tag?post=7805"}],"curies":[{"name":"wp","href":"https:\/\/api.w.org\/{rel}","templated":true}]}}