{"id":7821,"date":"2025-01-24T06:51:32","date_gmt":"2025-01-24T06:51:32","guid":{"rendered":"https:\/\/jinhuaceramic.com\/?post_type=product&#038;p=7821"},"modified":"2025-01-24T06:51:34","modified_gmt":"2025-01-24T06:51:34","slug":"ceramic-bakeware-wholesale","status":"publish","type":"product","link":"https:\/\/jinhuaceramic.com\/fr\/product\/ceramic-bakeware-wholesale\/","title":{"rendered":"Plaque \u00e0 p\u00e2tisserie antiadh\u00e9sive en c\u00e9ramique Wholesale, Plaque \u00e0 p\u00e2tisserie personnalis\u00e9e"},"content":{"rendered":"<div class=\"wp-block-columns is-layout-flex wp-container-core-columns-is-layout-9d6595d7 wp-block-columns-is-layout-flex\">\n<div class=\"wp-block-column is-layout-flow wp-block-column-is-layout-flow\">\n<h3 class=\"wp-block-heading\">Produits de boulangerie en c\u00e9ramique de premi\u00e8re qualit\u00e9 Caract\u00e9ristiques en gros :<\/h3>\n\n\n\n<ul class=\"wp-block-list\">\n<li><strong>Design \u00e9l\u00e9gant : <\/strong>Ces ustensiles de cuisson en c\u00e9ramique sont d'un blanc pur, polyvalents et adapt\u00e9s \u00e0 tous les styles de cuisine, \u00e0 la fois simples et \u00e9l\u00e9gants. Les bords ondul\u00e9s rompent avec les lignes droites conventionnelles ou les courbes simples, ce qui les rend plus artistiques et uniques, ajoutant une touche diff\u00e9rente \u00e0 la table \u00e0 manger.<\/li>\n\n\n\n<li><strong>Mat\u00e9riau c\u00e9ramique de haute qualit\u00e9 :<\/strong> Ces moules \u00e0 p\u00e2tisserie personnalis\u00e9s sont fabriqu\u00e9s en c\u00e9ramique de haute qualit\u00e9 et pr\u00e9sentent une bonne conductivit\u00e9 thermique, ce qui permet de r\u00e9partir uniform\u00e9ment la chaleur et d'aider les aliments \u00e0 cuire de mani\u00e8re homog\u00e8ne afin d'\u00e9viter les points br\u00fbl\u00e9s ou insuffisamment cuits.<\/li>\n\n\n\n<li><strong>Diff\u00e9rentes tailles : <\/strong>Ces moules \u00e0 p\u00e2tisserie personnalis\u00e9s en c\u00e9ramique contiennent 3 plats de cuisson de tailles diff\u00e9rentes, adapt\u00e9s aux sc\u00e9narios de cuisson avec diff\u00e9rentes exigences en mati\u00e8re de quantit\u00e9 d'aliments, tels que les portions individuelles, les rassemblements familiaux quotidiens et les f\u00eates r\u00e9unissant plusieurs personnes.<\/li>\n\n\n\n<li><strong>Poign\u00e9es pratiques :<\/strong> Ces ustensiles de cuisson en c\u00e9ramique sont dot\u00e9s d'oreilles doubles des deux c\u00f4t\u00e9s, qui sont non seulement pratiques pour les tenir et \u00e9viter les br\u00fblures, mais qui forment \u00e9galement une beaut\u00e9 sym\u00e9trique visuellement, am\u00e9liorant la coordination globale et la praticit\u00e9 du plat de cuisson.<\/li>\n<\/ul>\n<\/div>\n\n\n\n<div class=\"wp-block-column is-layout-flow wp-block-column-is-layout-flow\">\n<figure class=\"wp-block-image size-full\"><img fetchpriority=\"high\" decoding=\"async\" width=\"1001\" height=\"1001\" src=\"https:\/\/jinhuaceramic.com\/wp-content\/uploads\/2025\/01\/Non-Stick-Custom-Bakeware-Set-Ceramic-Wholesale-Baking-Pans-Dishes.webp\" alt=\"Plat \u00e0 four antiadh\u00e9sif en c\u00e9ramique Wholesale, Custom Baking Pan-1\" class=\"wp-image-7827\" srcset=\"https:\/\/jinhuaceramic.com\/wp-content\/uploads\/2025\/01\/Non-Stick-Custom-Bakeware-Set-Ceramic-Wholesale-Baking-Pans-Dishes.webp 1001w, https:\/\/jinhuaceramic.com\/wp-content\/uploads\/2025\/01\/Non-Stick-Custom-Bakeware-Set-Ceramic-Wholesale-Baking-Pans-Dishes-300x300.webp 300w, https:\/\/jinhuaceramic.com\/wp-content\/uploads\/2025\/01\/Non-Stick-Custom-Bakeware-Set-Ceramic-Wholesale-Baking-Pans-Dishes-150x150.webp 150w, https:\/\/jinhuaceramic.com\/wp-content\/uploads\/2025\/01\/Non-Stick-Custom-Bakeware-Set-Ceramic-Wholesale-Baking-Pans-Dishes-768x768.webp 768w, https:\/\/jinhuaceramic.com\/wp-content\/uploads\/2025\/01\/Non-Stick-Custom-Bakeware-Set-Ceramic-Wholesale-Baking-Pans-Dishes-12x12.webp 12w, https:\/\/jinhuaceramic.com\/wp-content\/uploads\/2025\/01\/Non-Stick-Custom-Bakeware-Set-Ceramic-Wholesale-Baking-Pans-Dishes-285x285.webp 285w, https:\/\/jinhuaceramic.com\/wp-content\/uploads\/2025\/01\/Non-Stick-Custom-Bakeware-Set-Ceramic-Wholesale-Baking-Pans-Dishes-270x270.webp 270w, https:\/\/jinhuaceramic.com\/wp-content\/uploads\/2025\/01\/Non-Stick-Custom-Bakeware-Set-Ceramic-Wholesale-Baking-Pans-Dishes-540x540.webp 540w, https:\/\/jinhuaceramic.com\/wp-content\/uploads\/2025\/01\/Non-Stick-Custom-Bakeware-Set-Ceramic-Wholesale-Baking-Pans-Dishes-660x660.webp 660w\" sizes=\"(max-width: 1001px) 100vw, 1001px\" \/><\/figure>\n<\/div>\n<\/div>\n\n\n\n<p><\/p>","protected":false},"excerpt":{"rendered":"<p>Bienvenue sur le site d'achat en gros d'ustensiles de cuisson en c\u00e9ramique. Ces moules \u00e0 p\u00e2tisserie blancs personnalis\u00e9s pr\u00e9sentent un bord ondul\u00e9 unique pour un look \u00e9l\u00e9gant et polyvalent qui rehausse l'exp\u00e9rience de vos repas, tandis que le mat\u00e9riau c\u00e9ramique durable et les poign\u00e9es pratiques rendent ces plats de cuisson de diff\u00e9rentes tailles non seulement beaux, mais aussi pratiques.<\/p>","protected":false},"featured_media":7824,"comment_status":"closed","ping_status":"closed","template":"","meta":{"_acf_changed":false},"product_brand":[],"product_cat":[53],"product_tag":[71],"class_list":{"0":"post-7821","1":"product","2":"type-product","3":"status-publish","4":"has-post-thumbnail","6":"product_cat-bakeware-in-bulk","7":"product_tag-wholesale-baking-pans","9":"first","10":"instock","11":"shipping-taxable","12":"product-type-simple"},"acf":[],"_links":{"self":[{"href":"https:\/\/jinhuaceramic.com\/fr\/wp-json\/wp\/v2\/product\/7821","targetHints":{"allow":["GET"]}}],"collection":[{"href":"https:\/\/jinhuaceramic.com\/fr\/wp-json\/wp\/v2\/product"}],"about":[{"href":"https:\/\/jinhuaceramic.com\/fr\/wp-json\/wp\/v2\/types\/product"}],"replies":[{"embeddable":true,"href":"https:\/\/jinhuaceramic.com\/fr\/wp-json\/wp\/v2\/comments?post=7821"}],"version-history":[{"count":0,"href":"https:\/\/jinhuaceramic.com\/fr\/wp-json\/wp\/v2\/product\/7821\/revisions"}],"wp:featuredmedia":[{"embeddable":true,"href":"https:\/\/jinhuaceramic.com\/fr\/wp-json\/wp\/v2\/media\/7824"}],"wp:attachment":[{"href":"https:\/\/jinhuaceramic.com\/fr\/wp-json\/wp\/v2\/media?parent=7821"}],"wp:term":[{"taxonomy":"product_brand","embeddable":true,"href":"https:\/\/jinhuaceramic.com\/fr\/wp-json\/wp\/v2\/product_brand?post=7821"},{"taxonomy":"product_cat","embeddable":true,"href":"https:\/\/jinhuaceramic.com\/fr\/wp-json\/wp\/v2\/product_cat?post=7821"},{"taxonomy":"product_tag","embeddable":true,"href":"https:\/\/jinhuaceramic.com\/fr\/wp-json\/wp\/v2\/product_tag?post=7821"}],"curies":[{"name":"wp","href":"https:\/\/api.w.org\/{rel}","templated":true}]}}