{"id":7842,"date":"2025-02-08T07:02:15","date_gmt":"2025-02-08T07:02:15","guid":{"rendered":"https:\/\/jinhuaceramic.com\/?post_type=product&#038;p=7842"},"modified":"2025-03-21T01:28:33","modified_gmt":"2025-03-21T01:28:33","slug":"white-crockery-wholesale","status":"publish","type":"product","link":"https:\/\/jinhuaceramic.com\/fr\/product\/white-crockery-wholesale\/","title":{"rendered":"Vaisselle blanche Wholesale, Restaurant Supply Dinnerware Sets"},"content":{"rendered":"<div class=\"wp-block-columns is-layout-flex wp-container-core-columns-is-layout-9d6595d7 wp-block-columns-is-layout-flex\">\n<div class=\"wp-block-column is-layout-flow wp-block-column-is-layout-flow\">\n<h3 class=\"wp-block-heading\">Premium White Crockery Wholesale Caract\u00e9ristiques :<\/h3>\n\n\n\n<ul class=\"wp-block-list\">\n<li><strong>Design \u00e9l\u00e9gant : <\/strong>La partie sup\u00e9rieure de cette vaisselle blanche en gros est blanche, simple et \u00e9l\u00e9gante ; la partie inf\u00e9rieure adopte des tons de grain de bois, ajoutant une texture naturelle. Le design g\u00e9n\u00e9ral est moderne et chaleureux, et convient \u00e0 une vari\u00e9t\u00e9 de styles d'int\u00e9rieur.<\/li>\n\n\n\n<li><strong>Pratique : <\/strong>Ces services de vaisselle de restaurant de diff\u00e9rentes tailles conviennent \u00e0 une grande vari\u00e9t\u00e9 de repas, du petit-d\u00e9jeuner au d\u00eener. Cette vaisselle en gros de diff\u00e9rentes tailles convient pour contenir toutes sortes d'aliments, am\u00e9liorant ainsi le rituel et l'aspect pratique des repas.<\/li>\n\n\n\n<li><strong>Mat\u00e9riau durable : <\/strong>Notre vaisselle blanche en gros est fabriqu\u00e9e \u00e0 partir de mat\u00e9riaux c\u00e9ramiques de haute qualit\u00e9, solides et durables. Elle est facile \u00e0 nettoyer et convient \u00e0 un usage quotidien. Notre vaisselle en gros en c\u00e9ramique r\u00e9siste aux temp\u00e9ratures \u00e9lev\u00e9es et est con\u00e7ue pour les micro-ondes, les fours et les friteuses.<\/li>\n\n\n\n<li><strong>Vente en gros et personnalisation : <\/strong>Nos services de vaisselle pour restaurants r\u00e9pondent aux besoins des commer\u00e7ants qui souhaitent effectuer des achats \u00e0 grande \u00e9chelle. En outre, nous proposons des services de personnalisation, permettant aux clients d'adapter les couleurs, les tailles, les motifs, etc.<\/li>\n<\/ul>\n<\/div>\n\n\n\n<div class=\"wp-block-column is-layout-flow wp-block-column-is-layout-flow\">\n<figure class=\"wp-block-image size-full\"><img fetchpriority=\"high\" decoding=\"async\" width=\"1500\" height=\"1500\" src=\"https:\/\/jinhuaceramic.com\/wp-content\/uploads\/2025\/02\/Ceramic-Custom-Tableware-Set-Wholesale-Dinnerware-For-Dinner-Services-2.webp\" alt=\"Vaisselle blanche Wholesale, Restaurant Supply Dinnerware Sets-1\" class=\"wp-image-7843\" srcset=\"https:\/\/jinhuaceramic.com\/wp-content\/uploads\/2025\/02\/Ceramic-Custom-Tableware-Set-Wholesale-Dinnerware-For-Dinner-Services-2.webp 1500w, https:\/\/jinhuaceramic.com\/wp-content\/uploads\/2025\/02\/Ceramic-Custom-Tableware-Set-Wholesale-Dinnerware-For-Dinner-Services-2-300x300.webp 300w, https:\/\/jinhuaceramic.com\/wp-content\/uploads\/2025\/02\/Ceramic-Custom-Tableware-Set-Wholesale-Dinnerware-For-Dinner-Services-2-150x150.webp 150w, https:\/\/jinhuaceramic.com\/wp-content\/uploads\/2025\/02\/Ceramic-Custom-Tableware-Set-Wholesale-Dinnerware-For-Dinner-Services-2-768x768.webp 768w, https:\/\/jinhuaceramic.com\/wp-content\/uploads\/2025\/02\/Ceramic-Custom-Tableware-Set-Wholesale-Dinnerware-For-Dinner-Services-2-12x12.webp 12w, https:\/\/jinhuaceramic.com\/wp-content\/uploads\/2025\/02\/Ceramic-Custom-Tableware-Set-Wholesale-Dinnerware-For-Dinner-Services-2-285x285.webp 285w, https:\/\/jinhuaceramic.com\/wp-content\/uploads\/2025\/02\/Ceramic-Custom-Tableware-Set-Wholesale-Dinnerware-For-Dinner-Services-2-270x270.webp 270w, https:\/\/jinhuaceramic.com\/wp-content\/uploads\/2025\/02\/Ceramic-Custom-Tableware-Set-Wholesale-Dinnerware-For-Dinner-Services-2-540x540.webp 540w, https:\/\/jinhuaceramic.com\/wp-content\/uploads\/2025\/02\/Ceramic-Custom-Tableware-Set-Wholesale-Dinnerware-For-Dinner-Services-2-660x660.webp 660w\" sizes=\"(max-width: 1500px) 100vw, 1500px\" \/><\/figure>\n<\/div>\n<\/div>","protected":false},"excerpt":{"rendered":"<p>Bienvenue sur le site d'achat de vaisselle de restaurant. Notre vaisselle blanche en gros a un design \u00e9l\u00e9gant \u00e0 deux tons, qui peut ajouter une profondeur visuelle \u00e0 la table et am\u00e9liorer l'atmosph\u00e8re du repas. Le ton unique du grain de bois transmet une atmosph\u00e8re naturelle, convenant aux utilisateurs qui recherchent un style naturel.<\/p>","protected":false},"featured_media":7844,"comment_status":"closed","ping_status":"closed","template":"","meta":{"_acf_changed":false},"product_brand":[],"product_cat":[83,54],"product_tag":[],"class_list":{"0":"post-7842","1":"product","2":"type-product","3":"status-publish","4":"has-post-thumbnail","6":"product_cat-wholesale-dinnerware-sets","7":"product_cat-tableware-wholesale","9":"first","10":"instock","11":"shipping-taxable","12":"product-type-simple"},"acf":[],"_links":{"self":[{"href":"https:\/\/jinhuaceramic.com\/fr\/wp-json\/wp\/v2\/product\/7842","targetHints":{"allow":["GET"]}}],"collection":[{"href":"https:\/\/jinhuaceramic.com\/fr\/wp-json\/wp\/v2\/product"}],"about":[{"href":"https:\/\/jinhuaceramic.com\/fr\/wp-json\/wp\/v2\/types\/product"}],"replies":[{"embeddable":true,"href":"https:\/\/jinhuaceramic.com\/fr\/wp-json\/wp\/v2\/comments?post=7842"}],"version-history":[{"count":0,"href":"https:\/\/jinhuaceramic.com\/fr\/wp-json\/wp\/v2\/product\/7842\/revisions"}],"wp:featuredmedia":[{"embeddable":true,"href":"https:\/\/jinhuaceramic.com\/fr\/wp-json\/wp\/v2\/media\/7844"}],"wp:attachment":[{"href":"https:\/\/jinhuaceramic.com\/fr\/wp-json\/wp\/v2\/media?parent=7842"}],"wp:term":[{"taxonomy":"product_brand","embeddable":true,"href":"https:\/\/jinhuaceramic.com\/fr\/wp-json\/wp\/v2\/product_brand?post=7842"},{"taxonomy":"product_cat","embeddable":true,"href":"https:\/\/jinhuaceramic.com\/fr\/wp-json\/wp\/v2\/product_cat?post=7842"},{"taxonomy":"product_tag","embeddable":true,"href":"https:\/\/jinhuaceramic.com\/fr\/wp-json\/wp\/v2\/product_tag?post=7842"}],"curies":[{"name":"wp","href":"https:\/\/api.w.org\/{rel}","templated":true}]}}