{"id":7853,"date":"2025-02-11T02:02:28","date_gmt":"2025-02-11T02:02:28","guid":{"rendered":"https:\/\/jinhuaceramic.com\/?post_type=product&#038;p=7853"},"modified":"2025-02-11T02:02:30","modified_gmt":"2025-02-11T02:02:30","slug":"bulk-tableware","status":"publish","type":"product","link":"https:\/\/jinhuaceramic.com\/fr\/product\/bulk-tableware\/","title":{"rendered":"Vaisselle en vrac bleu fonc\u00e9 mat, 12 assiettes et bols personnalis\u00e9s"},"content":{"rendered":"<div class=\"wp-block-columns is-layout-flex wp-container-core-columns-is-layout-9d6595d7 wp-block-columns-is-layout-flex\">\n<div class=\"wp-block-column is-layout-flow wp-block-column-is-layout-flow\">\n<h3 class=\"wp-block-heading\">Premium Dark Blue Bulk Tableware Features:<\/h3>\n\n\n\n<ul class=\"wp-block-list\">\n<li><strong>Design \u00e9l\u00e9gant :<\/strong> The surface of this bulk tableware is matte dark blue glaze, which is more restrained and textured than the glossy surface. The bowl and plate have clear vertical stripes, which increase the three-dimensional and layered sense of the tableware, and present a rich light and shadow effect under the light.<\/li>\n\n\n\n<li><strong>Mat\u00e9riau c\u00e9ramique de haute qualit\u00e9 :<\/strong> Using high-quality ceramic materials, the production of these custom plates and bowls has gone through a high-temperature calcination process, making them hard, delicate in texture, hard to break, and durable.<\/li>\n\n\n\n<li><strong>Various Options:<\/strong> These ceramic bulk tableware come in different sizes of bowls and plates, which can suit a variety of dining needs. The large plates can be used for main courses, small plates can be used for appetizers, snacks, or salads, and bowls will be suitable for soups, cereals, rice, etc.<\/li>\n\n\n\n<li><strong>Health And Safety:<\/strong> These ceramic custom plates and bowls are eco-friendly and healthful, not bearing any poisonous toxicants such as lead and cadmium; hence, they don&#8217;t harm while eating from them. The smooth glaze provides ease of cleaning and does not tend to hold stains.<\/li>\n<\/ul>\n<\/div>\n\n\n\n<div class=\"wp-block-column is-layout-flow wp-block-column-is-layout-flow\">\n<figure class=\"wp-block-image size-full\"><img fetchpriority=\"high\" decoding=\"async\" width=\"1000\" height=\"1000\" src=\"https:\/\/jinhuaceramic.com\/wp-content\/uploads\/2025\/02\/Matte-Dark-Blue-Wholesale-Tableware-Service-For-12-Dinnerware-Set-2.webp\" alt=\"Vaisselle en vrac bleu fonc\u00e9 mat, 12 assiettes et bols personnalis\u00e9s-6\" class=\"wp-image-7854\" srcset=\"https:\/\/jinhuaceramic.com\/wp-content\/uploads\/2025\/02\/Matte-Dark-Blue-Wholesale-Tableware-Service-For-12-Dinnerware-Set-2.webp 1000w, https:\/\/jinhuaceramic.com\/wp-content\/uploads\/2025\/02\/Matte-Dark-Blue-Wholesale-Tableware-Service-For-12-Dinnerware-Set-2-300x300.webp 300w, https:\/\/jinhuaceramic.com\/wp-content\/uploads\/2025\/02\/Matte-Dark-Blue-Wholesale-Tableware-Service-For-12-Dinnerware-Set-2-150x150.webp 150w, https:\/\/jinhuaceramic.com\/wp-content\/uploads\/2025\/02\/Matte-Dark-Blue-Wholesale-Tableware-Service-For-12-Dinnerware-Set-2-768x768.webp 768w, https:\/\/jinhuaceramic.com\/wp-content\/uploads\/2025\/02\/Matte-Dark-Blue-Wholesale-Tableware-Service-For-12-Dinnerware-Set-2-12x12.webp 12w, https:\/\/jinhuaceramic.com\/wp-content\/uploads\/2025\/02\/Matte-Dark-Blue-Wholesale-Tableware-Service-For-12-Dinnerware-Set-2-285x285.webp 285w, https:\/\/jinhuaceramic.com\/wp-content\/uploads\/2025\/02\/Matte-Dark-Blue-Wholesale-Tableware-Service-For-12-Dinnerware-Set-2-270x270.webp 270w, https:\/\/jinhuaceramic.com\/wp-content\/uploads\/2025\/02\/Matte-Dark-Blue-Wholesale-Tableware-Service-For-12-Dinnerware-Set-2-540x540.webp 540w, https:\/\/jinhuaceramic.com\/wp-content\/uploads\/2025\/02\/Matte-Dark-Blue-Wholesale-Tableware-Service-For-12-Dinnerware-Set-2-660x660.webp 660w\" sizes=\"(max-width: 1000px) 100vw, 1000px\" \/><\/figure>\n<\/div>\n<\/div>\n\n\n\n<p><\/p>","protected":false},"excerpt":{"rendered":"<p>Welcome to purchase custom plates and bowls. These dark blue bulk tableware are not only elegant but also practical and safe. They can add a unique artistic atmosphere to the dining table and enhance the pleasure of dining. Whether for personal use or as a gift,\u00a0they are\u00a0a good choice.<\/p>","protected":false},"featured_media":7858,"comment_status":"closed","ping_status":"closed","template":"","meta":{"_acf_changed":false},"product_brand":[],"product_cat":[83,54],"product_tag":[],"class_list":{"0":"post-7853","1":"product","2":"type-product","3":"status-publish","4":"has-post-thumbnail","6":"product_cat-wholesale-dinnerware-sets","7":"product_cat-tableware-wholesale","9":"first","10":"instock","11":"shipping-taxable","12":"product-type-simple"},"acf":[],"_links":{"self":[{"href":"https:\/\/jinhuaceramic.com\/fr\/wp-json\/wp\/v2\/product\/7853","targetHints":{"allow":["GET"]}}],"collection":[{"href":"https:\/\/jinhuaceramic.com\/fr\/wp-json\/wp\/v2\/product"}],"about":[{"href":"https:\/\/jinhuaceramic.com\/fr\/wp-json\/wp\/v2\/types\/product"}],"replies":[{"embeddable":true,"href":"https:\/\/jinhuaceramic.com\/fr\/wp-json\/wp\/v2\/comments?post=7853"}],"version-history":[{"count":0,"href":"https:\/\/jinhuaceramic.com\/fr\/wp-json\/wp\/v2\/product\/7853\/revisions"}],"wp:featuredmedia":[{"embeddable":true,"href":"https:\/\/jinhuaceramic.com\/fr\/wp-json\/wp\/v2\/media\/7858"}],"wp:attachment":[{"href":"https:\/\/jinhuaceramic.com\/fr\/wp-json\/wp\/v2\/media?parent=7853"}],"wp:term":[{"taxonomy":"product_brand","embeddable":true,"href":"https:\/\/jinhuaceramic.com\/fr\/wp-json\/wp\/v2\/product_brand?post=7853"},{"taxonomy":"product_cat","embeddable":true,"href":"https:\/\/jinhuaceramic.com\/fr\/wp-json\/wp\/v2\/product_cat?post=7853"},{"taxonomy":"product_tag","embeddable":true,"href":"https:\/\/jinhuaceramic.com\/fr\/wp-json\/wp\/v2\/product_tag?post=7853"}],"curies":[{"name":"wp","href":"https:\/\/api.w.org\/{rel}","templated":true}]}}