{"id":7862,"date":"2025-02-11T01:30:49","date_gmt":"2025-02-11T01:30:49","guid":{"rendered":"https:\/\/jinhuaceramic.com\/?post_type=product&#038;p=7862"},"modified":"2025-02-11T01:30:51","modified_gmt":"2025-02-11T01:30:51","slug":"bulk-plates-and-bowls","status":"publish","type":"product","link":"https:\/\/jinhuaceramic.com\/fr\/product\/bulk-plates-and-bowls\/","title":{"rendered":"Assiettes et bols de luxe en vrac noir mat, vaisselle sur mesure"},"content":{"rendered":"<div class=\"wp-block-columns is-layout-flex wp-container-core-columns-is-layout-9d6595d7 wp-block-columns-is-layout-flex\">\n<div class=\"wp-block-column is-layout-flow wp-block-column-is-layout-flow\">\n<h3 class=\"wp-block-heading\">Assiettes et bols en vrac de qualit\u00e9 sup\u00e9rieure Caract\u00e9ristiques :<\/h3>\n\n\n\n<ul class=\"wp-block-list\">\n<li><strong>Style r\u00e9tro :<\/strong> Ces assiettes et bols en c\u00e9ramique sont fabriqu\u00e9s \u00e0 l'aide d'une technologie de changement de four, ce qui donne \u00e0 l'\u00e9mail de la porcelaine une texture unique, laissant appara\u00eetre la trace d'ann\u00e9es de bapt\u00eame et cr\u00e9ant une forte atmosph\u00e8re r\u00e9tro. Ce style est \u00e0 la fois \u00e9l\u00e9gant et historique, ajoutant un charme unique \u00e0 la table \u00e0 manger.<\/li>\n\n\n\n<li><strong>Combinaison unique de couleurs :<\/strong> Cette vaisselle sur mesure est une combinaison de gris fonc\u00e9 et de gris clair. La surface ext\u00e9rieure en gris fonc\u00e9 est calme et digne, tandis que la surface int\u00e9rieure en gris clair est douce et sobre. La combinaison des deux couleurs est \u00e0 la fois superpos\u00e9e et harmonieuse.<\/li>\n\n\n\n<li><strong>Mat\u00e9riau c\u00e9ramique de haute qualit\u00e9 :<\/strong> Ces assiettes et bols en vrac fabriqu\u00e9s \u00e0 partir de mat\u00e9riaux c\u00e9ramiques de haute qualit\u00e9 sont cuits \u00e0 haute temp\u00e9rature, d'o\u00f9 leur duret\u00e9, leur r\u00e9sistance \u00e0 l'usure et aux temp\u00e9ratures \u00e9lev\u00e9es.<\/li>\n\n\n\n<li><strong>Diverses combinaisons : <\/strong>Cette vaisselle sur mesure est disponible dans une grande vari\u00e9t\u00e9 de tailles et de formes, et peut \u00eatre librement combin\u00e9e en fonction des besoins r\u00e9els. Qu'il s'agisse d'un d\u00eener en famille ou d'un verre entre amis, ils peuvent \u00eatre facilement satisfaits.<\/li>\n<\/ul>\n<\/div>\n\n\n\n<div class=\"wp-block-column is-layout-flow wp-block-column-is-layout-flow\">\n<figure class=\"wp-block-image size-full\"><img fetchpriority=\"high\" decoding=\"async\" width=\"1500\" height=\"1500\" src=\"https:\/\/jinhuaceramic.com\/wp-content\/uploads\/2025\/02\/Gray-Wholesale-Tableware-Custom-Dinnerware-Services-Ceramic-Bowl-And-Plate-7.webp\" alt=\"Assiettes et bols de luxe en vrac noir mat, vaisselle sur mesure-1\" class=\"wp-image-7868\" srcset=\"https:\/\/jinhuaceramic.com\/wp-content\/uploads\/2025\/02\/Gray-Wholesale-Tableware-Custom-Dinnerware-Services-Ceramic-Bowl-And-Plate-7.webp 1500w, https:\/\/jinhuaceramic.com\/wp-content\/uploads\/2025\/02\/Gray-Wholesale-Tableware-Custom-Dinnerware-Services-Ceramic-Bowl-And-Plate-7-300x300.webp 300w, https:\/\/jinhuaceramic.com\/wp-content\/uploads\/2025\/02\/Gray-Wholesale-Tableware-Custom-Dinnerware-Services-Ceramic-Bowl-And-Plate-7-150x150.webp 150w, https:\/\/jinhuaceramic.com\/wp-content\/uploads\/2025\/02\/Gray-Wholesale-Tableware-Custom-Dinnerware-Services-Ceramic-Bowl-And-Plate-7-768x768.webp 768w, https:\/\/jinhuaceramic.com\/wp-content\/uploads\/2025\/02\/Gray-Wholesale-Tableware-Custom-Dinnerware-Services-Ceramic-Bowl-And-Plate-7-12x12.webp 12w, https:\/\/jinhuaceramic.com\/wp-content\/uploads\/2025\/02\/Gray-Wholesale-Tableware-Custom-Dinnerware-Services-Ceramic-Bowl-And-Plate-7-285x285.webp 285w, https:\/\/jinhuaceramic.com\/wp-content\/uploads\/2025\/02\/Gray-Wholesale-Tableware-Custom-Dinnerware-Services-Ceramic-Bowl-And-Plate-7-270x270.webp 270w, https:\/\/jinhuaceramic.com\/wp-content\/uploads\/2025\/02\/Gray-Wholesale-Tableware-Custom-Dinnerware-Services-Ceramic-Bowl-And-Plate-7-540x540.webp 540w, https:\/\/jinhuaceramic.com\/wp-content\/uploads\/2025\/02\/Gray-Wholesale-Tableware-Custom-Dinnerware-Services-Ceramic-Bowl-And-Plate-7-660x660.webp 660w\" sizes=\"(max-width: 1500px) 100vw, 1500px\" \/><\/figure>\n<\/div>\n<\/div>\n\n\n\n<p><\/p>","protected":false},"excerpt":{"rendered":"<p>Bienvenue dans l'univers de la vaisselle sur mesure. Ces assiettes et bols en vrac combinent parfaitement le style r\u00e9tro, l'assortiment unique de couleurs, les mat\u00e9riaux c\u00e9ramiques de haute qualit\u00e9 et les diff\u00e9rentes tailles, de sorte qu'ils peuvent non seulement r\u00e9pondre aux besoins quotidiens des repas, mais aussi rehausser le plaisir de manger. C'est le meilleur choix pour les personnes qui recherchent une vie de qualit\u00e9.<\/p>","protected":false},"featured_media":7863,"comment_status":"closed","ping_status":"closed","template":"","meta":{"_acf_changed":false},"product_brand":[],"product_cat":[83,54],"product_tag":[],"class_list":{"0":"post-7862","1":"product","2":"type-product","3":"status-publish","4":"has-post-thumbnail","6":"product_cat-wholesale-dinnerware-sets","7":"product_cat-tableware-wholesale","9":"first","10":"instock","11":"shipping-taxable","12":"product-type-simple"},"acf":[],"_links":{"self":[{"href":"https:\/\/jinhuaceramic.com\/fr\/wp-json\/wp\/v2\/product\/7862","targetHints":{"allow":["GET"]}}],"collection":[{"href":"https:\/\/jinhuaceramic.com\/fr\/wp-json\/wp\/v2\/product"}],"about":[{"href":"https:\/\/jinhuaceramic.com\/fr\/wp-json\/wp\/v2\/types\/product"}],"replies":[{"embeddable":true,"href":"https:\/\/jinhuaceramic.com\/fr\/wp-json\/wp\/v2\/comments?post=7862"}],"version-history":[{"count":0,"href":"https:\/\/jinhuaceramic.com\/fr\/wp-json\/wp\/v2\/product\/7862\/revisions"}],"wp:featuredmedia":[{"embeddable":true,"href":"https:\/\/jinhuaceramic.com\/fr\/wp-json\/wp\/v2\/media\/7863"}],"wp:attachment":[{"href":"https:\/\/jinhuaceramic.com\/fr\/wp-json\/wp\/v2\/media?parent=7862"}],"wp:term":[{"taxonomy":"product_brand","embeddable":true,"href":"https:\/\/jinhuaceramic.com\/fr\/wp-json\/wp\/v2\/product_brand?post=7862"},{"taxonomy":"product_cat","embeddable":true,"href":"https:\/\/jinhuaceramic.com\/fr\/wp-json\/wp\/v2\/product_cat?post=7862"},{"taxonomy":"product_tag","embeddable":true,"href":"https:\/\/jinhuaceramic.com\/fr\/wp-json\/wp\/v2\/product_tag?post=7862"}],"curies":[{"name":"wp","href":"https:\/\/api.w.org\/{rel}","templated":true}]}}