{"id":7894,"date":"2025-02-15T03:19:27","date_gmt":"2025-02-15T03:19:27","guid":{"rendered":"https:\/\/jinhuaceramic.com\/?post_type=product&#038;p=7894"},"modified":"2025-02-15T03:19:28","modified_gmt":"2025-02-15T03:19:28","slug":"custom-ceramic-plates","status":"publish","type":"product","link":"https:\/\/jinhuaceramic.com\/fr\/product\/custom-ceramic-plates\/","title":{"rendered":"Plaques c\u00e9ramiques personnalis\u00e9es haut de gamme, Plaques c\u00e9ramiques blanches en gros"},"content":{"rendered":"<div class=\"wp-block-columns is-layout-flex wp-container-core-columns-is-layout-9d6595d7 wp-block-columns-is-layout-flex\">\n<div class=\"wp-block-column is-layout-flow wp-block-column-is-layout-flow\">\n<h3 class=\"wp-block-heading\">Plaques c\u00e9ramiques personnalis\u00e9es haut de gamme Caract\u00e9ristiques :<\/h3>\n\n\n\n<ul class=\"wp-block-list\">\n<li><strong>Design \u00e9l\u00e9gant : <\/strong>L'\u00e9l\u00e9gance du design de ces assiettes en c\u00e9ramique blanche r\u00e9side dans sa simplicit\u00e9. La forme ronde traditionnelle est rehauss\u00e9e par un motif original en spirale grav\u00e9 sur la surface de l'assiette, ainsi que par des points noirs sur l'\u00e9mail. Ces assiettes rehaussent ainsi la fadeur des assiettes \u00e0 d\u00eener ordinaires.<\/li>\n\n\n\n<li><strong>Diverses couleurs :<\/strong> Ces assiettes en c\u00e9ramique personnalis\u00e9es sont disponibles dans de nombreuses couleurs, allant du beige chaud au bleu naturel. Les clients ont la libert\u00e9 de choisir et de s\u00e9lectionner selon leurs pr\u00e9f\u00e9rences. En tant que fabricant, nous pouvons \u00e9galement proposer d'autres couleurs en fonction des commandes.<\/li>\n\n\n\n<li><strong>Mat\u00e9riau c\u00e9ramique de haute qualit\u00e9 :<\/strong> Ces plaques c\u00e9ramiques personnalis\u00e9es sont fabriqu\u00e9es \u00e0 partir de mat\u00e9riaux c\u00e9ramiques de premi\u00e8re qualit\u00e9, sans trace de plomb ou de cadmium, ce qui les rend s\u00fbres.<\/li>\n\n\n\n<li><strong>Une grande praticit\u00e9 :<\/strong> Ces assiettes en c\u00e9ramique blanche sont exceptionnellement pratiques et la taille de l'\u00e9paule de 10,5 pouces permet de pr\u00e9parer divers plats et aliments de base. La vaisselle en c\u00e9ramique r\u00e9siste parfaitement \u00e0 la chaleur et peut \u00eatre utilis\u00e9e dans les fours \u00e0 micro-ondes et les friteuses.<\/li>\n<\/ul>\n<\/div>\n\n\n\n<div class=\"wp-block-column is-layout-flow wp-block-column-is-layout-flow\">\n<figure class=\"wp-block-image size-full\"><img fetchpriority=\"high\" decoding=\"async\" width=\"800\" height=\"800\" src=\"https:\/\/jinhuaceramic.com\/wp-content\/uploads\/2025\/02\/High-End-Custom-Ceramic-Plates-Wholesale-Bulk-Restaurant-Dinner-Dishes-2.webp\" alt=\"Plaques en c\u00e9ramique personnalis\u00e9es haut de gamme, Plaques en c\u00e9ramique blanches Wholesale-1\" class=\"wp-image-7895\" srcset=\"https:\/\/jinhuaceramic.com\/wp-content\/uploads\/2025\/02\/High-End-Custom-Ceramic-Plates-Wholesale-Bulk-Restaurant-Dinner-Dishes-2.webp 800w, https:\/\/jinhuaceramic.com\/wp-content\/uploads\/2025\/02\/High-End-Custom-Ceramic-Plates-Wholesale-Bulk-Restaurant-Dinner-Dishes-2-300x300.webp 300w, https:\/\/jinhuaceramic.com\/wp-content\/uploads\/2025\/02\/High-End-Custom-Ceramic-Plates-Wholesale-Bulk-Restaurant-Dinner-Dishes-2-150x150.webp 150w, https:\/\/jinhuaceramic.com\/wp-content\/uploads\/2025\/02\/High-End-Custom-Ceramic-Plates-Wholesale-Bulk-Restaurant-Dinner-Dishes-2-768x768.webp 768w, https:\/\/jinhuaceramic.com\/wp-content\/uploads\/2025\/02\/High-End-Custom-Ceramic-Plates-Wholesale-Bulk-Restaurant-Dinner-Dishes-2-12x12.webp 12w, https:\/\/jinhuaceramic.com\/wp-content\/uploads\/2025\/02\/High-End-Custom-Ceramic-Plates-Wholesale-Bulk-Restaurant-Dinner-Dishes-2-285x285.webp 285w, https:\/\/jinhuaceramic.com\/wp-content\/uploads\/2025\/02\/High-End-Custom-Ceramic-Plates-Wholesale-Bulk-Restaurant-Dinner-Dishes-2-270x270.webp 270w, https:\/\/jinhuaceramic.com\/wp-content\/uploads\/2025\/02\/High-End-Custom-Ceramic-Plates-Wholesale-Bulk-Restaurant-Dinner-Dishes-2-540x540.webp 540w, https:\/\/jinhuaceramic.com\/wp-content\/uploads\/2025\/02\/High-End-Custom-Ceramic-Plates-Wholesale-Bulk-Restaurant-Dinner-Dishes-2-660x660.webp 660w\" sizes=\"(max-width: 800px) 100vw, 800px\" \/><\/figure>\n<\/div>\n<\/div>\n\n\n\n<p><\/p>","protected":false},"excerpt":{"rendered":"<p>Bienvenue sur le site d'achat d'assiettes en c\u00e9ramique personnalis\u00e9es. Ces assiettes en c\u00e9ramique blanche sont un excellent choix pour les tables familiales modernes gr\u00e2ce \u00e0 leur aspect moderne et confortable, \u00e0 leur construction en c\u00e9ramique durable et \u00e0 leur grande utilit\u00e9. Qu'il s'agisse d'un repas quotidien ou d'un d\u00eener entre amis ou en famille, elles peuvent ajouter beaut\u00e9 et chaleur.<\/p>","protected":false},"featured_media":7896,"comment_status":"closed","ping_status":"closed","template":"","meta":{"_acf_changed":false},"product_brand":[],"product_cat":[54,84],"product_tag":[],"class_list":{"0":"post-7894","1":"product","2":"type-product","3":"status-publish","4":"has-post-thumbnail","6":"product_cat-tableware-wholesale","7":"product_cat-wholesale-ceramic-plates","9":"first","10":"instock","11":"shipping-taxable","12":"product-type-simple"},"acf":[],"_links":{"self":[{"href":"https:\/\/jinhuaceramic.com\/fr\/wp-json\/wp\/v2\/product\/7894","targetHints":{"allow":["GET"]}}],"collection":[{"href":"https:\/\/jinhuaceramic.com\/fr\/wp-json\/wp\/v2\/product"}],"about":[{"href":"https:\/\/jinhuaceramic.com\/fr\/wp-json\/wp\/v2\/types\/product"}],"replies":[{"embeddable":true,"href":"https:\/\/jinhuaceramic.com\/fr\/wp-json\/wp\/v2\/comments?post=7894"}],"version-history":[{"count":0,"href":"https:\/\/jinhuaceramic.com\/fr\/wp-json\/wp\/v2\/product\/7894\/revisions"}],"wp:featuredmedia":[{"embeddable":true,"href":"https:\/\/jinhuaceramic.com\/fr\/wp-json\/wp\/v2\/media\/7896"}],"wp:attachment":[{"href":"https:\/\/jinhuaceramic.com\/fr\/wp-json\/wp\/v2\/media?parent=7894"}],"wp:term":[{"taxonomy":"product_brand","embeddable":true,"href":"https:\/\/jinhuaceramic.com\/fr\/wp-json\/wp\/v2\/product_brand?post=7894"},{"taxonomy":"product_cat","embeddable":true,"href":"https:\/\/jinhuaceramic.com\/fr\/wp-json\/wp\/v2\/product_cat?post=7894"},{"taxonomy":"product_tag","embeddable":true,"href":"https:\/\/jinhuaceramic.com\/fr\/wp-json\/wp\/v2\/product_tag?post=7894"}],"curies":[{"name":"wp","href":"https:\/\/api.w.org\/{rel}","templated":true}]}}