{"id":7902,"date":"2025-02-15T03:24:40","date_gmt":"2025-02-15T03:24:40","guid":{"rendered":"https:\/\/jinhuaceramic.com\/?post_type=product&#038;p=7902"},"modified":"2025-02-28T07:39:18","modified_gmt":"2025-02-28T07:39:18","slug":"unique-candle-jars-wholesale","status":"publish","type":"product","link":"https:\/\/jinhuaceramic.com\/fr\/product\/unique-candle-jars-wholesale\/","title":{"rendered":"Pots de bougie uniques d\u00e9grad\u00e9s,Contenants de bougie personnalis\u00e9s"},"content":{"rendered":"<div class=\"wp-block-columns is-layout-flex wp-container-core-columns-is-layout-9d6595d7 wp-block-columns-is-layout-flex\">\n<div class=\"wp-block-column is-layout-flow wp-block-column-is-layout-flow\">\n<h3 class=\"wp-block-heading\">Pots de bougie uniques \u00e0 gradient de qualit\u00e9 sup\u00e9rieure Caract\u00e9ristiques de gros :<\/h3>\n\n\n\n<ul class=\"wp-block-list\">\n<li><strong>Couleurs d\u00e9grad\u00e9es uniques : <\/strong>Ces photophores personnalis\u00e9s sont disponibles dans tous les types de couleurs, y compris le bleu, le vert, le rose et le beige, et chaque couleur a un aspect d\u00e9grad\u00e9 allant du fonc\u00e9 au clair, ce qui est tr\u00e8s doux et r\u00e9confortant pour les yeux. Les couleurs d\u00e9grad\u00e9es permettent aux photophores de briller davantage et d'\u00e9viter les couleurs ternes, ce qui est un grand avantage.<\/li>\n\n\n\n<li><strong>Texture g\u00e9om\u00e9trique :<\/strong> Les photophores uniques sont g\u00e9n\u00e9ralement fabriqu\u00e9s avec deux parties de surface pr\u00e9sentant des bandes verticales concaves et des bandes verticales convexes, ce qui renforce l'attrait esth\u00e9tique et l'exp\u00e9rience tactile tout en ayant un effet antid\u00e9rapant.<\/li>\n\n\n\n<li><strong>Mat\u00e9riau c\u00e9ramique de haute qualit\u00e9 :<\/strong> La surface lisse et d\u00e9licate d'une bonne brillance permet de fabriquer les cadres des photophores personnalis\u00e9s en c\u00e9ramique de haute qualit\u00e9. La c\u00e9ramique est s\u00fbre, r\u00e9sistante \u00e0 la chaleur et ne se fissure pas, ce qui permet d'\u00e9viter les br\u00fblures lors de l'utilisation des bougies.<\/li>\n\n\n\n<li><strong>Respectueux de l'environnement :<\/strong> Ces photophores uniques sont recyclables, conform\u00e9ment aux id\u00e9es vertes modernes de pr\u00e9servation de l'environnement. Une fois les bougies consum\u00e9es, les bocaux peuvent \u00eatre utilis\u00e9s comme bocaux de stockage ou comme d\u00e9corations pour conserver leur valeur.<\/li>\n<\/ul>\n<\/div>\n\n\n\n<div class=\"wp-block-column is-layout-flow wp-block-column-is-layout-flow\">\n<figure class=\"wp-block-image size-full\"><img fetchpriority=\"high\" decoding=\"async\" width=\"800\" height=\"800\" src=\"https:\/\/jinhuaceramic.com\/wp-content\/uploads\/2025\/02\/Gradient-Unique-Candle-Jars-Wholesale-Ceramic-Candle-Containers-Bulk.webp\" alt=\"Pots \u00e0 bougie uniques d\u00e9grad\u00e9s,Contenants \u00e0 bougie personnalis\u00e9s-1\" class=\"wp-image-7909\" srcset=\"https:\/\/jinhuaceramic.com\/wp-content\/uploads\/2025\/02\/Gradient-Unique-Candle-Jars-Wholesale-Ceramic-Candle-Containers-Bulk.webp 800w, https:\/\/jinhuaceramic.com\/wp-content\/uploads\/2025\/02\/Gradient-Unique-Candle-Jars-Wholesale-Ceramic-Candle-Containers-Bulk-300x300.webp 300w, https:\/\/jinhuaceramic.com\/wp-content\/uploads\/2025\/02\/Gradient-Unique-Candle-Jars-Wholesale-Ceramic-Candle-Containers-Bulk-150x150.webp 150w, https:\/\/jinhuaceramic.com\/wp-content\/uploads\/2025\/02\/Gradient-Unique-Candle-Jars-Wholesale-Ceramic-Candle-Containers-Bulk-768x768.webp 768w, https:\/\/jinhuaceramic.com\/wp-content\/uploads\/2025\/02\/Gradient-Unique-Candle-Jars-Wholesale-Ceramic-Candle-Containers-Bulk-12x12.webp 12w, https:\/\/jinhuaceramic.com\/wp-content\/uploads\/2025\/02\/Gradient-Unique-Candle-Jars-Wholesale-Ceramic-Candle-Containers-Bulk-285x285.webp 285w, https:\/\/jinhuaceramic.com\/wp-content\/uploads\/2025\/02\/Gradient-Unique-Candle-Jars-Wholesale-Ceramic-Candle-Containers-Bulk-270x270.webp 270w, https:\/\/jinhuaceramic.com\/wp-content\/uploads\/2025\/02\/Gradient-Unique-Candle-Jars-Wholesale-Ceramic-Candle-Containers-Bulk-540x540.webp 540w, https:\/\/jinhuaceramic.com\/wp-content\/uploads\/2025\/02\/Gradient-Unique-Candle-Jars-Wholesale-Ceramic-Candle-Containers-Bulk-660x660.webp 660w\" sizes=\"(max-width: 800px) 100vw, 800px\" \/><\/figure>\n<\/div>\n<\/div>","protected":false},"excerpt":{"rendered":"<p>Nous vous invitons \u00e0 acheter des r\u00e9cipients \u00e0 bougies personnalis\u00e9s. Ces photophores uniques en gros affichent une beaut\u00e9 simple, moderne et \u00e0 la mode gr\u00e2ce \u00e0 des motifs uniques de d\u00e9grad\u00e9 de couleurs, de texture g\u00e9om\u00e9trique, de brillance du mat\u00e9riau, etc. Qu'ils soient utilis\u00e9s comme d\u00e9corations d'int\u00e9rieur ou comme produits d'aromath\u00e9rapie, ils peuvent ajouter de la chaleur et du sentiment \u00e0 la vie.<\/p>","protected":false},"featured_media":7906,"comment_status":"closed","ping_status":"closed","template":"","meta":{"_acf_changed":false},"product_brand":[],"product_cat":[52],"product_tag":[66],"class_list":{"0":"post-7902","1":"product","2":"type-product","3":"status-publish","4":"has-post-thumbnail","6":"product_cat-wholesale-candle-containers","7":"product_tag-candle-jars-wholesale","9":"first","10":"instock","11":"shipping-taxable","12":"product-type-simple"},"acf":[],"_links":{"self":[{"href":"https:\/\/jinhuaceramic.com\/fr\/wp-json\/wp\/v2\/product\/7902","targetHints":{"allow":["GET"]}}],"collection":[{"href":"https:\/\/jinhuaceramic.com\/fr\/wp-json\/wp\/v2\/product"}],"about":[{"href":"https:\/\/jinhuaceramic.com\/fr\/wp-json\/wp\/v2\/types\/product"}],"replies":[{"embeddable":true,"href":"https:\/\/jinhuaceramic.com\/fr\/wp-json\/wp\/v2\/comments?post=7902"}],"version-history":[{"count":0,"href":"https:\/\/jinhuaceramic.com\/fr\/wp-json\/wp\/v2\/product\/7902\/revisions"}],"wp:featuredmedia":[{"embeddable":true,"href":"https:\/\/jinhuaceramic.com\/fr\/wp-json\/wp\/v2\/media\/7906"}],"wp:attachment":[{"href":"https:\/\/jinhuaceramic.com\/fr\/wp-json\/wp\/v2\/media?parent=7902"}],"wp:term":[{"taxonomy":"product_brand","embeddable":true,"href":"https:\/\/jinhuaceramic.com\/fr\/wp-json\/wp\/v2\/product_brand?post=7902"},{"taxonomy":"product_cat","embeddable":true,"href":"https:\/\/jinhuaceramic.com\/fr\/wp-json\/wp\/v2\/product_cat?post=7902"},{"taxonomy":"product_tag","embeddable":true,"href":"https:\/\/jinhuaceramic.com\/fr\/wp-json\/wp\/v2\/product_tag?post=7902"}],"curies":[{"name":"wp","href":"https:\/\/api.w.org\/{rel}","templated":true}]}}