{"id":7921,"date":"2025-02-18T03:59:50","date_gmt":"2025-02-18T03:59:50","guid":{"rendered":"https:\/\/jinhuaceramic.com\/?post_type=product&#038;p=7921"},"modified":"2025-02-18T03:59:52","modified_gmt":"2025-02-18T03:59:52","slug":"wholesale-dishware","status":"publish","type":"product","link":"https:\/\/jinhuaceramic.com\/fr\/product\/wholesale-dishware\/","title":{"rendered":"Grossiste vaisselle pour 6 couverts, assiettes et bols personnalis\u00e9s"},"content":{"rendered":"<div class=\"wp-block-columns is-layout-flex wp-container-core-columns-is-layout-9d6595d7 wp-block-columns-is-layout-flex\">\n<div class=\"wp-block-column is-layout-flow wp-block-column-is-layout-flow\">\n<h3 class=\"wp-block-heading\">Premium Wholesale Dishware Caract\u00e9ristiques :<\/h3>\n\n\n\n<ul class=\"wp-block-list\">\n<li><strong>Design \u00e9l\u00e9gant :<\/strong> Ces assiettes et bols personnalis\u00e9s sont g\u00e9n\u00e9ralement d'un blanc pur, avec des bords et des poign\u00e9es bleus. Ils ont g\u00e9n\u00e9ralement un aspect neuf et sans fioritures, et leur apparence uniforme peut contribuer au sentiment de rituel de la consommation alimentaire.<\/li>\n\n\n\n<li><strong>Mat\u00e9riau c\u00e9ramique de haute qualit\u00e9 :<\/strong> Ces articles de vaisselle en gros sont fabriqu\u00e9s en c\u00e9ramique de haute qualit\u00e9, exempte de substances nocives telles que le plomb et le cadmium, et peuvent \u00eatre utilis\u00e9s en toute s\u00e9curit\u00e9. La c\u00e9ramique est dure et r\u00e9sistante \u00e0 l'usure, elle n'est pas facile \u00e0 rayer et \u00e0 casser et elle est durable.<\/li>\n\n\n\n<li><strong>Praticit\u00e9<\/strong>: Ces articles de vaisselle en gros comprennent deux assiettes de tailles diff\u00e9rentes, des bols et des tasses. Les assiettes peuvent contenir une grande vari\u00e9t\u00e9 de plats diff\u00e9rents, les bols peuvent contenir des c\u00e9r\u00e9ales, de la soupe ou du riz, et les tasses \u00e0 anse sont faciles \u00e0 transporter et peuvent contenir des boissons, r\u00e9pondant ainsi aux besoins quotidiens en mati\u00e8re de repas.<\/li>\n\n\n\n<li><strong>Cadeau id\u00e9al : <\/strong>Ces assiettes et bols personnalis\u00e9s haut de gamme ont une texture agr\u00e9able et une apparence exquise. Ils conviennent parfaitement comme cadeaux, par exemple pour un mariage ou une pendaison de cr\u00e9maill\u00e8re, etc.<\/li>\n<\/ul>\n<\/div>\n\n\n\n<div class=\"wp-block-column is-layout-flow wp-block-column-is-layout-flow\">\n<figure class=\"wp-block-image size-full\"><img fetchpriority=\"high\" decoding=\"async\" width=\"1353\" height=\"1353\" src=\"https:\/\/jinhuaceramic.com\/wp-content\/uploads\/2025\/02\/Custom-Tableware-Set-Wholesale-Dinner-Services-For-6-Dinnerware-Set-5.webp\" alt=\"\" class=\"wp-image-7925\" srcset=\"https:\/\/jinhuaceramic.com\/wp-content\/uploads\/2025\/02\/Custom-Tableware-Set-Wholesale-Dinner-Services-For-6-Dinnerware-Set-5.webp 1353w, https:\/\/jinhuaceramic.com\/wp-content\/uploads\/2025\/02\/Custom-Tableware-Set-Wholesale-Dinner-Services-For-6-Dinnerware-Set-5-300x300.webp 300w, https:\/\/jinhuaceramic.com\/wp-content\/uploads\/2025\/02\/Custom-Tableware-Set-Wholesale-Dinner-Services-For-6-Dinnerware-Set-5-150x150.webp 150w, https:\/\/jinhuaceramic.com\/wp-content\/uploads\/2025\/02\/Custom-Tableware-Set-Wholesale-Dinner-Services-For-6-Dinnerware-Set-5-768x768.webp 768w, https:\/\/jinhuaceramic.com\/wp-content\/uploads\/2025\/02\/Custom-Tableware-Set-Wholesale-Dinner-Services-For-6-Dinnerware-Set-5-12x12.webp 12w, https:\/\/jinhuaceramic.com\/wp-content\/uploads\/2025\/02\/Custom-Tableware-Set-Wholesale-Dinner-Services-For-6-Dinnerware-Set-5-285x285.webp 285w, https:\/\/jinhuaceramic.com\/wp-content\/uploads\/2025\/02\/Custom-Tableware-Set-Wholesale-Dinner-Services-For-6-Dinnerware-Set-5-270x270.webp 270w, https:\/\/jinhuaceramic.com\/wp-content\/uploads\/2025\/02\/Custom-Tableware-Set-Wholesale-Dinner-Services-For-6-Dinnerware-Set-5-540x540.webp 540w, https:\/\/jinhuaceramic.com\/wp-content\/uploads\/2025\/02\/Custom-Tableware-Set-Wholesale-Dinner-Services-For-6-Dinnerware-Set-5-660x660.webp 660w\" sizes=\"(max-width: 1353px) 100vw, 1353px\" \/><\/figure>\n<\/div>\n<\/div>\n\n\n\n<p><\/p>","protected":false},"excerpt":{"rendered":"<p>Nous vous invitons \u00e0 acheter nos assiettes et bols personnalis\u00e9s. Ces articles de vaisselle en gros sont appr\u00e9ci\u00e9s des consommateurs pour leur design moderne et \u00e9l\u00e9gant et leurs caract\u00e9ristiques pratiques et s\u00fbres. Cette vaisselle personnalis\u00e9e convient \u00e0 diverses occasions, qu'il s'agisse d'un d\u00eener en famille ou d'une f\u00eate entre amis, elle peut r\u00e9pondre \u00e0 vos besoins. Qu'il s'agisse d'une utilisation personnelle ou d'un cadeau, c'est un bon choix.<\/p>","protected":false},"featured_media":7928,"comment_status":"closed","ping_status":"closed","template":"","meta":{"_acf_changed":false},"product_brand":[],"product_cat":[83,54],"product_tag":[],"class_list":{"0":"post-7921","1":"product","2":"type-product","3":"status-publish","4":"has-post-thumbnail","6":"product_cat-wholesale-dinnerware-sets","7":"product_cat-tableware-wholesale","9":"first","10":"instock","11":"shipping-taxable","12":"product-type-simple"},"acf":[],"_links":{"self":[{"href":"https:\/\/jinhuaceramic.com\/fr\/wp-json\/wp\/v2\/product\/7921","targetHints":{"allow":["GET"]}}],"collection":[{"href":"https:\/\/jinhuaceramic.com\/fr\/wp-json\/wp\/v2\/product"}],"about":[{"href":"https:\/\/jinhuaceramic.com\/fr\/wp-json\/wp\/v2\/types\/product"}],"replies":[{"embeddable":true,"href":"https:\/\/jinhuaceramic.com\/fr\/wp-json\/wp\/v2\/comments?post=7921"}],"version-history":[{"count":0,"href":"https:\/\/jinhuaceramic.com\/fr\/wp-json\/wp\/v2\/product\/7921\/revisions"}],"wp:featuredmedia":[{"embeddable":true,"href":"https:\/\/jinhuaceramic.com\/fr\/wp-json\/wp\/v2\/media\/7928"}],"wp:attachment":[{"href":"https:\/\/jinhuaceramic.com\/fr\/wp-json\/wp\/v2\/media?parent=7921"}],"wp:term":[{"taxonomy":"product_brand","embeddable":true,"href":"https:\/\/jinhuaceramic.com\/fr\/wp-json\/wp\/v2\/product_brand?post=7921"},{"taxonomy":"product_cat","embeddable":true,"href":"https:\/\/jinhuaceramic.com\/fr\/wp-json\/wp\/v2\/product_cat?post=7921"},{"taxonomy":"product_tag","embeddable":true,"href":"https:\/\/jinhuaceramic.com\/fr\/wp-json\/wp\/v2\/product_tag?post=7921"}],"curies":[{"name":"wp","href":"https:\/\/api.w.org\/{rel}","templated":true}]}}