{"id":7938,"date":"2025-02-20T07:43:42","date_gmt":"2025-02-20T07:43:42","guid":{"rendered":"https:\/\/jinhuaceramic.com\/?post_type=product&#038;p=7938"},"modified":"2025-02-22T01:29:15","modified_gmt":"2025-02-22T01:29:15","slug":"dinnerware-wholesale","status":"publish","type":"product","link":"https:\/\/jinhuaceramic.com\/fr\/product\/dinnerware-wholesale\/","title":{"rendered":"Service de table rustique en c\u00e9ramique Wholesale, Service de table personnalis\u00e9"},"content":{"rendered":"<div class=\"wp-block-columns is-layout-flex wp-container-core-columns-is-layout-9d6595d7 wp-block-columns-is-layout-flex\">\n<div class=\"wp-block-column is-layout-flow wp-block-column-is-layout-flow\">\n<h3 class=\"wp-block-heading\">Premium Dinnerware Wholesale Caract\u00e9ristiques :<\/h3>\n\n\n\n<ul class=\"wp-block-list\">\n<li><strong>Design gracieux :<\/strong> La vaisselle en c\u00e9ramique est de forme simple et \u00e9l\u00e9gante, avec le blanc comme couleur principale et des bords bruns, classique et belle, qui peut s'adapter \u00e0 la plupart des styles de d\u00e9coration de la maison et des occasions de d\u00eener. Les mouchetures sur l'\u00e9mail des c\u00e9ramiques ajoutent une impression de ruralit\u00e9, paraissant naturelles et luxueuses.<\/li>\n\n\n\n<li><strong>S\u00e9curit\u00e9 des mat\u00e9riaux : <\/strong>Le service de table personnalis\u00e9 non toxique est fabriqu\u00e9 en argile c\u00e9ramique haute temp\u00e9rature. Il peut donc supporter des temp\u00e9ratures extr\u00eames et contenir des aliments \u00e0 haute temp\u00e9rature. Ils sont non toxiques et s\u00fbrs, sans produits chimiques nocifs, et plus s\u00fbrs \u00e0 utiliser.<\/li>\n\n\n\n<li><strong>Large application : <\/strong>Cette vaisselle en c\u00e9ramique contient des assiettes, des bols et d'autres types de vaisselle de base utilis\u00e9s pour servir le riz, les plats, la soupe, etc. Cet article r\u00e9pondra aux exigences de base de tout repas et s'applique \u00e0 toutes les occasions, qu'il s'agisse d'un d\u00eener en famille ou d'une r\u00e9ception d'invit\u00e9s.<\/li>\n\n\n\n<li><strong>Facile \u00e0 nettoyer : <\/strong>Le service de table personnalis\u00e9 pr\u00e9sente une finition dense et lisse, et les r\u00e9sidus d'aliments et d'huile n'y adh\u00e8rent pas. Il est donc facile \u00e0 nettoyer et peut \u00eatre utilis\u00e9 pour gagner du temps sur le nettoyage.<\/li>\n<\/ul>\n<\/div>\n\n\n\n<div class=\"wp-block-column is-layout-flow wp-block-column-is-layout-flow\">\n<figure class=\"wp-block-image size-full\"><img fetchpriority=\"high\" decoding=\"async\" width=\"2000\" height=\"2000\" src=\"https:\/\/jinhuaceramic.com\/wp-content\/uploads\/2025\/02\/Rustic-Wholesale-Dinnerware-Set-Dinner-Services-Custom-Tableware-2.webp\" alt=\"Service de table rustique en c\u00e9ramique Wholesale, Customized Dinner Set-1\" class=\"wp-image-7939\" srcset=\"https:\/\/jinhuaceramic.com\/wp-content\/uploads\/2025\/02\/Rustic-Wholesale-Dinnerware-Set-Dinner-Services-Custom-Tableware-2.webp 2000w, https:\/\/jinhuaceramic.com\/wp-content\/uploads\/2025\/02\/Rustic-Wholesale-Dinnerware-Set-Dinner-Services-Custom-Tableware-2-300x300.webp 300w, https:\/\/jinhuaceramic.com\/wp-content\/uploads\/2025\/02\/Rustic-Wholesale-Dinnerware-Set-Dinner-Services-Custom-Tableware-2-150x150.webp 150w, https:\/\/jinhuaceramic.com\/wp-content\/uploads\/2025\/02\/Rustic-Wholesale-Dinnerware-Set-Dinner-Services-Custom-Tableware-2-768x768.webp 768w, https:\/\/jinhuaceramic.com\/wp-content\/uploads\/2025\/02\/Rustic-Wholesale-Dinnerware-Set-Dinner-Services-Custom-Tableware-2-12x12.webp 12w, https:\/\/jinhuaceramic.com\/wp-content\/uploads\/2025\/02\/Rustic-Wholesale-Dinnerware-Set-Dinner-Services-Custom-Tableware-2-285x285.webp 285w, https:\/\/jinhuaceramic.com\/wp-content\/uploads\/2025\/02\/Rustic-Wholesale-Dinnerware-Set-Dinner-Services-Custom-Tableware-2-1600x1600.webp 1600w, https:\/\/jinhuaceramic.com\/wp-content\/uploads\/2025\/02\/Rustic-Wholesale-Dinnerware-Set-Dinner-Services-Custom-Tableware-2-270x270.webp 270w, https:\/\/jinhuaceramic.com\/wp-content\/uploads\/2025\/02\/Rustic-Wholesale-Dinnerware-Set-Dinner-Services-Custom-Tableware-2-540x540.webp 540w, https:\/\/jinhuaceramic.com\/wp-content\/uploads\/2025\/02\/Rustic-Wholesale-Dinnerware-Set-Dinner-Services-Custom-Tableware-2-660x660.webp 660w\" sizes=\"(max-width: 2000px) 100vw, 2000px\" \/><\/figure>\n<\/div>\n<\/div>","protected":false},"excerpt":{"rendered":"<p>Ces vaisselles rustiques en c\u00e9ramique pr\u00e9sentent les avantages d'un design beau et \u00e9l\u00e9gant, de mat\u00e9riaux s\u00fbrs et sains, d'une large applicabilit\u00e9 et d'un nettoyage facile, ce qui en fait un choix id\u00e9al pour les tables \u00e0 manger des familles modernes. En plus de l'usage domestique, ils conviennent \u00e9galement tr\u00e8s bien comme cadeaux.<\/p>","protected":false},"featured_media":7944,"comment_status":"closed","ping_status":"closed","template":"","meta":{"_acf_changed":false},"product_brand":[],"product_cat":[83,54],"product_tag":[],"class_list":{"0":"post-7938","1":"product","2":"type-product","3":"status-publish","4":"has-post-thumbnail","6":"product_cat-wholesale-dinnerware-sets","7":"product_cat-tableware-wholesale","9":"first","10":"instock","11":"shipping-taxable","12":"product-type-simple"},"acf":[],"_links":{"self":[{"href":"https:\/\/jinhuaceramic.com\/fr\/wp-json\/wp\/v2\/product\/7938","targetHints":{"allow":["GET"]}}],"collection":[{"href":"https:\/\/jinhuaceramic.com\/fr\/wp-json\/wp\/v2\/product"}],"about":[{"href":"https:\/\/jinhuaceramic.com\/fr\/wp-json\/wp\/v2\/types\/product"}],"replies":[{"embeddable":true,"href":"https:\/\/jinhuaceramic.com\/fr\/wp-json\/wp\/v2\/comments?post=7938"}],"version-history":[{"count":0,"href":"https:\/\/jinhuaceramic.com\/fr\/wp-json\/wp\/v2\/product\/7938\/revisions"}],"wp:featuredmedia":[{"embeddable":true,"href":"https:\/\/jinhuaceramic.com\/fr\/wp-json\/wp\/v2\/media\/7944"}],"wp:attachment":[{"href":"https:\/\/jinhuaceramic.com\/fr\/wp-json\/wp\/v2\/media?parent=7938"}],"wp:term":[{"taxonomy":"product_brand","embeddable":true,"href":"https:\/\/jinhuaceramic.com\/fr\/wp-json\/wp\/v2\/product_brand?post=7938"},{"taxonomy":"product_cat","embeddable":true,"href":"https:\/\/jinhuaceramic.com\/fr\/wp-json\/wp\/v2\/product_cat?post=7938"},{"taxonomy":"product_tag","embeddable":true,"href":"https:\/\/jinhuaceramic.com\/fr\/wp-json\/wp\/v2\/product_tag?post=7938"}],"curies":[{"name":"wp","href":"https:\/\/api.w.org\/{rel}","templated":true}]}}