{"id":7949,"date":"2025-02-20T08:25:09","date_gmt":"2025-02-20T08:25:09","guid":{"rendered":"https:\/\/jinhuaceramic.com\/?post_type=product&#038;p=7949"},"modified":"2025-02-28T07:38:37","modified_gmt":"2025-02-28T07:38:37","slug":"custom-bath-set","status":"publish","type":"product","link":"https:\/\/jinhuaceramic.com\/fr\/product\/custom-bath-set\/","title":{"rendered":"Set de bain personnalis\u00e9 d\u00e9grad\u00e9, accessoires de salle de bain en c\u00e9ramique Wholesale"},"content":{"rendered":"<div class=\"wp-block-columns is-layout-flex wp-container-core-columns-is-layout-9d6595d7 wp-block-columns-is-layout-flex\">\n<div class=\"wp-block-column is-layout-flow wp-block-column-is-layout-flow\">\n<h3 class=\"wp-block-heading\">Premium Gradient Custom Bath Set Features :<\/h3>\n\n\n\n<ul class=\"wp-block-list\">\n<li><strong>Couleur d\u00e9grad\u00e9e unique : <\/strong>L'ensemble de bain personnalis\u00e9 est con\u00e7u avec un d\u00e9grad\u00e9 de couleurs exclusif et dans diff\u00e9rentes couleurs telles que l'orange, le bleu, le violet, le vert, etc. Le d\u00e9grad\u00e9 blanc-couleur est d'une teinte douce et pr\u00e9sente une gradation naturelle qui conf\u00e8re aux individus chaleur et confort.<\/li>\n\n\n\n<li><strong>Texture g\u00e9om\u00e9trique exquise : <\/strong>Le motif g\u00e9om\u00e9trique \u00e0 la surface des accessoires de salle de bains en gros n'est pas seulement beau, il sert aussi de rev\u00eatement antid\u00e9rapant. Le motif est esth\u00e9tique tout en \u00e9tant un ajout fonctionnel au produit.<\/li>\n\n\n\n<li><strong>Mat\u00e9riau c\u00e9ramique de haute qualit\u00e9 : <\/strong>Ces accessoires de salle de bains en c\u00e9ramique haute temp\u00e9rature poss\u00e8dent les avantages d'une r\u00e9sistance aux temp\u00e9ratures \u00e9lev\u00e9es, d'une r\u00e9sistance \u00e0 la corrosion et d'un nettoyage facile. Un traitement de gla\u00e7age est appliqu\u00e9 \u00e0 la surface de la c\u00e9ramique, ce qui rend la surface fine et lisse, non tachante et extr\u00eamement facile \u00e0 nettoyer.<\/li>\n\n\n\n<li><strong>Une grande praticit\u00e9 : <\/strong>L'ensemble de bain personnalis\u00e9 comprend une s\u00e9lection d'accessoires de salle de bain tels qu'un rince-bouche, un porte-brosse \u00e0 dents, un distributeur de savon liquide et un porte-savon pour r\u00e9pondre aux besoins quotidiens en mati\u00e8re de lavage de la salle de bain.<\/li>\n<\/ul>\n<\/div>\n\n\n\n<div class=\"wp-block-column is-layout-flow wp-block-column-is-layout-flow\">\n<figure class=\"wp-block-image size-full\"><img fetchpriority=\"high\" decoding=\"async\" width=\"1600\" height=\"1600\" src=\"https:\/\/jinhuaceramic.com\/wp-content\/uploads\/2025\/02\/Gradient-Custom-Bathroom-Sets-Bulk-Dispenser-Soap-Dish-Toothbrush-Holder-3.webp\" alt=\"Set de bain personnalis\u00e9 d\u00e9grad\u00e9 Accessoires de salle de bain en c\u00e9ramique Wholesale-1\" class=\"wp-image-7951\" srcset=\"https:\/\/jinhuaceramic.com\/wp-content\/uploads\/2025\/02\/Gradient-Custom-Bathroom-Sets-Bulk-Dispenser-Soap-Dish-Toothbrush-Holder-3.webp 1600w, https:\/\/jinhuaceramic.com\/wp-content\/uploads\/2025\/02\/Gradient-Custom-Bathroom-Sets-Bulk-Dispenser-Soap-Dish-Toothbrush-Holder-3-300x300.webp 300w, https:\/\/jinhuaceramic.com\/wp-content\/uploads\/2025\/02\/Gradient-Custom-Bathroom-Sets-Bulk-Dispenser-Soap-Dish-Toothbrush-Holder-3-150x150.webp 150w, https:\/\/jinhuaceramic.com\/wp-content\/uploads\/2025\/02\/Gradient-Custom-Bathroom-Sets-Bulk-Dispenser-Soap-Dish-Toothbrush-Holder-3-768x768.webp 768w, https:\/\/jinhuaceramic.com\/wp-content\/uploads\/2025\/02\/Gradient-Custom-Bathroom-Sets-Bulk-Dispenser-Soap-Dish-Toothbrush-Holder-3-12x12.webp 12w, https:\/\/jinhuaceramic.com\/wp-content\/uploads\/2025\/02\/Gradient-Custom-Bathroom-Sets-Bulk-Dispenser-Soap-Dish-Toothbrush-Holder-3-285x285.webp 285w, https:\/\/jinhuaceramic.com\/wp-content\/uploads\/2025\/02\/Gradient-Custom-Bathroom-Sets-Bulk-Dispenser-Soap-Dish-Toothbrush-Holder-3-270x270.webp 270w, https:\/\/jinhuaceramic.com\/wp-content\/uploads\/2025\/02\/Gradient-Custom-Bathroom-Sets-Bulk-Dispenser-Soap-Dish-Toothbrush-Holder-3-540x540.webp 540w, https:\/\/jinhuaceramic.com\/wp-content\/uploads\/2025\/02\/Gradient-Custom-Bathroom-Sets-Bulk-Dispenser-Soap-Dish-Toothbrush-Holder-3-660x660.webp 660w\" sizes=\"(max-width: 1600px) 100vw, 1600px\" \/><\/figure>\n<\/div>\n<\/div>","protected":false},"excerpt":{"rendered":"<p>Nous vous invitons \u00e0 acheter nos accessoires de salle de bains en gros. L'ensemble de bain personnalis\u00e9 apporte de l'\u00e9l\u00e9gance et de la chaleur \u00e0 la salle de bain gr\u00e2ce au motif sp\u00e9cial de couleur d\u00e9grad\u00e9e, au motif g\u00e9om\u00e9trique antid\u00e9rapant, au mat\u00e9riau c\u00e9ramique de haute qualit\u00e9 et aux fonctions utiles. Leur apparence \u00e9l\u00e9gante et leur fabrication soign\u00e9e peuvent am\u00e9liorer le style g\u00e9n\u00e9ral de la d\u00e9coration de la salle de bains.<\/p>","protected":false},"featured_media":7957,"comment_status":"closed","ping_status":"closed","template":"","meta":{"_acf_changed":false},"product_brand":[],"product_cat":[51],"product_tag":[74],"class_list":{"0":"post-7949","1":"product","2":"type-product","3":"status-publish","4":"has-post-thumbnail","6":"product_cat-bathroom-accessories-wholesale","7":"product_tag-ceramic-bath-accessories-wholesale","9":"first","10":"instock","11":"shipping-taxable","12":"product-type-simple"},"acf":[],"_links":{"self":[{"href":"https:\/\/jinhuaceramic.com\/fr\/wp-json\/wp\/v2\/product\/7949","targetHints":{"allow":["GET"]}}],"collection":[{"href":"https:\/\/jinhuaceramic.com\/fr\/wp-json\/wp\/v2\/product"}],"about":[{"href":"https:\/\/jinhuaceramic.com\/fr\/wp-json\/wp\/v2\/types\/product"}],"replies":[{"embeddable":true,"href":"https:\/\/jinhuaceramic.com\/fr\/wp-json\/wp\/v2\/comments?post=7949"}],"version-history":[{"count":0,"href":"https:\/\/jinhuaceramic.com\/fr\/wp-json\/wp\/v2\/product\/7949\/revisions"}],"wp:featuredmedia":[{"embeddable":true,"href":"https:\/\/jinhuaceramic.com\/fr\/wp-json\/wp\/v2\/media\/7957"}],"wp:attachment":[{"href":"https:\/\/jinhuaceramic.com\/fr\/wp-json\/wp\/v2\/media?parent=7949"}],"wp:term":[{"taxonomy":"product_brand","embeddable":true,"href":"https:\/\/jinhuaceramic.com\/fr\/wp-json\/wp\/v2\/product_brand?post=7949"},{"taxonomy":"product_cat","embeddable":true,"href":"https:\/\/jinhuaceramic.com\/fr\/wp-json\/wp\/v2\/product_cat?post=7949"},{"taxonomy":"product_tag","embeddable":true,"href":"https:\/\/jinhuaceramic.com\/fr\/wp-json\/wp\/v2\/product_tag?post=7949"}],"curies":[{"name":"wp","href":"https:\/\/api.w.org\/{rel}","templated":true}]}}