{"id":7985,"date":"2025-02-28T07:45:08","date_gmt":"2025-02-28T07:45:08","guid":{"rendered":"https:\/\/jinhuaceramic.com\/?post_type=product&#038;p=7985"},"modified":"2025-02-28T07:45:18","modified_gmt":"2025-02-28T07:45:18","slug":"ceramic-candle-vessels-bulk","status":"publish","type":"product","link":"https:\/\/jinhuaceramic.com\/fr\/product\/ceramic-candle-vessels-bulk\/","title":{"rendered":"Vases \u00e0 bougie hexagonaux modernes en c\u00e9ramique Bulk, Candle Jars Wholesale"},"content":{"rendered":"<div class=\"wp-block-columns is-layout-flex wp-container-core-columns-is-layout-9d6595d7 wp-block-columns-is-layout-flex\">\n<div class=\"wp-block-column is-layout-flow wp-block-column-is-layout-flow\">\n<h3 class=\"wp-block-heading\">Vases \u00e0 bougie en c\u00e9ramique hexagonale de premi\u00e8re qualit\u00e9 Caract\u00e9ristiques en vrac :<\/h3>\n\n\n\n<ul class=\"wp-block-list\">\n<li><strong>Forme g\u00e9om\u00e9trique unique :<\/strong> Nos r\u00e9cipients \u00e0 bougie en c\u00e9ramique ne sont ni carr\u00e9s ni ronds, mais ont une forme hexagonale douce et incurv\u00e9e. La forme g\u00e9om\u00e9trique est nette et moderne, mais elle est \u00e9galement douce, ce qui lui permet de s'adapter \u00e0 tous les d\u00e9cors.<\/li>\n\n\n\n<li><strong>Diverses couleurs :<\/strong> Les photophores sont disponibles en deux couleurs mates : un blanc mat traditionnel et un rouge mat vif mais apaisant. Les clients peuvent choisir en fonction de leur int\u00e9rieur et de leurs pr\u00e9f\u00e9rences.<\/li>\n\n\n\n<li><strong>S\u00fbr et durable :<\/strong> Les r\u00e9cipients \u00e0 bougie en c\u00e9ramique de haute qualit\u00e9 ont une bonne r\u00e9sistance \u00e0 la chaleur et peuvent supporter des bougies allum\u00e9es sans se briser. La c\u00e9ramique est solide et durable, elle n'est pas d\u00e9licate et peut \u00eatre utilis\u00e9e pendant plusieurs ann\u00e9es.<\/li>\n\n\n\n<li><strong>R\u00e9utilisable : <\/strong>Ces photophores en gros peuvent \u00eatre r\u00e9utilis\u00e9s pour d'autres choses que des photophores. Une fois les bougies vid\u00e9es, ils peuvent \u00e9galement \u00eatre utilis\u00e9s comme pot de fleurs, pot de rangement ou d\u00e9coration d'int\u00e9rieur. Sans bougies, ce photophore peut \u00e9galement constituer une belle d\u00e9coration et parfumer votre int\u00e9rieur.<\/li>\n<\/ul>\n<\/div>\n\n\n\n<div class=\"wp-block-column is-layout-flow wp-block-column-is-layout-flow\">\n<figure class=\"wp-block-image size-full\"><img fetchpriority=\"high\" decoding=\"async\" width=\"750\" height=\"750\" src=\"https:\/\/jinhuaceramic.com\/wp-content\/uploads\/2025\/02\/Modern-Hexagon-Candle-Jars-Wholesale-Ceramic-Candle-Vessels-Bulk-3.webp\" alt=\"Vases \u00e0 bougie hexagonaux modernes en c\u00e9ramique en vrac, Pots \u00e0 bougie en gros3\" class=\"wp-image-7987\" srcset=\"https:\/\/jinhuaceramic.com\/wp-content\/uploads\/2025\/02\/Modern-Hexagon-Candle-Jars-Wholesale-Ceramic-Candle-Vessels-Bulk-3.webp 750w, https:\/\/jinhuaceramic.com\/wp-content\/uploads\/2025\/02\/Modern-Hexagon-Candle-Jars-Wholesale-Ceramic-Candle-Vessels-Bulk-3-300x300.webp 300w, https:\/\/jinhuaceramic.com\/wp-content\/uploads\/2025\/02\/Modern-Hexagon-Candle-Jars-Wholesale-Ceramic-Candle-Vessels-Bulk-3-150x150.webp 150w, https:\/\/jinhuaceramic.com\/wp-content\/uploads\/2025\/02\/Modern-Hexagon-Candle-Jars-Wholesale-Ceramic-Candle-Vessels-Bulk-3-12x12.webp 12w, https:\/\/jinhuaceramic.com\/wp-content\/uploads\/2025\/02\/Modern-Hexagon-Candle-Jars-Wholesale-Ceramic-Candle-Vessels-Bulk-3-285x285.webp 285w, https:\/\/jinhuaceramic.com\/wp-content\/uploads\/2025\/02\/Modern-Hexagon-Candle-Jars-Wholesale-Ceramic-Candle-Vessels-Bulk-3-270x270.webp 270w, https:\/\/jinhuaceramic.com\/wp-content\/uploads\/2025\/02\/Modern-Hexagon-Candle-Jars-Wholesale-Ceramic-Candle-Vessels-Bulk-3-540x540.webp 540w, https:\/\/jinhuaceramic.com\/wp-content\/uploads\/2025\/02\/Modern-Hexagon-Candle-Jars-Wholesale-Ceramic-Candle-Vessels-Bulk-3-660x660.webp 660w\" sizes=\"(max-width: 750px) 100vw, 750px\" \/><\/figure>\n<\/div>\n<\/div>\n\n\n\n<p><\/p>","protected":false},"excerpt":{"rendered":"<p>Nous vous invitons \u00e0 acheter nos photophores en gros. Ces photophores modernes en c\u00e9ramique se distinguent des autres produits similaires sur le march\u00e9 par leur forme hexagonale, leurs couleurs habituelles, leurs mat\u00e9riaux s\u00fbrs et durables et leur style recyclable. Ces photophores sont si parfaitement \u00e9quilibr\u00e9s entre la beaut\u00e9 et la fonctionnalit\u00e9 qu'ils peuvent non seulement cr\u00e9er une atmosph\u00e8re chaleureuse et romantique \u00e0 la maison, mais aussi ajouter au sens de la maison.<\/p>","protected":false},"featured_media":7988,"comment_status":"closed","ping_status":"closed","template":"","meta":{"_acf_changed":false},"product_brand":[],"product_cat":[52],"product_tag":[66],"class_list":{"0":"post-7985","1":"product","2":"type-product","3":"status-publish","4":"has-post-thumbnail","6":"product_cat-wholesale-candle-containers","7":"product_tag-candle-jars-wholesale","9":"first","10":"instock","11":"shipping-taxable","12":"product-type-simple"},"acf":[],"_links":{"self":[{"href":"https:\/\/jinhuaceramic.com\/fr\/wp-json\/wp\/v2\/product\/7985","targetHints":{"allow":["GET"]}}],"collection":[{"href":"https:\/\/jinhuaceramic.com\/fr\/wp-json\/wp\/v2\/product"}],"about":[{"href":"https:\/\/jinhuaceramic.com\/fr\/wp-json\/wp\/v2\/types\/product"}],"replies":[{"embeddable":true,"href":"https:\/\/jinhuaceramic.com\/fr\/wp-json\/wp\/v2\/comments?post=7985"}],"version-history":[{"count":0,"href":"https:\/\/jinhuaceramic.com\/fr\/wp-json\/wp\/v2\/product\/7985\/revisions"}],"wp:featuredmedia":[{"embeddable":true,"href":"https:\/\/jinhuaceramic.com\/fr\/wp-json\/wp\/v2\/media\/7988"}],"wp:attachment":[{"href":"https:\/\/jinhuaceramic.com\/fr\/wp-json\/wp\/v2\/media?parent=7985"}],"wp:term":[{"taxonomy":"product_brand","embeddable":true,"href":"https:\/\/jinhuaceramic.com\/fr\/wp-json\/wp\/v2\/product_brand?post=7985"},{"taxonomy":"product_cat","embeddable":true,"href":"https:\/\/jinhuaceramic.com\/fr\/wp-json\/wp\/v2\/product_cat?post=7985"},{"taxonomy":"product_tag","embeddable":true,"href":"https:\/\/jinhuaceramic.com\/fr\/wp-json\/wp\/v2\/product_tag?post=7985"}],"curies":[{"name":"wp","href":"https:\/\/api.w.org\/{rel}","templated":true}]}}