{"id":8000,"date":"2025-02-28T07:37:12","date_gmt":"2025-02-28T07:37:12","guid":{"rendered":"https:\/\/jinhuaceramic.com\/?post_type=product&#038;p=8000"},"modified":"2025-02-28T07:37:55","modified_gmt":"2025-02-28T07:37:55","slug":"wholesale-food-service-baking-pans","status":"publish","type":"product","link":"https:\/\/jinhuaceramic.com\/fr\/product\/wholesale-food-service-baking-pans\/","title":{"rendered":"Vente en gros de moules \u00e0 p\u00e2tisserie pour la restauration, moules \u00e0 p\u00e2tisserie en c\u00e9ramique en vrac"},"content":{"rendered":"<div class=\"wp-block-columns is-layout-flex wp-container-core-columns-is-layout-9d6595d7 wp-block-columns-is-layout-flex\">\n<div class=\"wp-block-column is-layout-flow wp-block-column-is-layout-flow\">\n<h3 class=\"wp-block-heading\">Plaques \u00e0 p\u00e2tisserie Premium Wholesale Food Service Caract\u00e9ristiques :<\/h3>\n\n\n\n<ul class=\"wp-block-list\">\n<li><strong>Style minimaliste : <\/strong>Ces moules \u00e0 p\u00e2tisserie personnalis\u00e9s pour la restauration ont une apparence g\u00e9n\u00e9rale sobre, un profil profil\u00e9 et aucune d\u00e9coration inutilement voyante, ce qui pla\u00eet aux go\u00fbts des temps modernes. Le couvercle en bois est le charme naturel de la plaque de cuisson.<\/li>\n\n\n\n<li><strong>Excellente qualit\u00e9 Mat\u00e9riau : <\/strong>Le corps principal de ces moules \u00e0 p\u00e2tisserie en c\u00e9ramique en vrac est fabriqu\u00e9 \u00e0 l'aide d'un mat\u00e9riau c\u00e9ramique de qualit\u00e9 sup\u00e9rieure, qui est robuste et ne se d\u00e9forme pas lorsqu'il est cuit \u00e0 haute temp\u00e9rature. Le couvercle est fabriqu\u00e9 \u00e0 partir de bois brut de qualit\u00e9 sup\u00e9rieure, qui est sain et s\u00fbr.<\/li>\n\n\n\n<li><strong>Grande praticit\u00e9 : <\/strong>L'\u00e9paisseur et la longueur de nos moules de cuisson pour services alimentaires en gros sont con\u00e7ues pour contenir tout type d'aliments \u00e0 cuire, tels que du riz cuit, des l\u00e9gumes r\u00f4tis, de la viande r\u00f4tie, etc. En plus d'aller au four, ces moules \u00e0 p\u00e2tisserie passent au micro-ondes et au lave-vaisselle, ce qui les rend tr\u00e8s faciles \u00e0 manipuler.<\/li>\n\n\n\n<li><strong>Couvercle fonctionnel : <\/strong>Ces moules \u00e0 p\u00e2tisserie en c\u00e9ramique en gros sont dot\u00e9s d'un couvercle en bois multifonctionnel qui non seulement maintient la chaleur des aliments, mais fait \u00e9galement office de barri\u00e8re contre les \u00e9claboussures de nourriture pendant la cuisson. Il peut m\u00eame servir de manique ou de plateau de service, ce qui rend le plat de cuisson encore plus pratique.<\/li>\n<\/ul>\n<\/div>\n\n\n\n<div class=\"wp-block-column is-layout-flow wp-block-column-is-layout-flow\">\n<figure class=\"wp-block-image size-full\"><img fetchpriority=\"high\" decoding=\"async\" width=\"510\" height=\"510\" src=\"https:\/\/jinhuaceramic.com\/wp-content\/uploads\/2025\/02\/Wholesale-Ceramic-Baking-Dish-With-Wooden-Lid-Custom-Bakeware-2.webp\" alt=\"Vente en gros de moules \u00e0 p\u00e2tisserie pour la restauration, moules \u00e0 p\u00e2tisserie en c\u00e9ramique Bulk-7\" class=\"wp-image-8001\" srcset=\"https:\/\/jinhuaceramic.com\/wp-content\/uploads\/2025\/02\/Wholesale-Ceramic-Baking-Dish-With-Wooden-Lid-Custom-Bakeware-2.webp 510w, https:\/\/jinhuaceramic.com\/wp-content\/uploads\/2025\/02\/Wholesale-Ceramic-Baking-Dish-With-Wooden-Lid-Custom-Bakeware-2-300x300.webp 300w, https:\/\/jinhuaceramic.com\/wp-content\/uploads\/2025\/02\/Wholesale-Ceramic-Baking-Dish-With-Wooden-Lid-Custom-Bakeware-2-150x150.webp 150w, https:\/\/jinhuaceramic.com\/wp-content\/uploads\/2025\/02\/Wholesale-Ceramic-Baking-Dish-With-Wooden-Lid-Custom-Bakeware-2-12x12.webp 12w, https:\/\/jinhuaceramic.com\/wp-content\/uploads\/2025\/02\/Wholesale-Ceramic-Baking-Dish-With-Wooden-Lid-Custom-Bakeware-2-285x285.webp 285w, https:\/\/jinhuaceramic.com\/wp-content\/uploads\/2025\/02\/Wholesale-Ceramic-Baking-Dish-With-Wooden-Lid-Custom-Bakeware-2-270x270.webp 270w\" sizes=\"(max-width: 510px) 100vw, 510px\" \/><\/figure>\n<\/div>\n<\/div>","protected":false},"excerpt":{"rendered":"<p>Bienvenue sur le site d'achat de moules de cuisson pour la restauration. L'originalit\u00e9 de ces moules \u00e0 p\u00e2tisserie en c\u00e9ramique en vrac r\u00e9side dans la combinaison astucieuse de mat\u00e9riaux en c\u00e9ramique et en bois, d'un design minimaliste et moderne et de couvercles fonctionnels. Alliant esth\u00e9tique et praticit\u00e9, ces plats de cuisson avec couvercles ajouteront une touche unique \u00e0 la cuisine et \u00e0 la table \u00e0 manger.<\/p>","protected":false},"featured_media":8003,"comment_status":"closed","ping_status":"closed","template":"","meta":{"_acf_changed":false},"product_brand":[],"product_cat":[53],"product_tag":[71],"class_list":{"0":"post-8000","1":"product","2":"type-product","3":"status-publish","4":"has-post-thumbnail","6":"product_cat-bakeware-in-bulk","7":"product_tag-wholesale-baking-pans","9":"first","10":"instock","11":"shipping-taxable","12":"product-type-simple"},"acf":[],"_links":{"self":[{"href":"https:\/\/jinhuaceramic.com\/fr\/wp-json\/wp\/v2\/product\/8000","targetHints":{"allow":["GET"]}}],"collection":[{"href":"https:\/\/jinhuaceramic.com\/fr\/wp-json\/wp\/v2\/product"}],"about":[{"href":"https:\/\/jinhuaceramic.com\/fr\/wp-json\/wp\/v2\/types\/product"}],"replies":[{"embeddable":true,"href":"https:\/\/jinhuaceramic.com\/fr\/wp-json\/wp\/v2\/comments?post=8000"}],"version-history":[{"count":0,"href":"https:\/\/jinhuaceramic.com\/fr\/wp-json\/wp\/v2\/product\/8000\/revisions"}],"wp:featuredmedia":[{"embeddable":true,"href":"https:\/\/jinhuaceramic.com\/fr\/wp-json\/wp\/v2\/media\/8003"}],"wp:attachment":[{"href":"https:\/\/jinhuaceramic.com\/fr\/wp-json\/wp\/v2\/media?parent=8000"}],"wp:term":[{"taxonomy":"product_brand","embeddable":true,"href":"https:\/\/jinhuaceramic.com\/fr\/wp-json\/wp\/v2\/product_brand?post=8000"},{"taxonomy":"product_cat","embeddable":true,"href":"https:\/\/jinhuaceramic.com\/fr\/wp-json\/wp\/v2\/product_cat?post=8000"},{"taxonomy":"product_tag","embeddable":true,"href":"https:\/\/jinhuaceramic.com\/fr\/wp-json\/wp\/v2\/product_tag?post=8000"}],"curies":[{"name":"wp","href":"https:\/\/api.w.org\/{rel}","templated":true}]}}