{"id":8009,"date":"2025-02-28T07:14:24","date_gmt":"2025-02-28T07:14:24","guid":{"rendered":"https:\/\/jinhuaceramic.com\/?post_type=product&#038;p=8009"},"modified":"2025-02-28T07:14:27","modified_gmt":"2025-02-28T07:14:27","slug":"tableware-wholesale","status":"publish","type":"product","link":"https:\/\/jinhuaceramic.com\/fr\/product\/tableware-wholesale\/","title":{"rendered":"Vaisselle de table noire mate (grossiste), vaisselle de restaurant"},"content":{"rendered":"<div class=\"wp-block-columns is-layout-flex wp-container-core-columns-is-layout-9d6595d7 wp-block-columns-is-layout-flex\">\n<div class=\"wp-block-column is-layout-flow wp-block-column-is-layout-flow\">\n<h3 class=\"wp-block-heading\">Premium Tableware Wholesale Caract\u00e9ristiques :<\/h3>\n\n\n\n<ul class=\"wp-block-list\">\n<li><strong>Forme simple :<\/strong> Le design de ces articles de table en c\u00e9ramique est simple, peu d\u00e9cor\u00e9 de d\u00e9tails complexes, conform\u00e9ment \u00e0 l'intention de la p\u00e9riode actuelle. Le bord des assiettes et des bols est plat, l\u00e9g\u00e8rement arrondi, et la forme est ronde, ce qui permet aux individus de se sentir d\u00e9tendus.<\/li>\n\n\n\n<li><strong>Noir mouchet\u00e9 Texture : <\/strong>Ces services de vaisselle de restaurant int\u00e8grent des teintes noires mates myst\u00e9rieuses et paisibles, moins tape-\u00e0-l'\u0153il et plus raffin\u00e9es que les finitions brillantes. La surface de la vaisselle est soyeuse et mouchet\u00e9e, ce qui conf\u00e8re une certaine sophistication \u00e0 la texture et \u00e0 l'agencement de la vaisselle et lui conf\u00e8re une allure de classe sup\u00e9rieure.<\/li>\n\n\n\n<li><strong>Mat\u00e9riau de haute qualit\u00e9 : <\/strong>Notre vaisselle en c\u00e9ramique est fabriqu\u00e9e \u00e0 partir d'un mat\u00e9riau c\u00e9ramique de haute qualit\u00e9, cuit \u00e0 haute temp\u00e9rature, qui offre une meilleure r\u00e9sistance \u00e0 la chaleur et une plus grande durabilit\u00e9. Le mat\u00e9riau c\u00e9ramique est s\u00fbr et sain, sans \u00e9l\u00e9ments toxiques tels que le plomb et le cadmium, et peut \u00eatre utilis\u00e9 en toute s\u00e9curit\u00e9.<\/li>\n\n\n\n<li><strong>Une grande praticit\u00e9 : <\/strong>Ces services de vaisselle de restaurant comprennent un bol et deux assiettes de diff\u00e9rentes tailles, qui suffisent \u00e0 fournir diff\u00e9rentes quantit\u00e9s de plats principaux, de plats d'accompagnement, de riz, de soupe, etc. pour r\u00e9pondre aux besoins des repas quotidiens. Nos services de vaisselle en gros peuvent \u00eatre utilis\u00e9s pour les repas quotidiens et les banquets.<\/li>\n<\/ul>\n<\/div>\n\n\n\n<div class=\"wp-block-column is-layout-flow wp-block-column-is-layout-flow\">\n<figure class=\"wp-block-image size-full\"><img fetchpriority=\"high\" decoding=\"async\" width=\"1500\" height=\"1500\" src=\"https:\/\/jinhuaceramic.com\/wp-content\/uploads\/2025\/02\/Matte-Black-Wholesale-Tableware-Dinner-Services-Custom-Dinnerware.webp\" alt=\"Vaisselle de table noire mate en gros, vaisselle de restaurant - 1\" class=\"wp-image-8016\" srcset=\"https:\/\/jinhuaceramic.com\/wp-content\/uploads\/2025\/02\/Matte-Black-Wholesale-Tableware-Dinner-Services-Custom-Dinnerware.webp 1500w, https:\/\/jinhuaceramic.com\/wp-content\/uploads\/2025\/02\/Matte-Black-Wholesale-Tableware-Dinner-Services-Custom-Dinnerware-300x300.webp 300w, https:\/\/jinhuaceramic.com\/wp-content\/uploads\/2025\/02\/Matte-Black-Wholesale-Tableware-Dinner-Services-Custom-Dinnerware-150x150.webp 150w, https:\/\/jinhuaceramic.com\/wp-content\/uploads\/2025\/02\/Matte-Black-Wholesale-Tableware-Dinner-Services-Custom-Dinnerware-768x768.webp 768w, https:\/\/jinhuaceramic.com\/wp-content\/uploads\/2025\/02\/Matte-Black-Wholesale-Tableware-Dinner-Services-Custom-Dinnerware-12x12.webp 12w, https:\/\/jinhuaceramic.com\/wp-content\/uploads\/2025\/02\/Matte-Black-Wholesale-Tableware-Dinner-Services-Custom-Dinnerware-285x285.webp 285w, https:\/\/jinhuaceramic.com\/wp-content\/uploads\/2025\/02\/Matte-Black-Wholesale-Tableware-Dinner-Services-Custom-Dinnerware-270x270.webp 270w, https:\/\/jinhuaceramic.com\/wp-content\/uploads\/2025\/02\/Matte-Black-Wholesale-Tableware-Dinner-Services-Custom-Dinnerware-540x540.webp 540w, https:\/\/jinhuaceramic.com\/wp-content\/uploads\/2025\/02\/Matte-Black-Wholesale-Tableware-Dinner-Services-Custom-Dinnerware-660x660.webp 660w\" sizes=\"(max-width: 1500px) 100vw, 1500px\" \/><\/figure>\n<\/div>\n<\/div>","protected":false},"excerpt":{"rendered":"<p>Nous vous invitons \u00e0 acheter des services de vaisselle pour restaurants. La particularit\u00e9 de cette vaisselle en c\u00e9ramique noire mate r\u00e9side dans les tons mats de haute qualit\u00e9, les textures mouchet\u00e9es exquises, les mat\u00e9riaux c\u00e9ramiques durables et l'aspect pratique.<\/p>","protected":false},"featured_media":8015,"comment_status":"closed","ping_status":"closed","template":"","meta":{"_acf_changed":false},"product_brand":[],"product_cat":[83,54],"product_tag":[],"class_list":{"0":"post-8009","1":"product","2":"type-product","3":"status-publish","4":"has-post-thumbnail","6":"product_cat-wholesale-dinnerware-sets","7":"product_cat-tableware-wholesale","9":"first","10":"instock","11":"shipping-taxable","12":"product-type-simple"},"acf":[],"_links":{"self":[{"href":"https:\/\/jinhuaceramic.com\/fr\/wp-json\/wp\/v2\/product\/8009","targetHints":{"allow":["GET"]}}],"collection":[{"href":"https:\/\/jinhuaceramic.com\/fr\/wp-json\/wp\/v2\/product"}],"about":[{"href":"https:\/\/jinhuaceramic.com\/fr\/wp-json\/wp\/v2\/types\/product"}],"replies":[{"embeddable":true,"href":"https:\/\/jinhuaceramic.com\/fr\/wp-json\/wp\/v2\/comments?post=8009"}],"version-history":[{"count":0,"href":"https:\/\/jinhuaceramic.com\/fr\/wp-json\/wp\/v2\/product\/8009\/revisions"}],"wp:featuredmedia":[{"embeddable":true,"href":"https:\/\/jinhuaceramic.com\/fr\/wp-json\/wp\/v2\/media\/8015"}],"wp:attachment":[{"href":"https:\/\/jinhuaceramic.com\/fr\/wp-json\/wp\/v2\/media?parent=8009"}],"wp:term":[{"taxonomy":"product_brand","embeddable":true,"href":"https:\/\/jinhuaceramic.com\/fr\/wp-json\/wp\/v2\/product_brand?post=8009"},{"taxonomy":"product_cat","embeddable":true,"href":"https:\/\/jinhuaceramic.com\/fr\/wp-json\/wp\/v2\/product_cat?post=8009"},{"taxonomy":"product_tag","embeddable":true,"href":"https:\/\/jinhuaceramic.com\/fr\/wp-json\/wp\/v2\/product_tag?post=8009"}],"curies":[{"name":"wp","href":"https:\/\/api.w.org\/{rel}","templated":true}]}}