{"id":8035,"date":"2025-03-03T07:58:34","date_gmt":"2025-03-03T07:58:34","guid":{"rendered":"https:\/\/jinhuaceramic.com\/?post_type=product&#038;p=8035"},"modified":"2025-03-03T08:36:31","modified_gmt":"2025-03-03T08:36:31","slug":"baking-pan-customized","status":"publish","type":"product","link":"https:\/\/jinhuaceramic.com\/fr\/product\/baking-pan-customized\/","title":{"rendered":"Plaque \u00e0 p\u00e2tisserie en c\u00e9ramique blanche personnalis\u00e9e, Wholesale Bakeware For Food Service"},"content":{"rendered":"<div class=\"wp-block-columns is-layout-flex wp-container-core-columns-is-layout-9d6595d7 wp-block-columns-is-layout-flex\">\n<div class=\"wp-block-column is-layout-flow wp-block-column-is-layout-flow\">\n<h3 class=\"wp-block-heading\">Plaque \u00e0 p\u00e2tisserie en c\u00e9ramique blanche de premi\u00e8re qualit\u00e9 Caract\u00e9ristiques personnalis\u00e9es :<\/h3>\n\n\n\n<ul class=\"wp-block-list\">\n<li><strong>Design \u00e9l\u00e9gant :<\/strong> Le design g\u00e9n\u00e9ral de ce moule \u00e0 p\u00e2tisserie personnalis\u00e9 est sophistiqu\u00e9 et minimaliste, et sa couleur blanche \u00e9pur\u00e9e en fait un outil polyvalent dans la cuisine. Les bords et les c\u00f4t\u00e9s sont orn\u00e9s de motifs ondul\u00e9s irr\u00e9guliers, ce qui n'est pas seulement esth\u00e9tique, mais conf\u00e8re \u00e9galement \u00e0 la plaque de cuisson des propri\u00e9t\u00e9s antid\u00e9rapantes suppl\u00e9mentaires lorsqu'elle est utilis\u00e9e.<\/li>\n\n\n\n<li><strong>Mat\u00e9riau de haute qualit\u00e9 :<\/strong> Ces articles de boulangerie de bonne qualit\u00e9 poss\u00e8dent une conductivit\u00e9 thermique identique, ce qui permet de chauffer les aliments de mani\u00e8re uniforme et d'\u00e9viter les surchauffes locales. Le mat\u00e9riau c\u00e9ramique est s\u00fbr, non toxique, sans danger pour le corps humain et peut \u00eatre utilis\u00e9 en toute s\u00e9curit\u00e9.<\/li>\n\n\n\n<li><strong>Conception d\u00e9taill\u00e9e :<\/strong> Le moule de cuisson personnalis\u00e9 a un design raffin\u00e9 et avanc\u00e9, et sa couleur blanche pure lui permet de s'adapter \u00e0 toutes les cuisines. Les c\u00f4t\u00e9s et les bords du moule pr\u00e9sentent des motifs ondul\u00e9s non r\u00e9guliers, ce qui n'est pas seulement esth\u00e9tique, mais conf\u00e8re \u00e9galement au moule un niveau plus \u00e9lev\u00e9 de fonctionnalit\u00e9 antid\u00e9rapante lorsqu'il est utilis\u00e9.<\/li>\n\n\n\n<li><strong>Facile \u00e0 nettoyer :<\/strong> Ces articles de boulangerie en gros ont un gla\u00e7age lisse qui r\u00e9siste aux r\u00e9sidus alimentaires et se nettoient facilement avec de l'eau et du d\u00e9tergent ou au lave-vaisselle.<\/li>\n<\/ul>\n<\/div>\n\n\n\n<div class=\"wp-block-column is-layout-flow wp-block-column-is-layout-flow\">\n<figure class=\"wp-block-image size-full\"><img fetchpriority=\"high\" decoding=\"async\" width=\"1600\" height=\"1600\" src=\"https:\/\/jinhuaceramic.com\/wp-content\/uploads\/2025\/03\/White-Ceramic-Custom-Baking-Pans-Wholesale-Bakeware-For-Food-Service.webp\" alt=\"Plaque \u00e0 p\u00e2tisserie en c\u00e9ramique blanche personnalis\u00e9e, Wholesale Bakeware For Food Service-1\" class=\"wp-image-8042\" srcset=\"https:\/\/jinhuaceramic.com\/wp-content\/uploads\/2025\/03\/White-Ceramic-Custom-Baking-Pans-Wholesale-Bakeware-For-Food-Service.webp 1600w, https:\/\/jinhuaceramic.com\/wp-content\/uploads\/2025\/03\/White-Ceramic-Custom-Baking-Pans-Wholesale-Bakeware-For-Food-Service-300x300.webp 300w, https:\/\/jinhuaceramic.com\/wp-content\/uploads\/2025\/03\/White-Ceramic-Custom-Baking-Pans-Wholesale-Bakeware-For-Food-Service-150x150.webp 150w, https:\/\/jinhuaceramic.com\/wp-content\/uploads\/2025\/03\/White-Ceramic-Custom-Baking-Pans-Wholesale-Bakeware-For-Food-Service-768x768.webp 768w, https:\/\/jinhuaceramic.com\/wp-content\/uploads\/2025\/03\/White-Ceramic-Custom-Baking-Pans-Wholesale-Bakeware-For-Food-Service-12x12.webp 12w, https:\/\/jinhuaceramic.com\/wp-content\/uploads\/2025\/03\/White-Ceramic-Custom-Baking-Pans-Wholesale-Bakeware-For-Food-Service-285x285.webp 285w, https:\/\/jinhuaceramic.com\/wp-content\/uploads\/2025\/03\/White-Ceramic-Custom-Baking-Pans-Wholesale-Bakeware-For-Food-Service-270x270.webp 270w, https:\/\/jinhuaceramic.com\/wp-content\/uploads\/2025\/03\/White-Ceramic-Custom-Baking-Pans-Wholesale-Bakeware-For-Food-Service-540x540.webp 540w, https:\/\/jinhuaceramic.com\/wp-content\/uploads\/2025\/03\/White-Ceramic-Custom-Baking-Pans-Wholesale-Bakeware-For-Food-Service-660x660.webp 660w\" sizes=\"(max-width: 1600px) 100vw, 1600px\" \/><\/figure>\n<\/div>\n<\/div>","protected":false},"excerpt":{"rendered":"<p>Ce moule \u00e0 p\u00e2tisserie personnalis\u00e9 a une apparence simple et \u00e9l\u00e9gante et est fabriqu\u00e9 en c\u00e9ramique de haute qualit\u00e9 avec un design aux d\u00e9tails exquis et un nettoyage facile. Non seulement il a une bonne performance de cuisson, mais il peut \u00e9galement \u00eatre plac\u00e9 directement sur la table \u00e0 manger pour am\u00e9liorer la pr\u00e9sentation des plats, en combinant la beaut\u00e9 et la praticit\u00e9.<\/p>","protected":false},"featured_media":8041,"comment_status":"closed","ping_status":"closed","template":"","meta":{"_acf_changed":false},"product_brand":[],"product_cat":[53],"product_tag":[71],"class_list":{"0":"post-8035","1":"product","2":"type-product","3":"status-publish","4":"has-post-thumbnail","6":"product_cat-bakeware-in-bulk","7":"product_tag-wholesale-baking-pans","9":"first","10":"instock","11":"shipping-taxable","12":"product-type-simple"},"acf":[],"_links":{"self":[{"href":"https:\/\/jinhuaceramic.com\/fr\/wp-json\/wp\/v2\/product\/8035","targetHints":{"allow":["GET"]}}],"collection":[{"href":"https:\/\/jinhuaceramic.com\/fr\/wp-json\/wp\/v2\/product"}],"about":[{"href":"https:\/\/jinhuaceramic.com\/fr\/wp-json\/wp\/v2\/types\/product"}],"replies":[{"embeddable":true,"href":"https:\/\/jinhuaceramic.com\/fr\/wp-json\/wp\/v2\/comments?post=8035"}],"version-history":[{"count":0,"href":"https:\/\/jinhuaceramic.com\/fr\/wp-json\/wp\/v2\/product\/8035\/revisions"}],"wp:featuredmedia":[{"embeddable":true,"href":"https:\/\/jinhuaceramic.com\/fr\/wp-json\/wp\/v2\/media\/8041"}],"wp:attachment":[{"href":"https:\/\/jinhuaceramic.com\/fr\/wp-json\/wp\/v2\/media?parent=8035"}],"wp:term":[{"taxonomy":"product_brand","embeddable":true,"href":"https:\/\/jinhuaceramic.com\/fr\/wp-json\/wp\/v2\/product_brand?post=8035"},{"taxonomy":"product_cat","embeddable":true,"href":"https:\/\/jinhuaceramic.com\/fr\/wp-json\/wp\/v2\/product_cat?post=8035"},{"taxonomy":"product_tag","embeddable":true,"href":"https:\/\/jinhuaceramic.com\/fr\/wp-json\/wp\/v2\/product_tag?post=8035"}],"curies":[{"name":"wp","href":"https:\/\/api.w.org\/{rel}","templated":true}]}}