{"id":8046,"date":"2025-03-03T08:34:45","date_gmt":"2025-03-03T08:34:45","guid":{"rendered":"https:\/\/jinhuaceramic.com\/?post_type=product&#038;p=8046"},"modified":"2025-03-03T08:35:35","modified_gmt":"2025-03-03T08:35:35","slug":"bath-accessories-in-bulk","status":"publish","type":"product","link":"https:\/\/jinhuaceramic.com\/fr\/product\/bath-accessories-in-bulk\/","title":{"rendered":"4-Piece Luxury Bath Accessories In Bulk, Custom Ceramic Bathroom Sets (accessoires de salle de bain en c\u00e9ramique)"},"content":{"rendered":"<div class=\"wp-block-columns is-layout-flex wp-container-core-columns-is-layout-9d6595d7 wp-block-columns-is-layout-flex\">\n<div class=\"wp-block-column is-layout-flow wp-block-column-is-layout-flow\">\n<h3 class=\"wp-block-heading\">Accessoires de bain de luxe en vrac Caract\u00e9ristiques :<\/h3>\n\n\n\n<ul class=\"wp-block-list\">\n<li><strong>Design \u00e9l\u00e9gant :<\/strong> Ces ensembles de salle de bains en c\u00e9ramique personnalis\u00e9s sont principalement blancs, avec une texture de soie dor\u00e9e et des pompes dor\u00e9es, qui sont exquises mais pas sophistiqu\u00e9es. Les rayures verticales sur la surface renforcent l'aspect tridimensionnel, ce qui peut donner une impression de mode et d'\u00e9l\u00e9gance \u00e0 la salle de bains.<\/li>\n\n\n\n<li><strong>Mat\u00e9riau c\u00e9ramique de haute qualit\u00e9 :<\/strong> Ces accessoires de bain en vrac sont fabriqu\u00e9s en c\u00e9ramique de haute qualit\u00e9, dure et r\u00e9sistante \u00e0 l'usure, qui n'est pas sujette \u00e0 l'usure et aux rayures. La surface est lisse, les taches d'eau et la salet\u00e9 n'y adh\u00e8rent pas facilement, elle est facile \u00e0 nettoyer et peut \u00eatre nettoy\u00e9e pendant une longue p\u00e9riode.<\/li>\n\n\n\n<li><strong>Ensemble complet :<\/strong> Ces ensembles de salle de bains en c\u00e9ramique personnalis\u00e9s comprennent des porte-brosses \u00e0 dents, des distributeurs de savon, des pots de rangement et des porte-savons qui r\u00e9pondent \u00e0 toutes les exigences en mati\u00e8re de lavage r\u00e9gulier et permettent de trier et de regrouper les diff\u00e9rents articles de toilette de mani\u00e8re \u00e0 ce que la salle de bains reste propre et bien rang\u00e9e.<\/li>\n\n\n\n<li><strong>Vente en gros et personnalisation :<\/strong> Nous offrons des remises aux acheteurs en gros pour vous faire \u00e9conomiser de l'argent. Outre les remises, nous soutenons \u00e9galement la personnalisation sur mesure. Qu'il s'agisse d'un h\u00f4tel, d'un appartement ou d'une maison de luxe, vous pouvez personnaliser vos accessoires de bain sp\u00e9ciaux en vrac pour r\u00e9pondre \u00e0 diff\u00e9rents besoins.<\/li>\n<\/ul>\n<\/div>\n\n\n\n<div class=\"wp-block-column is-layout-flow wp-block-column-is-layout-flow\">\n<figure class=\"wp-block-image size-full\"><img fetchpriority=\"high\" decoding=\"async\" width=\"1600\" height=\"1600\" src=\"https:\/\/jinhuaceramic.com\/wp-content\/uploads\/2025\/03\/4-Piece-Luxury-Custom-Bathroom-Sets-Bathroom-Accessories-Wholesale-7.webp\" alt=\"4-Piece Luxury Bath Accessories In Bulk, Custom Ceramic Bathroom Sets-2 (Accessoires de bain de luxe en vrac, ensembles de salle de bain en c\u00e9ramique personnalis\u00e9s)\" class=\"wp-image-8052\" srcset=\"https:\/\/jinhuaceramic.com\/wp-content\/uploads\/2025\/03\/4-Piece-Luxury-Custom-Bathroom-Sets-Bathroom-Accessories-Wholesale-7.webp 1600w, https:\/\/jinhuaceramic.com\/wp-content\/uploads\/2025\/03\/4-Piece-Luxury-Custom-Bathroom-Sets-Bathroom-Accessories-Wholesale-7-300x300.webp 300w, https:\/\/jinhuaceramic.com\/wp-content\/uploads\/2025\/03\/4-Piece-Luxury-Custom-Bathroom-Sets-Bathroom-Accessories-Wholesale-7-150x150.webp 150w, https:\/\/jinhuaceramic.com\/wp-content\/uploads\/2025\/03\/4-Piece-Luxury-Custom-Bathroom-Sets-Bathroom-Accessories-Wholesale-7-768x768.webp 768w, https:\/\/jinhuaceramic.com\/wp-content\/uploads\/2025\/03\/4-Piece-Luxury-Custom-Bathroom-Sets-Bathroom-Accessories-Wholesale-7-12x12.webp 12w, https:\/\/jinhuaceramic.com\/wp-content\/uploads\/2025\/03\/4-Piece-Luxury-Custom-Bathroom-Sets-Bathroom-Accessories-Wholesale-7-285x285.webp 285w, https:\/\/jinhuaceramic.com\/wp-content\/uploads\/2025\/03\/4-Piece-Luxury-Custom-Bathroom-Sets-Bathroom-Accessories-Wholesale-7-270x270.webp 270w, https:\/\/jinhuaceramic.com\/wp-content\/uploads\/2025\/03\/4-Piece-Luxury-Custom-Bathroom-Sets-Bathroom-Accessories-Wholesale-7-540x540.webp 540w, https:\/\/jinhuaceramic.com\/wp-content\/uploads\/2025\/03\/4-Piece-Luxury-Custom-Bathroom-Sets-Bathroom-Accessories-Wholesale-7-660x660.webp 660w\" sizes=\"(max-width: 1600px) 100vw, 1600px\" \/><\/figure>\n<\/div>\n<\/div>","protected":false},"excerpt":{"rendered":"<p>Ensemble de salle de bain en c\u00e9ramique sur mesure, en provenance directe de la source. Ces accessoires de bain 4 pi\u00e8ces en vrac ont une apparence simple et \u00e9l\u00e9gante et comprennent des accessoires de salle de bain enti\u00e8rement fonctionnels tels que des distributeurs de savon, des porte-savons, etc. Ils sont \u00e0 la fois beaux et pratiques et ajoutent une touche d'\u00e9l\u00e9gance \u00e0 toute d\u00e9coration de salle de bains.<\/p>","protected":false},"featured_media":8053,"comment_status":"closed","ping_status":"closed","template":"","meta":{"_acf_changed":false},"product_brand":[],"product_cat":[51],"product_tag":[74],"class_list":{"0":"post-8046","1":"product","2":"type-product","3":"status-publish","4":"has-post-thumbnail","6":"product_cat-bathroom-accessories-wholesale","7":"product_tag-ceramic-bath-accessories-wholesale","9":"first","10":"instock","11":"shipping-taxable","12":"product-type-simple"},"acf":[],"_links":{"self":[{"href":"https:\/\/jinhuaceramic.com\/fr\/wp-json\/wp\/v2\/product\/8046","targetHints":{"allow":["GET"]}}],"collection":[{"href":"https:\/\/jinhuaceramic.com\/fr\/wp-json\/wp\/v2\/product"}],"about":[{"href":"https:\/\/jinhuaceramic.com\/fr\/wp-json\/wp\/v2\/types\/product"}],"replies":[{"embeddable":true,"href":"https:\/\/jinhuaceramic.com\/fr\/wp-json\/wp\/v2\/comments?post=8046"}],"version-history":[{"count":0,"href":"https:\/\/jinhuaceramic.com\/fr\/wp-json\/wp\/v2\/product\/8046\/revisions"}],"wp:featuredmedia":[{"embeddable":true,"href":"https:\/\/jinhuaceramic.com\/fr\/wp-json\/wp\/v2\/media\/8053"}],"wp:attachment":[{"href":"https:\/\/jinhuaceramic.com\/fr\/wp-json\/wp\/v2\/media?parent=8046"}],"wp:term":[{"taxonomy":"product_brand","embeddable":true,"href":"https:\/\/jinhuaceramic.com\/fr\/wp-json\/wp\/v2\/product_brand?post=8046"},{"taxonomy":"product_cat","embeddable":true,"href":"https:\/\/jinhuaceramic.com\/fr\/wp-json\/wp\/v2\/product_cat?post=8046"},{"taxonomy":"product_tag","embeddable":true,"href":"https:\/\/jinhuaceramic.com\/fr\/wp-json\/wp\/v2\/product_tag?post=8046"}],"curies":[{"name":"wp","href":"https:\/\/api.w.org\/{rel}","templated":true}]}}