{"id":8064,"date":"2025-03-06T08:07:22","date_gmt":"2025-03-06T08:07:22","guid":{"rendered":"https:\/\/jinhuaceramic.com\/?post_type=product&#038;p=8064"},"modified":"2025-03-06T08:07:23","modified_gmt":"2025-03-06T08:07:23","slug":"custom-tableware","status":"publish","type":"product","link":"https:\/\/jinhuaceramic.com\/fr\/product\/custom-tableware\/","title":{"rendered":"Off-White Custom Tableware, Wholesale Dinnerware Sets Services"},"content":{"rendered":"<div class=\"wp-block-columns is-layout-flex wp-container-core-columns-is-layout-9d6595d7 wp-block-columns-is-layout-flex\">\n<div class=\"wp-block-column is-layout-flow wp-block-column-is-layout-flow\">\n<h3 class=\"wp-block-heading\">Vaisselle personnalis\u00e9e blanc cass\u00e9 de premi\u00e8re qualit\u00e9 Caract\u00e9ristiques :<\/h3>\n\n\n\n<ul class=\"wp-block-list\">\n<li><strong>Design \u00e9l\u00e9gant : <\/strong>Cette vaisselle personnalis\u00e9e est d\u00e9licate et d'un blanc cass\u00e9, ce qui donne une impression de chaleur et de charme. Les textures distinctes des feuilles sur le bord de la vaisselle ajoutent une couche visuelle suppl\u00e9mentaire. \u00c0 l'usage, elle ajoutera un sens du rituel aux repas et rendra les repas ordinaires plus \u00e9l\u00e9gants.<\/li>\n\n\n\n<li><strong>Mat\u00e9riau c\u00e9ramique durable :<\/strong> Ces services de vaisselle en gros sont fabriqu\u00e9s \u00e0 partir de mat\u00e9riaux c\u00e9ramiques de haute qualit\u00e9 et \u00e0 haute temp\u00e9rature. Ils sont durables et peuvent r\u00e9sister \u00e0 l'usure et aux chocs. Avec une utilisation et un entretien normaux, ils peuvent durer longtemps.<\/li>\n\n\n\n<li><strong>Polyvalence :<\/strong> Ces services de vaisselle en gros sont compos\u00e9s d'assiettes de diff\u00e9rentes formes et tailles, de grandes assiettes creuses, de petites assiettes et de tasses, qui peuvent r\u00e9pondre aux demandes de service de diff\u00e9rents aliments et boissons. Ils conviennent \u00e0 diff\u00e9rentes occasions, que ce soit pour un usage quotidien ou pour recevoir des invit\u00e9s.<\/li>\n\n\n\n<li><strong>Facile \u00e0 nettoyer :<\/strong> Cette vaisselle personnalis\u00e9e de haute qualit\u00e9 poss\u00e8de un \u00e9mail soyeux. Les r\u00e9sidus alimentaires et les taches s'y accrochent difficilement, et elle peut \u00eatre facilement lav\u00e9e \u00e0 l'eau douce avec quelques gouttes de d\u00e9tergent pour le nettoyage apr\u00e8s les repas.<\/li>\n<\/ul>\n<\/div>\n\n\n\n<div class=\"wp-block-column is-layout-flow wp-block-column-is-layout-flow\">\n<figure class=\"wp-block-image size-full\"><img fetchpriority=\"high\" decoding=\"async\" width=\"1600\" height=\"1600\" src=\"https:\/\/jinhuaceramic.com\/wp-content\/uploads\/2025\/03\/Off-White-Wholesale-Tableware-Crockery-Set-Deals-Dinner-Services-2.webp\" alt=\"Off-White Custom Tableware, Wholesale Dinnerware Sets Services-1\" class=\"wp-image-8065\" srcset=\"https:\/\/jinhuaceramic.com\/wp-content\/uploads\/2025\/03\/Off-White-Wholesale-Tableware-Crockery-Set-Deals-Dinner-Services-2.webp 1600w, https:\/\/jinhuaceramic.com\/wp-content\/uploads\/2025\/03\/Off-White-Wholesale-Tableware-Crockery-Set-Deals-Dinner-Services-2-300x300.webp 300w, https:\/\/jinhuaceramic.com\/wp-content\/uploads\/2025\/03\/Off-White-Wholesale-Tableware-Crockery-Set-Deals-Dinner-Services-2-150x150.webp 150w, https:\/\/jinhuaceramic.com\/wp-content\/uploads\/2025\/03\/Off-White-Wholesale-Tableware-Crockery-Set-Deals-Dinner-Services-2-768x768.webp 768w, https:\/\/jinhuaceramic.com\/wp-content\/uploads\/2025\/03\/Off-White-Wholesale-Tableware-Crockery-Set-Deals-Dinner-Services-2-12x12.webp 12w, https:\/\/jinhuaceramic.com\/wp-content\/uploads\/2025\/03\/Off-White-Wholesale-Tableware-Crockery-Set-Deals-Dinner-Services-2-285x285.webp 285w, https:\/\/jinhuaceramic.com\/wp-content\/uploads\/2025\/03\/Off-White-Wholesale-Tableware-Crockery-Set-Deals-Dinner-Services-2-270x270.webp 270w, https:\/\/jinhuaceramic.com\/wp-content\/uploads\/2025\/03\/Off-White-Wholesale-Tableware-Crockery-Set-Deals-Dinner-Services-2-540x540.webp 540w, https:\/\/jinhuaceramic.com\/wp-content\/uploads\/2025\/03\/Off-White-Wholesale-Tableware-Crockery-Set-Deals-Dinner-Services-2-660x660.webp 660w\" sizes=\"(max-width: 1600px) 100vw, 1600px\" \/><\/figure>\n<\/div>\n<\/div>","protected":false},"excerpt":{"rendered":"<p>Nous vous invitons \u00e0 acheter notre vaisselle personnalis\u00e9e. Ces services de vaisselle en gros sont appr\u00e9ci\u00e9s par les clients sur le march\u00e9 en raison de leur apparence sobre et belle, de leur durabilit\u00e9 gr\u00e2ce au mat\u00e9riau c\u00e9ramique, de leur flexibilit\u00e9 et de leur facilit\u00e9 de nettoyage. En combinant \u00e0 la fois l'aspect et la fonction, ces services de table en c\u00e9ramique deviennent une belle pi\u00e8ce ma\u00eetresse sur la table et contribuent \u00e0 am\u00e9liorer le plaisir de manger.<\/p>","protected":false},"featured_media":8067,"comment_status":"closed","ping_status":"closed","template":"","meta":{"_acf_changed":false},"product_brand":[],"product_cat":[83,54],"product_tag":[],"class_list":{"0":"post-8064","1":"product","2":"type-product","3":"status-publish","4":"has-post-thumbnail","6":"product_cat-wholesale-dinnerware-sets","7":"product_cat-tableware-wholesale","9":"first","10":"instock","11":"shipping-taxable","12":"product-type-simple"},"acf":[],"_links":{"self":[{"href":"https:\/\/jinhuaceramic.com\/fr\/wp-json\/wp\/v2\/product\/8064","targetHints":{"allow":["GET"]}}],"collection":[{"href":"https:\/\/jinhuaceramic.com\/fr\/wp-json\/wp\/v2\/product"}],"about":[{"href":"https:\/\/jinhuaceramic.com\/fr\/wp-json\/wp\/v2\/types\/product"}],"replies":[{"embeddable":true,"href":"https:\/\/jinhuaceramic.com\/fr\/wp-json\/wp\/v2\/comments?post=8064"}],"version-history":[{"count":0,"href":"https:\/\/jinhuaceramic.com\/fr\/wp-json\/wp\/v2\/product\/8064\/revisions"}],"wp:featuredmedia":[{"embeddable":true,"href":"https:\/\/jinhuaceramic.com\/fr\/wp-json\/wp\/v2\/media\/8067"}],"wp:attachment":[{"href":"https:\/\/jinhuaceramic.com\/fr\/wp-json\/wp\/v2\/media?parent=8064"}],"wp:term":[{"taxonomy":"product_brand","embeddable":true,"href":"https:\/\/jinhuaceramic.com\/fr\/wp-json\/wp\/v2\/product_brand?post=8064"},{"taxonomy":"product_cat","embeddable":true,"href":"https:\/\/jinhuaceramic.com\/fr\/wp-json\/wp\/v2\/product_cat?post=8064"},{"taxonomy":"product_tag","embeddable":true,"href":"https:\/\/jinhuaceramic.com\/fr\/wp-json\/wp\/v2\/product_tag?post=8064"}],"curies":[{"name":"wp","href":"https:\/\/api.w.org\/{rel}","templated":true}]}}