{"id":8075,"date":"2025-03-06T08:33:02","date_gmt":"2025-03-06T08:33:02","guid":{"rendered":"https:\/\/jinhuaceramic.com\/?post_type=product&#038;p=8075"},"modified":"2025-03-06T08:34:22","modified_gmt":"2025-03-06T08:34:22","slug":"custom-dinnerware-sets","status":"publish","type":"product","link":"https:\/\/jinhuaceramic.com\/fr\/product\/custom-dinnerware-sets\/","title":{"rendered":"Service de vaisselle personnalis\u00e9 haut de gamme, service de vaisselle en gros pour 8 personnes"},"content":{"rendered":"<div class=\"wp-block-columns is-layout-flex wp-container-core-columns-is-layout-9d6595d7 wp-block-columns-is-layout-flex\">\n<div class=\"wp-block-column is-layout-flow wp-block-column-is-layout-flow\">\n<h3 class=\"wp-block-heading\">Service de vaisselle personnalis\u00e9 haut de gamme Caract\u00e9ristiques :<\/h3>\n\n\n\n<ul class=\"wp-block-list\">\n<li><strong>Design rustique :<\/strong> Ces articles de table en gros sont d'un beige doux avec des textures naturelles qui leur donnent un aspect rustique et haut de gamme. Les lignes fluides des assiettes et des bols, les bords doucement ondul\u00e9s et le subtil d\u00e9grad\u00e9 de couleurs donnent une impression de profondeur visuelle et rehaussent les d\u00e9cors de table dans un large \u00e9ventail de sch\u00e9mas d\u00e9coratifs.<\/li>\n\n\n\n<li><strong>Mat\u00e9riau de haute qualit\u00e9 :<\/strong> Ces services de vaisselle personnalis\u00e9s sont fabriqu\u00e9s en c\u00e9ramique de haute qualit\u00e9, qui r\u00e9siste \u00e0 l'usure et ne se raye pas facilement. Le mat\u00e9riau c\u00e9ramique peut conserver la temp\u00e9rature des aliments pendant une p\u00e9riode plus longue, de sorte que les plats peuvent rester \u00e0 la bonne temp\u00e9rature pendant un certain temps.<\/li>\n\n\n\n<li><strong>Pratique : <\/strong>La vaisselle en gros en c\u00e9ramique se d\u00e9cline en diff\u00e9rentes tailles. Les grandes assiettes peuvent \u00eatre utilis\u00e9es pour les plats principaux, les petites assiettes pour les accompagnements ou les en-cas, et les bols pour les ramen, les c\u00e9r\u00e9ales, la soupe, le riz, etc. afin de r\u00e9pondre aux diff\u00e9rents besoins des repas quotidiens.<\/li>\n\n\n\n<li><strong>Large application :<\/strong> Ces services de vaisselle personnalis\u00e9s allient parfaitement fonctionnalit\u00e9 et esth\u00e9tique et peuvent \u00eatre facilement utilis\u00e9s lors de repas familiaux quotidiens ou de banquets entre amis. Utilis\u00e9s par vous-m\u00eame ou offerts en cadeau, ils constituent le meilleur choix.<\/li>\n<\/ul>\n<\/div>\n\n\n\n<div class=\"wp-block-column is-layout-flow wp-block-column-is-layout-flow\">\n<figure class=\"wp-block-image size-full\"><img fetchpriority=\"high\" decoding=\"async\" width=\"1000\" height=\"1000\" src=\"https:\/\/jinhuaceramic.com\/wp-content\/uploads\/2025\/03\/High-End-Custom-Tableware-Wholesale-Dinnerware-Set-Service-For-8-3.webp\" alt=\"Service de vaisselle personnalis\u00e9 haut de gamme, service de vaisselle en gros pour 8-1\" class=\"wp-image-8077\" srcset=\"https:\/\/jinhuaceramic.com\/wp-content\/uploads\/2025\/03\/High-End-Custom-Tableware-Wholesale-Dinnerware-Set-Service-For-8-3.webp 1000w, https:\/\/jinhuaceramic.com\/wp-content\/uploads\/2025\/03\/High-End-Custom-Tableware-Wholesale-Dinnerware-Set-Service-For-8-3-300x300.webp 300w, https:\/\/jinhuaceramic.com\/wp-content\/uploads\/2025\/03\/High-End-Custom-Tableware-Wholesale-Dinnerware-Set-Service-For-8-3-150x150.webp 150w, https:\/\/jinhuaceramic.com\/wp-content\/uploads\/2025\/03\/High-End-Custom-Tableware-Wholesale-Dinnerware-Set-Service-For-8-3-768x768.webp 768w, https:\/\/jinhuaceramic.com\/wp-content\/uploads\/2025\/03\/High-End-Custom-Tableware-Wholesale-Dinnerware-Set-Service-For-8-3-12x12.webp 12w, https:\/\/jinhuaceramic.com\/wp-content\/uploads\/2025\/03\/High-End-Custom-Tableware-Wholesale-Dinnerware-Set-Service-For-8-3-285x285.webp 285w, https:\/\/jinhuaceramic.com\/wp-content\/uploads\/2025\/03\/High-End-Custom-Tableware-Wholesale-Dinnerware-Set-Service-For-8-3-270x270.webp 270w, https:\/\/jinhuaceramic.com\/wp-content\/uploads\/2025\/03\/High-End-Custom-Tableware-Wholesale-Dinnerware-Set-Service-For-8-3-540x540.webp 540w, https:\/\/jinhuaceramic.com\/wp-content\/uploads\/2025\/03\/High-End-Custom-Tableware-Wholesale-Dinnerware-Set-Service-For-8-3-660x660.webp 660w\" sizes=\"(max-width: 1000px) 100vw, 1000px\" \/><\/figure>\n<\/div>\n<\/div>","protected":false},"excerpt":{"rendered":"<p>Bienvenue sur le march\u00e9 de la vaisselle en gros. Ces services de vaisselle personnalis\u00e9s haut de gamme pr\u00e9sentent un charme unique en termes d'apparence, de mat\u00e9riaux et de praticit\u00e9. Leur style champ\u00eatre et sophistiqu\u00e9, leurs mat\u00e9riaux de qualit\u00e9 c\u00e9ramique et leur flexibilit\u00e9 font de ces services de table la solution id\u00e9ale pour les repas \u00e0 domicile ou les services de restauration haut de gamme.<\/p>","protected":false},"featured_media":8076,"comment_status":"closed","ping_status":"closed","template":"","meta":{"_acf_changed":false},"product_brand":[],"product_cat":[83,54],"product_tag":[],"class_list":{"0":"post-8075","1":"product","2":"type-product","3":"status-publish","4":"has-post-thumbnail","6":"product_cat-wholesale-dinnerware-sets","7":"product_cat-tableware-wholesale","9":"first","10":"instock","11":"shipping-taxable","12":"product-type-simple"},"acf":[],"_links":{"self":[{"href":"https:\/\/jinhuaceramic.com\/fr\/wp-json\/wp\/v2\/product\/8075","targetHints":{"allow":["GET"]}}],"collection":[{"href":"https:\/\/jinhuaceramic.com\/fr\/wp-json\/wp\/v2\/product"}],"about":[{"href":"https:\/\/jinhuaceramic.com\/fr\/wp-json\/wp\/v2\/types\/product"}],"replies":[{"embeddable":true,"href":"https:\/\/jinhuaceramic.com\/fr\/wp-json\/wp\/v2\/comments?post=8075"}],"version-history":[{"count":0,"href":"https:\/\/jinhuaceramic.com\/fr\/wp-json\/wp\/v2\/product\/8075\/revisions"}],"wp:featuredmedia":[{"embeddable":true,"href":"https:\/\/jinhuaceramic.com\/fr\/wp-json\/wp\/v2\/media\/8076"}],"wp:attachment":[{"href":"https:\/\/jinhuaceramic.com\/fr\/wp-json\/wp\/v2\/media?parent=8075"}],"wp:term":[{"taxonomy":"product_brand","embeddable":true,"href":"https:\/\/jinhuaceramic.com\/fr\/wp-json\/wp\/v2\/product_brand?post=8075"},{"taxonomy":"product_cat","embeddable":true,"href":"https:\/\/jinhuaceramic.com\/fr\/wp-json\/wp\/v2\/product_cat?post=8075"},{"taxonomy":"product_tag","embeddable":true,"href":"https:\/\/jinhuaceramic.com\/fr\/wp-json\/wp\/v2\/product_tag?post=8075"}],"curies":[{"name":"wp","href":"https:\/\/api.w.org\/{rel}","templated":true}]}}