{"id":8112,"date":"2025-03-08T04:01:17","date_gmt":"2025-03-08T04:01:17","guid":{"rendered":"https:\/\/jinhuaceramic.com\/?post_type=product&#038;p=8112"},"modified":"2025-03-10T02:27:31","modified_gmt":"2025-03-10T02:27:31","slug":"bespoke-tableware","status":"publish","type":"product","link":"https:\/\/jinhuaceramic.com\/fr\/product\/bespoke-tableware\/","title":{"rendered":"High-Quality Blue Bespoke Tableware, Dinner Service For 12 Dinnerware Wholesale"},"content":{"rendered":"<div class=\"wp-block-columns is-layout-flex wp-container-core-columns-is-layout-9d6595d7 wp-block-columns-is-layout-flex\">\n<div class=\"wp-block-column is-layout-flow wp-block-column-is-layout-flow\">\n<h3 class=\"wp-block-heading\">Premium Blue Bespoke Tableware Caract\u00e9ristiques :<\/h3>\n\n\n\n<ul class=\"wp-block-list\">\n<li><strong>Esth\u00e9tique :<\/strong> Cette vaisselle en gros est d'un bleu serein et doux, avec une fine finition de grain sur l'ext\u00e9rieur qui donne un aspect rustique fait \u00e0 la main. La vaisselle est orn\u00e9e de lignes dor\u00e9es sur les bords, qui contrastent avec le bleu principal. Elle est d\u00e9licate et \u00e9l\u00e9gante, et convient \u00e0 toutes sortes d'occasions formelles ou informelles.<\/li>\n\n\n\n<li><strong>Durabilit\u00e9 :<\/strong> Cette vaisselle sur mesure en c\u00e9ramique de haute qualit\u00e9 pr\u00e9sente une excellente durabilit\u00e9 et une grande r\u00e9sistance \u00e0 l'usure. M\u00eame apr\u00e8s une utilisation prolong\u00e9e, la vaisselle ne perdra jamais sa brillance et sa texture d'origine et ne pourra pas \u00eatre facilement ray\u00e9e ou d\u00e9color\u00e9e.<\/li>\n\n\n\n<li><strong>La s\u00e9curit\u00e9 : <\/strong>Cette vaisselle en c\u00e9ramique sur mesure est non toxique pour les produits chimiques tels que le plomb, \u00e9cologique et non toxique, saine et s\u00fbre \u00e0 l'usage, et r\u00e9sistante \u00e0 la chaleur, donc id\u00e9ale pour servir tout type d'aliments chauds.<\/li>\n\n\n\n<li><strong>Pratique :<\/strong> La vaisselle en gros que l'on trouve ici comprend des assiettes et des bols de diff\u00e9rentes tailles pour accommoder des aliments vari\u00e9s. Il y a de grandes assiettes parfaites pour les plats principaux, de petites assiettes parfaites pour les entr\u00e9es, les accompagnements et autres petites portions, et des bols parfaits pour la soupe, les c\u00e9r\u00e9ales, le riz, et bien d'autres choses encore.<\/li>\n<\/ul>\n<\/div>\n\n\n\n<div class=\"wp-block-column is-layout-flow wp-block-column-is-layout-flow\">\n<figure class=\"wp-block-image size-full\"><img fetchpriority=\"high\" decoding=\"async\" width=\"2000\" height=\"2000\" src=\"https:\/\/jinhuaceramic.com\/wp-content\/uploads\/2025\/03\/High-Quality-Blue-Custom-Tableware-Dinner-Service-For-12-Dinnerware-Set-3.webp\" alt=\"high-blue-bespoke-tableware-dinner-service-for-12-dinnerware-wholesale-2\" class=\"wp-image-8114\" srcset=\"https:\/\/jinhuaceramic.com\/wp-content\/uploads\/2025\/03\/High-Quality-Blue-Custom-Tableware-Dinner-Service-For-12-Dinnerware-Set-3.webp 2000w, https:\/\/jinhuaceramic.com\/wp-content\/uploads\/2025\/03\/High-Quality-Blue-Custom-Tableware-Dinner-Service-For-12-Dinnerware-Set-3-300x300.webp 300w, https:\/\/jinhuaceramic.com\/wp-content\/uploads\/2025\/03\/High-Quality-Blue-Custom-Tableware-Dinner-Service-For-12-Dinnerware-Set-3-150x150.webp 150w, https:\/\/jinhuaceramic.com\/wp-content\/uploads\/2025\/03\/High-Quality-Blue-Custom-Tableware-Dinner-Service-For-12-Dinnerware-Set-3-768x768.webp 768w, https:\/\/jinhuaceramic.com\/wp-content\/uploads\/2025\/03\/High-Quality-Blue-Custom-Tableware-Dinner-Service-For-12-Dinnerware-Set-3-12x12.webp 12w, https:\/\/jinhuaceramic.com\/wp-content\/uploads\/2025\/03\/High-Quality-Blue-Custom-Tableware-Dinner-Service-For-12-Dinnerware-Set-3-285x285.webp 285w, https:\/\/jinhuaceramic.com\/wp-content\/uploads\/2025\/03\/High-Quality-Blue-Custom-Tableware-Dinner-Service-For-12-Dinnerware-Set-3-1600x1600.webp 1600w, https:\/\/jinhuaceramic.com\/wp-content\/uploads\/2025\/03\/High-Quality-Blue-Custom-Tableware-Dinner-Service-For-12-Dinnerware-Set-3-270x270.webp 270w, https:\/\/jinhuaceramic.com\/wp-content\/uploads\/2025\/03\/High-Quality-Blue-Custom-Tableware-Dinner-Service-For-12-Dinnerware-Set-3-540x540.webp 540w, https:\/\/jinhuaceramic.com\/wp-content\/uploads\/2025\/03\/High-Quality-Blue-Custom-Tableware-Dinner-Service-For-12-Dinnerware-Set-3-660x660.webp 660w\" sizes=\"(max-width: 2000px) 100vw, 2000px\" \/><\/figure>\n<\/div>\n<\/div>","protected":false},"excerpt":{"rendered":"<p>Nous vous invitons \u00e0 acheter notre vaisselle sur mesure. Cette vaisselle en c\u00e9ramique n'est pas seulement magnifique, durable, s\u00fbre, saine et polyvalente, mais aussi esth\u00e9tique et fonctionnelle. Elle peut \u00eatre assortie \u00e0 diff\u00e9rents styles de tables, ajoutant de la couleur \u00e0 la table et rehaussant le plaisir de manger.<\/p>","protected":false},"featured_media":8115,"comment_status":"closed","ping_status":"closed","template":"","meta":{"_acf_changed":false},"product_brand":[],"product_cat":[83,54],"product_tag":[],"class_list":{"0":"post-8112","1":"product","2":"type-product","3":"status-publish","4":"has-post-thumbnail","6":"product_cat-wholesale-dinnerware-sets","7":"product_cat-tableware-wholesale","9":"first","10":"instock","11":"shipping-taxable","12":"product-type-simple"},"acf":[],"_links":{"self":[{"href":"https:\/\/jinhuaceramic.com\/fr\/wp-json\/wp\/v2\/product\/8112","targetHints":{"allow":["GET"]}}],"collection":[{"href":"https:\/\/jinhuaceramic.com\/fr\/wp-json\/wp\/v2\/product"}],"about":[{"href":"https:\/\/jinhuaceramic.com\/fr\/wp-json\/wp\/v2\/types\/product"}],"replies":[{"embeddable":true,"href":"https:\/\/jinhuaceramic.com\/fr\/wp-json\/wp\/v2\/comments?post=8112"}],"version-history":[{"count":0,"href":"https:\/\/jinhuaceramic.com\/fr\/wp-json\/wp\/v2\/product\/8112\/revisions"}],"wp:featuredmedia":[{"embeddable":true,"href":"https:\/\/jinhuaceramic.com\/fr\/wp-json\/wp\/v2\/media\/8115"}],"wp:attachment":[{"href":"https:\/\/jinhuaceramic.com\/fr\/wp-json\/wp\/v2\/media?parent=8112"}],"wp:term":[{"taxonomy":"product_brand","embeddable":true,"href":"https:\/\/jinhuaceramic.com\/fr\/wp-json\/wp\/v2\/product_brand?post=8112"},{"taxonomy":"product_cat","embeddable":true,"href":"https:\/\/jinhuaceramic.com\/fr\/wp-json\/wp\/v2\/product_cat?post=8112"},{"taxonomy":"product_tag","embeddable":true,"href":"https:\/\/jinhuaceramic.com\/fr\/wp-json\/wp\/v2\/product_tag?post=8112"}],"curies":[{"name":"wp","href":"https:\/\/api.w.org\/{rel}","templated":true}]}}