{"id":8147,"date":"2025-03-11T02:26:24","date_gmt":"2025-03-11T02:26:24","guid":{"rendered":"https:\/\/jinhuaceramic.com\/?post_type=product&#038;p=8147"},"modified":"2025-03-11T02:26:25","modified_gmt":"2025-03-11T02:26:25","slug":"ceramic-dinnerware-wholesale","status":"publish","type":"product","link":"https:\/\/jinhuaceramic.com\/fr\/product\/ceramic-dinnerware-wholesale\/","title":{"rendered":"Vaisselle en c\u00e9ramique bicolore Wholesale, assiettes \u00e0 d\u00eener en c\u00e9ramique personnalis\u00e9es Bulk"},"content":{"rendered":"<div class=\"wp-block-columns is-layout-flex wp-container-core-columns-is-layout-9d6595d7 wp-block-columns-is-layout-flex\">\n<div class=\"wp-block-column is-layout-flow wp-block-column-is-layout-flow\">\n<h3 class=\"wp-block-heading\">Vaisselle en c\u00e9ramique bicolore de qualit\u00e9 sup\u00e9rieure Caract\u00e9ristiques en gros :<\/h3>\n\n\n\n<ul class=\"wp-block-list\">\n<li><strong>Design bicolore : <\/strong>Cette vaisselle en c\u00e9ramique pr\u00e9sente des motifs bicolores uniques : noir brillant \u00e0 l'int\u00e9rieur et beige mat \u00e0 l'ext\u00e9rieur, avec \u00e9galement des bordures brunes. Grossiers mais beaux, ils peuvent d\u00e9corer la table \u00e0 manger et s'adapter \u00e0 tous les styles de d\u00e9coration et \u00e0 toutes les situations.<\/li>\n\n\n\n<li><strong>Mat\u00e9riau c\u00e9ramique de haute qualit\u00e9 : <\/strong>Ces assiettes et bols en c\u00e9ramique personnalis\u00e9s de haute qualit\u00e9 sont extr\u00eamement r\u00e9sistants en termes de duret\u00e9 et peuvent absorber certains chocs et frottements sans \u00eatre facilement endommag\u00e9s. Ces articles de table sont donc plus solides lorsqu'ils sont utilis\u00e9s et peuvent rester beaux et intacts pendant des d\u00e9cennies.<\/li>\n\n\n\n<li><strong>Polyvalence : <\/strong>Il s'agit d'assiettes et de bols dans la vaisselle en c\u00e9ramique en gros. Les grandes assiettes peuvent contenir les plats principaux, les petites assiettes peuvent contenir les accompagnements ou les snacks, et les bols profonds peuvent contenir les soupes, les nouilles, etc.<\/li>\n\n\n\n<li><strong>Facile \u00e0 nettoyer : <\/strong>Ces assiettes et bols en c\u00e9ramique personnalis\u00e9s sont plus faciles \u00e0 nettoyer et \u00e0 pr\u00e9server que toute autre vaisselle fabriqu\u00e9e dans un autre mat\u00e9riau. Les taches non grasses et grasses peuvent \u00eatre nettoy\u00e9es simplement avec un rin\u00e7age \u00e0 l'eau douce et les taches grasses avec un savon doux.<\/li>\n<\/ul>\n<\/div>\n\n\n\n<div class=\"wp-block-column is-layout-flow wp-block-column-is-layout-flow\">\n<figure class=\"wp-block-image size-full\"><img fetchpriority=\"high\" decoding=\"async\" width=\"800\" height=\"800\" src=\"https:\/\/jinhuaceramic.com\/wp-content\/uploads\/2025\/03\/Two-Tone-Wholesale-Tableware-Set-Custom-Ceramic-Dinner-Plates-Bulk-6.webp\" alt=\"Vaisselle en c\u00e9ramique bicolore Wholesale, assiettes \u00e0 d\u00eener en c\u00e9ramique personnalis\u00e9es Bulk-5\" class=\"wp-image-8152\" srcset=\"https:\/\/jinhuaceramic.com\/wp-content\/uploads\/2025\/03\/Two-Tone-Wholesale-Tableware-Set-Custom-Ceramic-Dinner-Plates-Bulk-6.webp 800w, https:\/\/jinhuaceramic.com\/wp-content\/uploads\/2025\/03\/Two-Tone-Wholesale-Tableware-Set-Custom-Ceramic-Dinner-Plates-Bulk-6-300x300.webp 300w, https:\/\/jinhuaceramic.com\/wp-content\/uploads\/2025\/03\/Two-Tone-Wholesale-Tableware-Set-Custom-Ceramic-Dinner-Plates-Bulk-6-150x150.webp 150w, https:\/\/jinhuaceramic.com\/wp-content\/uploads\/2025\/03\/Two-Tone-Wholesale-Tableware-Set-Custom-Ceramic-Dinner-Plates-Bulk-6-768x768.webp 768w, https:\/\/jinhuaceramic.com\/wp-content\/uploads\/2025\/03\/Two-Tone-Wholesale-Tableware-Set-Custom-Ceramic-Dinner-Plates-Bulk-6-12x12.webp 12w, https:\/\/jinhuaceramic.com\/wp-content\/uploads\/2025\/03\/Two-Tone-Wholesale-Tableware-Set-Custom-Ceramic-Dinner-Plates-Bulk-6-285x285.webp 285w, https:\/\/jinhuaceramic.com\/wp-content\/uploads\/2025\/03\/Two-Tone-Wholesale-Tableware-Set-Custom-Ceramic-Dinner-Plates-Bulk-6-270x270.webp 270w, https:\/\/jinhuaceramic.com\/wp-content\/uploads\/2025\/03\/Two-Tone-Wholesale-Tableware-Set-Custom-Ceramic-Dinner-Plates-Bulk-6-540x540.webp 540w, https:\/\/jinhuaceramic.com\/wp-content\/uploads\/2025\/03\/Two-Tone-Wholesale-Tableware-Set-Custom-Ceramic-Dinner-Plates-Bulk-6-660x660.webp 660w\" sizes=\"(max-width: 800px) 100vw, 800px\" \/><\/figure>\n<\/div>\n<\/div>","protected":false},"excerpt":{"rendered":"<p>Venez acheter notre vaisselle en c\u00e9ramique en gros. Ces assiettes et bols en c\u00e9ramique personnalis\u00e9s ont un design exquis, avec des couleurs noires et beiges contrastantes et des bords bruns ; ils sont fabriqu\u00e9s \u00e0 partir de mat\u00e9riaux c\u00e9ramiques naturels et sont sans danger pour la consommation ; les assiettes et les bols sont assortis pour r\u00e9pondre \u00e0 diverses exigences, et sont faciles \u00e0 nettoyer, pratiques et durables, et peuvent \u00eatre utilis\u00e9s pour la consommation personnelle et pour recevoir des invit\u00e9s.<\/p>","protected":false},"featured_media":8148,"comment_status":"closed","ping_status":"closed","template":"","meta":{"_acf_changed":false},"product_brand":[],"product_cat":[83,54],"product_tag":[],"class_list":{"0":"post-8147","1":"product","2":"type-product","3":"status-publish","4":"has-post-thumbnail","6":"product_cat-wholesale-dinnerware-sets","7":"product_cat-tableware-wholesale","9":"first","10":"instock","11":"shipping-taxable","12":"product-type-simple"},"acf":[],"_links":{"self":[{"href":"https:\/\/jinhuaceramic.com\/fr\/wp-json\/wp\/v2\/product\/8147","targetHints":{"allow":["GET"]}}],"collection":[{"href":"https:\/\/jinhuaceramic.com\/fr\/wp-json\/wp\/v2\/product"}],"about":[{"href":"https:\/\/jinhuaceramic.com\/fr\/wp-json\/wp\/v2\/types\/product"}],"replies":[{"embeddable":true,"href":"https:\/\/jinhuaceramic.com\/fr\/wp-json\/wp\/v2\/comments?post=8147"}],"version-history":[{"count":0,"href":"https:\/\/jinhuaceramic.com\/fr\/wp-json\/wp\/v2\/product\/8147\/revisions"}],"wp:featuredmedia":[{"embeddable":true,"href":"https:\/\/jinhuaceramic.com\/fr\/wp-json\/wp\/v2\/media\/8148"}],"wp:attachment":[{"href":"https:\/\/jinhuaceramic.com\/fr\/wp-json\/wp\/v2\/media?parent=8147"}],"wp:term":[{"taxonomy":"product_brand","embeddable":true,"href":"https:\/\/jinhuaceramic.com\/fr\/wp-json\/wp\/v2\/product_brand?post=8147"},{"taxonomy":"product_cat","embeddable":true,"href":"https:\/\/jinhuaceramic.com\/fr\/wp-json\/wp\/v2\/product_cat?post=8147"},{"taxonomy":"product_tag","embeddable":true,"href":"https:\/\/jinhuaceramic.com\/fr\/wp-json\/wp\/v2\/product_tag?post=8147"}],"curies":[{"name":"wp","href":"https:\/\/api.w.org\/{rel}","templated":true}]}}