{"id":8185,"date":"2025-03-14T03:05:17","date_gmt":"2025-03-14T03:05:17","guid":{"rendered":"https:\/\/jinhuaceramic.com\/?post_type=product&#038;p=8185"},"modified":"2025-03-21T01:28:00","modified_gmt":"2025-03-21T01:28:00","slug":"custom-ceramic-dinnerware","status":"publish","type":"product","link":"https:\/\/jinhuaceramic.com\/fr\/product\/custom-ceramic-dinnerware\/","title":{"rendered":"Vaisselle rustique en c\u00e9ramique, assiettes et bols en c\u00e9ramique, vente en gros"},"content":{"rendered":"<div class=\"wp-block-columns is-layout-flex wp-container-core-columns-is-layout-9d6595d7 wp-block-columns-is-layout-flex\">\n<div class=\"wp-block-column is-layout-flow wp-block-column-is-layout-flow\">\n<h3 class=\"wp-block-heading\">Vaisselle en c\u00e9ramique rustique personnalis\u00e9e de premi\u00e8re qualit\u00e9 Caract\u00e9ristiques :<\/h3>\n\n\n\n<ul class=\"wp-block-list\">\n<li><strong>Design rustique :<\/strong> La combinaison du beige et du marron dans cette vaisselle en c\u00e9ramique personnalis\u00e9e est \u00e0 la fois rustique et \u00e9l\u00e9gante. Le beige cr\u00e9e une atmosph\u00e8re chaleureuse et confortable, tandis que le bord marron conf\u00e8re \u00e0 la vaisselle un sentiment de stabilit\u00e9 et de qualit\u00e9 luxueuse, qui peut contribuer \u00e0 la beaut\u00e9 g\u00e9n\u00e9rale de la table \u00e0 manger et au style et au go\u00fbt du propri\u00e9taire.<\/li>\n\n\n\n<li><strong>Mat\u00e9riau de haute qualit\u00e9 :<\/strong> Ces assiettes et bols en c\u00e9ramique sont fabriqu\u00e9s en c\u00e9ramique de haute qualit\u00e9, d'une grande duret\u00e9, et peuvent absorber certains chocs et frottements. Ces articles de table en c\u00e9ramique de haute qualit\u00e9 sont s\u00fbrs et non toxiques et peuvent supporter une chaleur \u00e9lev\u00e9e pour garder les aliments chauds.<\/li>\n\n\n\n<li><strong>Une grande praticit\u00e9 :<\/strong> Cette vaisselle en c\u00e9ramique personnalis\u00e9e est compos\u00e9e de grandes assiettes rondes pour les plats principaux, de petites assiettes rondes pour les accompagnements ou les en-cas, et de bols pour les soupes ou les nouilles. Cette combinaison vari\u00e9e rend la vaisselle extr\u00eamement pratique.<\/li>\n\n\n\n<li><strong>Large application : <\/strong>Ces assiettes et bols en c\u00e9ramique sont parfaits pour un usage quotidien en famille, lors de r\u00e9unions d'amis, de d\u00eeners formels et d'autres occasions, et peuvent \u00eatre adapt\u00e9s \u00e0 diff\u00e9rents types de tables. On les trouve aussi bien \u00e0 la maison que dans les restaurants haut de gamme.<\/li>\n<\/ul>\n<\/div>\n\n\n\n<div class=\"wp-block-column is-layout-flow wp-block-column-is-layout-flow\">\n<figure class=\"wp-block-image size-full\"><img fetchpriority=\"high\" decoding=\"async\" width=\"2000\" height=\"2000\" src=\"https:\/\/jinhuaceramic.com\/wp-content\/uploads\/2025\/03\/Rustic-Custom-Dinnerware-Set-Wholesale-Tableware-Ceramic-Dinner-Plates-2.webp\" alt=\"rustique-custom-ceramic-dinnerware-ceramic-plates-and-bowls-wholesale-1\" class=\"wp-image-8186\" srcset=\"https:\/\/jinhuaceramic.com\/wp-content\/uploads\/2025\/03\/Rustic-Custom-Dinnerware-Set-Wholesale-Tableware-Ceramic-Dinner-Plates-2.webp 2000w, https:\/\/jinhuaceramic.com\/wp-content\/uploads\/2025\/03\/Rustic-Custom-Dinnerware-Set-Wholesale-Tableware-Ceramic-Dinner-Plates-2-300x300.webp 300w, https:\/\/jinhuaceramic.com\/wp-content\/uploads\/2025\/03\/Rustic-Custom-Dinnerware-Set-Wholesale-Tableware-Ceramic-Dinner-Plates-2-150x150.webp 150w, https:\/\/jinhuaceramic.com\/wp-content\/uploads\/2025\/03\/Rustic-Custom-Dinnerware-Set-Wholesale-Tableware-Ceramic-Dinner-Plates-2-768x768.webp 768w, https:\/\/jinhuaceramic.com\/wp-content\/uploads\/2025\/03\/Rustic-Custom-Dinnerware-Set-Wholesale-Tableware-Ceramic-Dinner-Plates-2-12x12.webp 12w, https:\/\/jinhuaceramic.com\/wp-content\/uploads\/2025\/03\/Rustic-Custom-Dinnerware-Set-Wholesale-Tableware-Ceramic-Dinner-Plates-2-285x285.webp 285w, https:\/\/jinhuaceramic.com\/wp-content\/uploads\/2025\/03\/Rustic-Custom-Dinnerware-Set-Wholesale-Tableware-Ceramic-Dinner-Plates-2-1600x1600.webp 1600w, https:\/\/jinhuaceramic.com\/wp-content\/uploads\/2025\/03\/Rustic-Custom-Dinnerware-Set-Wholesale-Tableware-Ceramic-Dinner-Plates-2-270x270.webp 270w, https:\/\/jinhuaceramic.com\/wp-content\/uploads\/2025\/03\/Rustic-Custom-Dinnerware-Set-Wholesale-Tableware-Ceramic-Dinner-Plates-2-540x540.webp 540w, https:\/\/jinhuaceramic.com\/wp-content\/uploads\/2025\/03\/Rustic-Custom-Dinnerware-Set-Wholesale-Tableware-Ceramic-Dinner-Plates-2-660x660.webp 660w\" sizes=\"(max-width: 2000px) 100vw, 2000px\" \/><\/figure>\n<\/div>\n<\/div>","protected":false},"excerpt":{"rendered":"<p>Nous vous invitons \u00e0 acheter en gros nos assiettes et bols en c\u00e9ramique. Cette vaisselle en c\u00e9ramique personnalis\u00e9e est \u00e0 la fois d\u00e9corative et fonctionnelle. Le brun clair, universel et rustique, combin\u00e9 au beige, s'accorde avec la plupart des d\u00e9cors de salle \u00e0 manger et des styles de maison et peut contenir n'importe quel aliment. La c\u00e9ramique n'est pas seulement durable et r\u00e9sistante \u00e0 l'usure, elle est aussi facile \u00e0 nettoyer, ce qui la rend id\u00e9ale pour un usage quotidien ou m\u00eame pour une occasion sp\u00e9ciale.<\/p>","protected":false},"featured_media":8188,"comment_status":"closed","ping_status":"closed","template":"","meta":{"_acf_changed":false},"product_brand":[],"product_cat":[83,54],"product_tag":[],"class_list":{"0":"post-8185","1":"product","2":"type-product","3":"status-publish","4":"has-post-thumbnail","6":"product_cat-wholesale-dinnerware-sets","7":"product_cat-tableware-wholesale","9":"first","10":"instock","11":"shipping-taxable","12":"product-type-simple"},"acf":[],"_links":{"self":[{"href":"https:\/\/jinhuaceramic.com\/fr\/wp-json\/wp\/v2\/product\/8185","targetHints":{"allow":["GET"]}}],"collection":[{"href":"https:\/\/jinhuaceramic.com\/fr\/wp-json\/wp\/v2\/product"}],"about":[{"href":"https:\/\/jinhuaceramic.com\/fr\/wp-json\/wp\/v2\/types\/product"}],"replies":[{"embeddable":true,"href":"https:\/\/jinhuaceramic.com\/fr\/wp-json\/wp\/v2\/comments?post=8185"}],"version-history":[{"count":0,"href":"https:\/\/jinhuaceramic.com\/fr\/wp-json\/wp\/v2\/product\/8185\/revisions"}],"wp:featuredmedia":[{"embeddable":true,"href":"https:\/\/jinhuaceramic.com\/fr\/wp-json\/wp\/v2\/media\/8188"}],"wp:attachment":[{"href":"https:\/\/jinhuaceramic.com\/fr\/wp-json\/wp\/v2\/media?parent=8185"}],"wp:term":[{"taxonomy":"product_brand","embeddable":true,"href":"https:\/\/jinhuaceramic.com\/fr\/wp-json\/wp\/v2\/product_brand?post=8185"},{"taxonomy":"product_cat","embeddable":true,"href":"https:\/\/jinhuaceramic.com\/fr\/wp-json\/wp\/v2\/product_cat?post=8185"},{"taxonomy":"product_tag","embeddable":true,"href":"https:\/\/jinhuaceramic.com\/fr\/wp-json\/wp\/v2\/product_tag?post=8185"}],"curies":[{"name":"wp","href":"https:\/\/api.w.org\/{rel}","templated":true}]}}