{"id":8218,"date":"2025-03-14T02:02:38","date_gmt":"2025-03-14T02:02:38","guid":{"rendered":"https:\/\/jinhuaceramic.com\/?post_type=product&#038;p=8218"},"modified":"2025-03-14T02:15:22","modified_gmt":"2025-03-14T02:15:22","slug":"bespoke-dinnerware","status":"publish","type":"product","link":"https:\/\/jinhuaceramic.com\/fr\/product\/bespoke-dinnerware\/","title":{"rendered":"Vaisselle sur mesure haut de gamme, vaisselle en c\u00e9ramique en gros 4 pi\u00e8ces"},"content":{"rendered":"<div class=\"wp-block-columns is-layout-flex wp-container-core-columns-is-layout-9d6595d7 wp-block-columns-is-layout-flex\">\n<div class=\"wp-block-column is-layout-flow wp-block-column-is-layout-flow\">\n<h3 class=\"wp-block-heading\">Vaisselle sur mesure haut de gamme Caract\u00e9ristiques :<\/h3>\n\n\n\n<ul class=\"wp-block-list\">\n<li><strong>Design \u00e9l\u00e9gant :<\/strong> Ces articles de table en c\u00e9ramique sont gris-bleu et bord\u00e9s d'un brun vintage, ce qui leur conf\u00e8re un aspect \u00e0 la fois simple et \u00e9l\u00e9gant qui s'int\u00e9grera parfaitement dans tout d\u00e9cor domestique. Ils donneront un aspect unique \u00e0 la table \u00e0 manger.<\/li>\n\n\n\n<li><strong>Mat\u00e9riaux de haute qualit\u00e9 :<\/strong> Cette vaisselle sur mesure est fabriqu\u00e9e en c\u00e9ramique de haute qualit\u00e9 par cuisson \u00e0 haute temp\u00e9rature. Elle ne contient aucun mat\u00e9riau toxique et r\u00e9pond aux normes internationales de s\u00e9curit\u00e9 en mati\u00e8re de contact avec les aliments.<\/li>\n\n\n\n<li><strong>Fabrication exquise : <\/strong>La texture de la surface est douce, la couleur est uniforme, les bords sont bien polis et le toucher est agr\u00e9able.<\/li>\n\n\n\n<li><strong>Une grande praticit\u00e9 :<\/strong> Ces articles de vaisselle sur mesure se composent d'assiettes et de bols destin\u00e9s \u00e0 r\u00e9pondre \u00e0 diff\u00e9rentes exigences en mati\u00e8re de service des aliments. Les assiettes sont de taille moyenne et conviennent au service d'aliments et de plats ordinaires ; les bols ont une profondeur et un volume mod\u00e9r\u00e9s et conviennent au service de soupes, de salades ou de c\u00e9r\u00e9ales, etc., pour r\u00e9pondre aux besoins des repas familiaux ordinaires et des petites f\u00eates.<\/li>\n<\/ul>\n<\/div>\n\n\n\n<div class=\"wp-block-column is-layout-flow wp-block-column-is-layout-flow\">\n<figure class=\"wp-block-image size-full\"><img fetchpriority=\"high\" decoding=\"async\" width=\"800\" height=\"800\" src=\"https:\/\/jinhuaceramic.com\/wp-content\/uploads\/2025\/03\/High-End-Custom-Tableware-Set-Ceramic-Dinner-Service-For-4-Dinnerware-Set-6.webp\" alt=\"haut-de-gamme-vaisselle-en-gros-vaisselle-en-c\u00e9ramique-4-pi\u00e8ces-1\" class=\"wp-image-8223\" srcset=\"https:\/\/jinhuaceramic.com\/wp-content\/uploads\/2025\/03\/High-End-Custom-Tableware-Set-Ceramic-Dinner-Service-For-4-Dinnerware-Set-6.webp 800w, https:\/\/jinhuaceramic.com\/wp-content\/uploads\/2025\/03\/High-End-Custom-Tableware-Set-Ceramic-Dinner-Service-For-4-Dinnerware-Set-6-300x300.webp 300w, https:\/\/jinhuaceramic.com\/wp-content\/uploads\/2025\/03\/High-End-Custom-Tableware-Set-Ceramic-Dinner-Service-For-4-Dinnerware-Set-6-150x150.webp 150w, https:\/\/jinhuaceramic.com\/wp-content\/uploads\/2025\/03\/High-End-Custom-Tableware-Set-Ceramic-Dinner-Service-For-4-Dinnerware-Set-6-768x768.webp 768w, https:\/\/jinhuaceramic.com\/wp-content\/uploads\/2025\/03\/High-End-Custom-Tableware-Set-Ceramic-Dinner-Service-For-4-Dinnerware-Set-6-12x12.webp 12w, https:\/\/jinhuaceramic.com\/wp-content\/uploads\/2025\/03\/High-End-Custom-Tableware-Set-Ceramic-Dinner-Service-For-4-Dinnerware-Set-6-285x285.webp 285w, https:\/\/jinhuaceramic.com\/wp-content\/uploads\/2025\/03\/High-End-Custom-Tableware-Set-Ceramic-Dinner-Service-For-4-Dinnerware-Set-6-270x270.webp 270w, https:\/\/jinhuaceramic.com\/wp-content\/uploads\/2025\/03\/High-End-Custom-Tableware-Set-Ceramic-Dinner-Service-For-4-Dinnerware-Set-6-540x540.webp 540w, https:\/\/jinhuaceramic.com\/wp-content\/uploads\/2025\/03\/High-End-Custom-Tableware-Set-Ceramic-Dinner-Service-For-4-Dinnerware-Set-6-660x660.webp 660w\" sizes=\"(max-width: 800px) 100vw, 800px\" \/><\/figure>\n<\/div>\n<\/div>","protected":false},"excerpt":{"rendered":"<p>Bienvenue sur notre site de vente en gros de vaisselle en c\u00e9ramique. Cette vaisselle haut de gamme sur mesure attire l'attention par son design \u00e9l\u00e9gant, ses mat\u00e9riaux s\u00fbrs qui permettent de se sentir \u00e0 l'aise, ses combinaisons pratiques qui r\u00e9pondent \u00e0 divers besoins et sa fabrication exquise qui garantit la qualit\u00e9. Ils sont \u00e0 la fois esth\u00e9tiques et pratiques, ce qui les distingue des autres services de table et les rend tr\u00e8s populaires aupr\u00e8s des consommateurs.<\/p>","protected":false},"featured_media":8224,"comment_status":"closed","ping_status":"closed","template":"","meta":{"_acf_changed":false},"product_brand":[],"product_cat":[83,54],"product_tag":[],"class_list":{"0":"post-8218","1":"product","2":"type-product","3":"status-publish","4":"has-post-thumbnail","6":"product_cat-wholesale-dinnerware-sets","7":"product_cat-tableware-wholesale","9":"first","10":"instock","11":"shipping-taxable","12":"product-type-simple"},"acf":[],"_links":{"self":[{"href":"https:\/\/jinhuaceramic.com\/fr\/wp-json\/wp\/v2\/product\/8218","targetHints":{"allow":["GET"]}}],"collection":[{"href":"https:\/\/jinhuaceramic.com\/fr\/wp-json\/wp\/v2\/product"}],"about":[{"href":"https:\/\/jinhuaceramic.com\/fr\/wp-json\/wp\/v2\/types\/product"}],"replies":[{"embeddable":true,"href":"https:\/\/jinhuaceramic.com\/fr\/wp-json\/wp\/v2\/comments?post=8218"}],"version-history":[{"count":0,"href":"https:\/\/jinhuaceramic.com\/fr\/wp-json\/wp\/v2\/product\/8218\/revisions"}],"wp:featuredmedia":[{"embeddable":true,"href":"https:\/\/jinhuaceramic.com\/fr\/wp-json\/wp\/v2\/media\/8224"}],"wp:attachment":[{"href":"https:\/\/jinhuaceramic.com\/fr\/wp-json\/wp\/v2\/media?parent=8218"}],"wp:term":[{"taxonomy":"product_brand","embeddable":true,"href":"https:\/\/jinhuaceramic.com\/fr\/wp-json\/wp\/v2\/product_brand?post=8218"},{"taxonomy":"product_cat","embeddable":true,"href":"https:\/\/jinhuaceramic.com\/fr\/wp-json\/wp\/v2\/product_cat?post=8218"},{"taxonomy":"product_tag","embeddable":true,"href":"https:\/\/jinhuaceramic.com\/fr\/wp-json\/wp\/v2\/product_tag?post=8218"}],"curies":[{"name":"wp","href":"https:\/\/api.w.org\/{rel}","templated":true}]}}