{"id":8228,"date":"2025-03-14T02:26:49","date_gmt":"2025-03-14T02:26:49","guid":{"rendered":"https:\/\/jinhuaceramic.com\/?post_type=product&#038;p=8228"},"modified":"2025-03-14T02:26:50","modified_gmt":"2025-03-14T02:26:50","slug":"custom-ceramic-dinner-plates","status":"publish","type":"product","link":"https:\/\/jinhuaceramic.com\/fr\/product\/custom-ceramic-dinner-plates\/","title":{"rendered":"Assiettes en c\u00e9ramique blanc cass\u00e9 personnalis\u00e9es Vaisselle de table en gros pour restaurant"},"content":{"rendered":"<div class=\"wp-block-columns is-layout-flex wp-container-core-columns-is-layout-9d6595d7 wp-block-columns-is-layout-flex\">\n<div class=\"wp-block-column is-layout-flow wp-block-column-is-layout-flow\">\n<h3 class=\"wp-block-heading\">Assiettes \u00e0 d\u00eener personnalis\u00e9es en c\u00e9ramique blanc cass\u00e9 de premi\u00e8re qualit\u00e9 Caract\u00e9ristiques :<\/h3>\n\n\n\n<ul class=\"wp-block-list\">\n<li><strong>Design \u00e9l\u00e9gant :<\/strong> Ces assiettes \u00e0 d\u00eener en c\u00e9ramique personnalis\u00e9es blanc cass\u00e9 ont une apparence discr\u00e8te mais sophistiqu\u00e9e avec un design rond ancien et des bords d\u00e9licatement incurv\u00e9s pour former un bord peu profond afin que la soupe ne se renverse pas. Un liser\u00e9 marron clair sur le bord de l'assiette donne \u00e0 l'assiette un aspect stratifi\u00e9 et artisanal, ce qui lui conf\u00e8re une touche d'originalit\u00e9 suppl\u00e9mentaire.<\/li>\n\n\n\n<li><strong>Mat\u00e9riau de haute qualit\u00e9 :<\/strong> Nos assiettes en c\u00e9ramique personnalis\u00e9es sont fabriqu\u00e9es \u00e0 partir de mat\u00e9riaux c\u00e9ramiques de haute qualit\u00e9 et sont cuites dans des fours \u00e0 haute temp\u00e9rature, qui ne sont pas facilement endommag\u00e9s. L'\u00e9mail ext\u00e9rieur est non toxique et inoffensif, il a subi des tests de s\u00e9curit\u00e9 alimentaire et peut \u00eatre utilis\u00e9 en toute s\u00e9curit\u00e9.<\/li>\n\n\n\n<li><strong>Diff\u00e9rentes tailles :<\/strong> Cette vaisselle de gros est disponible en quatre tailles pour r\u00e9pondre aux diff\u00e9rents besoins alimentaires. La plus petite assiette peut \u00eatre utilis\u00e9e pour le dessert ou le go\u00fbter, l'assiette moyenne pour les accompagnements et les salades, et la grande assiette pour les plats principaux tels que les steaks et les p\u00e2tes.<\/li>\n\n\n\n<li><strong>Large application :<\/strong> Cette vaisselle en gros pour le d\u00eener peut \u00eatre utilis\u00e9e pour les repas quotidiens ainsi que pour des occasions telles que les r\u00e9unions de famille, le d\u00eener de No\u00ebl, etc. En outre, ces assiettes peuvent \u00e9galement \u00eatre utilis\u00e9es dans des installations commerciales telles que les restaurants et les caf\u00e9s.<\/li>\n<\/ul>\n<\/div>\n\n\n\n<div class=\"wp-block-column is-layout-flow wp-block-column-is-layout-flow\">\n<figure class=\"wp-block-image size-full\"><img fetchpriority=\"high\" decoding=\"async\" width=\"750\" height=\"750\" src=\"https:\/\/jinhuaceramic.com\/wp-content\/uploads\/2025\/03\/Off-White-Custom-Ceramic-Dinner-Plates-Wholesale-Tableware-For-Restaurant.webp\" alt=\"Assiettes \u00e0 d\u00eener en c\u00e9ramique personnalis\u00e9es Off-White-Vaisselle en gros pour restaurant-1\" class=\"wp-image-8234\" srcset=\"https:\/\/jinhuaceramic.com\/wp-content\/uploads\/2025\/03\/Off-White-Custom-Ceramic-Dinner-Plates-Wholesale-Tableware-For-Restaurant.webp 750w, https:\/\/jinhuaceramic.com\/wp-content\/uploads\/2025\/03\/Off-White-Custom-Ceramic-Dinner-Plates-Wholesale-Tableware-For-Restaurant-300x300.webp 300w, https:\/\/jinhuaceramic.com\/wp-content\/uploads\/2025\/03\/Off-White-Custom-Ceramic-Dinner-Plates-Wholesale-Tableware-For-Restaurant-150x150.webp 150w, https:\/\/jinhuaceramic.com\/wp-content\/uploads\/2025\/03\/Off-White-Custom-Ceramic-Dinner-Plates-Wholesale-Tableware-For-Restaurant-12x12.webp 12w, https:\/\/jinhuaceramic.com\/wp-content\/uploads\/2025\/03\/Off-White-Custom-Ceramic-Dinner-Plates-Wholesale-Tableware-For-Restaurant-285x285.webp 285w, https:\/\/jinhuaceramic.com\/wp-content\/uploads\/2025\/03\/Off-White-Custom-Ceramic-Dinner-Plates-Wholesale-Tableware-For-Restaurant-270x270.webp 270w, https:\/\/jinhuaceramic.com\/wp-content\/uploads\/2025\/03\/Off-White-Custom-Ceramic-Dinner-Plates-Wholesale-Tableware-For-Restaurant-540x540.webp 540w, https:\/\/jinhuaceramic.com\/wp-content\/uploads\/2025\/03\/Off-White-Custom-Ceramic-Dinner-Plates-Wholesale-Tableware-For-Restaurant-660x660.webp 660w\" sizes=\"(max-width: 750px) 100vw, 750px\" \/><\/figure>\n<\/div>\n<\/div>\n\n\n\n<p><\/p>","protected":false},"excerpt":{"rendered":"<p>Acheter notre vaisselle en gros. Ces assiettes en c\u00e9ramique personnalis\u00e9es se distinguent sur le march\u00e9 par leur design \u00e9l\u00e9gant, leurs mat\u00e9riaux de qualit\u00e9 sup\u00e9rieure, leurs diff\u00e9rentes tailles fonctionnelles et leurs vastes possibilit\u00e9s d'utilisation. En plus d'\u00eatre fonctionnelles, elles ajoutent un sens rituel aux repas, ce qui les rend encore plus luxueux.<\/p>","protected":false},"featured_media":8230,"comment_status":"closed","ping_status":"closed","template":"","meta":{"_acf_changed":false},"product_brand":[],"product_cat":[84,54],"product_tag":[],"class_list":{"0":"post-8228","1":"product","2":"type-product","3":"status-publish","4":"has-post-thumbnail","6":"product_cat-wholesale-ceramic-plates","7":"product_cat-tableware-wholesale","9":"first","10":"instock","11":"shipping-taxable","12":"product-type-simple"},"acf":[],"_links":{"self":[{"href":"https:\/\/jinhuaceramic.com\/fr\/wp-json\/wp\/v2\/product\/8228","targetHints":{"allow":["GET"]}}],"collection":[{"href":"https:\/\/jinhuaceramic.com\/fr\/wp-json\/wp\/v2\/product"}],"about":[{"href":"https:\/\/jinhuaceramic.com\/fr\/wp-json\/wp\/v2\/types\/product"}],"replies":[{"embeddable":true,"href":"https:\/\/jinhuaceramic.com\/fr\/wp-json\/wp\/v2\/comments?post=8228"}],"version-history":[{"count":0,"href":"https:\/\/jinhuaceramic.com\/fr\/wp-json\/wp\/v2\/product\/8228\/revisions"}],"wp:featuredmedia":[{"embeddable":true,"href":"https:\/\/jinhuaceramic.com\/fr\/wp-json\/wp\/v2\/media\/8230"}],"wp:attachment":[{"href":"https:\/\/jinhuaceramic.com\/fr\/wp-json\/wp\/v2\/media?parent=8228"}],"wp:term":[{"taxonomy":"product_brand","embeddable":true,"href":"https:\/\/jinhuaceramic.com\/fr\/wp-json\/wp\/v2\/product_brand?post=8228"},{"taxonomy":"product_cat","embeddable":true,"href":"https:\/\/jinhuaceramic.com\/fr\/wp-json\/wp\/v2\/product_cat?post=8228"},{"taxonomy":"product_tag","embeddable":true,"href":"https:\/\/jinhuaceramic.com\/fr\/wp-json\/wp\/v2\/product_tag?post=8228"}],"curies":[{"name":"wp","href":"https:\/\/api.w.org\/{rel}","templated":true}]}}