{"id":8250,"date":"2025-03-18T03:02:53","date_gmt":"2025-03-18T03:02:53","guid":{"rendered":"https:\/\/jinhuaceramic.com\/?post_type=product&#038;p=8250"},"modified":"2025-03-18T03:02:54","modified_gmt":"2025-03-18T03:02:54","slug":"restaurant-tableware-supplies","status":"publish","type":"product","link":"https:\/\/jinhuaceramic.com\/fr\/product\/restaurant-tableware-supplies\/","title":{"rendered":"Vintage Custom Restaurant Tableware Supplies, Ceramic Dinnerware Wholesale"},"content":{"rendered":"<div class=\"wp-block-columns is-layout-flex wp-container-core-columns-is-layout-9d6595d7 wp-block-columns-is-layout-flex\">\n<div class=\"wp-block-column is-layout-flow wp-block-column-is-layout-flow\">\n<h3 class=\"wp-block-heading\">Premium Vintage Restaurant Tableware Supplies Caract\u00e9ristiques :<\/h3>\n\n\n\n<ul class=\"wp-block-list\">\n<li><strong>Style vintage :<\/strong> Ces articles de vaisselle de restaurant personnalis\u00e9s sont de forme simple, mais leur surface pr\u00e9sente de l\u00e9g\u00e8res variations de texture et des d\u00e9grad\u00e9s de couleurs. Ils pr\u00e9sentent une texture vieillie et marbr\u00e9e, faite \u00e0 la main, qui \u00e9voque une ambiance r\u00e9tro et chaleureuse, cr\u00e9e une ambiance sophistiqu\u00e9e pour le restaurant et renforce l'image de la marque.<\/li>\n\n\n\n<li><strong>Mat\u00e9riau c\u00e9ramique de haute qualit\u00e9 : <\/strong>Ces mat\u00e9riaux c\u00e9ramiques de haute qualit\u00e9 cuits \u00e0 haute temp\u00e9rature sont utilis\u00e9s pour produire cette vaisselle en c\u00e9ramique en gros, et la duret\u00e9 n'est pas facilement rayable par les ustensiles de table tels que les couteaux et les fourchettes, ce qui est parfait pour un usage quotidien.<\/li>\n\n\n\n<li><strong>Diverses couleurs : <\/strong>Ces articles de vaisselle de restaurant vintage sont disponibles en diff\u00e9rentes couleurs, telles que le blanc universel et g\u00e9n\u00e9ral, le marron clair ancien et vieilli, le bleu sophistiqu\u00e9 et luxueux, etc., qui peuvent \u00eatre m\u00e9lang\u00e9es avec diff\u00e9rents types de designs de table \u00e0 manger comme le moderne, le nordique ou le r\u00e9tro.<\/li>\n\n\n\n<li><strong>Ensemble complet :<\/strong> Cette vaisselle en c\u00e9ramique comprend des assiettes, des bols et des tasses de diff\u00e9rentes tailles pour r\u00e9pondre aux diff\u00e9rents besoins des repas de la vie quotidienne. Les clients peuvent choisir diff\u00e9rents ensembles en fonction de la taille de leur famille et de leurs habitudes de table. L'approvisionnement direct en usine est assur\u00e9 par des professionnels et l'achat en gros est pris en charge.<\/li>\n<\/ul>\n<\/div>\n\n\n\n<div class=\"wp-block-column is-layout-flow wp-block-column-is-layout-flow\">\n<figure class=\"wp-block-image size-full\"><img fetchpriority=\"high\" decoding=\"async\" width=\"1280\" height=\"1280\" src=\"https:\/\/jinhuaceramic.com\/wp-content\/uploads\/2025\/03\/Vintage-Custom-Ceramic-Tableware-Set-Restaurant-Supply-Dinnerware-Wholesale-5.webp\" alt=\"vintage-custom-restaurant-tableware-supplies-ceramic-dinnerware-wholesale-1\" class=\"wp-image-8254\" srcset=\"https:\/\/jinhuaceramic.com\/wp-content\/uploads\/2025\/03\/Vintage-Custom-Ceramic-Tableware-Set-Restaurant-Supply-Dinnerware-Wholesale-5.webp 1280w, https:\/\/jinhuaceramic.com\/wp-content\/uploads\/2025\/03\/Vintage-Custom-Ceramic-Tableware-Set-Restaurant-Supply-Dinnerware-Wholesale-5-300x300.webp 300w, https:\/\/jinhuaceramic.com\/wp-content\/uploads\/2025\/03\/Vintage-Custom-Ceramic-Tableware-Set-Restaurant-Supply-Dinnerware-Wholesale-5-150x150.webp 150w, https:\/\/jinhuaceramic.com\/wp-content\/uploads\/2025\/03\/Vintage-Custom-Ceramic-Tableware-Set-Restaurant-Supply-Dinnerware-Wholesale-5-768x768.webp 768w, https:\/\/jinhuaceramic.com\/wp-content\/uploads\/2025\/03\/Vintage-Custom-Ceramic-Tableware-Set-Restaurant-Supply-Dinnerware-Wholesale-5-12x12.webp 12w, https:\/\/jinhuaceramic.com\/wp-content\/uploads\/2025\/03\/Vintage-Custom-Ceramic-Tableware-Set-Restaurant-Supply-Dinnerware-Wholesale-5-285x285.webp 285w, https:\/\/jinhuaceramic.com\/wp-content\/uploads\/2025\/03\/Vintage-Custom-Ceramic-Tableware-Set-Restaurant-Supply-Dinnerware-Wholesale-5-270x270.webp 270w, https:\/\/jinhuaceramic.com\/wp-content\/uploads\/2025\/03\/Vintage-Custom-Ceramic-Tableware-Set-Restaurant-Supply-Dinnerware-Wholesale-5-540x540.webp 540w, https:\/\/jinhuaceramic.com\/wp-content\/uploads\/2025\/03\/Vintage-Custom-Ceramic-Tableware-Set-Restaurant-Supply-Dinnerware-Wholesale-5-660x660.webp 660w\" sizes=\"(max-width: 1280px) 100vw, 1280px\" \/><\/figure>\n<\/div>\n<\/div>","protected":false},"excerpt":{"rendered":"<p>Nous vous invitons \u00e0 acheter en gros notre vaisselle en c\u00e9ramique. La finition et la couleur vintage uniques de ces articles de vaisselle de restaurant personnalis\u00e9s cr\u00e9ent une atmosph\u00e8re artistique particuli\u00e8re sur la table \u00e0 manger. En m\u00eame temps, les caract\u00e9ristiques de s\u00e9curit\u00e9, de durabilit\u00e9 et de facilit\u00e9 de nettoyage des mat\u00e9riaux c\u00e9ramiques r\u00e9pondent \u00e9galement \u00e0 l'utilisation quotidienne. Qu'il s'agisse de repas quotidiens ou de r\u00e9ceptions entre amis ou en famille, ces articles de vaisselle de restaurant permettent d'am\u00e9liorer le rituel et le plaisir des repas.<\/p>","protected":false},"featured_media":8251,"comment_status":"closed","ping_status":"closed","template":"","meta":{"_acf_changed":false},"product_brand":[],"product_cat":[83,54],"product_tag":[],"class_list":{"0":"post-8250","1":"product","2":"type-product","3":"status-publish","4":"has-post-thumbnail","6":"product_cat-wholesale-dinnerware-sets","7":"product_cat-tableware-wholesale","9":"first","10":"instock","11":"shipping-taxable","12":"product-type-simple"},"acf":[],"_links":{"self":[{"href":"https:\/\/jinhuaceramic.com\/fr\/wp-json\/wp\/v2\/product\/8250","targetHints":{"allow":["GET"]}}],"collection":[{"href":"https:\/\/jinhuaceramic.com\/fr\/wp-json\/wp\/v2\/product"}],"about":[{"href":"https:\/\/jinhuaceramic.com\/fr\/wp-json\/wp\/v2\/types\/product"}],"replies":[{"embeddable":true,"href":"https:\/\/jinhuaceramic.com\/fr\/wp-json\/wp\/v2\/comments?post=8250"}],"version-history":[{"count":0,"href":"https:\/\/jinhuaceramic.com\/fr\/wp-json\/wp\/v2\/product\/8250\/revisions"}],"wp:featuredmedia":[{"embeddable":true,"href":"https:\/\/jinhuaceramic.com\/fr\/wp-json\/wp\/v2\/media\/8251"}],"wp:attachment":[{"href":"https:\/\/jinhuaceramic.com\/fr\/wp-json\/wp\/v2\/media?parent=8250"}],"wp:term":[{"taxonomy":"product_brand","embeddable":true,"href":"https:\/\/jinhuaceramic.com\/fr\/wp-json\/wp\/v2\/product_brand?post=8250"},{"taxonomy":"product_cat","embeddable":true,"href":"https:\/\/jinhuaceramic.com\/fr\/wp-json\/wp\/v2\/product_cat?post=8250"},{"taxonomy":"product_tag","embeddable":true,"href":"https:\/\/jinhuaceramic.com\/fr\/wp-json\/wp\/v2\/product_tag?post=8250"}],"curies":[{"name":"wp","href":"https:\/\/api.w.org\/{rel}","templated":true}]}}