{"id":8268,"date":"2025-03-18T03:52:46","date_gmt":"2025-03-18T03:52:46","guid":{"rendered":"https:\/\/jinhuaceramic.com\/?post_type=product&#038;p=8268"},"modified":"2025-03-18T03:52:48","modified_gmt":"2025-03-18T03:52:48","slug":"wholesale-ceramic-dinnerware","status":"publish","type":"product","link":"https:\/\/jinhuaceramic.com\/fr\/product\/wholesale-ceramic-dinnerware\/","title":{"rendered":"Vaisselle en c\u00e9ramique verte en gros, vaisselle personnalis\u00e9e pour le service de table"},"content":{"rendered":"<div class=\"wp-block-columns is-layout-flex wp-container-core-columns-is-layout-9d6595d7 wp-block-columns-is-layout-flex\">\n<div class=\"wp-block-column is-layout-flow wp-block-column-is-layout-flow\">\n<h3 class=\"wp-block-heading\">Vaisselle en c\u00e9ramique verte de qualit\u00e9 sup\u00e9rieure Caract\u00e9ristiques :<\/h3>\n\n\n\n<ul class=\"wp-block-list\">\n<li><strong>Design \u00e9l\u00e9gant :<\/strong> Ces services de table personnalis\u00e9s ont un aspect vert clair frais et naturel. L'\u00e9mail n'est pas non plus de couleur unie, mais plut\u00f4t un peu granuleux. Les lignes noires le long des bords ajoutent un certain design, qui peut contribuer \u00e0 la mise en place de la table et compl\u00e9ter une vari\u00e9t\u00e9 de sch\u00e9mas de d\u00e9coration et d'arrangements de repas.<\/li>\n\n\n\n<li><strong>Mat\u00e9riau durable :<\/strong> Cette vaisselle en c\u00e9ramique de gros est fabriqu\u00e9e en c\u00e9ramique de haute qualit\u00e9, durable, r\u00e9sistante \u00e0 l'usure et aux rayures, et peut \u00eatre utilis\u00e9e pendant longtemps. L'\u00e9mail de la c\u00e9ramique est lisse, lavable au lave-vaisselle et facile \u00e0 nettoyer, ce qui est tr\u00e8s pratique.<\/li>\n\n\n\n<li><strong>Bonne stabilit\u00e9 thermique :<\/strong> Ces services de vaisselle en c\u00e9ramique de haute qualit\u00e9 poss\u00e8dent une bonne stabilit\u00e9 thermique. Ils peuvent supporter un certain degr\u00e9 de changement de temp\u00e9rature. Ils peuvent \u00eatre utilis\u00e9s pour r\u00e9chauffer des aliments au four \u00e0 micro-ondes, conserver des soupes chaudes, des aliments chauds, etc. et peuvent m\u00eame \u00eatre r\u00e9frig\u00e9r\u00e9s, dans des environnements d'application polyvalents.<\/li>\n\n\n\n<li><strong>Une grande praticit\u00e9 : <\/strong>Ces sets de table personnalis\u00e9s sont \u00e9quip\u00e9s de toutes sortes de couverts, tels que des assiettes et des bols, qui peuvent \u00eatre utilis\u00e9s pour toutes sortes de repas, tels que le service des aliments de base, des plats, des soupes, etc. et qui sont tr\u00e8s pratiques.<\/li>\n<\/ul>\n<\/div>\n\n\n\n<div class=\"wp-block-column is-layout-flow wp-block-column-is-layout-flow\">\n<figure class=\"wp-block-image size-full\"><img fetchpriority=\"high\" decoding=\"async\" width=\"2000\" height=\"2000\" src=\"https:\/\/jinhuaceramic.com\/wp-content\/uploads\/2025\/03\/Green-Wholesale-Dinnerware-Set-Custom-Tableware-For-Dinner-Service-6.webp\" alt=\"green-wholesale-ceramic-dinnerware-custom-tableware-for-dinner-service-1\" class=\"wp-image-8273\" srcset=\"https:\/\/jinhuaceramic.com\/wp-content\/uploads\/2025\/03\/Green-Wholesale-Dinnerware-Set-Custom-Tableware-For-Dinner-Service-6.webp 2000w, https:\/\/jinhuaceramic.com\/wp-content\/uploads\/2025\/03\/Green-Wholesale-Dinnerware-Set-Custom-Tableware-For-Dinner-Service-6-300x300.webp 300w, https:\/\/jinhuaceramic.com\/wp-content\/uploads\/2025\/03\/Green-Wholesale-Dinnerware-Set-Custom-Tableware-For-Dinner-Service-6-150x150.webp 150w, https:\/\/jinhuaceramic.com\/wp-content\/uploads\/2025\/03\/Green-Wholesale-Dinnerware-Set-Custom-Tableware-For-Dinner-Service-6-768x768.webp 768w, https:\/\/jinhuaceramic.com\/wp-content\/uploads\/2025\/03\/Green-Wholesale-Dinnerware-Set-Custom-Tableware-For-Dinner-Service-6-12x12.webp 12w, https:\/\/jinhuaceramic.com\/wp-content\/uploads\/2025\/03\/Green-Wholesale-Dinnerware-Set-Custom-Tableware-For-Dinner-Service-6-285x285.webp 285w, https:\/\/jinhuaceramic.com\/wp-content\/uploads\/2025\/03\/Green-Wholesale-Dinnerware-Set-Custom-Tableware-For-Dinner-Service-6-1600x1600.webp 1600w, https:\/\/jinhuaceramic.com\/wp-content\/uploads\/2025\/03\/Green-Wholesale-Dinnerware-Set-Custom-Tableware-For-Dinner-Service-6-270x270.webp 270w, https:\/\/jinhuaceramic.com\/wp-content\/uploads\/2025\/03\/Green-Wholesale-Dinnerware-Set-Custom-Tableware-For-Dinner-Service-6-540x540.webp 540w, https:\/\/jinhuaceramic.com\/wp-content\/uploads\/2025\/03\/Green-Wholesale-Dinnerware-Set-Custom-Tableware-For-Dinner-Service-6-660x660.webp 660w\" sizes=\"(max-width: 2000px) 100vw, 2000px\" \/><\/figure>\n<\/div>\n<\/div>","protected":false},"excerpt":{"rendered":"<p>Achat de notre vaisselle personnalis\u00e9e. Ces services de vaisselle en c\u00e9ramique sont vert clair avec des lignes fonc\u00e9es sur le bord, ce qui est tr\u00e8s beau. Le corps en c\u00e9ramique n'est pas seulement r\u00e9sistant et durable, il a aussi une texture lisse et est facile \u00e0 nettoyer. Ils poss\u00e8dent \u00e9galement une stabilit\u00e9 thermique satisfaisante et sont produits avec diff\u00e9rents types de vaisselle pour r\u00e9pondre aux diff\u00e9rentes demandes de repas, combinant les avantages de la beaut\u00e9, de la praticit\u00e9 et de la s\u00e9curit\u00e9.<\/p>","protected":false},"featured_media":8275,"comment_status":"closed","ping_status":"closed","template":"","meta":{"_acf_changed":false},"product_brand":[],"product_cat":[83,54],"product_tag":[],"class_list":{"0":"post-8268","1":"product","2":"type-product","3":"status-publish","4":"has-post-thumbnail","6":"product_cat-wholesale-dinnerware-sets","7":"product_cat-tableware-wholesale","9":"first","10":"instock","11":"shipping-taxable","12":"product-type-simple"},"acf":[],"_links":{"self":[{"href":"https:\/\/jinhuaceramic.com\/fr\/wp-json\/wp\/v2\/product\/8268","targetHints":{"allow":["GET"]}}],"collection":[{"href":"https:\/\/jinhuaceramic.com\/fr\/wp-json\/wp\/v2\/product"}],"about":[{"href":"https:\/\/jinhuaceramic.com\/fr\/wp-json\/wp\/v2\/types\/product"}],"replies":[{"embeddable":true,"href":"https:\/\/jinhuaceramic.com\/fr\/wp-json\/wp\/v2\/comments?post=8268"}],"version-history":[{"count":0,"href":"https:\/\/jinhuaceramic.com\/fr\/wp-json\/wp\/v2\/product\/8268\/revisions"}],"wp:featuredmedia":[{"embeddable":true,"href":"https:\/\/jinhuaceramic.com\/fr\/wp-json\/wp\/v2\/media\/8275"}],"wp:attachment":[{"href":"https:\/\/jinhuaceramic.com\/fr\/wp-json\/wp\/v2\/media?parent=8268"}],"wp:term":[{"taxonomy":"product_brand","embeddable":true,"href":"https:\/\/jinhuaceramic.com\/fr\/wp-json\/wp\/v2\/product_brand?post=8268"},{"taxonomy":"product_cat","embeddable":true,"href":"https:\/\/jinhuaceramic.com\/fr\/wp-json\/wp\/v2\/product_cat?post=8268"},{"taxonomy":"product_tag","embeddable":true,"href":"https:\/\/jinhuaceramic.com\/fr\/wp-json\/wp\/v2\/product_tag?post=8268"}],"curies":[{"name":"wp","href":"https:\/\/api.w.org\/{rel}","templated":true}]}}