{"id":8279,"date":"2025-03-18T03:32:02","date_gmt":"2025-03-18T03:32:02","guid":{"rendered":"https:\/\/jinhuaceramic.com\/?post_type=product&#038;p=8279"},"modified":"2025-03-18T03:35:03","modified_gmt":"2025-03-18T03:35:03","slug":"white-tableware-wholesale","status":"publish","type":"product","link":"https:\/\/jinhuaceramic.com\/fr\/product\/white-tableware-wholesale\/","title":{"rendered":"Luxury White Tableware Wholesale, assiettes \u00e0 d\u00eener en c\u00e9ramique personnalis\u00e9es pour le mariage"},"content":{"rendered":"<div class=\"wp-block-columns is-layout-flex wp-container-core-columns-is-layout-9d6595d7 wp-block-columns-is-layout-flex\">\n<div class=\"wp-block-column is-layout-flow wp-block-column-is-layout-flow\">\n<h3 class=\"wp-block-heading\">Premium Luxury White Tableware Wholesale Caract\u00e9ristiques :<\/h3>\n\n\n\n<ul class=\"wp-block-list\">\n<li>Blanc \u00e9l\u00e9gant : Propre et \u00e9l\u00e9gante, cette vaisselle blanche en gros est une couleur traditionnelle et polyvalente qui pr\u00e9sente bien les aliments et s'accorde avec une grande vari\u00e9t\u00e9 de d\u00e9cors et d'am\u00e9nagements de table.<\/li>\n\n\n\n<li><strong>Design de luxe :<\/strong> Les bords de ces assiettes et bols en c\u00e9ramique personnalis\u00e9s sont d\u00e9cor\u00e9s d'un motif de cercles concentriques en relief, cr\u00e9ant un effet de superposition et de texture pour la vaisselle, excluant la fadeur du blanc. Le bord de la vaisselle est \u00e9galement dor\u00e9, ce qui lui conf\u00e8re luxe et \u00e9l\u00e9gance.<\/li>\n\n\n\n<li><strong>Mat\u00e9riau de haute qualit\u00e9 :<\/strong> Ces assiettes et bols en c\u00e9ramique personnalis\u00e9s sont fabriqu\u00e9s \u00e0 partir d'argile naturelle et cuits \u00e0 haute temp\u00e9rature, de sorte qu'aucun mat\u00e9riau nocif n'est utilis\u00e9 et qu'ils sont sans danger pour la sant\u00e9. Ces assiettes en c\u00e9ramique de haute qualit\u00e9 ont une bonne capacit\u00e9 de r\u00e9tention de la chaleur et peuvent conserver les aliments chauds pendant tr\u00e8s longtemps.<\/li>\n\n\n\n<li><strong>Pratique :<\/strong> Cet ensemble de vaisselle blanche en gros comprend un bol et deux assiettes de diff\u00e9rentes tailles pour servir diff\u00e9rents repas. Qu'il s'agisse de repas de banquet formels ou de repas quotidiens, cette vaisselle peut faire l'affaire.<\/li>\n<\/ul>\n<\/div>\n\n\n\n<div class=\"wp-block-column is-layout-flow wp-block-column-is-layout-flow\">\n<figure class=\"wp-block-image size-full\"><img fetchpriority=\"high\" decoding=\"async\" width=\"800\" height=\"800\" src=\"https:\/\/jinhuaceramic.com\/wp-content\/uploads\/2025\/03\/Luxury-White-Custom-Tableware-Bulk-Ceramic-Dinner-Plates-For-Wedding-4.webp\" alt=\"luxury-white-tableware-wholesale-custom-ceramic-dinner plates-for-wedding-1\" class=\"wp-image-8282\" srcset=\"https:\/\/jinhuaceramic.com\/wp-content\/uploads\/2025\/03\/Luxury-White-Custom-Tableware-Bulk-Ceramic-Dinner-Plates-For-Wedding-4.webp 800w, https:\/\/jinhuaceramic.com\/wp-content\/uploads\/2025\/03\/Luxury-White-Custom-Tableware-Bulk-Ceramic-Dinner-Plates-For-Wedding-4-300x300.webp 300w, https:\/\/jinhuaceramic.com\/wp-content\/uploads\/2025\/03\/Luxury-White-Custom-Tableware-Bulk-Ceramic-Dinner-Plates-For-Wedding-4-150x150.webp 150w, https:\/\/jinhuaceramic.com\/wp-content\/uploads\/2025\/03\/Luxury-White-Custom-Tableware-Bulk-Ceramic-Dinner-Plates-For-Wedding-4-768x768.webp 768w, https:\/\/jinhuaceramic.com\/wp-content\/uploads\/2025\/03\/Luxury-White-Custom-Tableware-Bulk-Ceramic-Dinner-Plates-For-Wedding-4-12x12.webp 12w, https:\/\/jinhuaceramic.com\/wp-content\/uploads\/2025\/03\/Luxury-White-Custom-Tableware-Bulk-Ceramic-Dinner-Plates-For-Wedding-4-285x285.webp 285w, https:\/\/jinhuaceramic.com\/wp-content\/uploads\/2025\/03\/Luxury-White-Custom-Tableware-Bulk-Ceramic-Dinner-Plates-For-Wedding-4-270x270.webp 270w, https:\/\/jinhuaceramic.com\/wp-content\/uploads\/2025\/03\/Luxury-White-Custom-Tableware-Bulk-Ceramic-Dinner-Plates-For-Wedding-4-540x540.webp 540w, https:\/\/jinhuaceramic.com\/wp-content\/uploads\/2025\/03\/Luxury-White-Custom-Tableware-Bulk-Ceramic-Dinner-Plates-For-Wedding-4-660x660.webp 660w\" sizes=\"(max-width: 800px) 100vw, 800px\" \/><\/figure>\n<\/div>\n<\/div>","protected":false},"excerpt":{"rendered":"<p>Bienvenue sur le site d'achat d'assiettes et de bols en c\u00e9ramique personnalis\u00e9s. Nous sommes sp\u00e9cialis\u00e9s dans la fourniture en gros de vaisselle blanche personnalis\u00e9e haut de gamme pour les banquets de mariage, les h\u00f4tels et les restaurants haut de gamme. Les besoins des repas quotidiens peuvent \u00eatre satisfaits par la coordination des bols et des assiettes. Par ailleurs, le mat\u00e9riau c\u00e9ramique est inoffensif et non toxique, avec une bonne r\u00e9tention de la chaleur. Cette vaisselle allie beaut\u00e9, praticit\u00e9 et durabilit\u00e9.<\/p>","protected":false},"featured_media":8285,"comment_status":"closed","ping_status":"closed","template":"","meta":{"_acf_changed":false},"product_brand":[],"product_cat":[83,54],"product_tag":[],"class_list":{"0":"post-8279","1":"product","2":"type-product","3":"status-publish","4":"has-post-thumbnail","6":"product_cat-wholesale-dinnerware-sets","7":"product_cat-tableware-wholesale","9":"first","10":"instock","11":"shipping-taxable","12":"product-type-simple"},"acf":[],"_links":{"self":[{"href":"https:\/\/jinhuaceramic.com\/fr\/wp-json\/wp\/v2\/product\/8279","targetHints":{"allow":["GET"]}}],"collection":[{"href":"https:\/\/jinhuaceramic.com\/fr\/wp-json\/wp\/v2\/product"}],"about":[{"href":"https:\/\/jinhuaceramic.com\/fr\/wp-json\/wp\/v2\/types\/product"}],"replies":[{"embeddable":true,"href":"https:\/\/jinhuaceramic.com\/fr\/wp-json\/wp\/v2\/comments?post=8279"}],"version-history":[{"count":0,"href":"https:\/\/jinhuaceramic.com\/fr\/wp-json\/wp\/v2\/product\/8279\/revisions"}],"wp:featuredmedia":[{"embeddable":true,"href":"https:\/\/jinhuaceramic.com\/fr\/wp-json\/wp\/v2\/media\/8285"}],"wp:attachment":[{"href":"https:\/\/jinhuaceramic.com\/fr\/wp-json\/wp\/v2\/media?parent=8279"}],"wp:term":[{"taxonomy":"product_brand","embeddable":true,"href":"https:\/\/jinhuaceramic.com\/fr\/wp-json\/wp\/v2\/product_brand?post=8279"},{"taxonomy":"product_cat","embeddable":true,"href":"https:\/\/jinhuaceramic.com\/fr\/wp-json\/wp\/v2\/product_cat?post=8279"},{"taxonomy":"product_tag","embeddable":true,"href":"https:\/\/jinhuaceramic.com\/fr\/wp-json\/wp\/v2\/product_tag?post=8279"}],"curies":[{"name":"wp","href":"https:\/\/api.w.org\/{rel}","templated":true}]}}