{"id":8302,"date":"2025-03-21T02:01:16","date_gmt":"2025-03-21T02:01:16","guid":{"rendered":"https:\/\/jinhuaceramic.com\/?post_type=product&#038;p=8302"},"modified":"2025-03-21T02:01:18","modified_gmt":"2025-03-21T02:01:18","slug":"wholesale-crockery","status":"publish","type":"product","link":"https:\/\/jinhuaceramic.com\/fr\/product\/wholesale-crockery\/","title":{"rendered":"Gris mat Vaisselle en gros, assiettes et bols en c\u00e9ramique en vrac"},"content":{"rendered":"<div class=\"wp-block-columns is-layout-flex wp-container-core-columns-is-layout-9d6595d7 wp-block-columns-is-layout-flex\">\n<div class=\"wp-block-column is-layout-flow wp-block-column-is-layout-flow\">\n<h3 class=\"wp-block-heading\">Premium Wholesale Crockery Caract\u00e9ristiques :<\/h3>\n\n\n\n<ul class=\"wp-block-list\">\n<li><strong>Esth\u00e9tique :<\/strong> Ces sets de vaisselle en gros ont un design minimaliste et moderne, avec des tons gris discrets et une ligne de bord brun-rouge, avec des tons gris p\u00e2le et une ligne de bord brun-rouge, ce qui ajoute un soup\u00e7on d'\u00e9l\u00e9gance aux couverts. De plus, ces sets de vaisselle en gros pr\u00e9sentent \u00e9galement une finition mate, qui n'est pas trop voyante et textur\u00e9e par rapport \u00e0 la finition brillante plus tendance.<\/li>\n\n\n\n<li><strong>Durabilit\u00e9 :<\/strong> Ces assiettes et bols en c\u00e9ramique r\u00e9sistent \u00e0 l'acide, au froid et \u00e0 la chaleur, et leur r\u00e9sistance est durable. Ils ne se d\u00e9forment pas \u00e0 l'usage et r\u00e9sistent aux rayures des couteaux et des fourchettes.<\/li>\n\n\n\n<li><strong>La s\u00e9curit\u00e9 : <\/strong>Ces services de vaisselle en gros sont fabriqu\u00e9s \u00e0 partir d'argile naturelle pure et de gla\u00e7ure non toxique. Ils ne contiennent pas de produits chimiques nocifs tels que le cadmium et le plomb et peuvent donc \u00eatre mis en contact avec des denr\u00e9es alimentaires sans danger et en toute bonne foi.<\/li>\n\n\n\n<li><strong>Pratique : <\/strong>Ces assiettes et bols en c\u00e9ramique se composent d'assiettes et de bols de diff\u00e9rentes tailles, qui peuvent r\u00e9pondre aux besoins de divers types de repas r\u00e9guliers, par exemple le riz, la soupe et les plats. Ils conviennent parfaitement aux situations de repas sociaux, comme les repas de famille et les r\u00e9unions entre amis.<\/li>\n<\/ul>\n<\/div>\n\n\n\n<div class=\"wp-block-column is-layout-flow wp-block-column-is-layout-flow\">\n<figure class=\"wp-block-image size-full\"><img fetchpriority=\"high\" decoding=\"async\" width=\"1200\" height=\"1600\" src=\"https:\/\/jinhuaceramic.com\/wp-content\/uploads\/2025\/03\/Matte-Gray-Wholesale-Crockery-Set-Custom-Dinner-Services-Tableware-5.webp\" alt=\"Vaisselle de gros gris mat, assiettes et bols en c\u00e9ramique en vrac-5\" class=\"wp-image-8306\" srcset=\"https:\/\/jinhuaceramic.com\/wp-content\/uploads\/2025\/03\/Matte-Gray-Wholesale-Crockery-Set-Custom-Dinner-Services-Tableware-5.webp 1200w, https:\/\/jinhuaceramic.com\/wp-content\/uploads\/2025\/03\/Matte-Gray-Wholesale-Crockery-Set-Custom-Dinner-Services-Tableware-5-225x300.webp 225w, https:\/\/jinhuaceramic.com\/wp-content\/uploads\/2025\/03\/Matte-Gray-Wholesale-Crockery-Set-Custom-Dinner-Services-Tableware-5-768x1024.webp 768w, https:\/\/jinhuaceramic.com\/wp-content\/uploads\/2025\/03\/Matte-Gray-Wholesale-Crockery-Set-Custom-Dinner-Services-Tableware-5-9x12.webp 9w, https:\/\/jinhuaceramic.com\/wp-content\/uploads\/2025\/03\/Matte-Gray-Wholesale-Crockery-Set-Custom-Dinner-Services-Tableware-5-285x380.webp 285w, https:\/\/jinhuaceramic.com\/wp-content\/uploads\/2025\/03\/Matte-Gray-Wholesale-Crockery-Set-Custom-Dinner-Services-Tableware-5-495x660.webp 495w, https:\/\/jinhuaceramic.com\/wp-content\/uploads\/2025\/03\/Matte-Gray-Wholesale-Crockery-Set-Custom-Dinner-Services-Tableware-5-113x150.webp 113w\" sizes=\"(max-width: 1200px) 100vw, 1200px\" \/><\/figure>\n<\/div>\n<\/div>\n\n\n\n<p><\/p>","protected":false},"excerpt":{"rendered":"<p>Bienvenue dans l'achat de vaisselle en gros. Ces assiettes et bols en c\u00e9ramique gris mat en vrac sont fabriqu\u00e9s en gr\u00e8s de haute qualit\u00e9, ce qui garantit leur durabilit\u00e9 et leur s\u00e9curit\u00e9. Le nouveau style gris mat et les lignes de bord brun rouge\u00e2tre garantissent qu'ils r\u00e9pondent aux besoins des repas quotidiens et sont en harmonie avec l'aspect g\u00e9n\u00e9ral de la table \u00e0 manger, offrant aux clients une atmosph\u00e8re de repas d\u00e9contract\u00e9e et \u00e9l\u00e9gante.<\/p>","protected":false},"featured_media":8304,"comment_status":"closed","ping_status":"closed","template":"","meta":{"_acf_changed":false},"product_brand":[],"product_cat":[83,54],"product_tag":[],"class_list":{"0":"post-8302","1":"product","2":"type-product","3":"status-publish","4":"has-post-thumbnail","6":"product_cat-wholesale-dinnerware-sets","7":"product_cat-tableware-wholesale","9":"first","10":"instock","11":"shipping-taxable","12":"product-type-simple"},"acf":[],"_links":{"self":[{"href":"https:\/\/jinhuaceramic.com\/fr\/wp-json\/wp\/v2\/product\/8302","targetHints":{"allow":["GET"]}}],"collection":[{"href":"https:\/\/jinhuaceramic.com\/fr\/wp-json\/wp\/v2\/product"}],"about":[{"href":"https:\/\/jinhuaceramic.com\/fr\/wp-json\/wp\/v2\/types\/product"}],"replies":[{"embeddable":true,"href":"https:\/\/jinhuaceramic.com\/fr\/wp-json\/wp\/v2\/comments?post=8302"}],"version-history":[{"count":0,"href":"https:\/\/jinhuaceramic.com\/fr\/wp-json\/wp\/v2\/product\/8302\/revisions"}],"wp:featuredmedia":[{"embeddable":true,"href":"https:\/\/jinhuaceramic.com\/fr\/wp-json\/wp\/v2\/media\/8304"}],"wp:attachment":[{"href":"https:\/\/jinhuaceramic.com\/fr\/wp-json\/wp\/v2\/media?parent=8302"}],"wp:term":[{"taxonomy":"product_brand","embeddable":true,"href":"https:\/\/jinhuaceramic.com\/fr\/wp-json\/wp\/v2\/product_brand?post=8302"},{"taxonomy":"product_cat","embeddable":true,"href":"https:\/\/jinhuaceramic.com\/fr\/wp-json\/wp\/v2\/product_cat?post=8302"},{"taxonomy":"product_tag","embeddable":true,"href":"https:\/\/jinhuaceramic.com\/fr\/wp-json\/wp\/v2\/product_tag?post=8302"}],"curies":[{"name":"wp","href":"https:\/\/api.w.org\/{rel}","templated":true}]}}