{"id":8320,"date":"2025-03-21T01:23:37","date_gmt":"2025-03-21T01:23:37","guid":{"rendered":"https:\/\/jinhuaceramic.com\/?post_type=product&#038;p=8320"},"modified":"2025-03-21T01:23:38","modified_gmt":"2025-03-21T01:23:38","slug":"commercial-dinnerware-wholesale","status":"publish","type":"product","link":"https:\/\/jinhuaceramic.com\/fr\/product\/commercial-dinnerware-wholesale\/","title":{"rendered":"Grey Commercial Dinnerware Wholesale, Catering Supplies Crockery (vaisselle commerciale grise)"},"content":{"rendered":"<div class=\"wp-block-columns is-layout-flex wp-container-core-columns-is-layout-9d6595d7 wp-block-columns-is-layout-flex\">\n<div class=\"wp-block-column is-layout-flow wp-block-column-is-layout-flow\">\n<h3 class=\"wp-block-heading\">Vaisselle commerciale de qualit\u00e9 sup\u00e9rieure Caract\u00e9ristiques en gros :<\/h3>\n\n\n\n<ul class=\"wp-block-list\">\n<li><strong>Design \u00e9l\u00e9gant :<\/strong> Le design de cette vaisselle commerciale en gros est simple et \u00e9l\u00e9gant, et la couleur gris-bleu est sobre et paisible. Le gla\u00e7age de la vaisselle n'est pas d'une seule couleur, mais pr\u00e9sente des variations subtiles de texture et de profondeur de couleur.<\/li>\n\n\n\n<li><strong>Mat\u00e9riau de haute qualit\u00e9 :<\/strong> Notre vaisselle de restauration en vrac est fabriqu\u00e9e en argile c\u00e9ramique naturelle de haute puret\u00e9 et cuite \u00e0 haute temp\u00e9rature. Elle est donc durable, inusable et poss\u00e8de une longue dur\u00e9e de vie. Ils peuvent \u00eatre utilis\u00e9s \u00e0 des temp\u00e9ratures \u00e9lev\u00e9es ou basses, et peuvent \u00eatre utilis\u00e9s en toute s\u00e9curit\u00e9 dans les micro-ondes, les fours, les friteuses et les r\u00e9frig\u00e9rateurs.<\/li>\n\n\n\n<li><strong>Ensemble multi-pi\u00e8ces :<\/strong> Cette vaisselle commerciale en gros se d\u00e9cline en diff\u00e9rentes tailles d'assiettes et de bols pour r\u00e9pondre aux besoins des repas familiaux quotidiens et des banquets. Ils peuvent \u00eatre utilis\u00e9s \u00e0 la maison et dans les locaux professionnels tels que les restaurants et les h\u00f4tels.<\/li>\n\n\n\n<li><strong>Facile \u00e0 nettoyer : <\/strong>Cette vaisselle de restauration en vrac poss\u00e8de un gla\u00e7age lisse, les taches ne partent pas facilement et elle est facile \u00e0 nettoyer. En outre, cette vaisselle peut \u00eatre nettoy\u00e9e au lave-vaisselle, ce qui permet aux utilisateurs d'\u00e9conomiser du temps et de l'\u00e9nergie.<\/li>\n<\/ul>\n<\/div>\n\n\n\n<div class=\"wp-block-column is-layout-flow wp-block-column-is-layout-flow\">\n<figure class=\"wp-block-image size-full\"><img fetchpriority=\"high\" decoding=\"async\" width=\"1200\" height=\"1200\" src=\"https:\/\/jinhuaceramic.com\/wp-content\/uploads\/2025\/03\/High-End-Wholesale-Dinnerware-Custom-Tableware-Ceramic-Dinner-Service-7.webp\" alt=\"Vaisselle commerciale grise Wholesale, Catering Supplies Crockery-1\" class=\"wp-image-8326\" srcset=\"https:\/\/jinhuaceramic.com\/wp-content\/uploads\/2025\/03\/High-End-Wholesale-Dinnerware-Custom-Tableware-Ceramic-Dinner-Service-7.webp 1200w, https:\/\/jinhuaceramic.com\/wp-content\/uploads\/2025\/03\/High-End-Wholesale-Dinnerware-Custom-Tableware-Ceramic-Dinner-Service-7-300x300.webp 300w, https:\/\/jinhuaceramic.com\/wp-content\/uploads\/2025\/03\/High-End-Wholesale-Dinnerware-Custom-Tableware-Ceramic-Dinner-Service-7-150x150.webp 150w, https:\/\/jinhuaceramic.com\/wp-content\/uploads\/2025\/03\/High-End-Wholesale-Dinnerware-Custom-Tableware-Ceramic-Dinner-Service-7-768x768.webp 768w, https:\/\/jinhuaceramic.com\/wp-content\/uploads\/2025\/03\/High-End-Wholesale-Dinnerware-Custom-Tableware-Ceramic-Dinner-Service-7-12x12.webp 12w, https:\/\/jinhuaceramic.com\/wp-content\/uploads\/2025\/03\/High-End-Wholesale-Dinnerware-Custom-Tableware-Ceramic-Dinner-Service-7-285x285.webp 285w, https:\/\/jinhuaceramic.com\/wp-content\/uploads\/2025\/03\/High-End-Wholesale-Dinnerware-Custom-Tableware-Ceramic-Dinner-Service-7-270x270.webp 270w, https:\/\/jinhuaceramic.com\/wp-content\/uploads\/2025\/03\/High-End-Wholesale-Dinnerware-Custom-Tableware-Ceramic-Dinner-Service-7-540x540.webp 540w, https:\/\/jinhuaceramic.com\/wp-content\/uploads\/2025\/03\/High-End-Wholesale-Dinnerware-Custom-Tableware-Ceramic-Dinner-Service-7-660x660.webp 660w\" sizes=\"(max-width: 1200px) 100vw, 1200px\" \/><\/figure>\n<\/div>\n<\/div>","protected":false},"excerpt":{"rendered":"<p>Bienvenue \u00e0 l'achat de vaisselle de restauration en vrac. Cette vaisselle commerciale en gros est id\u00e9ale pour les repas de tous les jours car elle est durable, a un aspect particulier, est compos\u00e9e de plusieurs pi\u00e8ces et est facile \u00e0 nettoyer. La combinaison d'une apparence sp\u00e9ciale et d'une bonne utilisation peut rendre l'exp\u00e9rience du d\u00eener plus agr\u00e9able et ajouter une ambiance naturelle et personnalis\u00e9e \u00e0 la table.<\/p>","protected":false},"featured_media":8323,"comment_status":"closed","ping_status":"closed","template":"","meta":{"_acf_changed":false},"product_brand":[],"product_cat":[83,54],"product_tag":[],"class_list":{"0":"post-8320","1":"product","2":"type-product","3":"status-publish","4":"has-post-thumbnail","6":"product_cat-wholesale-dinnerware-sets","7":"product_cat-tableware-wholesale","9":"first","10":"instock","11":"shipping-taxable","12":"product-type-simple"},"acf":[],"_links":{"self":[{"href":"https:\/\/jinhuaceramic.com\/fr\/wp-json\/wp\/v2\/product\/8320","targetHints":{"allow":["GET"]}}],"collection":[{"href":"https:\/\/jinhuaceramic.com\/fr\/wp-json\/wp\/v2\/product"}],"about":[{"href":"https:\/\/jinhuaceramic.com\/fr\/wp-json\/wp\/v2\/types\/product"}],"replies":[{"embeddable":true,"href":"https:\/\/jinhuaceramic.com\/fr\/wp-json\/wp\/v2\/comments?post=8320"}],"version-history":[{"count":0,"href":"https:\/\/jinhuaceramic.com\/fr\/wp-json\/wp\/v2\/product\/8320\/revisions"}],"wp:featuredmedia":[{"embeddable":true,"href":"https:\/\/jinhuaceramic.com\/fr\/wp-json\/wp\/v2\/media\/8323"}],"wp:attachment":[{"href":"https:\/\/jinhuaceramic.com\/fr\/wp-json\/wp\/v2\/media?parent=8320"}],"wp:term":[{"taxonomy":"product_brand","embeddable":true,"href":"https:\/\/jinhuaceramic.com\/fr\/wp-json\/wp\/v2\/product_brand?post=8320"},{"taxonomy":"product_cat","embeddable":true,"href":"https:\/\/jinhuaceramic.com\/fr\/wp-json\/wp\/v2\/product_cat?post=8320"},{"taxonomy":"product_tag","embeddable":true,"href":"https:\/\/jinhuaceramic.com\/fr\/wp-json\/wp\/v2\/product_tag?post=8320"}],"curies":[{"name":"wp","href":"https:\/\/api.w.org\/{rel}","templated":true}]}}