{"id":8330,"date":"2025-03-20T10:28:44","date_gmt":"2025-03-20T10:28:44","guid":{"rendered":"https:\/\/jinhuaceramic.com\/?post_type=product&#038;p=8330"},"modified":"2025-03-20T10:28:45","modified_gmt":"2025-03-20T10:28:45","slug":"wholesale-white-dinnerware","status":"publish","type":"product","link":"https:\/\/jinhuaceramic.com\/fr\/product\/wholesale-white-dinnerware\/","title":{"rendered":"Wholesale White Dinnerware, Gold Rim Plates and Bowls Bulk (vaisselle blanche, assiettes et bols \u00e0 bord dor\u00e9)"},"content":{"rendered":"<div class=\"wp-block-columns is-layout-flex wp-container-core-columns-is-layout-9d6595d7 wp-block-columns-is-layout-flex\">\n<div class=\"wp-block-column is-layout-flow wp-block-column-is-layout-flow\">\n<h3 class=\"wp-block-heading\">Vaisselle blanche en gros de premi\u00e8re qualit\u00e9 Caract\u00e9ristiques :<\/h3>\n\n\n\n<ul class=\"wp-block-list\">\n<li><strong>Design moderne : <\/strong>Cette vaisselle blanche en gros est \u00e9l\u00e9gante et contemporaine, et la couleur blanche nette est intemporelle et classiquement \u00e9l\u00e9gante, ce qui permet de faire ressortir la couleur des aliments. Le bord de chaque vaisselle est orn\u00e9 d'une fine ligne dor\u00e9e qui ajoute une touche d'\u00e9l\u00e9gance et de luxe subtil.<\/li>\n\n\n\n<li><strong>S\u00fbr et durable : <\/strong>Ces assiettes et bols en vrac \u00e0 bord dor\u00e9 sont fabriqu\u00e9s \u00e0 partir de mat\u00e9riaux naturels, exempts de produits chimiques toxiques, et peuvent \u00eatre utilis\u00e9s en toute s\u00e9curit\u00e9 pour servir des aliments. Ces articles de table sont tr\u00e8s cuits, solides et robustes, difficiles \u00e0 \u00e9br\u00e9cher et \u00e0 rayer, et durent longtemps en tant qu'objet de service.<\/li>\n\n\n\n<li><strong>Une grande praticit\u00e9 : <\/strong>Ces services de vaisselle blanche en gros comprennent des assiettes et des bols de diff\u00e9rentes tailles pour r\u00e9pondre aux besoins vari\u00e9s des repas quotidiens. Des bols en c\u00e9ramique pour les c\u00e9r\u00e9ales, les fruits, la soupe et le riz, de grandes assiettes pour les plats principaux tels que le steak et les p\u00e2tes, et de petites assiettes pour les accompagnements.<\/li>\n\n\n\n<li><strong>Large application : <\/strong>Ces assiettes et bols en vrac, \u00e9l\u00e9gants et modernes, sont parfaits pour toutes les situations, qu'il s'agisse de repas quotidiens ou de r\u00e9ceptions. Elles peuvent \u00eatre utilis\u00e9es au quotidien dans la maison ou pour servir dans des restaurants ou des h\u00f4tels de classe.<\/li>\n<\/ul>\n<\/div>\n\n\n\n<div class=\"wp-block-column is-layout-flow wp-block-column-is-layout-flow\">\n<figure class=\"wp-block-image size-full\"><img fetchpriority=\"high\" decoding=\"async\" width=\"2000\" height=\"2000\" src=\"https:\/\/jinhuaceramic.com\/wp-content\/uploads\/2025\/03\/Modern-White-Wholesale-Tableware-Custom-Cereal-Bowl-And-Dinner-Plates-2.webp\" alt=\"Wholesale White Dinnerware, Gold Rim Plates and Bowls Bulk-3 (vaisselle blanche, assiettes et bols \u00e0 bord dor\u00e9)\" class=\"wp-image-8331\" srcset=\"https:\/\/jinhuaceramic.com\/wp-content\/uploads\/2025\/03\/Modern-White-Wholesale-Tableware-Custom-Cereal-Bowl-And-Dinner-Plates-2.webp 2000w, https:\/\/jinhuaceramic.com\/wp-content\/uploads\/2025\/03\/Modern-White-Wholesale-Tableware-Custom-Cereal-Bowl-And-Dinner-Plates-2-300x300.webp 300w, https:\/\/jinhuaceramic.com\/wp-content\/uploads\/2025\/03\/Modern-White-Wholesale-Tableware-Custom-Cereal-Bowl-And-Dinner-Plates-2-150x150.webp 150w, https:\/\/jinhuaceramic.com\/wp-content\/uploads\/2025\/03\/Modern-White-Wholesale-Tableware-Custom-Cereal-Bowl-And-Dinner-Plates-2-768x768.webp 768w, https:\/\/jinhuaceramic.com\/wp-content\/uploads\/2025\/03\/Modern-White-Wholesale-Tableware-Custom-Cereal-Bowl-And-Dinner-Plates-2-12x12.webp 12w, https:\/\/jinhuaceramic.com\/wp-content\/uploads\/2025\/03\/Modern-White-Wholesale-Tableware-Custom-Cereal-Bowl-And-Dinner-Plates-2-285x285.webp 285w, https:\/\/jinhuaceramic.com\/wp-content\/uploads\/2025\/03\/Modern-White-Wholesale-Tableware-Custom-Cereal-Bowl-And-Dinner-Plates-2-1600x1600.webp 1600w, https:\/\/jinhuaceramic.com\/wp-content\/uploads\/2025\/03\/Modern-White-Wholesale-Tableware-Custom-Cereal-Bowl-And-Dinner-Plates-2-270x270.webp 270w, https:\/\/jinhuaceramic.com\/wp-content\/uploads\/2025\/03\/Modern-White-Wholesale-Tableware-Custom-Cereal-Bowl-And-Dinner-Plates-2-540x540.webp 540w, https:\/\/jinhuaceramic.com\/wp-content\/uploads\/2025\/03\/Modern-White-Wholesale-Tableware-Custom-Cereal-Bowl-And-Dinner-Plates-2-660x660.webp 660w\" sizes=\"(max-width: 2000px) 100vw, 2000px\" \/><\/figure>\n<\/div>\n<\/div>","protected":false},"excerpt":{"rendered":"<p>Bienvenue dans l'achat d'assiettes et de bols en vrac. Ces services de vaisselle blancs en gros avec bordures dor\u00e9es offrent une sensibilit\u00e9 au design moderne ainsi qu'une excellente fonctionnalit\u00e9. Le fond blanc net avec une bordure dor\u00e9e d\u00e9licate est \u00e9l\u00e9gant et peut compl\u00e9ter l'espace de repas.<\/p>","protected":false},"featured_media":8332,"comment_status":"closed","ping_status":"closed","template":"","meta":{"_acf_changed":false},"product_brand":[],"product_cat":[83,54],"product_tag":[],"class_list":{"0":"post-8330","1":"product","2":"type-product","3":"status-publish","4":"has-post-thumbnail","6":"product_cat-wholesale-dinnerware-sets","7":"product_cat-tableware-wholesale","9":"first","10":"instock","11":"shipping-taxable","12":"product-type-simple"},"acf":[],"_links":{"self":[{"href":"https:\/\/jinhuaceramic.com\/fr\/wp-json\/wp\/v2\/product\/8330","targetHints":{"allow":["GET"]}}],"collection":[{"href":"https:\/\/jinhuaceramic.com\/fr\/wp-json\/wp\/v2\/product"}],"about":[{"href":"https:\/\/jinhuaceramic.com\/fr\/wp-json\/wp\/v2\/types\/product"}],"replies":[{"embeddable":true,"href":"https:\/\/jinhuaceramic.com\/fr\/wp-json\/wp\/v2\/comments?post=8330"}],"version-history":[{"count":0,"href":"https:\/\/jinhuaceramic.com\/fr\/wp-json\/wp\/v2\/product\/8330\/revisions"}],"wp:featuredmedia":[{"embeddable":true,"href":"https:\/\/jinhuaceramic.com\/fr\/wp-json\/wp\/v2\/media\/8332"}],"wp:attachment":[{"href":"https:\/\/jinhuaceramic.com\/fr\/wp-json\/wp\/v2\/media?parent=8330"}],"wp:term":[{"taxonomy":"product_brand","embeddable":true,"href":"https:\/\/jinhuaceramic.com\/fr\/wp-json\/wp\/v2\/product_brand?post=8330"},{"taxonomy":"product_cat","embeddable":true,"href":"https:\/\/jinhuaceramic.com\/fr\/wp-json\/wp\/v2\/product_cat?post=8330"},{"taxonomy":"product_tag","embeddable":true,"href":"https:\/\/jinhuaceramic.com\/fr\/wp-json\/wp\/v2\/product_tag?post=8330"}],"curies":[{"name":"wp","href":"https:\/\/api.w.org\/{rel}","templated":true}]}}