{"id":8351,"date":"2025-03-22T08:24:33","date_gmt":"2025-03-22T08:24:33","guid":{"rendered":"https:\/\/jinhuaceramic.com\/?post_type=product&#038;p=8351"},"modified":"2025-03-22T08:24:34","modified_gmt":"2025-03-22T08:24:34","slug":"restaurant-dinnerware-wholesale","status":"publish","type":"product","link":"https:\/\/jinhuaceramic.com\/fr\/product\/restaurant-dinnerware-wholesale\/","title":{"rendered":"Vaisselle de restaurant en gros, Vaisselle vert mat en vrac"},"content":{"rendered":"<div class=\"wp-block-columns is-layout-flex wp-container-core-columns-is-layout-9d6595d7 wp-block-columns-is-layout-flex\">\n<div class=\"wp-block-column is-layout-flow wp-block-column-is-layout-flow\">\n<h3 class=\"wp-block-heading\">Premium Matte Green Restaurant Dinnerware Wholesale Caract\u00e9ristiques :<\/h3>\n\n\n\n<ul class=\"wp-block-list\">\n<li><strong>Design \u00e9l\u00e9gant : <\/strong>Cette vaisselle de restaurant en gros est d'une teinte vert fonc\u00e9 mat, ni criarde ni exag\u00e9r\u00e9e, et offre une exp\u00e9rience gastronomique chaleureuse et accueillante. Les bords l\u00e9g\u00e8rement ondul\u00e9s et le subtil d\u00e9grad\u00e9 granuleux de la gla\u00e7ure apportent une touche de sophistication artisanale \u00e0 la vaisselle.<\/li>\n\n\n\n<li><strong>Mat\u00e9riau de haute qualit\u00e9 :<\/strong> Ces articles de table en c\u00e9ramique en vrac sont fabriqu\u00e9s en c\u00e9ramique naturelle et non toxique cuite \u00e0 haute temp\u00e9rature. Ils sont suffisamment solides pour r\u00e9sister \u00e0 la chaleur des aliments chauds, ont une bonne r\u00e9sistance \u00e0 la chaleur et peuvent \u00eatre utilis\u00e9s en toute s\u00e9curit\u00e9 dans des environnements \u00e0 haute temp\u00e9rature tels que les fours \u00e0 micro-ondes et les fours.<\/li>\n\n\n\n<li><strong>Une grande praticit\u00e9 : <\/strong>Cette vaisselle de restaurant mate en gros est fournie avec des assiettes plates et des bols \u00e0 soupe de diff\u00e9rentes tailles. Ces assiettes et bols en gros permettent de r\u00e9pondre aux besoins quotidiens sans donner l'impression d'\u00eatre en d\u00e9sordre.<\/li>\n\n\n\n<li><strong>Le souci du d\u00e9tail : <\/strong>La texture de cette vaisselle en c\u00e9ramique en vrac est extr\u00eamement \u00e9paisse, ce qui renforce la solidit\u00e9 de la vaisselle, r\u00e9duit le risque de casse et am\u00e9liore la qualit\u00e9 de la vaisselle. L'\u00e9mail de la vaisselle est uni et lisse, ce qui est non seulement esth\u00e9tique mais aussi facile \u00e0 nettoyer.<\/li>\n<\/ul>\n<\/div>\n\n\n\n<div class=\"wp-block-column is-layout-flow wp-block-column-is-layout-flow\">\n<figure class=\"wp-block-image size-full\"><img fetchpriority=\"high\" decoding=\"async\" width=\"2000\" height=\"2000\" src=\"https:\/\/jinhuaceramic.com\/wp-content\/uploads\/2025\/03\/Matte-Green-Wholesale-Dinnerware-Custom-Tableware-Bulk-Ceramic-Plates-6.webp\" alt=\"Vaisselle de restaurant en gros, Vaisselle verte mate en vrac-3\" class=\"wp-image-8356\" srcset=\"https:\/\/jinhuaceramic.com\/wp-content\/uploads\/2025\/03\/Matte-Green-Wholesale-Dinnerware-Custom-Tableware-Bulk-Ceramic-Plates-6.webp 2000w, https:\/\/jinhuaceramic.com\/wp-content\/uploads\/2025\/03\/Matte-Green-Wholesale-Dinnerware-Custom-Tableware-Bulk-Ceramic-Plates-6-300x300.webp 300w, https:\/\/jinhuaceramic.com\/wp-content\/uploads\/2025\/03\/Matte-Green-Wholesale-Dinnerware-Custom-Tableware-Bulk-Ceramic-Plates-6-150x150.webp 150w, https:\/\/jinhuaceramic.com\/wp-content\/uploads\/2025\/03\/Matte-Green-Wholesale-Dinnerware-Custom-Tableware-Bulk-Ceramic-Plates-6-768x768.webp 768w, https:\/\/jinhuaceramic.com\/wp-content\/uploads\/2025\/03\/Matte-Green-Wholesale-Dinnerware-Custom-Tableware-Bulk-Ceramic-Plates-6-12x12.webp 12w, https:\/\/jinhuaceramic.com\/wp-content\/uploads\/2025\/03\/Matte-Green-Wholesale-Dinnerware-Custom-Tableware-Bulk-Ceramic-Plates-6-285x285.webp 285w, https:\/\/jinhuaceramic.com\/wp-content\/uploads\/2025\/03\/Matte-Green-Wholesale-Dinnerware-Custom-Tableware-Bulk-Ceramic-Plates-6-1600x1600.webp 1600w, https:\/\/jinhuaceramic.com\/wp-content\/uploads\/2025\/03\/Matte-Green-Wholesale-Dinnerware-Custom-Tableware-Bulk-Ceramic-Plates-6-270x270.webp 270w, https:\/\/jinhuaceramic.com\/wp-content\/uploads\/2025\/03\/Matte-Green-Wholesale-Dinnerware-Custom-Tableware-Bulk-Ceramic-Plates-6-540x540.webp 540w, https:\/\/jinhuaceramic.com\/wp-content\/uploads\/2025\/03\/Matte-Green-Wholesale-Dinnerware-Custom-Tableware-Bulk-Ceramic-Plates-6-660x660.webp 660w\" sizes=\"(max-width: 2000px) 100vw, 2000px\" \/><\/figure>\n<\/div>\n<\/div>","protected":false},"excerpt":{"rendered":"<p>Nous vous invitons \u00e0 acheter de la vaisselle en c\u00e9ramique en gros. Notre vaisselle de restaurant vert mat en gros se caract\u00e9rise par un design simple mais \u00e9l\u00e9gant, et elle est disponible pour diff\u00e9rents styles de d\u00e9coration de table. L'ensemble d'assiettes et de bols est disponible pour un usage quotidien. Il convient aux d\u00eeners familiaux quotidiens ou aux r\u00e9ceptions d'invit\u00e9s et peut \u00eatre utilis\u00e9 \u00e0 diverses occasions.<\/p>","protected":false},"featured_media":8353,"comment_status":"closed","ping_status":"closed","template":"","meta":{"_acf_changed":false},"product_brand":[],"product_cat":[83,54],"product_tag":[],"class_list":{"0":"post-8351","1":"product","2":"type-product","3":"status-publish","4":"has-post-thumbnail","6":"product_cat-wholesale-dinnerware-sets","7":"product_cat-tableware-wholesale","9":"first","10":"instock","11":"shipping-taxable","12":"product-type-simple"},"acf":[],"_links":{"self":[{"href":"https:\/\/jinhuaceramic.com\/fr\/wp-json\/wp\/v2\/product\/8351","targetHints":{"allow":["GET"]}}],"collection":[{"href":"https:\/\/jinhuaceramic.com\/fr\/wp-json\/wp\/v2\/product"}],"about":[{"href":"https:\/\/jinhuaceramic.com\/fr\/wp-json\/wp\/v2\/types\/product"}],"replies":[{"embeddable":true,"href":"https:\/\/jinhuaceramic.com\/fr\/wp-json\/wp\/v2\/comments?post=8351"}],"version-history":[{"count":0,"href":"https:\/\/jinhuaceramic.com\/fr\/wp-json\/wp\/v2\/product\/8351\/revisions"}],"wp:featuredmedia":[{"embeddable":true,"href":"https:\/\/jinhuaceramic.com\/fr\/wp-json\/wp\/v2\/media\/8353"}],"wp:attachment":[{"href":"https:\/\/jinhuaceramic.com\/fr\/wp-json\/wp\/v2\/media?parent=8351"}],"wp:term":[{"taxonomy":"product_brand","embeddable":true,"href":"https:\/\/jinhuaceramic.com\/fr\/wp-json\/wp\/v2\/product_brand?post=8351"},{"taxonomy":"product_cat","embeddable":true,"href":"https:\/\/jinhuaceramic.com\/fr\/wp-json\/wp\/v2\/product_cat?post=8351"},{"taxonomy":"product_tag","embeddable":true,"href":"https:\/\/jinhuaceramic.com\/fr\/wp-json\/wp\/v2\/product_tag?post=8351"}],"curies":[{"name":"wp","href":"https:\/\/api.w.org\/{rel}","templated":true}]}}