{"id":8361,"date":"2025-03-22T08:13:32","date_gmt":"2025-03-22T08:13:32","guid":{"rendered":"https:\/\/jinhuaceramic.com\/?post_type=product&#038;p=8361"},"modified":"2025-03-22T08:13:35","modified_gmt":"2025-03-22T08:13:35","slug":"crockery-wholesale","status":"publish","type":"product","link":"https:\/\/jinhuaceramic.com\/fr\/product\/crockery-wholesale\/","title":{"rendered":"Vaisselle bicolore Wholesale, Services de table en c\u00e9ramique personnalis\u00e9s"},"content":{"rendered":"<div class=\"wp-block-columns is-layout-flex wp-container-core-columns-is-layout-9d6595d7 wp-block-columns-is-layout-flex\">\n<div class=\"wp-block-column is-layout-flow wp-block-column-is-layout-flow\">\n<h3 class=\"wp-block-heading\">Vaisselle bicolore de qualit\u00e9 sup\u00e9rieure Caract\u00e9ristiques de gros :<\/h3>\n\n\n\n<ul class=\"wp-block-list\">\n<li><strong>Correspondance \u00e9l\u00e9gante des couleurs : <\/strong>Ces ensembles de vaisselle en gros sont beiges \u00e0 l'ext\u00e9rieur et vert clair \u00e0 l'int\u00e9rieur, avec des couches plus \u00e9paisses qu'une seule couleur, ce qui leur conf\u00e8re une impression de douceur et de fra\u00eecheur. Les lignes brunes le long du bord de chaque assiette et bol apportent un air de chaleur et de couleur terre \u00e0 la couleur claire globale, ce qui la rend raffin\u00e9e.<\/li>\n\n\n\n<li><strong>Mat\u00e9riau durable : <\/strong>Ces sets de table en c\u00e9ramique personnalis\u00e9s sont fabriqu\u00e9s \u00e0 partir d'un mat\u00e9riau c\u00e9ramique durable de premi\u00e8re qualit\u00e9, qui est robuste et durable, et qui r\u00e9sistera aux rayures et \u00e0 l'abrasion dues \u00e0 un usage r\u00e9gulier, et qui restera \u00e9galement durable pendant une longue p\u00e9riode.<\/li>\n\n\n\n<li><strong>Une grande praticit\u00e9 : <\/strong>Notre vaisselle bicolore en gros comporte deux tailles d'assiettes et deux tailles de bols, ce qui vous permet de choisir les r\u00e9cipients correspondants pour diff\u00e9rentes cat\u00e9gories de plats afin de r\u00e9pondre \u00e0 des besoins plus vari\u00e9s en mati\u00e8re de repas. La grande assiette peut \u00eatre utilis\u00e9e pour le plat principal, la petite assiette pour les accompagnements, le grand bol pour la salade ou les p\u00e2tes, et le petit bol pour la soupe, le riz, les c\u00e9r\u00e9ales, etc.<\/li>\n\n\n\n<li><strong>Facile \u00e0 nettoyer : <\/strong>Ces services de table en c\u00e9ramique personnalis\u00e9s pr\u00e9sentent une finition satin\u00e9e qui ne retient pas les \u00e9claboussures et les taches de nourriture, ce qui les rend faciles \u00e0 nettoyer et compatibles avec le lave-vaisselle.<\/li>\n<\/ul>\n<\/div>\n\n\n\n<div class=\"wp-block-column is-layout-flow wp-block-column-is-layout-flow\">\n<figure class=\"wp-block-image size-full\"><img fetchpriority=\"high\" decoding=\"async\" width=\"800\" height=\"800\" src=\"https:\/\/jinhuaceramic.com\/wp-content\/uploads\/2025\/03\/Two-Tone-Custom-Crockery-Set-Wholesale-Tableware-Dinner-Plates-And-Bowls-6.webp\" alt=\"Vaisselle bicolore Wholesale, Custom Ceramic Dinner Sets-1\" class=\"wp-image-8366\" srcset=\"https:\/\/jinhuaceramic.com\/wp-content\/uploads\/2025\/03\/Two-Tone-Custom-Crockery-Set-Wholesale-Tableware-Dinner-Plates-And-Bowls-6.webp 800w, https:\/\/jinhuaceramic.com\/wp-content\/uploads\/2025\/03\/Two-Tone-Custom-Crockery-Set-Wholesale-Tableware-Dinner-Plates-And-Bowls-6-300x300.webp 300w, https:\/\/jinhuaceramic.com\/wp-content\/uploads\/2025\/03\/Two-Tone-Custom-Crockery-Set-Wholesale-Tableware-Dinner-Plates-And-Bowls-6-150x150.webp 150w, https:\/\/jinhuaceramic.com\/wp-content\/uploads\/2025\/03\/Two-Tone-Custom-Crockery-Set-Wholesale-Tableware-Dinner-Plates-And-Bowls-6-768x768.webp 768w, https:\/\/jinhuaceramic.com\/wp-content\/uploads\/2025\/03\/Two-Tone-Custom-Crockery-Set-Wholesale-Tableware-Dinner-Plates-And-Bowls-6-12x12.webp 12w, https:\/\/jinhuaceramic.com\/wp-content\/uploads\/2025\/03\/Two-Tone-Custom-Crockery-Set-Wholesale-Tableware-Dinner-Plates-And-Bowls-6-285x285.webp 285w, https:\/\/jinhuaceramic.com\/wp-content\/uploads\/2025\/03\/Two-Tone-Custom-Crockery-Set-Wholesale-Tableware-Dinner-Plates-And-Bowls-6-270x270.webp 270w, https:\/\/jinhuaceramic.com\/wp-content\/uploads\/2025\/03\/Two-Tone-Custom-Crockery-Set-Wholesale-Tableware-Dinner-Plates-And-Bowls-6-540x540.webp 540w, https:\/\/jinhuaceramic.com\/wp-content\/uploads\/2025\/03\/Two-Tone-Custom-Crockery-Set-Wholesale-Tableware-Dinner-Plates-And-Bowls-6-660x660.webp 660w\" sizes=\"(max-width: 800px) 100vw, 800px\" \/><\/figure>\n<\/div>\n<\/div>","protected":false},"excerpt":{"rendered":"<p>Bienvenue sur le site des services de table en c\u00e9ramique personnalis\u00e9s en gros. Notre collection de vaisselle en gros est appr\u00e9ci\u00e9e pour sa fonctionnalit\u00e9 et sa beaut\u00e9. Avec plusieurs tailles d'assiettes et de bols, les diff\u00e9rents besoins des repas peuvent \u00eatre satisfaits, et le design \u00e9pur\u00e9 \u00e0 deux tons s'adapte confortablement \u00e0 tout type d'arrangement. De plus, la durabilit\u00e9 et la facilit\u00e9 de nettoyage de la c\u00e9ramique la rendent appropri\u00e9e pour un usage quotidien.<\/p>","protected":false},"featured_media":8365,"comment_status":"closed","ping_status":"closed","template":"","meta":{"_acf_changed":false},"product_brand":[],"product_cat":[83,54],"product_tag":[],"class_list":{"0":"post-8361","1":"product","2":"type-product","3":"status-publish","4":"has-post-thumbnail","6":"product_cat-wholesale-dinnerware-sets","7":"product_cat-tableware-wholesale","9":"first","10":"instock","11":"shipping-taxable","12":"product-type-simple"},"acf":[],"_links":{"self":[{"href":"https:\/\/jinhuaceramic.com\/fr\/wp-json\/wp\/v2\/product\/8361","targetHints":{"allow":["GET"]}}],"collection":[{"href":"https:\/\/jinhuaceramic.com\/fr\/wp-json\/wp\/v2\/product"}],"about":[{"href":"https:\/\/jinhuaceramic.com\/fr\/wp-json\/wp\/v2\/types\/product"}],"replies":[{"embeddable":true,"href":"https:\/\/jinhuaceramic.com\/fr\/wp-json\/wp\/v2\/comments?post=8361"}],"version-history":[{"count":0,"href":"https:\/\/jinhuaceramic.com\/fr\/wp-json\/wp\/v2\/product\/8361\/revisions"}],"wp:featuredmedia":[{"embeddable":true,"href":"https:\/\/jinhuaceramic.com\/fr\/wp-json\/wp\/v2\/media\/8365"}],"wp:attachment":[{"href":"https:\/\/jinhuaceramic.com\/fr\/wp-json\/wp\/v2\/media?parent=8361"}],"wp:term":[{"taxonomy":"product_brand","embeddable":true,"href":"https:\/\/jinhuaceramic.com\/fr\/wp-json\/wp\/v2\/product_brand?post=8361"},{"taxonomy":"product_cat","embeddable":true,"href":"https:\/\/jinhuaceramic.com\/fr\/wp-json\/wp\/v2\/product_cat?post=8361"},{"taxonomy":"product_tag","embeddable":true,"href":"https:\/\/jinhuaceramic.com\/fr\/wp-json\/wp\/v2\/product_tag?post=8361"}],"curies":[{"name":"wp","href":"https:\/\/api.w.org\/{rel}","templated":true}]}}