{"id":8376,"date":"2025-03-25T09:17:27","date_gmt":"2025-03-25T09:17:27","guid":{"rendered":"https:\/\/jinhuaceramic.com\/?post_type=product&#038;p=8376"},"modified":"2025-03-25T09:17:28","modified_gmt":"2025-03-25T09:17:28","slug":"bulk-crockery","status":"publish","type":"product","link":"https:\/\/jinhuaceramic.com\/fr\/product\/bulk-crockery\/","title":{"rendered":"Vaisselle en vrac \u00e0 gla\u00e7age r\u00e9actif gris pour restaurants et mariages"},"content":{"rendered":"<div class=\"wp-block-columns is-layout-flex wp-container-core-columns-is-layout-9d6595d7 wp-block-columns-is-layout-flex\">\n<div class=\"wp-block-column is-layout-flow wp-block-column-is-layout-flow\">\n<h3 class=\"wp-block-heading\">Caract\u00e9ristiques de la vaisselle en vrac de qualit\u00e9 sup\u00e9rieure :<\/h3>\n\n\n\n<ul class=\"wp-block-list\">\n<li><strong>Design moderne : <\/strong>Le gris est la couleur dominante de cette vaisselle en vrac, et il existe diff\u00e9rentes nuances de gris, ce qui donne un effet de texture unique. Cette couleur grise multicouche lui conf\u00e8re un aspect apaisant et textur\u00e9. Les lignes d\u00e9coratives noires sur les bords soulignent le profil de la vaisselle et lui conf\u00e8rent un aspect moderne et branch\u00e9.<\/li>\n\n\n\n<li><strong>S\u00e9curit\u00e9 des mat\u00e9riaux : <\/strong>L'argile naturelle est utilis\u00e9e dans la production de cet ensemble de vaisselle en gros, et des techniques professionnelles sont utilis\u00e9es dans le processus de fabrication, de sorte qu'il n'y a pas de mat\u00e9riaux nocifs et que l'application est s\u00fbre et fiable. Il ne produit aucune r\u00e9action chimique avec les aliments et est capable de conserver la saveur originale des aliments.<\/li>\n\n\n\n<li><strong>Durabilit\u00e9 : <\/strong>Cette vaisselle en vrac de qualit\u00e9 sup\u00e9rieure est durable et r\u00e9sistante \u00e0 l'usure. Pour autant qu'ils soient bien utilis\u00e9s et bien entretenus, par exemple en \u00e9vitant les collisions entre eux, les temp\u00e9ratures froides et chaudes abruptes, ils peuvent \u00eatre utilis\u00e9s pendant tr\u00e8s longtemps.<\/li>\n\n\n\n<li><strong>Polyvalence : <\/strong>Ces ensembles de vaisselle en gros se composent d'assiettes et de bols en c\u00e9ramique de diff\u00e9rentes tailles pour r\u00e9pondre \u00e0 des besoins sp\u00e9cifiques et peuvent \u00eatre utilis\u00e9s en toute occasion, qu'il s'agisse d'un d\u00eener formel ou d'un d\u00e9jeuner ordinaire. Ils peuvent \u00eatre utilis\u00e9s en toute s\u00e9curit\u00e9 au micro-ondes, au four, \u00e0 la friteuse, au lave-vaisselle et au r\u00e9frig\u00e9rateur.<\/li>\n<\/ul>\n<\/div>\n\n\n\n<div class=\"wp-block-column is-layout-flow wp-block-column-is-layout-flow\">\n<figure class=\"wp-block-image size-full\"><img fetchpriority=\"high\" decoding=\"async\" width=\"2000\" height=\"2000\" src=\"https:\/\/jinhuaceramic.com\/wp-content\/uploads\/2025\/03\/High-End-Custom-Tableware-Set-Dinner-Services-Wholesale-Ceramic-Plates-3.webp\" alt=\"Service de table personnalis\u00e9 haut de gamme, service de table, service de gros, assiette en c\u00e9ramique\" class=\"wp-image-8378\" srcset=\"https:\/\/jinhuaceramic.com\/wp-content\/uploads\/2025\/03\/High-End-Custom-Tableware-Set-Dinner-Services-Wholesale-Ceramic-Plates-3.webp 2000w, https:\/\/jinhuaceramic.com\/wp-content\/uploads\/2025\/03\/High-End-Custom-Tableware-Set-Dinner-Services-Wholesale-Ceramic-Plates-3-300x300.webp 300w, https:\/\/jinhuaceramic.com\/wp-content\/uploads\/2025\/03\/High-End-Custom-Tableware-Set-Dinner-Services-Wholesale-Ceramic-Plates-3-150x150.webp 150w, https:\/\/jinhuaceramic.com\/wp-content\/uploads\/2025\/03\/High-End-Custom-Tableware-Set-Dinner-Services-Wholesale-Ceramic-Plates-3-768x768.webp 768w, https:\/\/jinhuaceramic.com\/wp-content\/uploads\/2025\/03\/High-End-Custom-Tableware-Set-Dinner-Services-Wholesale-Ceramic-Plates-3-12x12.webp 12w, https:\/\/jinhuaceramic.com\/wp-content\/uploads\/2025\/03\/High-End-Custom-Tableware-Set-Dinner-Services-Wholesale-Ceramic-Plates-3-285x285.webp 285w, https:\/\/jinhuaceramic.com\/wp-content\/uploads\/2025\/03\/High-End-Custom-Tableware-Set-Dinner-Services-Wholesale-Ceramic-Plates-3-1600x1600.webp 1600w, https:\/\/jinhuaceramic.com\/wp-content\/uploads\/2025\/03\/High-End-Custom-Tableware-Set-Dinner-Services-Wholesale-Ceramic-Plates-3-270x270.webp 270w, https:\/\/jinhuaceramic.com\/wp-content\/uploads\/2025\/03\/High-End-Custom-Tableware-Set-Dinner-Services-Wholesale-Ceramic-Plates-3-540x540.webp 540w, https:\/\/jinhuaceramic.com\/wp-content\/uploads\/2025\/03\/High-End-Custom-Tableware-Set-Dinner-Services-Wholesale-Ceramic-Plates-3-660x660.webp 660w\" sizes=\"(max-width: 2000px) 100vw, 2000px\" \/><\/figure>\n<\/div>\n<\/div>","protected":false},"excerpt":{"rendered":"<p>Nous vous invitons \u00e0 acheter des sets de vaisselle en gros. Ces ensembles de vaisselle en vrac sont principalement de couleur gris\u00e2tre exquise et color\u00e9e, avec une texture unique et des bords sombres, qui sont nouveaux et artistiques. Le mat\u00e9riau c\u00e9ramique est r\u00e9sistant \u00e0 l'usure et non toxique, et la combinaison de l'assiette et du bol r\u00e9pond \u00e0 la demande des repas quotidiens, \u00e0 la fois la valeur pratique et la valeur esth\u00e9tique sp\u00e9ciale, que ce soit un repas familial ou un banquet formel, il peut satisfaire la demande.<\/p>","protected":false},"featured_media":8382,"comment_status":"closed","ping_status":"closed","template":"","meta":{"_acf_changed":false},"product_brand":[],"product_cat":[83,54],"product_tag":[],"class_list":{"0":"post-8376","1":"product","2":"type-product","3":"status-publish","4":"has-post-thumbnail","6":"product_cat-wholesale-dinnerware-sets","7":"product_cat-tableware-wholesale","9":"first","10":"instock","11":"shipping-taxable","12":"product-type-simple"},"acf":[],"_links":{"self":[{"href":"https:\/\/jinhuaceramic.com\/fr\/wp-json\/wp\/v2\/product\/8376","targetHints":{"allow":["GET"]}}],"collection":[{"href":"https:\/\/jinhuaceramic.com\/fr\/wp-json\/wp\/v2\/product"}],"about":[{"href":"https:\/\/jinhuaceramic.com\/fr\/wp-json\/wp\/v2\/types\/product"}],"replies":[{"embeddable":true,"href":"https:\/\/jinhuaceramic.com\/fr\/wp-json\/wp\/v2\/comments?post=8376"}],"version-history":[{"count":0,"href":"https:\/\/jinhuaceramic.com\/fr\/wp-json\/wp\/v2\/product\/8376\/revisions"}],"wp:featuredmedia":[{"embeddable":true,"href":"https:\/\/jinhuaceramic.com\/fr\/wp-json\/wp\/v2\/media\/8382"}],"wp:attachment":[{"href":"https:\/\/jinhuaceramic.com\/fr\/wp-json\/wp\/v2\/media?parent=8376"}],"wp:term":[{"taxonomy":"product_brand","embeddable":true,"href":"https:\/\/jinhuaceramic.com\/fr\/wp-json\/wp\/v2\/product_brand?post=8376"},{"taxonomy":"product_cat","embeddable":true,"href":"https:\/\/jinhuaceramic.com\/fr\/wp-json\/wp\/v2\/product_cat?post=8376"},{"taxonomy":"product_tag","embeddable":true,"href":"https:\/\/jinhuaceramic.com\/fr\/wp-json\/wp\/v2\/product_tag?post=8376"}],"curies":[{"name":"wp","href":"https:\/\/api.w.org\/{rel}","templated":true}]}}