{"id":8386,"date":"2025-03-25T09:03:41","date_gmt":"2025-03-25T09:03:41","guid":{"rendered":"https:\/\/jinhuaceramic.com\/?post_type=product&#038;p=8386"},"modified":"2025-04-15T03:51:45","modified_gmt":"2025-04-15T03:51:45","slug":"wholesale-restaurant-dinnerware","status":"publish","type":"product","link":"https:\/\/jinhuaceramic.com\/fr\/product\/wholesale-restaurant-dinnerware\/","title":{"rendered":"Wholesale Restaurant Dinnerware, Modern Plate and Bowl Set"},"content":{"rendered":"<div class=\"wp-block-columns is-layout-flex wp-container-core-columns-is-layout-9d6595d7 wp-block-columns-is-layout-flex\">\n<div class=\"wp-block-column is-layout-flow wp-block-column-is-layout-flow\">\n<h3 class=\"wp-block-heading\">Premium Wholesale Restaurant Dinnerware Caract\u00e9ristiques :<\/h3>\n\n\n\n<ul class=\"wp-block-list\">\n<li><strong>Texture unique : <\/strong>Cette vaisselle de restaurant en gros pr\u00e9sente des textures uniques : les grandes assiettes ont des reliefs en pointill\u00e9s sur les bords, les petites assiettes ont des reliefs concentriques et les bols ont des rainures verticales. Non seulement ces textures vari\u00e9es rendent la perception de la vaisselle plus haptique, mais elles la rendent \u00e9galement plus stratifi\u00e9e et unique visuellement, \u00e9vitant ainsi l'uniformit\u00e9.<\/li>\n\n\n\n<li><strong>Beige doux :<\/strong> La couleur dominante de cet ensemble d'assiettes et de bols en vrac est un beige doux, une couleur neutre qui est tr\u00e8s polyvalente et peut cr\u00e9er une exp\u00e9rience gastronomique chaleureuse et accueillante. Le bord de cette vaisselle pr\u00e9sente des lignes brunes d\u00e9sordonn\u00e9es qui ressemblent \u00e0 de l'art peint \u00e0 la main, marquant les bords de la vaisselle et ajoutant une couleur naturelle.<\/li>\n\n\n\n<li><strong>Mat\u00e9riau de haute qualit\u00e9 :<\/strong> Ces vaisselles de restaurant en gros de haute qualit\u00e9 sont fabriqu\u00e9es en c\u00e9ramique, ont de bons effets d'isolation thermique et sont capables de maintenir la temp\u00e9rature des aliments pendant une p\u00e9riode plus longue. Ils ne contiennent pas d'ingr\u00e9dients nocifs comme le plomb et sont donc s\u00fbrs et sains \u00e0 utiliser.<\/li>\n\n\n\n<li><strong>Une grande praticit\u00e9 : <\/strong>Cet ensemble d'assiettes et de bols en vrac comprend de grandes assiettes \u00e0 d\u00eener, de petites assiettes \u00e0 salade et des bols en c\u00e9ramique qui peuvent \u00eatre utilis\u00e9s pour servir du riz, de la soupe ou des c\u00e9r\u00e9ales, etc. pour r\u00e9pondre \u00e0 divers besoins en mati\u00e8re de repas.<\/li>\n<\/ul>\n<\/div>\n\n\n\n<div class=\"wp-block-column is-layout-flow wp-block-column-is-layout-flow\">\n<figure class=\"wp-block-image size-full\"><img fetchpriority=\"high\" decoding=\"async\" width=\"1000\" height=\"1000\" src=\"https:\/\/jinhuaceramic.com\/wp-content\/uploads\/2025\/03\/Modern-Fine-China-Dinnerware-Wholesale-Custom-Tableware-In-Bulk-6.webp\" alt=\"Wholesale Restaurant Dinnerware, Modern Plate and Bowl Set-1\" class=\"wp-image-8391\" srcset=\"https:\/\/jinhuaceramic.com\/wp-content\/uploads\/2025\/03\/Modern-Fine-China-Dinnerware-Wholesale-Custom-Tableware-In-Bulk-6.webp 1000w, https:\/\/jinhuaceramic.com\/wp-content\/uploads\/2025\/03\/Modern-Fine-China-Dinnerware-Wholesale-Custom-Tableware-In-Bulk-6-300x300.webp 300w, https:\/\/jinhuaceramic.com\/wp-content\/uploads\/2025\/03\/Modern-Fine-China-Dinnerware-Wholesale-Custom-Tableware-In-Bulk-6-150x150.webp 150w, https:\/\/jinhuaceramic.com\/wp-content\/uploads\/2025\/03\/Modern-Fine-China-Dinnerware-Wholesale-Custom-Tableware-In-Bulk-6-768x768.webp 768w, https:\/\/jinhuaceramic.com\/wp-content\/uploads\/2025\/03\/Modern-Fine-China-Dinnerware-Wholesale-Custom-Tableware-In-Bulk-6-12x12.webp 12w, https:\/\/jinhuaceramic.com\/wp-content\/uploads\/2025\/03\/Modern-Fine-China-Dinnerware-Wholesale-Custom-Tableware-In-Bulk-6-285x285.webp 285w, https:\/\/jinhuaceramic.com\/wp-content\/uploads\/2025\/03\/Modern-Fine-China-Dinnerware-Wholesale-Custom-Tableware-In-Bulk-6-270x270.webp 270w, https:\/\/jinhuaceramic.com\/wp-content\/uploads\/2025\/03\/Modern-Fine-China-Dinnerware-Wholesale-Custom-Tableware-In-Bulk-6-540x540.webp 540w, https:\/\/jinhuaceramic.com\/wp-content\/uploads\/2025\/03\/Modern-Fine-China-Dinnerware-Wholesale-Custom-Tableware-In-Bulk-6-660x660.webp 660w\" sizes=\"(max-width: 1000px) 100vw, 1000px\" \/><\/figure>\n<\/div>\n<\/div>","protected":false},"excerpt":{"rendered":"<p>Nous vous invitons \u00e0 acheter des assiettes et des bols en vrac. Cette vaisselle de restaurant en gros est d'un beige doux avec une bordure brune, ce qui convient \u00e0 diff\u00e9rents styles de d\u00e9coration de table. Il s'agit de bols et d'assiettes aux textures vari\u00e9es et uniques pour r\u00e9pondre aux besoins de la restauration. Le mat\u00e9riau c\u00e9ramique de haute qualit\u00e9 les rend non seulement \u00e9l\u00e9gants mais aussi durables, ce qui en fait le meilleur choix pour ceux qui recherchent une vie de qualit\u00e9.<\/p>","protected":false},"featured_media":8389,"comment_status":"closed","ping_status":"closed","template":"","meta":{"_acf_changed":false},"product_brand":[],"product_cat":[83,54],"product_tag":[],"class_list":{"0":"post-8386","1":"product","2":"type-product","3":"status-publish","4":"has-post-thumbnail","6":"product_cat-wholesale-dinnerware-sets","7":"product_cat-tableware-wholesale","9":"first","10":"instock","11":"shipping-taxable","12":"product-type-simple"},"acf":[],"_links":{"self":[{"href":"https:\/\/jinhuaceramic.com\/fr\/wp-json\/wp\/v2\/product\/8386","targetHints":{"allow":["GET"]}}],"collection":[{"href":"https:\/\/jinhuaceramic.com\/fr\/wp-json\/wp\/v2\/product"}],"about":[{"href":"https:\/\/jinhuaceramic.com\/fr\/wp-json\/wp\/v2\/types\/product"}],"replies":[{"embeddable":true,"href":"https:\/\/jinhuaceramic.com\/fr\/wp-json\/wp\/v2\/comments?post=8386"}],"version-history":[{"count":0,"href":"https:\/\/jinhuaceramic.com\/fr\/wp-json\/wp\/v2\/product\/8386\/revisions"}],"wp:featuredmedia":[{"embeddable":true,"href":"https:\/\/jinhuaceramic.com\/fr\/wp-json\/wp\/v2\/media\/8389"}],"wp:attachment":[{"href":"https:\/\/jinhuaceramic.com\/fr\/wp-json\/wp\/v2\/media?parent=8386"}],"wp:term":[{"taxonomy":"product_brand","embeddable":true,"href":"https:\/\/jinhuaceramic.com\/fr\/wp-json\/wp\/v2\/product_brand?post=8386"},{"taxonomy":"product_cat","embeddable":true,"href":"https:\/\/jinhuaceramic.com\/fr\/wp-json\/wp\/v2\/product_cat?post=8386"},{"taxonomy":"product_tag","embeddable":true,"href":"https:\/\/jinhuaceramic.com\/fr\/wp-json\/wp\/v2\/product_tag?post=8386"}],"curies":[{"name":"wp","href":"https:\/\/api.w.org\/{rel}","templated":true}]}}