{"id":8410,"date":"2025-03-27T09:00:59","date_gmt":"2025-03-27T09:00:59","guid":{"rendered":"https:\/\/jinhuaceramic.com\/?post_type=product&#038;p=8410"},"modified":"2025-03-27T09:01:01","modified_gmt":"2025-03-27T09:01:01","slug":"custom-dinnerware-set","status":"publish","type":"product","link":"https:\/\/jinhuaceramic.com\/fr\/product\/custom-dinnerware-set\/","title":{"rendered":"Service de vaisselle personnalis\u00e9 pour 4 personnes, vaisselle moderne en gr\u00e8s, vente en gros"},"content":{"rendered":"<div class=\"wp-block-columns is-layout-flex wp-container-core-columns-is-layout-9d6595d7 wp-block-columns-is-layout-flex\">\n<div class=\"wp-block-column is-layout-flow wp-block-column-is-layout-flow\">\n<h3 class=\"wp-block-heading\">Service de vaisselle personnalis\u00e9 de qualit\u00e9 sup\u00e9rieure Caract\u00e9ristiques :<\/h3>\n\n\n\n<ul class=\"wp-block-list\">\n<li>Des couleurs na\u00efvement m\u00e9lang\u00e9es : Cette vaisselle en gros poss\u00e8de un design multicolore tr\u00e8s particulier. La partie sup\u00e9rieure des assiettes et des bols et le couvercle ext\u00e9rieur des tasses sont vert fonc\u00e9, la partie centrale des assiettes et des bols est beige, et le couvercle ext\u00e9rieur des assiettes et des bols et le couvercle int\u00e9rieur des tasses sont noirs, ce qui fait que tous les ensembles de vaisselle sont uniques tout en restant coh\u00e9rents avec la coordination g\u00e9n\u00e9rale.<\/li>\n\n\n\n<li><strong>Design unique \u00e0 rayures : <\/strong>Les parties noires et vertes de ces services de table personnalis\u00e9s ne sont pas ternes mais sont orn\u00e9es d'un motif ray\u00e9 vert clair avec une finition peinte \u00e0 la main, ce qui donne une superposition visuelle et une sophistication \u00e0 la vaisselle et la rend moins ennuyeuse.<\/li>\n\n\n\n<li><strong>Gr\u00e8s de longue dur\u00e9e :<\/strong> Le type de vaisselle en gros qui est fabriqu\u00e9 en gr\u00e8s de qualit\u00e9 sup\u00e9rieure. Plus solide et plus r\u00e9sistant que la c\u00e9ramique ordinaire, le gr\u00e8s d\u00e9veloppe \u00e9galement une r\u00e9sistance raisonnable aux chocs, aux rayures et aux \u00e9br\u00e9chures, de sorte que ces services de table sont utilisables pour toujours et r\u00e9sistent \u00e0 l'usure.<\/li>\n\n\n\n<li><strong>Bonne praticit\u00e9 : <\/strong>Cette vaisselle personnalis\u00e9e comprend des bols, des assiettes et des tasses de diff\u00e9rentes tailles, qui peuvent contenir diff\u00e9rents aliments et jouer le r\u00f4le de diff\u00e9rents repas. Ils conviennent parfaitement aux d\u00eeners de famille ou \u00e0 la r\u00e9ception d'invit\u00e9s.<\/li>\n<\/ul>\n<\/div>\n\n\n\n<div class=\"wp-block-column is-layout-flow wp-block-column-is-layout-flow\">\n<figure class=\"wp-block-image size-full\"><img fetchpriority=\"high\" decoding=\"async\" width=\"800\" height=\"800\" src=\"https:\/\/jinhuaceramic.com\/wp-content\/uploads\/2025\/03\/Modern-Stoneware-Tableware-Sets-Wholesale-Dinnerware-Service-For-4-2.webp\" alt=\"custom-dinnerware-set-for-4-modern-stoneware-tableware-wholesale-1\" class=\"wp-image-8411\" srcset=\"https:\/\/jinhuaceramic.com\/wp-content\/uploads\/2025\/03\/Modern-Stoneware-Tableware-Sets-Wholesale-Dinnerware-Service-For-4-2.webp 800w, https:\/\/jinhuaceramic.com\/wp-content\/uploads\/2025\/03\/Modern-Stoneware-Tableware-Sets-Wholesale-Dinnerware-Service-For-4-2-300x300.webp 300w, https:\/\/jinhuaceramic.com\/wp-content\/uploads\/2025\/03\/Modern-Stoneware-Tableware-Sets-Wholesale-Dinnerware-Service-For-4-2-150x150.webp 150w, https:\/\/jinhuaceramic.com\/wp-content\/uploads\/2025\/03\/Modern-Stoneware-Tableware-Sets-Wholesale-Dinnerware-Service-For-4-2-768x768.webp 768w, https:\/\/jinhuaceramic.com\/wp-content\/uploads\/2025\/03\/Modern-Stoneware-Tableware-Sets-Wholesale-Dinnerware-Service-For-4-2-12x12.webp 12w, https:\/\/jinhuaceramic.com\/wp-content\/uploads\/2025\/03\/Modern-Stoneware-Tableware-Sets-Wholesale-Dinnerware-Service-For-4-2-285x285.webp 285w, https:\/\/jinhuaceramic.com\/wp-content\/uploads\/2025\/03\/Modern-Stoneware-Tableware-Sets-Wholesale-Dinnerware-Service-For-4-2-270x270.webp 270w, https:\/\/jinhuaceramic.com\/wp-content\/uploads\/2025\/03\/Modern-Stoneware-Tableware-Sets-Wholesale-Dinnerware-Service-For-4-2-540x540.webp 540w, https:\/\/jinhuaceramic.com\/wp-content\/uploads\/2025\/03\/Modern-Stoneware-Tableware-Sets-Wholesale-Dinnerware-Service-For-4-2-660x660.webp 660w\" sizes=\"(max-width: 800px) 100vw, 800px\" \/><\/figure>\n<\/div>\n<\/div>","protected":false},"excerpt":{"rendered":"<p>Nous vous invitons \u00e0 acheter notre service de vaisselle personnalis\u00e9. Cette vaisselle en gros est con\u00e7ue de mani\u00e8re unique et fonctionnelle. La deuxi\u00e8me combinaison de couleurs, vert fonc\u00e9 et beige, est \u00e9l\u00e9gante et moderne ; les bols, tasses et assiettes de tailles diff\u00e9rentes r\u00e9pondent aux exigences des repas quotidiens et des r\u00e9gimes alimentaires divers ; le mat\u00e9riau en gr\u00e8s est durable, de sorte que ces ensembles de vaisselle conviennent aussi bien \u00e0 un usage domestique qu'\u00e0 des occasions formelles.<\/p>","protected":false},"featured_media":8415,"comment_status":"closed","ping_status":"closed","template":"","meta":{"_acf_changed":false},"product_brand":[],"product_cat":[83,54],"product_tag":[],"class_list":{"0":"post-8410","1":"product","2":"type-product","3":"status-publish","4":"has-post-thumbnail","6":"product_cat-wholesale-dinnerware-sets","7":"product_cat-tableware-wholesale","9":"first","10":"instock","11":"shipping-taxable","12":"product-type-simple"},"acf":[],"_links":{"self":[{"href":"https:\/\/jinhuaceramic.com\/fr\/wp-json\/wp\/v2\/product\/8410","targetHints":{"allow":["GET"]}}],"collection":[{"href":"https:\/\/jinhuaceramic.com\/fr\/wp-json\/wp\/v2\/product"}],"about":[{"href":"https:\/\/jinhuaceramic.com\/fr\/wp-json\/wp\/v2\/types\/product"}],"replies":[{"embeddable":true,"href":"https:\/\/jinhuaceramic.com\/fr\/wp-json\/wp\/v2\/comments?post=8410"}],"version-history":[{"count":0,"href":"https:\/\/jinhuaceramic.com\/fr\/wp-json\/wp\/v2\/product\/8410\/revisions"}],"wp:featuredmedia":[{"embeddable":true,"href":"https:\/\/jinhuaceramic.com\/fr\/wp-json\/wp\/v2\/media\/8415"}],"wp:attachment":[{"href":"https:\/\/jinhuaceramic.com\/fr\/wp-json\/wp\/v2\/media?parent=8410"}],"wp:term":[{"taxonomy":"product_brand","embeddable":true,"href":"https:\/\/jinhuaceramic.com\/fr\/wp-json\/wp\/v2\/product_brand?post=8410"},{"taxonomy":"product_cat","embeddable":true,"href":"https:\/\/jinhuaceramic.com\/fr\/wp-json\/wp\/v2\/product_cat?post=8410"},{"taxonomy":"product_tag","embeddable":true,"href":"https:\/\/jinhuaceramic.com\/fr\/wp-json\/wp\/v2\/product_tag?post=8410"}],"curies":[{"name":"wp","href":"https:\/\/api.w.org\/{rel}","templated":true}]}}