{"id":8419,"date":"2025-03-27T09:41:48","date_gmt":"2025-03-27T09:41:48","guid":{"rendered":"https:\/\/jinhuaceramic.com\/?post_type=product&#038;p=8419"},"modified":"2025-03-27T09:42:15","modified_gmt":"2025-03-27T09:42:15","slug":"customized-dinner-set","status":"publish","type":"product","link":"https:\/\/jinhuaceramic.com\/fr\/product\/customized-dinner-set\/","title":{"rendered":"Service de table personnalis\u00e9 avec texture en spirale, assiettes et bols en c\u00e9ramique Wholesale"},"content":{"rendered":"<div class=\"wp-block-columns is-layout-flex wp-container-core-columns-is-layout-9d6595d7 wp-block-columns-is-layout-flex\">\n<div class=\"wp-block-column is-layout-flow wp-block-column-is-layout-flow\">\n<h3 class=\"wp-block-heading\">Premium Customized Dinner Set Features:<\/h3>\n\n\n\n<ul class=\"wp-block-list\">\n<li><strong>Exclusive Spiral Pattern:<\/strong> The spiral pattern of the customized dinner sets is exclusive, and the concentric circle design widens outward from the center, which creates a sense of dynamics and interest for the tableware, breaking the traditional tableware and reinvigorating the dining table.<\/li>\n\n\n\n<li><strong>Peaceful Color Tone:<\/strong> The ceramic plates and bowls wholesale are produced in a light blue color that makes it peaceful, trendy and elegant. The border of the tableware is adorned with a narrow border of dark blue that runs around the rim of the tableware and makes it elegant.<\/li>\n\n\n\n<li><strong>Mat\u00e9riau c\u00e9ramique de haute qualit\u00e9 :<\/strong> High-quality ceramic plates and bowls wholesale have good heat retention and heat resistance, can keep the food temperature longer, and customers can eat hot food more conveniently. The surface of ceramic is pure and smooth.<\/li>\n\n\n\n<li><strong>High Practicability:<\/strong> The customized dinner sets include 5.9-inch bowls, 8-inch plates and 10-inch plates. The 5.9-inch bowls are available for cereal, soup or rice bowls, etc.; the 8-inch plates for side dishes such as salads; and the 10-inch plates for main courses such as steaks, satisfying daily meals and different food demands.<\/li>\n<\/ul>\n<\/div>\n\n\n\n<div class=\"wp-block-column is-layout-flow wp-block-column-is-layout-flow\">\n<figure class=\"wp-block-image size-full\"><img fetchpriority=\"high\" decoding=\"async\" width=\"1000\" height=\"1000\" src=\"https:\/\/jinhuaceramic.com\/wp-content\/uploads\/2025\/03\/Custom-Tableware-With-Spiral-Texture-Ceramic-Dinner-Plates-Wholesale-3.webp\" alt=\"customized-dinner-set-with-spiral-texture-ceramic-plates-and-bwls-wholesale-1\" class=\"wp-image-8421\" srcset=\"https:\/\/jinhuaceramic.com\/wp-content\/uploads\/2025\/03\/Custom-Tableware-With-Spiral-Texture-Ceramic-Dinner-Plates-Wholesale-3.webp 1000w, https:\/\/jinhuaceramic.com\/wp-content\/uploads\/2025\/03\/Custom-Tableware-With-Spiral-Texture-Ceramic-Dinner-Plates-Wholesale-3-300x300.webp 300w, https:\/\/jinhuaceramic.com\/wp-content\/uploads\/2025\/03\/Custom-Tableware-With-Spiral-Texture-Ceramic-Dinner-Plates-Wholesale-3-150x150.webp 150w, https:\/\/jinhuaceramic.com\/wp-content\/uploads\/2025\/03\/Custom-Tableware-With-Spiral-Texture-Ceramic-Dinner-Plates-Wholesale-3-768x768.webp 768w, https:\/\/jinhuaceramic.com\/wp-content\/uploads\/2025\/03\/Custom-Tableware-With-Spiral-Texture-Ceramic-Dinner-Plates-Wholesale-3-12x12.webp 12w, https:\/\/jinhuaceramic.com\/wp-content\/uploads\/2025\/03\/Custom-Tableware-With-Spiral-Texture-Ceramic-Dinner-Plates-Wholesale-3-285x285.webp 285w, https:\/\/jinhuaceramic.com\/wp-content\/uploads\/2025\/03\/Custom-Tableware-With-Spiral-Texture-Ceramic-Dinner-Plates-Wholesale-3-270x270.webp 270w, https:\/\/jinhuaceramic.com\/wp-content\/uploads\/2025\/03\/Custom-Tableware-With-Spiral-Texture-Ceramic-Dinner-Plates-Wholesale-3-540x540.webp 540w, https:\/\/jinhuaceramic.com\/wp-content\/uploads\/2025\/03\/Custom-Tableware-With-Spiral-Texture-Ceramic-Dinner-Plates-Wholesale-3-660x660.webp 660w\" sizes=\"(max-width: 1000px) 100vw, 1000px\" \/><\/figure>\n<\/div>\n<\/div>","protected":false},"excerpt":{"rendered":"<p>Order our customized dinner set. These light blue, spiral-patterned ceramic plates and bowls wholesale plain but contemporary and easily pair with any type of home decor. The ceramic is not fragile, and the bowls and plates are very reusable, whether for formal dining or a snack. With the combination of functionality and beauty, these tableware have the potential of being a good assistance in greatly enhancing the user&#8217;s dining experience.<\/p>","protected":false},"featured_media":8422,"comment_status":"closed","ping_status":"closed","template":"","meta":{"_acf_changed":false},"product_brand":[],"product_cat":[83,54],"product_tag":[],"class_list":{"0":"post-8419","1":"product","2":"type-product","3":"status-publish","4":"has-post-thumbnail","6":"product_cat-wholesale-dinnerware-sets","7":"product_cat-tableware-wholesale","9":"first","10":"instock","11":"shipping-taxable","12":"product-type-simple"},"acf":[],"_links":{"self":[{"href":"https:\/\/jinhuaceramic.com\/fr\/wp-json\/wp\/v2\/product\/8419","targetHints":{"allow":["GET"]}}],"collection":[{"href":"https:\/\/jinhuaceramic.com\/fr\/wp-json\/wp\/v2\/product"}],"about":[{"href":"https:\/\/jinhuaceramic.com\/fr\/wp-json\/wp\/v2\/types\/product"}],"replies":[{"embeddable":true,"href":"https:\/\/jinhuaceramic.com\/fr\/wp-json\/wp\/v2\/comments?post=8419"}],"version-history":[{"count":0,"href":"https:\/\/jinhuaceramic.com\/fr\/wp-json\/wp\/v2\/product\/8419\/revisions"}],"wp:featuredmedia":[{"embeddable":true,"href":"https:\/\/jinhuaceramic.com\/fr\/wp-json\/wp\/v2\/media\/8422"}],"wp:attachment":[{"href":"https:\/\/jinhuaceramic.com\/fr\/wp-json\/wp\/v2\/media?parent=8419"}],"wp:term":[{"taxonomy":"product_brand","embeddable":true,"href":"https:\/\/jinhuaceramic.com\/fr\/wp-json\/wp\/v2\/product_brand?post=8419"},{"taxonomy":"product_cat","embeddable":true,"href":"https:\/\/jinhuaceramic.com\/fr\/wp-json\/wp\/v2\/product_cat?post=8419"},{"taxonomy":"product_tag","embeddable":true,"href":"https:\/\/jinhuaceramic.com\/fr\/wp-json\/wp\/v2\/product_tag?post=8419"}],"curies":[{"name":"wp","href":"https:\/\/api.w.org\/{rel}","templated":true}]}}