{"id":8435,"date":"2025-03-29T02:14:42","date_gmt":"2025-03-29T02:14:42","guid":{"rendered":"https:\/\/jinhuaceramic.com\/?post_type=product&#038;p=8435"},"modified":"2025-03-29T02:14:43","modified_gmt":"2025-03-29T02:14:43","slug":"ceramic-dinner-set-wholesale","status":"publish","type":"product","link":"https:\/\/jinhuaceramic.com\/fr\/product\/ceramic-dinner-set-wholesale\/","title":{"rendered":"Set de table en c\u00e9ramique fine Wholesale, White Plate Bowl Cup Bulk"},"content":{"rendered":"<div class=\"wp-block-columns is-layout-flex wp-container-core-columns-is-layout-9d6595d7 wp-block-columns-is-layout-flex\">\n<div class=\"wp-block-column is-layout-flow wp-block-column-is-layout-flow\">\n<h3 class=\"wp-block-heading\">Set de table en c\u00e9ramique de premi\u00e8re qualit\u00e9 Caract\u00e9ristiques de la vente en gros :<\/h3>\n\n\n\n<ul class=\"wp-block-list\">\n<li><strong>Forme simple :<\/strong> La forme de ce service de table en c\u00e9ramique est g\u00e9n\u00e9ralement concise et \u00e9l\u00e9gante. Les assiettes sont classiques et rondes, les bords des bols en c\u00e9ramique sont l\u00e9g\u00e8rement courb\u00e9s, ce qui donne une impression de superposition, et les tasses en c\u00e9ramique sont gonfl\u00e9es au milieu et contract\u00e9es \u00e0 la base, ce qui donne une forte impression de design.<\/li>\n\n\n\n<li><strong>Design \u00e9l\u00e9gant :<\/strong> Ces sets de vaisselle en gros pr\u00e9sentent un d\u00e9grad\u00e9 de couleurs subtil. Le changement progressif du centre beige vers le bord marron donne un effet visuel en couches. Des cercles concentriques en relief sont pr\u00e9sents sur les bords de la vaisselle, ce qui lui conf\u00e8re une touche d'\u00e9l\u00e9gance.<\/li>\n\n\n\n<li><strong>Mat\u00e9riau de haute qualit\u00e9 : <\/strong>Ce service de table en c\u00e9ramique est fabriqu\u00e9 \u00e0 partir de mat\u00e9riaux c\u00e9ramiques de haute qualit\u00e9 cuits \u00e0 haute temp\u00e9rature. Ils sont solides et durables, et peuvent r\u00e9sister \u00e0 l'usure, \u00e0 l'\u00e9caillage et aux rayures quotidiennes, ce qui leur conf\u00e8re une grande long\u00e9vit\u00e9.<\/li>\n\n\n\n<li><strong>Ensemble complet : <\/strong>Ces sets de vaisselle en gros contiennent 4 assiettes plates, 4 assiettes \u00e0 salade, 4 bols et 4 mugs. Le set de 16 pi\u00e8ces r\u00e9pondra aux besoins quotidiens d'une famille de quatre personnes pour les repas et les petits rassemblements.<\/li>\n<\/ul>\n<\/div>\n\n\n\n<div class=\"wp-block-column is-layout-flow wp-block-column-is-layout-flow\">\n<figure class=\"wp-block-image size-full\"><img fetchpriority=\"high\" decoding=\"async\" width=\"1000\" height=\"1000\" src=\"https:\/\/jinhuaceramic.com\/wp-content\/uploads\/2025\/03\/Fine-China-Tableware-Sets-Wholesale-Dinnerware-Set-Service-For-4.webp\" alt=\"Set de table en c\u00e9ramique fine Wholesale, White Plate Bowl Cup Bulk-5\" class=\"wp-image-8440\" srcset=\"https:\/\/jinhuaceramic.com\/wp-content\/uploads\/2025\/03\/Fine-China-Tableware-Sets-Wholesale-Dinnerware-Set-Service-For-4.webp 1000w, https:\/\/jinhuaceramic.com\/wp-content\/uploads\/2025\/03\/Fine-China-Tableware-Sets-Wholesale-Dinnerware-Set-Service-For-4-300x300.webp 300w, https:\/\/jinhuaceramic.com\/wp-content\/uploads\/2025\/03\/Fine-China-Tableware-Sets-Wholesale-Dinnerware-Set-Service-For-4-150x150.webp 150w, https:\/\/jinhuaceramic.com\/wp-content\/uploads\/2025\/03\/Fine-China-Tableware-Sets-Wholesale-Dinnerware-Set-Service-For-4-768x768.webp 768w, https:\/\/jinhuaceramic.com\/wp-content\/uploads\/2025\/03\/Fine-China-Tableware-Sets-Wholesale-Dinnerware-Set-Service-For-4-12x12.webp 12w, https:\/\/jinhuaceramic.com\/wp-content\/uploads\/2025\/03\/Fine-China-Tableware-Sets-Wholesale-Dinnerware-Set-Service-For-4-285x285.webp 285w, https:\/\/jinhuaceramic.com\/wp-content\/uploads\/2025\/03\/Fine-China-Tableware-Sets-Wholesale-Dinnerware-Set-Service-For-4-270x270.webp 270w, https:\/\/jinhuaceramic.com\/wp-content\/uploads\/2025\/03\/Fine-China-Tableware-Sets-Wholesale-Dinnerware-Set-Service-For-4-540x540.webp 540w, https:\/\/jinhuaceramic.com\/wp-content\/uploads\/2025\/03\/Fine-China-Tableware-Sets-Wholesale-Dinnerware-Set-Service-For-4-660x660.webp 660w\" sizes=\"(max-width: 1000px) 100vw, 1000px\" \/><\/figure>\n<\/div>\n<\/div>","protected":false},"excerpt":{"rendered":"<p>Bienvenue sur le site d'achat en gros de vaisselle pour restaurant. Ce service de table en c\u00e9ramique est appr\u00e9ci\u00e9 pour son design simple et \u00e9l\u00e9gant. Les tons neutres d\u00e9grad\u00e9s sont polyvalents et peuvent s'adapter \u00e0 diff\u00e9rents styles de maison. Le mat\u00e9riau en c\u00e9ramique est robuste et durable, et convient pour les repas quotidiens.<\/p>","protected":false},"featured_media":8438,"comment_status":"closed","ping_status":"closed","template":"","meta":{"_acf_changed":false},"product_brand":[],"product_cat":[83,54],"product_tag":[],"class_list":{"0":"post-8435","1":"product","2":"type-product","3":"status-publish","4":"has-post-thumbnail","6":"product_cat-wholesale-dinnerware-sets","7":"product_cat-tableware-wholesale","9":"first","10":"instock","11":"shipping-taxable","12":"product-type-simple"},"acf":[],"_links":{"self":[{"href":"https:\/\/jinhuaceramic.com\/fr\/wp-json\/wp\/v2\/product\/8435","targetHints":{"allow":["GET"]}}],"collection":[{"href":"https:\/\/jinhuaceramic.com\/fr\/wp-json\/wp\/v2\/product"}],"about":[{"href":"https:\/\/jinhuaceramic.com\/fr\/wp-json\/wp\/v2\/types\/product"}],"replies":[{"embeddable":true,"href":"https:\/\/jinhuaceramic.com\/fr\/wp-json\/wp\/v2\/comments?post=8435"}],"version-history":[{"count":0,"href":"https:\/\/jinhuaceramic.com\/fr\/wp-json\/wp\/v2\/product\/8435\/revisions"}],"wp:featuredmedia":[{"embeddable":true,"href":"https:\/\/jinhuaceramic.com\/fr\/wp-json\/wp\/v2\/media\/8438"}],"wp:attachment":[{"href":"https:\/\/jinhuaceramic.com\/fr\/wp-json\/wp\/v2\/media?parent=8435"}],"wp:term":[{"taxonomy":"product_brand","embeddable":true,"href":"https:\/\/jinhuaceramic.com\/fr\/wp-json\/wp\/v2\/product_brand?post=8435"},{"taxonomy":"product_cat","embeddable":true,"href":"https:\/\/jinhuaceramic.com\/fr\/wp-json\/wp\/v2\/product_cat?post=8435"},{"taxonomy":"product_tag","embeddable":true,"href":"https:\/\/jinhuaceramic.com\/fr\/wp-json\/wp\/v2\/product_tag?post=8435"}],"curies":[{"name":"wp","href":"https:\/\/api.w.org\/{rel}","templated":true}]}}