{"id":8447,"date":"2025-04-03T07:55:46","date_gmt":"2025-04-03T07:55:46","guid":{"rendered":"https:\/\/jinhuaceramic.com\/?post_type=product&#038;p=8447"},"modified":"2025-04-03T07:55:47","modified_gmt":"2025-04-03T07:55:47","slug":"dinnerware-in-bulk","status":"publish","type":"product","link":"https:\/\/jinhuaceramic.com\/fr\/product\/dinnerware-in-bulk\/","title":{"rendered":"Vaisselle \u00e0 gla\u00e7ure r\u00e9active en vrac, vaisselle en c\u00e9ramique en gros"},"content":{"rendered":"<div class=\"wp-block-columns is-layout-flex wp-container-core-columns-is-layout-9d6595d7 wp-block-columns-is-layout-flex\">\n<div class=\"wp-block-column is-layout-flow wp-block-column-is-layout-flow\">\n<h3 class=\"wp-block-heading\">Vaisselle \u00e0 gla\u00e7ure r\u00e9active de qualit\u00e9 sup\u00e9rieure en vrac Caract\u00e9ristiques :<\/h3>\n\n\n\n<ul class=\"wp-block-list\">\n<li><strong>Forme moderne et simple :<\/strong> La forme g\u00e9n\u00e9rale de cette vaisselle personnalis\u00e9e en vrac est simple et moderne, avec une courbe douce. Les assiettes n'ont pas la forme d'un cercle r\u00e9gulier, mais d'un cercle irr\u00e9gulier, et les bols ont une forme l\u00e9g\u00e8rement angulaire. Cette forme simple leur permet de s'adapter \u00e0 diff\u00e9rents types de tables.<\/li>\n\n\n\n<li><strong>Tonalit\u00e9s douces : <\/strong>Cette vaisselle en vrac est d'un bleu p\u00e2le calme et apaisant pour les yeux, avec une texture douce et irr\u00e9guli\u00e8re. La texture cr\u00e9\u00e9e par la gla\u00e7ure r\u00e9active conf\u00e8re \u00e0 la vaisselle un aspect artisanal. Un liser\u00e9 dor\u00e9 entourant le bord de la vaisselle apporte une touche de classe et d'\u00e9l\u00e9gance \u00e0 ce bleu p\u00e2le.<\/li>\n\n\n\n<li><strong>Mat\u00e9riaux de haute qualit\u00e9 :<\/strong> Ces articles de table en c\u00e9ramique cuits \u00e0 haute temp\u00e9rature sont tr\u00e8s durs et solides, r\u00e9sistants \u00e0 l'usure et \u00e0 la casse. Ils ont une longue dur\u00e9e de vie. Ils ne sont pas facilement ray\u00e9s par les couteaux et les fourchettes lors de l'utilisation quotidienne et restent toujours beaux.<\/li>\n\n\n\n<li><strong>Large Praticit\u00e9 :<\/strong> Ces articles de table en c\u00e9ramique en gros comprennent des assiettes et des bols en c\u00e9ramique et sont disponibles en diff\u00e9rentes tailles pour r\u00e9pondre aux diff\u00e9rents besoins des repas quotidiens. Ils conviennent parfaitement aux repas quotidiens ou aux d\u00eeners de f\u00eate ; ils peuvent \u00eatre utilis\u00e9s dans des familles simples ou dans des entreprises comme les restaurants de haut niveau.<\/li>\n<\/ul>\n<\/div>\n\n\n\n<div class=\"wp-block-column is-layout-flow wp-block-column-is-layout-flow\">\n<figure class=\"wp-block-image size-full\"><img fetchpriority=\"high\" decoding=\"async\" width=\"2000\" height=\"2000\" src=\"https:\/\/jinhuaceramic.com\/wp-content\/uploads\/2025\/03\/Reactive-Glaze-Dinnerware-Set-Wholesale-Custom-Ceramic-Tableware-Set-4.webp\" alt=\"reactive-glaze-dinnerware-in-bulk-wholesale-ceramic-tableware-1\" class=\"wp-image-8450\" srcset=\"https:\/\/jinhuaceramic.com\/wp-content\/uploads\/2025\/03\/Reactive-Glaze-Dinnerware-Set-Wholesale-Custom-Ceramic-Tableware-Set-4.webp 2000w, https:\/\/jinhuaceramic.com\/wp-content\/uploads\/2025\/03\/Reactive-Glaze-Dinnerware-Set-Wholesale-Custom-Ceramic-Tableware-Set-4-300x300.webp 300w, https:\/\/jinhuaceramic.com\/wp-content\/uploads\/2025\/03\/Reactive-Glaze-Dinnerware-Set-Wholesale-Custom-Ceramic-Tableware-Set-4-150x150.webp 150w, https:\/\/jinhuaceramic.com\/wp-content\/uploads\/2025\/03\/Reactive-Glaze-Dinnerware-Set-Wholesale-Custom-Ceramic-Tableware-Set-4-768x768.webp 768w, https:\/\/jinhuaceramic.com\/wp-content\/uploads\/2025\/03\/Reactive-Glaze-Dinnerware-Set-Wholesale-Custom-Ceramic-Tableware-Set-4-12x12.webp 12w, https:\/\/jinhuaceramic.com\/wp-content\/uploads\/2025\/03\/Reactive-Glaze-Dinnerware-Set-Wholesale-Custom-Ceramic-Tableware-Set-4-285x285.webp 285w, https:\/\/jinhuaceramic.com\/wp-content\/uploads\/2025\/03\/Reactive-Glaze-Dinnerware-Set-Wholesale-Custom-Ceramic-Tableware-Set-4-1600x1600.webp 1600w, https:\/\/jinhuaceramic.com\/wp-content\/uploads\/2025\/03\/Reactive-Glaze-Dinnerware-Set-Wholesale-Custom-Ceramic-Tableware-Set-4-270x270.webp 270w, https:\/\/jinhuaceramic.com\/wp-content\/uploads\/2025\/03\/Reactive-Glaze-Dinnerware-Set-Wholesale-Custom-Ceramic-Tableware-Set-4-540x540.webp 540w, https:\/\/jinhuaceramic.com\/wp-content\/uploads\/2025\/03\/Reactive-Glaze-Dinnerware-Set-Wholesale-Custom-Ceramic-Tableware-Set-4-660x660.webp 660w\" sizes=\"(max-width: 2000px) 100vw, 2000px\" \/><\/figure>\n<\/div>\n<\/div>","protected":false},"excerpt":{"rendered":"<p>Bienvenue dans la vente en gros de vaisselle en c\u00e9ramique. Cette vaisselle en vrac est \u00e0 la mode et d'un design simple, et peut \u00eatre utilis\u00e9e pour rehausser l'aspect de la table \u00e0 manger. La c\u00e9ramique est inoffensive, solide et durable. A la fois \u00e0 la mode et fonctionnels, ces ensembles de vaisselle peuvent \u00eatre utilis\u00e9s pour am\u00e9liorer la joie de la vie \u00e0 table et conviennent aux personnes \u00e0 la recherche d'une vie agr\u00e9able.<\/p>","protected":false},"featured_media":8449,"comment_status":"closed","ping_status":"closed","template":"","meta":{"_acf_changed":false},"product_brand":[],"product_cat":[83,54],"product_tag":[],"class_list":{"0":"post-8447","1":"product","2":"type-product","3":"status-publish","4":"has-post-thumbnail","6":"product_cat-wholesale-dinnerware-sets","7":"product_cat-tableware-wholesale","9":"first","10":"instock","11":"shipping-taxable","12":"product-type-simple"},"acf":[],"_links":{"self":[{"href":"https:\/\/jinhuaceramic.com\/fr\/wp-json\/wp\/v2\/product\/8447","targetHints":{"allow":["GET"]}}],"collection":[{"href":"https:\/\/jinhuaceramic.com\/fr\/wp-json\/wp\/v2\/product"}],"about":[{"href":"https:\/\/jinhuaceramic.com\/fr\/wp-json\/wp\/v2\/types\/product"}],"replies":[{"embeddable":true,"href":"https:\/\/jinhuaceramic.com\/fr\/wp-json\/wp\/v2\/comments?post=8447"}],"version-history":[{"count":0,"href":"https:\/\/jinhuaceramic.com\/fr\/wp-json\/wp\/v2\/product\/8447\/revisions"}],"wp:featuredmedia":[{"embeddable":true,"href":"https:\/\/jinhuaceramic.com\/fr\/wp-json\/wp\/v2\/media\/8449"}],"wp:attachment":[{"href":"https:\/\/jinhuaceramic.com\/fr\/wp-json\/wp\/v2\/media?parent=8447"}],"wp:term":[{"taxonomy":"product_brand","embeddable":true,"href":"https:\/\/jinhuaceramic.com\/fr\/wp-json\/wp\/v2\/product_brand?post=8447"},{"taxonomy":"product_cat","embeddable":true,"href":"https:\/\/jinhuaceramic.com\/fr\/wp-json\/wp\/v2\/product_cat?post=8447"},{"taxonomy":"product_tag","embeddable":true,"href":"https:\/\/jinhuaceramic.com\/fr\/wp-json\/wp\/v2\/product_tag?post=8447"}],"curies":[{"name":"wp","href":"https:\/\/api.w.org\/{rel}","templated":true}]}}