{"id":8456,"date":"2025-04-03T07:14:50","date_gmt":"2025-04-03T07:14:50","guid":{"rendered":"https:\/\/jinhuaceramic.com\/?post_type=product&#038;p=8456"},"modified":"2025-04-03T07:14:52","modified_gmt":"2025-04-03T07:14:52","slug":"wholesale-tableware-supplies","status":"publish","type":"product","link":"https:\/\/jinhuaceramic.com\/fr\/product\/wholesale-tableware-supplies\/","title":{"rendered":"Noir mat Fournitures de table en gros, assiettes et bols personnalis\u00e9s"},"content":{"rendered":"<div class=\"wp-block-columns is-layout-flex wp-container-core-columns-is-layout-9d6595d7 wp-block-columns-is-layout-flex\">\n<div class=\"wp-block-column is-layout-flow wp-block-column-is-layout-flow\">\n<h3 class=\"wp-block-heading\">Premium Matte Black Wholesale Tableware Supplies Caract\u00e9ristiques :<\/h3>\n\n\n\n<ul class=\"wp-block-list\">\n<li><strong>Design moderne :<\/strong> Les articles de vaisselle en gros se caract\u00e9risent par une forme circulaire simple et une teinte noire mate intemporelle et universelle, qui peut cr\u00e9er une atmosph\u00e8re simple, moderne, \u00e9l\u00e9gante et m\u00eame l\u00e9g\u00e8rement froide \u00e0 table.<\/li>\n\n\n\n<li><strong>Mat\u00e9riau de haute qualit\u00e9 :<\/strong> Ces assiettes et bols personnalis\u00e9s robustes subissent une cuisson \u00e0 haute temp\u00e9rature qui leur conf\u00e8re un degr\u00e9 de duret\u00e9 et de stabilit\u00e9. Ils sont r\u00e9sistants \u00e0 la chaleur et peuvent \u00eatre utilis\u00e9s pour servir des plats chauds. La finition \u00e9maill\u00e9e est moins susceptible de se tacher, elle est facile \u00e0 nettoyer et peut \u00eatre lav\u00e9e au lave-vaisselle.<\/li>\n\n\n\n<li><strong>Vari\u00e9t\u00e9 de couleurs :<\/strong> Ces assiettes et bols personnalis\u00e9s sont disponibles dans de nombreuses couleurs, comme le noir soutenu, le bleu clair \u00e9l\u00e9gant, le marron vintage et le blanc soign\u00e9. Les clients peuvent choisir les couleurs qu'ils souhaitent ou s'adapter au style de d\u00e9coration de leur maison. En tant que fournisseur, nous pouvons \u00e9galement cr\u00e9er d'autres couleurs selon les besoins.<\/li>\n\n\n\n<li><strong>Une grande praticit\u00e9 :<\/strong> Ces fournitures de vaisselle en gros comprennent \u00e9galement deux tailles d'assiettes et de bols en c\u00e9ramique pour r\u00e9pondre \u00e0 une vari\u00e9t\u00e9 de besoins quotidiens en mati\u00e8re de repas. La grande assiette est id\u00e9ale pour les plats principaux, la petite assiette est id\u00e9ale pour les plats secondaires tels que les salades et les snacks, et le bol est id\u00e9al pour le riz, la soupe, les c\u00e9r\u00e9ales, etc.<\/li>\n<\/ul>\n<\/div>\n\n\n\n<div class=\"wp-block-column is-layout-flow wp-block-column-is-layout-flow\">\n<figure class=\"wp-block-image size-full\"><img fetchpriority=\"high\" decoding=\"async\" width=\"1000\" height=\"1000\" src=\"https:\/\/jinhuaceramic.com\/wp-content\/uploads\/2025\/03\/Matte-Black-Tableware-Set-Wholesale-Custom-Ceramic-Dinner-Plates-Bowls-5.webp\" alt=\"matte-black-wholesale-tableware-supplies-custom-plates-and-bowls-1\" class=\"wp-image-8460\" srcset=\"https:\/\/jinhuaceramic.com\/wp-content\/uploads\/2025\/03\/Matte-Black-Tableware-Set-Wholesale-Custom-Ceramic-Dinner-Plates-Bowls-5.webp 1000w, https:\/\/jinhuaceramic.com\/wp-content\/uploads\/2025\/03\/Matte-Black-Tableware-Set-Wholesale-Custom-Ceramic-Dinner-Plates-Bowls-5-300x300.webp 300w, https:\/\/jinhuaceramic.com\/wp-content\/uploads\/2025\/03\/Matte-Black-Tableware-Set-Wholesale-Custom-Ceramic-Dinner-Plates-Bowls-5-150x150.webp 150w, https:\/\/jinhuaceramic.com\/wp-content\/uploads\/2025\/03\/Matte-Black-Tableware-Set-Wholesale-Custom-Ceramic-Dinner-Plates-Bowls-5-768x768.webp 768w, https:\/\/jinhuaceramic.com\/wp-content\/uploads\/2025\/03\/Matte-Black-Tableware-Set-Wholesale-Custom-Ceramic-Dinner-Plates-Bowls-5-12x12.webp 12w, https:\/\/jinhuaceramic.com\/wp-content\/uploads\/2025\/03\/Matte-Black-Tableware-Set-Wholesale-Custom-Ceramic-Dinner-Plates-Bowls-5-285x285.webp 285w, https:\/\/jinhuaceramic.com\/wp-content\/uploads\/2025\/03\/Matte-Black-Tableware-Set-Wholesale-Custom-Ceramic-Dinner-Plates-Bowls-5-270x270.webp 270w, https:\/\/jinhuaceramic.com\/wp-content\/uploads\/2025\/03\/Matte-Black-Tableware-Set-Wholesale-Custom-Ceramic-Dinner-Plates-Bowls-5-540x540.webp 540w, https:\/\/jinhuaceramic.com\/wp-content\/uploads\/2025\/03\/Matte-Black-Tableware-Set-Wholesale-Custom-Ceramic-Dinner-Plates-Bowls-5-660x660.webp 660w\" sizes=\"(max-width: 1000px) 100vw, 1000px\" \/><\/figure>\n<\/div>\n<\/div>\n\n\n\n<p><\/p>","protected":false},"excerpt":{"rendered":"<p>Bienvenue sur le site de vente en gros de vaisselle. Ces assiettes et bols personnalis\u00e9s sont de forme simple et de couleur noire mate. L'ensemble d'assiettes et de bols est utilis\u00e9 pour servir des aliments de diff\u00e9rents types, et le mat\u00e9riau de la c\u00e9ramique est dur, r\u00e9sistant \u00e0 la chaleur et nettoyable. Gr\u00e2ce \u00e0 la combinaison de la fonctionnalit\u00e9 et de l'esth\u00e9tique, ces ensembles de tables peuvent am\u00e9liorer l'exp\u00e9rience gastronomique de l'utilisateur.<\/p>","protected":false},"featured_media":8462,"comment_status":"closed","ping_status":"closed","template":"","meta":{"_acf_changed":false},"product_brand":[],"product_cat":[83,54],"product_tag":[],"class_list":{"0":"post-8456","1":"product","2":"type-product","3":"status-publish","4":"has-post-thumbnail","6":"product_cat-wholesale-dinnerware-sets","7":"product_cat-tableware-wholesale","9":"first","10":"instock","11":"shipping-taxable","12":"product-type-simple"},"acf":[],"_links":{"self":[{"href":"https:\/\/jinhuaceramic.com\/fr\/wp-json\/wp\/v2\/product\/8456","targetHints":{"allow":["GET"]}}],"collection":[{"href":"https:\/\/jinhuaceramic.com\/fr\/wp-json\/wp\/v2\/product"}],"about":[{"href":"https:\/\/jinhuaceramic.com\/fr\/wp-json\/wp\/v2\/types\/product"}],"replies":[{"embeddable":true,"href":"https:\/\/jinhuaceramic.com\/fr\/wp-json\/wp\/v2\/comments?post=8456"}],"version-history":[{"count":0,"href":"https:\/\/jinhuaceramic.com\/fr\/wp-json\/wp\/v2\/product\/8456\/revisions"}],"wp:featuredmedia":[{"embeddable":true,"href":"https:\/\/jinhuaceramic.com\/fr\/wp-json\/wp\/v2\/media\/8462"}],"wp:attachment":[{"href":"https:\/\/jinhuaceramic.com\/fr\/wp-json\/wp\/v2\/media?parent=8456"}],"wp:term":[{"taxonomy":"product_brand","embeddable":true,"href":"https:\/\/jinhuaceramic.com\/fr\/wp-json\/wp\/v2\/product_brand?post=8456"},{"taxonomy":"product_cat","embeddable":true,"href":"https:\/\/jinhuaceramic.com\/fr\/wp-json\/wp\/v2\/product_cat?post=8456"},{"taxonomy":"product_tag","embeddable":true,"href":"https:\/\/jinhuaceramic.com\/fr\/wp-json\/wp\/v2\/product_tag?post=8456"}],"curies":[{"name":"wp","href":"https:\/\/api.w.org\/{rel}","templated":true}]}}