{"id":8468,"date":"2025-04-03T06:49:59","date_gmt":"2025-04-03T06:49:59","guid":{"rendered":"https:\/\/jinhuaceramic.com\/?post_type=product&#038;p=8468"},"modified":"2025-04-03T06:50:01","modified_gmt":"2025-04-03T06:50:01","slug":"custom-china-dinnerware","status":"publish","type":"product","link":"https:\/\/jinhuaceramic.com\/fr\/product\/custom-china-dinnerware\/","title":{"rendered":"Vaisselle de Chine \u00e0 gla\u00e7ure r\u00e9active, vaisselle fine en gros"},"content":{"rendered":"<div class=\"wp-block-columns is-layout-flex wp-container-core-columns-is-layout-9d6595d7 wp-block-columns-is-layout-flex\">\n<div class=\"wp-block-column is-layout-flow wp-block-column-is-layout-flow\">\n<h3 class=\"wp-block-heading\">Vaisselle en porcelaine de qualit\u00e9 sup\u00e9rieure personnalis\u00e9e Caract\u00e9ristiques :<\/h3>\n\n\n\n<ul class=\"wp-block-list\">\n<li><strong>Design \u00e9l\u00e9gant : <\/strong>Le design de cette vaisselle en porcelaine personnalis\u00e9e est raffin\u00e9 et moderne, la couleur principale \u00e9tant le vert fonc\u00e9 vintage. Deux cercles d\u00e9coratifs marron fonc\u00e9 sur le bord de la vaisselle rehaussent le bord de la vaisselle et apportent un sentiment de luxe et de raffinement.<\/li>\n\n\n\n<li><strong>Glacis r\u00e9actif :<\/strong> Cette vaisselle de qualit\u00e9 sup\u00e9rieure utilise un proc\u00e9d\u00e9 d'\u00e9maillage r\u00e9actif qui fait que la couleur de l'\u00e9mail n'est pas rigoureusement uniforme, mais pr\u00e9sente des nuances tachet\u00e9es et des couches diff\u00e9rentes. La couleur et la texture de l'\u00e9mail de chaque vaisselle sont l\u00e9g\u00e8rement diff\u00e9rentes, avec une touche artisanale reconnaissable, \u00e9vitant la platitude de la production de masse.<\/li>\n\n\n\n<li><strong>Gr\u00e8s durable :<\/strong> Cette vaisselle en gros en gr\u00e8s est dure, d'une bonne durabilit\u00e9, ne se casse pas facilement et ne s'use pas, et a une longue dur\u00e9e de vie. Le gr\u00e8s est \u00e9galement r\u00e9sistant \u00e0 la chaleur et peut \u00eatre r\u00e9chauff\u00e9 au micro-ondes, au four et \u00e0 la friteuse.<\/li>\n\n\n\n<li><strong>Ensemble complet :<\/strong> Cette vaisselle en porcelaine personnalis\u00e9e est compos\u00e9e d'assiettes et de bols de diff\u00e9rentes capacit\u00e9s, capables de r\u00e9pondre \u00e0 diff\u00e9rents besoins lors des repas quotidiens, tels que le service de soupes, d'en-cas, de plats, etc. et de s'adapter \u00e0 diff\u00e9rentes circonstances telles que les repas en famille et les r\u00e9ceptions.<\/li>\n<\/ul>\n<\/div>\n\n\n\n<div class=\"wp-block-column is-layout-flow wp-block-column-is-layout-flow\">\n<figure class=\"wp-block-image size-full\"><img fetchpriority=\"high\" decoding=\"async\" width=\"2000\" height=\"2000\" src=\"https:\/\/jinhuaceramic.com\/wp-content\/uploads\/2025\/04\/Custom-Tableware-with-Reactive-Glaze-Fine-China-Dinnerware-Set-Wholesale-4.webp\" alt=\"custom-china-dinnerware-with-reactive-glaze-fine-tableware-wholesale-1\" class=\"wp-image-8471\" srcset=\"https:\/\/jinhuaceramic.com\/wp-content\/uploads\/2025\/04\/Custom-Tableware-with-Reactive-Glaze-Fine-China-Dinnerware-Set-Wholesale-4.webp 2000w, https:\/\/jinhuaceramic.com\/wp-content\/uploads\/2025\/04\/Custom-Tableware-with-Reactive-Glaze-Fine-China-Dinnerware-Set-Wholesale-4-300x300.webp 300w, https:\/\/jinhuaceramic.com\/wp-content\/uploads\/2025\/04\/Custom-Tableware-with-Reactive-Glaze-Fine-China-Dinnerware-Set-Wholesale-4-150x150.webp 150w, https:\/\/jinhuaceramic.com\/wp-content\/uploads\/2025\/04\/Custom-Tableware-with-Reactive-Glaze-Fine-China-Dinnerware-Set-Wholesale-4-768x768.webp 768w, https:\/\/jinhuaceramic.com\/wp-content\/uploads\/2025\/04\/Custom-Tableware-with-Reactive-Glaze-Fine-China-Dinnerware-Set-Wholesale-4-12x12.webp 12w, https:\/\/jinhuaceramic.com\/wp-content\/uploads\/2025\/04\/Custom-Tableware-with-Reactive-Glaze-Fine-China-Dinnerware-Set-Wholesale-4-285x285.webp 285w, https:\/\/jinhuaceramic.com\/wp-content\/uploads\/2025\/04\/Custom-Tableware-with-Reactive-Glaze-Fine-China-Dinnerware-Set-Wholesale-4-1600x1600.webp 1600w, https:\/\/jinhuaceramic.com\/wp-content\/uploads\/2025\/04\/Custom-Tableware-with-Reactive-Glaze-Fine-China-Dinnerware-Set-Wholesale-4-270x270.webp 270w, https:\/\/jinhuaceramic.com\/wp-content\/uploads\/2025\/04\/Custom-Tableware-with-Reactive-Glaze-Fine-China-Dinnerware-Set-Wholesale-4-540x540.webp 540w, https:\/\/jinhuaceramic.com\/wp-content\/uploads\/2025\/04\/Custom-Tableware-with-Reactive-Glaze-Fine-China-Dinnerware-Set-Wholesale-4-660x660.webp 660w\" sizes=\"(max-width: 2000px) 100vw, 2000px\" \/><\/figure>\n<\/div>\n<\/div>","protected":false},"excerpt":{"rendered":"<p>Bienvenue dans le monde de la vaisselle en porcelaine. Les principaux avantages de cette vaisselle en gros sont son aspect moderne et \u00e9l\u00e9gant, sa sant\u00e9 et sa s\u00e9curit\u00e9, sa durabilit\u00e9 et sa combinaison d'assiettes et de bols, qui sont \u00e0 la fois fonctionnels et charmants et peuvent am\u00e9liorer consid\u00e9rablement l'exp\u00e9rience culinaire, ce qui les rend parfaits pour un usage quotidien ainsi que pour les occasions sp\u00e9ciales.<\/p>","protected":false},"featured_media":8474,"comment_status":"closed","ping_status":"closed","template":"","meta":{"_acf_changed":false},"product_brand":[],"product_cat":[83,54],"product_tag":[],"class_list":{"0":"post-8468","1":"product","2":"type-product","3":"status-publish","4":"has-post-thumbnail","6":"product_cat-wholesale-dinnerware-sets","7":"product_cat-tableware-wholesale","9":"first","10":"instock","11":"shipping-taxable","12":"product-type-simple"},"acf":[],"_links":{"self":[{"href":"https:\/\/jinhuaceramic.com\/fr\/wp-json\/wp\/v2\/product\/8468","targetHints":{"allow":["GET"]}}],"collection":[{"href":"https:\/\/jinhuaceramic.com\/fr\/wp-json\/wp\/v2\/product"}],"about":[{"href":"https:\/\/jinhuaceramic.com\/fr\/wp-json\/wp\/v2\/types\/product"}],"replies":[{"embeddable":true,"href":"https:\/\/jinhuaceramic.com\/fr\/wp-json\/wp\/v2\/comments?post=8468"}],"version-history":[{"count":0,"href":"https:\/\/jinhuaceramic.com\/fr\/wp-json\/wp\/v2\/product\/8468\/revisions"}],"wp:featuredmedia":[{"embeddable":true,"href":"https:\/\/jinhuaceramic.com\/fr\/wp-json\/wp\/v2\/media\/8474"}],"wp:attachment":[{"href":"https:\/\/jinhuaceramic.com\/fr\/wp-json\/wp\/v2\/media?parent=8468"}],"wp:term":[{"taxonomy":"product_brand","embeddable":true,"href":"https:\/\/jinhuaceramic.com\/fr\/wp-json\/wp\/v2\/product_brand?post=8468"},{"taxonomy":"product_cat","embeddable":true,"href":"https:\/\/jinhuaceramic.com\/fr\/wp-json\/wp\/v2\/product_cat?post=8468"},{"taxonomy":"product_tag","embeddable":true,"href":"https:\/\/jinhuaceramic.com\/fr\/wp-json\/wp\/v2\/product_tag?post=8468"}],"curies":[{"name":"wp","href":"https:\/\/api.w.org\/{rel}","templated":true}]}}