{"id":8478,"date":"2025-04-03T06:35:56","date_gmt":"2025-04-03T06:35:56","guid":{"rendered":"https:\/\/jinhuaceramic.com\/?post_type=product&#038;p=8478"},"modified":"2025-04-03T06:35:58","modified_gmt":"2025-04-03T06:35:58","slug":"china-tableware-sets-wholesale","status":"publish","type":"product","link":"https:\/\/jinhuaceramic.com\/fr\/product\/china-tableware-sets-wholesale\/","title":{"rendered":"Vaisselle de Chine en gros, vaisselle personnalis\u00e9e en vrac"},"content":{"rendered":"<div class=\"wp-block-columns is-layout-flex wp-container-core-columns-is-layout-9d6595d7 wp-block-columns-is-layout-flex\">\n<div class=\"wp-block-column is-layout-flow wp-block-column-is-layout-flow\">\n<h3 class=\"wp-block-heading\">Premium Fine China Tableware Sets\u00a0Features:<\/h3>\n\n\n\n<ul class=\"wp-block-list\">\n<li><strong>Design \u00e9l\u00e9gant :<\/strong> The most eye-catching thing about these china tableware sets are the ornamented bands that consist of short blue vertical stripes in a series of a couple of rows as a border feature. The short blue vertical strokes are irregular with different lengths and gaps, so they have the appearance of a handmade product. Blue and white pairing is pure and natural that creates a simple and fresh atmosphere for dining.<\/li>\n\n\n\n<li><strong>Mat\u00e9riau durable :<\/strong> These china tableware sets wholesale are made of high-quality ceramic material fired at high temperature. They are not easy to break and wear, being tough and long-lasting. Used every day, they will be able to maintain their original shape for a long time.<\/li>\n\n\n\n<li><strong>S\u00e9curit\u00e9 et sant\u00e9 : <\/strong>These high-quality custom dinnerware in bulk do not contain harmful chemicals during the firing process and do not release toxic substances when used. They are safe for contact with food and meet the needs of a healthy diet.<\/li>\n\n\n\n<li><strong>Polyvalent : <\/strong>These custom dinnerware in bulk come with two sizes of plates, bowls and cups to suit different dining needs: large plates for main courses, small plates for side dishes or snacks, bowls for soup, porridge or cereal, and cups for drinks such as coffee, tea or milk.<\/li>\n<\/ul>\n<\/div>\n\n\n\n<div class=\"wp-block-column is-layout-flow wp-block-column-is-layout-flow\">\n<figure class=\"wp-block-image size-full\"><img fetchpriority=\"high\" decoding=\"async\" width=\"1024\" height=\"1024\" src=\"https:\/\/jinhuaceramic.com\/wp-content\/uploads\/2025\/04\/Fine-China-Tableware-Sets-Wholesale-Custom-Dinnerware-In-Bulk-6.webp\" alt=\"fine-china-tableware-sets-wholesale-custom-dinnerware-in-bulk-1\" class=\"wp-image-8483\" srcset=\"https:\/\/jinhuaceramic.com\/wp-content\/uploads\/2025\/04\/Fine-China-Tableware-Sets-Wholesale-Custom-Dinnerware-In-Bulk-6.webp 1024w, https:\/\/jinhuaceramic.com\/wp-content\/uploads\/2025\/04\/Fine-China-Tableware-Sets-Wholesale-Custom-Dinnerware-In-Bulk-6-300x300.webp 300w, https:\/\/jinhuaceramic.com\/wp-content\/uploads\/2025\/04\/Fine-China-Tableware-Sets-Wholesale-Custom-Dinnerware-In-Bulk-6-150x150.webp 150w, https:\/\/jinhuaceramic.com\/wp-content\/uploads\/2025\/04\/Fine-China-Tableware-Sets-Wholesale-Custom-Dinnerware-In-Bulk-6-768x768.webp 768w, https:\/\/jinhuaceramic.com\/wp-content\/uploads\/2025\/04\/Fine-China-Tableware-Sets-Wholesale-Custom-Dinnerware-In-Bulk-6-12x12.webp 12w, https:\/\/jinhuaceramic.com\/wp-content\/uploads\/2025\/04\/Fine-China-Tableware-Sets-Wholesale-Custom-Dinnerware-In-Bulk-6-285x285.webp 285w, https:\/\/jinhuaceramic.com\/wp-content\/uploads\/2025\/04\/Fine-China-Tableware-Sets-Wholesale-Custom-Dinnerware-In-Bulk-6-270x270.webp 270w, https:\/\/jinhuaceramic.com\/wp-content\/uploads\/2025\/04\/Fine-China-Tableware-Sets-Wholesale-Custom-Dinnerware-In-Bulk-6-540x540.webp 540w, https:\/\/jinhuaceramic.com\/wp-content\/uploads\/2025\/04\/Fine-China-Tableware-Sets-Wholesale-Custom-Dinnerware-In-Bulk-6-660x660.webp 660w\" sizes=\"(max-width: 1024px) 100vw, 1024px\" \/><\/figure>\n<\/div>\n<\/div>","protected":false},"excerpt":{"rendered":"<p>Welcome to purchase our custom dinnerware in bulk. These fine china tableware sets are elegantly designed to fit any home decor style; they include plates, bowls, and cups to fit various dining needs and are made of durable and safe materials. Not only are they pretty, but they are also functional and appropriate for everyday use along with special occasions.<\/p>","protected":false},"featured_media":8482,"comment_status":"closed","ping_status":"closed","template":"","meta":{"_acf_changed":false},"product_brand":[],"product_cat":[83,54],"product_tag":[],"class_list":{"0":"post-8478","1":"product","2":"type-product","3":"status-publish","4":"has-post-thumbnail","6":"product_cat-wholesale-dinnerware-sets","7":"product_cat-tableware-wholesale","9":"first","10":"instock","11":"shipping-taxable","12":"product-type-simple"},"acf":[],"_links":{"self":[{"href":"https:\/\/jinhuaceramic.com\/fr\/wp-json\/wp\/v2\/product\/8478","targetHints":{"allow":["GET"]}}],"collection":[{"href":"https:\/\/jinhuaceramic.com\/fr\/wp-json\/wp\/v2\/product"}],"about":[{"href":"https:\/\/jinhuaceramic.com\/fr\/wp-json\/wp\/v2\/types\/product"}],"replies":[{"embeddable":true,"href":"https:\/\/jinhuaceramic.com\/fr\/wp-json\/wp\/v2\/comments?post=8478"}],"version-history":[{"count":0,"href":"https:\/\/jinhuaceramic.com\/fr\/wp-json\/wp\/v2\/product\/8478\/revisions"}],"wp:featuredmedia":[{"embeddable":true,"href":"https:\/\/jinhuaceramic.com\/fr\/wp-json\/wp\/v2\/media\/8482"}],"wp:attachment":[{"href":"https:\/\/jinhuaceramic.com\/fr\/wp-json\/wp\/v2\/media?parent=8478"}],"wp:term":[{"taxonomy":"product_brand","embeddable":true,"href":"https:\/\/jinhuaceramic.com\/fr\/wp-json\/wp\/v2\/product_brand?post=8478"},{"taxonomy":"product_cat","embeddable":true,"href":"https:\/\/jinhuaceramic.com\/fr\/wp-json\/wp\/v2\/product_cat?post=8478"},{"taxonomy":"product_tag","embeddable":true,"href":"https:\/\/jinhuaceramic.com\/fr\/wp-json\/wp\/v2\/product_tag?post=8478"}],"curies":[{"name":"wp","href":"https:\/\/api.w.org\/{rel}","templated":true}]}}