{"id":8506,"date":"2025-04-08T02:42:54","date_gmt":"2025-04-08T02:42:54","guid":{"rendered":"https:\/\/jinhuaceramic.com\/?post_type=product&#038;p=8506"},"modified":"2025-04-08T02:42:56","modified_gmt":"2025-04-08T02:42:56","slug":"dinnerware-bulk","status":"publish","type":"product","link":"https:\/\/jinhuaceramic.com\/fr\/product\/dinnerware-bulk\/","title":{"rendered":"Rose Pattern Vintage Dinnerware Bulk, Bespoke Crockery Sets (vaisselle sur mesure)"},"content":{"rendered":"<div class=\"wp-block-columns is-layout-flex wp-container-core-columns-is-layout-9d6595d7 wp-block-columns-is-layout-flex\">\n<div class=\"wp-block-column is-layout-flow wp-block-column-is-layout-flow\">\n<h3 class=\"wp-block-heading\">Vaisselle de qualit\u00e9 sup\u00e9rieure en vrac Caract\u00e9ristiques :<\/h3>\n\n\n\n<ul class=\"wp-block-list\">\n<li><strong>Design \u00e9l\u00e9gant :<\/strong> Cette vaisselle en c\u00e9ramique est \u00e9l\u00e9gante et antique. Elle est orn\u00e9e de petites roses rouges et de feuilles vertes sur le dessus et de fines lignes en forme de dentelle sur les bords. Les roses symbolisent g\u00e9n\u00e9ralement l'amour, la beaut\u00e9 et l'\u00e9l\u00e9gance, et peuvent conf\u00e9rer une atmosph\u00e8re chaleureuse et romantique \u00e0 la table \u00e0 manger.<\/li>\n\n\n\n<li><strong>C\u00e9ramique Texture : <\/strong>Ces services de vaisselle sur mesure sont fabriqu\u00e9s \u00e0 partir d'argile c\u00e9ramique naturelle cuite \u00e0 haute temp\u00e9rature, chaude au toucher et d'un certain poids, ce qui donne aux gens une impression de qualit\u00e9. Par rapport \u00e0 la vaisselle en plastique ou en verre, la c\u00e9ramique est capable d'ajouter \u00e0 la ritualisation des repas.<\/li>\n\n\n\n<li><strong>Une grande praticit\u00e9 :<\/strong> Ce lot de vaisselle en c\u00e9ramique comprend un bol et deux assiettes de tailles diff\u00e9rentes pour r\u00e9pondre aux diff\u00e9rents besoins des convives. Le bol est id\u00e9al pour servir de la soupe, des c\u00e9r\u00e9ales, de la salade, etc., la plus petite assiette est id\u00e9ale pour servir des entr\u00e9es, des accompagnements et des snacks, et la plus grande assiette est id\u00e9ale pour servir du steak, des p\u00e2tes, etc.<\/li>\n\n\n\n<li><strong>Cadeau id\u00e9al : <\/strong>Ces sets de vaisselle sur mesure sont d'une grande beaut\u00e9 et d'une grande \u00e9l\u00e9gance. Ils conviennent parfaitement comme cadeaux de mariage, de pendaison de cr\u00e9maill\u00e8re, de f\u00eate, etc. pour exprimer des id\u00e9es et souhaiter la bonne fortune.<\/li>\n<\/ul>\n<\/div>\n\n\n\n<div class=\"wp-block-column is-layout-flow wp-block-column-is-layout-flow\">\n<figure class=\"wp-block-image size-full\"><img fetchpriority=\"high\" decoding=\"async\" width=\"800\" height=\"800\" src=\"https:\/\/jinhuaceramic.com\/wp-content\/uploads\/2025\/04\/Vintage-Tableware-Set-With-Rose-Pattern-Service-For-12-Dinnerware-Set-4.webp\" alt=\"Vaisselle vintage \u00e0 motif de roses en vrac, vaisselle commerciale - 1\" class=\"wp-image-8509\" srcset=\"https:\/\/jinhuaceramic.com\/wp-content\/uploads\/2025\/04\/Vintage-Tableware-Set-With-Rose-Pattern-Service-For-12-Dinnerware-Set-4.webp 800w, https:\/\/jinhuaceramic.com\/wp-content\/uploads\/2025\/04\/Vintage-Tableware-Set-With-Rose-Pattern-Service-For-12-Dinnerware-Set-4-300x300.webp 300w, https:\/\/jinhuaceramic.com\/wp-content\/uploads\/2025\/04\/Vintage-Tableware-Set-With-Rose-Pattern-Service-For-12-Dinnerware-Set-4-150x150.webp 150w, https:\/\/jinhuaceramic.com\/wp-content\/uploads\/2025\/04\/Vintage-Tableware-Set-With-Rose-Pattern-Service-For-12-Dinnerware-Set-4-768x768.webp 768w, https:\/\/jinhuaceramic.com\/wp-content\/uploads\/2025\/04\/Vintage-Tableware-Set-With-Rose-Pattern-Service-For-12-Dinnerware-Set-4-12x12.webp 12w, https:\/\/jinhuaceramic.com\/wp-content\/uploads\/2025\/04\/Vintage-Tableware-Set-With-Rose-Pattern-Service-For-12-Dinnerware-Set-4-285x285.webp 285w, https:\/\/jinhuaceramic.com\/wp-content\/uploads\/2025\/04\/Vintage-Tableware-Set-With-Rose-Pattern-Service-For-12-Dinnerware-Set-4-270x270.webp 270w, https:\/\/jinhuaceramic.com\/wp-content\/uploads\/2025\/04\/Vintage-Tableware-Set-With-Rose-Pattern-Service-For-12-Dinnerware-Set-4-540x540.webp 540w, https:\/\/jinhuaceramic.com\/wp-content\/uploads\/2025\/04\/Vintage-Tableware-Set-With-Rose-Pattern-Service-For-12-Dinnerware-Set-4-660x660.webp 660w\" sizes=\"(max-width: 800px) 100vw, 800px\" \/><\/figure>\n<\/div>\n<\/div>","protected":false},"excerpt":{"rendered":"<p>Bienvenue sur le site d'achat de vaisselle en c\u00e9ramique en vrac. Le design romantique et r\u00e9tro du motif rose de ces ensembles de vaisselle sur mesure apporte un sentiment d'\u00e9l\u00e9gance chaleureuse dans la salle \u00e0 manger et un sens classique du charme, qui est r\u00e9alis\u00e9 par le bord en dentelle d\u00e9licate. L'art et la fonctionnalit\u00e9 se rejoignent dans ces ensembles de vaisselle, car ils sont l'\u0153uvre d'une vie magnifique.<\/p>","protected":false},"featured_media":8508,"comment_status":"closed","ping_status":"closed","template":"","meta":{"_acf_changed":false},"product_brand":[],"product_cat":[83,54],"product_tag":[],"class_list":{"0":"post-8506","1":"product","2":"type-product","3":"status-publish","4":"has-post-thumbnail","6":"product_cat-wholesale-dinnerware-sets","7":"product_cat-tableware-wholesale","9":"first","10":"instock","11":"shipping-taxable","12":"product-type-simple"},"acf":[],"_links":{"self":[{"href":"https:\/\/jinhuaceramic.com\/fr\/wp-json\/wp\/v2\/product\/8506","targetHints":{"allow":["GET"]}}],"collection":[{"href":"https:\/\/jinhuaceramic.com\/fr\/wp-json\/wp\/v2\/product"}],"about":[{"href":"https:\/\/jinhuaceramic.com\/fr\/wp-json\/wp\/v2\/types\/product"}],"replies":[{"embeddable":true,"href":"https:\/\/jinhuaceramic.com\/fr\/wp-json\/wp\/v2\/comments?post=8506"}],"version-history":[{"count":0,"href":"https:\/\/jinhuaceramic.com\/fr\/wp-json\/wp\/v2\/product\/8506\/revisions"}],"wp:featuredmedia":[{"embeddable":true,"href":"https:\/\/jinhuaceramic.com\/fr\/wp-json\/wp\/v2\/media\/8508"}],"wp:attachment":[{"href":"https:\/\/jinhuaceramic.com\/fr\/wp-json\/wp\/v2\/media?parent=8506"}],"wp:term":[{"taxonomy":"product_brand","embeddable":true,"href":"https:\/\/jinhuaceramic.com\/fr\/wp-json\/wp\/v2\/product_brand?post=8506"},{"taxonomy":"product_cat","embeddable":true,"href":"https:\/\/jinhuaceramic.com\/fr\/wp-json\/wp\/v2\/product_cat?post=8506"},{"taxonomy":"product_tag","embeddable":true,"href":"https:\/\/jinhuaceramic.com\/fr\/wp-json\/wp\/v2\/product_tag?post=8506"}],"curies":[{"name":"wp","href":"https:\/\/api.w.org\/{rel}","templated":true}]}}