{"id":8518,"date":"2025-04-08T02:28:31","date_gmt":"2025-04-08T02:28:31","guid":{"rendered":"https:\/\/jinhuaceramic.com\/?post_type=product&#038;p=8518"},"modified":"2025-04-08T02:28:32","modified_gmt":"2025-04-08T02:28:32","slug":"wholesale-dinner-sets","status":"publish","type":"product","link":"https:\/\/jinhuaceramic.com\/fr\/product\/wholesale-dinner-sets\/","title":{"rendered":"Service de table Minimaliste Blanc, Assiettes et Bols Premium"},"content":{"rendered":"<div class=\"wp-block-columns is-layout-flex wp-container-core-columns-is-layout-9d6595d7 wp-block-columns-is-layout-flex\">\n<div class=\"wp-block-column is-layout-flow wp-block-column-is-layout-flow\">\n<h3 class=\"wp-block-heading\">Premium Wholesale Dinner Sets Caract\u00e9ristiques :<\/h3>\n\n\n\n<ul class=\"wp-block-list\">\n<li><strong>Beige doux :<\/strong> Ces services de table en gros sont d'un beige doux, une couleur chaude et neutre, et peuvent \u00eatre utilis\u00e9s avec n'importe quelle table. Cette vaisselle beige peut cr\u00e9er une atmosph\u00e8re chaleureuse et apaisante et rehausser le plaisir de manger.<\/li>\n\n\n\n<li><strong>Forme simple : <\/strong>Le style de ces sets de vaisselle commerciale en vrac est tr\u00e8s simple, sans motifs ni d\u00e9corations complexes, ce qui leur conf\u00e8re un aspect moderne et frais. La caract\u00e9ristique la plus sp\u00e9ciale est le bord incurv\u00e9 de l'assiette, qui rend l'assiette plus l\u00e9g\u00e8re et adorable.<\/li>\n\n\n\n<li><strong>Gr\u00e8s de longue dur\u00e9e : <\/strong>Ces services de table en gros sont compos\u00e9s de gr\u00e8s de haute qualit\u00e9, un mat\u00e9riau un peu dur et \u00e9pais, tr\u00e8s durable, moins cassant et moins sujet \u00e0 l'usure et \u00e0 la d\u00e9t\u00e9rioration, et de longue dur\u00e9e.<\/li>\n\n\n\n<li><strong>Une grande praticit\u00e9 : <\/strong>Ces ensembles de vaisselle commerciale comprennent 8 bols \u00e0 c\u00e9r\u00e9ales, 8 assiettes \u00e0 d\u00eener et 8 assiettes \u00e0 salade qui peuvent \u00eatre utilis\u00e9s pour r\u00e9pondre aux besoins quotidiens de 8 personnes. Cette vaisselle convient pour les repas de tous les jours, les d\u00eeners de f\u00eate ou les repas de famille.<\/li>\n<\/ul>\n<\/div>\n\n\n\n<div class=\"wp-block-column is-layout-flow wp-block-column-is-layout-flow\">\n<figure class=\"wp-block-image size-full\"><img fetchpriority=\"high\" decoding=\"async\" width=\"1000\" height=\"1000\" src=\"https:\/\/jinhuaceramic.com\/wp-content\/uploads\/2025\/04\/Stoneware-Custom-Tableware-Set-Wholesale-Dinnerware-Set-Service-For-8-4.webp\" alt=\"Service de table Minimalist White Wholesale, Premium Plate &amp; Bowl-1\" class=\"wp-image-8521\" srcset=\"https:\/\/jinhuaceramic.com\/wp-content\/uploads\/2025\/04\/Stoneware-Custom-Tableware-Set-Wholesale-Dinnerware-Set-Service-For-8-4.webp 1000w, https:\/\/jinhuaceramic.com\/wp-content\/uploads\/2025\/04\/Stoneware-Custom-Tableware-Set-Wholesale-Dinnerware-Set-Service-For-8-4-300x300.webp 300w, https:\/\/jinhuaceramic.com\/wp-content\/uploads\/2025\/04\/Stoneware-Custom-Tableware-Set-Wholesale-Dinnerware-Set-Service-For-8-4-150x150.webp 150w, https:\/\/jinhuaceramic.com\/wp-content\/uploads\/2025\/04\/Stoneware-Custom-Tableware-Set-Wholesale-Dinnerware-Set-Service-For-8-4-768x768.webp 768w, https:\/\/jinhuaceramic.com\/wp-content\/uploads\/2025\/04\/Stoneware-Custom-Tableware-Set-Wholesale-Dinnerware-Set-Service-For-8-4-12x12.webp 12w, https:\/\/jinhuaceramic.com\/wp-content\/uploads\/2025\/04\/Stoneware-Custom-Tableware-Set-Wholesale-Dinnerware-Set-Service-For-8-4-285x285.webp 285w, https:\/\/jinhuaceramic.com\/wp-content\/uploads\/2025\/04\/Stoneware-Custom-Tableware-Set-Wholesale-Dinnerware-Set-Service-For-8-4-270x270.webp 270w, https:\/\/jinhuaceramic.com\/wp-content\/uploads\/2025\/04\/Stoneware-Custom-Tableware-Set-Wholesale-Dinnerware-Set-Service-For-8-4-540x540.webp 540w, https:\/\/jinhuaceramic.com\/wp-content\/uploads\/2025\/04\/Stoneware-Custom-Tableware-Set-Wholesale-Dinnerware-Set-Service-For-8-4-660x660.webp 660w\" sizes=\"(max-width: 1000px) 100vw, 1000px\" \/><\/figure>\n<\/div>\n<\/div>","protected":false},"excerpt":{"rendered":"<p>Bienvenue sur le site d'achat de vaisselle en gros. Nos ensembles de vaisselle commerciale blanche en vrac ont un design simple et la couleur beige douce et chaleureuse s'accorde facilement avec n'importe quelle table de salle \u00e0 manger. Combinant fonction et esth\u00e9tique, ces services de vaisselle en gros peuvent \u00eatre utilis\u00e9s pour les repas quotidiens et les occasions sp\u00e9ciales.<\/p>","protected":false},"featured_media":8520,"comment_status":"closed","ping_status":"closed","template":"","meta":{"_acf_changed":false},"product_brand":[],"product_cat":[83,54],"product_tag":[],"class_list":{"0":"post-8518","1":"product","2":"type-product","3":"status-publish","4":"has-post-thumbnail","6":"product_cat-wholesale-dinnerware-sets","7":"product_cat-tableware-wholesale","9":"first","10":"instock","11":"shipping-taxable","12":"product-type-simple"},"acf":[],"_links":{"self":[{"href":"https:\/\/jinhuaceramic.com\/fr\/wp-json\/wp\/v2\/product\/8518","targetHints":{"allow":["GET"]}}],"collection":[{"href":"https:\/\/jinhuaceramic.com\/fr\/wp-json\/wp\/v2\/product"}],"about":[{"href":"https:\/\/jinhuaceramic.com\/fr\/wp-json\/wp\/v2\/types\/product"}],"replies":[{"embeddable":true,"href":"https:\/\/jinhuaceramic.com\/fr\/wp-json\/wp\/v2\/comments?post=8518"}],"version-history":[{"count":0,"href":"https:\/\/jinhuaceramic.com\/fr\/wp-json\/wp\/v2\/product\/8518\/revisions"}],"wp:featuredmedia":[{"embeddable":true,"href":"https:\/\/jinhuaceramic.com\/fr\/wp-json\/wp\/v2\/media\/8520"}],"wp:attachment":[{"href":"https:\/\/jinhuaceramic.com\/fr\/wp-json\/wp\/v2\/media?parent=8518"}],"wp:term":[{"taxonomy":"product_brand","embeddable":true,"href":"https:\/\/jinhuaceramic.com\/fr\/wp-json\/wp\/v2\/product_brand?post=8518"},{"taxonomy":"product_cat","embeddable":true,"href":"https:\/\/jinhuaceramic.com\/fr\/wp-json\/wp\/v2\/product_cat?post=8518"},{"taxonomy":"product_tag","embeddable":true,"href":"https:\/\/jinhuaceramic.com\/fr\/wp-json\/wp\/v2\/product_tag?post=8518"}],"curies":[{"name":"wp","href":"https:\/\/api.w.org\/{rel}","templated":true}]}}