{"id":8529,"date":"2025-04-08T02:18:07","date_gmt":"2025-04-08T02:18:07","guid":{"rendered":"https:\/\/jinhuaceramic.com\/?post_type=product&#038;p=8529"},"modified":"2025-04-08T02:18:08","modified_gmt":"2025-04-08T02:18:08","slug":"wholesale-china-dinnerware-sets","status":"publish","type":"product","link":"https:\/\/jinhuaceramic.com\/fr\/product\/wholesale-china-dinnerware-sets\/","title":{"rendered":"Bleu ciel Wholesale China Dinnerware Sets, Plates &amp; Bowls Bulk"},"content":{"rendered":"<div class=\"wp-block-columns is-layout-flex wp-container-core-columns-is-layout-9d6595d7 wp-block-columns-is-layout-flex\">\n<div class=\"wp-block-column is-layout-flow wp-block-column-is-layout-flow\">\n<h3 class=\"wp-block-heading\">Premium Wholesale China Dinnerware Sets Caract\u00e9ristiques :<\/h3>\n\n\n\n<ul class=\"wp-block-list\">\n<li><strong>Design \u00e9l\u00e9gant : <\/strong>La couleur bleue de la vaisselle en porcelaine est calme et rafra\u00eechissante, apportant de la s\u00e9r\u00e9nit\u00e9 \u00e0 la table. Le liser\u00e9 marron constitue la bordure de la vaisselle et lui conf\u00e8re une certaine \u00e9l\u00e9gance.<\/li>\n\n\n\n<li><strong>Mat\u00e9riau c\u00e9ramique de haute qualit\u00e9 : <\/strong>Ces ensembles d'assiettes et de bols sont fabriqu\u00e9s \u00e0 partir de mat\u00e9riaux c\u00e9ramiques de haute qualit\u00e9, cuits \u00e0 haute temp\u00e9rature, ce qui les rend robustes et r\u00e9sistants. Ils r\u00e9sistent aux temp\u00e9ratures \u00e9lev\u00e9es et peuvent \u00eatre utilis\u00e9s au four ou au micro-ondes.<\/li>\n\n\n\n<li><strong>Combinaison d'assiettes et de bols : <\/strong>Ces services de vaisselle en porcelaine comprennent un bol en c\u00e9ramique et deux assiettes diff\u00e9rentes con\u00e7ues pour servir des aliments diff\u00e9rents, parfaits pour les repas r\u00e9guliers et les repas sp\u00e9ciaux tels que les r\u00e9unions entre amis ou en famille.<\/li>\n\n\n\n<li><strong>Facile \u00e0 nettoyer : <\/strong>Ces ensembles d'assiettes et de bols en c\u00e9ramique ont un \u00e9mail lisse qui ne se tache pas facilement et se nettoie ais\u00e9ment. En outre, ils peuvent \u00eatre lav\u00e9s au lave-vaisselle, ce qui permet d'\u00e9conomiser du temps et des efforts.<\/li>\n<\/ul>\n<\/div>\n\n\n\n<div class=\"wp-block-column is-layout-flow wp-block-column-is-layout-flow\">\n<figure class=\"wp-block-image size-full\"><img fetchpriority=\"high\" decoding=\"async\" width=\"2000\" height=\"2000\" src=\"https:\/\/jinhuaceramic.com\/wp-content\/uploads\/2025\/04\/Sky-Blue-Tableware-Set-Wholesale-Custom-Ceramic-Bowls-Dinner-Plate-4.webp\" alt=\"Ensemble de vaisselle, assiettes et bols bleu ciel en gros en Chine Bulk-1\" class=\"wp-image-8532\" srcset=\"https:\/\/jinhuaceramic.com\/wp-content\/uploads\/2025\/04\/Sky-Blue-Tableware-Set-Wholesale-Custom-Ceramic-Bowls-Dinner-Plate-4.webp 2000w, https:\/\/jinhuaceramic.com\/wp-content\/uploads\/2025\/04\/Sky-Blue-Tableware-Set-Wholesale-Custom-Ceramic-Bowls-Dinner-Plate-4-300x300.webp 300w, https:\/\/jinhuaceramic.com\/wp-content\/uploads\/2025\/04\/Sky-Blue-Tableware-Set-Wholesale-Custom-Ceramic-Bowls-Dinner-Plate-4-150x150.webp 150w, https:\/\/jinhuaceramic.com\/wp-content\/uploads\/2025\/04\/Sky-Blue-Tableware-Set-Wholesale-Custom-Ceramic-Bowls-Dinner-Plate-4-768x768.webp 768w, https:\/\/jinhuaceramic.com\/wp-content\/uploads\/2025\/04\/Sky-Blue-Tableware-Set-Wholesale-Custom-Ceramic-Bowls-Dinner-Plate-4-12x12.webp 12w, https:\/\/jinhuaceramic.com\/wp-content\/uploads\/2025\/04\/Sky-Blue-Tableware-Set-Wholesale-Custom-Ceramic-Bowls-Dinner-Plate-4-285x285.webp 285w, https:\/\/jinhuaceramic.com\/wp-content\/uploads\/2025\/04\/Sky-Blue-Tableware-Set-Wholesale-Custom-Ceramic-Bowls-Dinner-Plate-4-1600x1600.webp 1600w, https:\/\/jinhuaceramic.com\/wp-content\/uploads\/2025\/04\/Sky-Blue-Tableware-Set-Wholesale-Custom-Ceramic-Bowls-Dinner-Plate-4-270x270.webp 270w, https:\/\/jinhuaceramic.com\/wp-content\/uploads\/2025\/04\/Sky-Blue-Tableware-Set-Wholesale-Custom-Ceramic-Bowls-Dinner-Plate-4-540x540.webp 540w, https:\/\/jinhuaceramic.com\/wp-content\/uploads\/2025\/04\/Sky-Blue-Tableware-Set-Wholesale-Custom-Ceramic-Bowls-Dinner-Plate-4-660x660.webp 660w\" sizes=\"(max-width: 2000px) 100vw, 2000px\" \/><\/figure>\n<\/div>\n<\/div>","protected":false},"excerpt":{"rendered":"<p>Bienvenue dans l'achat d'assiettes et de bols en gros. Ces ensembles de vaisselle en gros en porcelaine bleu ciel sont fabriqu\u00e9s dans un style minimaliste et \u00e9l\u00e9gant, accompagn\u00e9 d'une fonctionnalit\u00e9 et d'une beaut\u00e9. Ces ensembles de vaisselle ont \u00e9t\u00e9 la priorit\u00e9 absolue des personnes qui recherchent l'individualit\u00e9 et une qualit\u00e9 de vie \u00e9lev\u00e9e.<\/p>","protected":false},"featured_media":8531,"comment_status":"closed","ping_status":"closed","template":"","meta":{"_acf_changed":false},"product_brand":[],"product_cat":[83,54],"product_tag":[],"class_list":{"0":"post-8529","1":"product","2":"type-product","3":"status-publish","4":"has-post-thumbnail","6":"product_cat-wholesale-dinnerware-sets","7":"product_cat-tableware-wholesale","9":"first","10":"instock","11":"shipping-taxable","12":"product-type-simple"},"acf":[],"_links":{"self":[{"href":"https:\/\/jinhuaceramic.com\/fr\/wp-json\/wp\/v2\/product\/8529","targetHints":{"allow":["GET"]}}],"collection":[{"href":"https:\/\/jinhuaceramic.com\/fr\/wp-json\/wp\/v2\/product"}],"about":[{"href":"https:\/\/jinhuaceramic.com\/fr\/wp-json\/wp\/v2\/types\/product"}],"replies":[{"embeddable":true,"href":"https:\/\/jinhuaceramic.com\/fr\/wp-json\/wp\/v2\/comments?post=8529"}],"version-history":[{"count":0,"href":"https:\/\/jinhuaceramic.com\/fr\/wp-json\/wp\/v2\/product\/8529\/revisions"}],"wp:featuredmedia":[{"embeddable":true,"href":"https:\/\/jinhuaceramic.com\/fr\/wp-json\/wp\/v2\/media\/8531"}],"wp:attachment":[{"href":"https:\/\/jinhuaceramic.com\/fr\/wp-json\/wp\/v2\/media?parent=8529"}],"wp:term":[{"taxonomy":"product_brand","embeddable":true,"href":"https:\/\/jinhuaceramic.com\/fr\/wp-json\/wp\/v2\/product_brand?post=8529"},{"taxonomy":"product_cat","embeddable":true,"href":"https:\/\/jinhuaceramic.com\/fr\/wp-json\/wp\/v2\/product_cat?post=8529"},{"taxonomy":"product_tag","embeddable":true,"href":"https:\/\/jinhuaceramic.com\/fr\/wp-json\/wp\/v2\/product_tag?post=8529"}],"curies":[{"name":"wp","href":"https:\/\/api.w.org\/{rel}","templated":true}]}}