{"id":8552,"date":"2025-04-11T02:03:47","date_gmt":"2025-04-11T02:03:47","guid":{"rendered":"https:\/\/jinhuaceramic.com\/?post_type=product&#038;p=8552"},"modified":"2025-04-11T02:03:49","modified_gmt":"2025-04-11T02:03:49","slug":"wholesale-crockery-for-restaurant","status":"publish","type":"product","link":"https:\/\/jinhuaceramic.com\/fr\/product\/wholesale-crockery-for-restaurant\/","title":{"rendered":"Wholesale Crockery for Restaurant, Fine China Tableware Sets (vaisselle en porcelaine)"},"content":{"rendered":"<div class=\"wp-block-columns is-layout-flex wp-container-core-columns-is-layout-9d6595d7 wp-block-columns-is-layout-flex\">\n<div class=\"wp-block-column is-layout-flow wp-block-column-is-layout-flow\">\n<h3 class=\"wp-block-heading\">Vaisselle en gros de premi\u00e8re qualit\u00e9 pour les restaurants Caract\u00e9ristiques :<\/h3>\n\n\n\n<ul class=\"wp-block-list\">\n<li><strong>Design moderne :<\/strong> Notre vaisselle en gros pour restaurant a une couleur bleue, qui n'est pas une couleur unie mais un groupe de nuances avec une texture un peu granuleuse, qui semble tr\u00e8s \u00e9l\u00e9gante et raffin\u00e9e. Le bord de la vaisselle est dessin\u00e9 en marron, ce qui ajoute un peu d'\u00e9l\u00e9gance \u00e0 la vaisselle.<\/li>\n\n\n\n<li><strong>Gr\u00e8s durable :<\/strong> Ces services de table en porcelaine fine ont un toucher chaleureux et une certaine lourdeur, ce qui leur conf\u00e8re un aspect haut de gamme et de grande qualit\u00e9. Plus durables que les c\u00e9ramiques ordinaires, ils ne se cassent pas et ne s'\u00e9caillent pas facilement, et peuvent \u00eatre utilis\u00e9s pendant des ann\u00e9es.<\/li>\n\n\n\n<li><strong>Grande praticit\u00e9 :<\/strong> Cette vaisselle de gros pour restaurant comprend des assiettes et des bols de diff\u00e9rentes tailles, dont le design est bien coordonn\u00e9 et qui peuvent \u00eatre utilis\u00e9s pour le service d'un repas entier. Qu'il s'agisse du petit-d\u00e9jeuner, du d\u00e9jeuner ou du d\u00eener, cet ensemble de vaisselle peut \u00eatre utilis\u00e9.<\/li>\n\n\n\n<li><strong>Large application : <\/strong>Ces services de table en porcelaine fine ne sont pas seulement destin\u00e9s \u00e0 un usage domestique, mais aussi \u00e0 des \u00e9tablissements de restauration, des banquets, etc. Ils peuvent rendre les repas plus agr\u00e9ables et laisser une bonne impression aux invit\u00e9s.<\/li>\n<\/ul>\n<\/div>\n\n\n\n<div class=\"wp-block-column is-layout-flow wp-block-column-is-layout-flow\">\n<figure class=\"wp-block-image size-full\"><img fetchpriority=\"high\" decoding=\"async\" width=\"2000\" height=\"2000\" src=\"https:\/\/jinhuaceramic.com\/wp-content\/uploads\/2025\/04\/Modern-Fine-China-Tableware-Wholesale-Custom-Dinnerware-Set-4.webp\" alt=\"Vaisselle de restaurant en gros, ensembles de vaisselle en porcelaine fine-1\" class=\"wp-image-8556\" srcset=\"https:\/\/jinhuaceramic.com\/wp-content\/uploads\/2025\/04\/Modern-Fine-China-Tableware-Wholesale-Custom-Dinnerware-Set-4.webp 2000w, https:\/\/jinhuaceramic.com\/wp-content\/uploads\/2025\/04\/Modern-Fine-China-Tableware-Wholesale-Custom-Dinnerware-Set-4-300x300.webp 300w, https:\/\/jinhuaceramic.com\/wp-content\/uploads\/2025\/04\/Modern-Fine-China-Tableware-Wholesale-Custom-Dinnerware-Set-4-150x150.webp 150w, https:\/\/jinhuaceramic.com\/wp-content\/uploads\/2025\/04\/Modern-Fine-China-Tableware-Wholesale-Custom-Dinnerware-Set-4-768x768.webp 768w, https:\/\/jinhuaceramic.com\/wp-content\/uploads\/2025\/04\/Modern-Fine-China-Tableware-Wholesale-Custom-Dinnerware-Set-4-12x12.webp 12w, https:\/\/jinhuaceramic.com\/wp-content\/uploads\/2025\/04\/Modern-Fine-China-Tableware-Wholesale-Custom-Dinnerware-Set-4-285x285.webp 285w, https:\/\/jinhuaceramic.com\/wp-content\/uploads\/2025\/04\/Modern-Fine-China-Tableware-Wholesale-Custom-Dinnerware-Set-4-1600x1600.webp 1600w, https:\/\/jinhuaceramic.com\/wp-content\/uploads\/2025\/04\/Modern-Fine-China-Tableware-Wholesale-Custom-Dinnerware-Set-4-270x270.webp 270w, https:\/\/jinhuaceramic.com\/wp-content\/uploads\/2025\/04\/Modern-Fine-China-Tableware-Wholesale-Custom-Dinnerware-Set-4-540x540.webp 540w, https:\/\/jinhuaceramic.com\/wp-content\/uploads\/2025\/04\/Modern-Fine-China-Tableware-Wholesale-Custom-Dinnerware-Set-4-660x660.webp 660w\" sizes=\"(max-width: 2000px) 100vw, 2000px\" \/><\/figure>\n<\/div>\n<\/div>","protected":false},"excerpt":{"rendered":"<p>Bienvenue pour acheter de la vaisselle en gros pour le restaurant. Ces ensembles de vaisselle en porcelaine fine sont un choix populaire en raison de leur beau design moderne, de la d\u00e9coration sophistiqu\u00e9e des bords bruns, du design coordonn\u00e9 des assiettes et des bols, et des mat\u00e9riaux de haute qualit\u00e9, qui conviennent \u00e0 toutes les occasions.<\/p>","protected":false},"featured_media":8558,"comment_status":"closed","ping_status":"closed","template":"","meta":{"_acf_changed":false},"product_brand":[],"product_cat":[83,54],"product_tag":[],"class_list":{"0":"post-8552","1":"product","2":"type-product","3":"status-publish","4":"has-post-thumbnail","6":"product_cat-wholesale-dinnerware-sets","7":"product_cat-tableware-wholesale","9":"first","10":"instock","11":"shipping-taxable","12":"product-type-simple"},"acf":[],"_links":{"self":[{"href":"https:\/\/jinhuaceramic.com\/fr\/wp-json\/wp\/v2\/product\/8552","targetHints":{"allow":["GET"]}}],"collection":[{"href":"https:\/\/jinhuaceramic.com\/fr\/wp-json\/wp\/v2\/product"}],"about":[{"href":"https:\/\/jinhuaceramic.com\/fr\/wp-json\/wp\/v2\/types\/product"}],"replies":[{"embeddable":true,"href":"https:\/\/jinhuaceramic.com\/fr\/wp-json\/wp\/v2\/comments?post=8552"}],"version-history":[{"count":0,"href":"https:\/\/jinhuaceramic.com\/fr\/wp-json\/wp\/v2\/product\/8552\/revisions"}],"wp:featuredmedia":[{"embeddable":true,"href":"https:\/\/jinhuaceramic.com\/fr\/wp-json\/wp\/v2\/media\/8558"}],"wp:attachment":[{"href":"https:\/\/jinhuaceramic.com\/fr\/wp-json\/wp\/v2\/media?parent=8552"}],"wp:term":[{"taxonomy":"product_brand","embeddable":true,"href":"https:\/\/jinhuaceramic.com\/fr\/wp-json\/wp\/v2\/product_brand?post=8552"},{"taxonomy":"product_cat","embeddable":true,"href":"https:\/\/jinhuaceramic.com\/fr\/wp-json\/wp\/v2\/product_cat?post=8552"},{"taxonomy":"product_tag","embeddable":true,"href":"https:\/\/jinhuaceramic.com\/fr\/wp-json\/wp\/v2\/product_tag?post=8552"}],"curies":[{"name":"wp","href":"https:\/\/api.w.org\/{rel}","templated":true}]}}