{"id":8563,"date":"2025-04-11T02:12:50","date_gmt":"2025-04-11T02:12:50","guid":{"rendered":"https:\/\/jinhuaceramic.com\/?post_type=product&#038;p=8563"},"modified":"2025-04-11T02:12:51","modified_gmt":"2025-04-11T02:12:51","slug":"china-bakeware-wholesale","status":"publish","type":"product","link":"https:\/\/jinhuaceramic.com\/fr\/product\/china-bakeware-wholesale\/","title":{"rendered":"China Bakeware Wholesale, 3-Piece Custom Baking Pan Set Bulk"},"content":{"rendered":"<div class=\"wp-block-columns is-layout-flex wp-container-core-columns-is-layout-9d6595d7 wp-block-columns-is-layout-flex\">\n<div class=\"wp-block-column is-layout-flow wp-block-column-is-layout-flow\">\n<h3 class=\"wp-block-heading\">Premium China Bakeware Wholesale\u00a0Features:<\/h3>\n\n\n\n<ul class=\"wp-block-list\">\n<li><strong>Couleurs fra\u00eeches : <\/strong>These china bakeware wholesale have a sky blue outside and a white inside. The colors are very versatile and easy to pair with lots of different kitchen decor, and the colors will give people a sense of freshness and comfort.<\/li>\n\n\n\n<li><strong>Forme unique : <\/strong>The wavy edge design of this custom baking pan set bulk is novel and unique. Unlike ordinary regular baking dishes, these wavy edge baking dishes have the capability to give the kitchen a sense of fashion, and look more decorative when they are serving dishes, hence the beauty of the dishes will be improved.<\/li>\n\n\n\n<li><strong>Mat\u00e9riau de haute qualit\u00e9 : <\/strong>These high-quality china bakeware wholesale heat evenly, allowing food to be evenly heated during the baking process, avoiding partial burns or undercooking, and ensuring the baking effect and taste of the food.<\/li>\n\n\n\n<li><strong>Diff\u00e9rentes tailles : <\/strong>This collection of three sizes custom baking pan bulk can accommodate various baking needs. The small baking pan is for small amounts of food, the big baking pan is for baking large amounts of ingredients, such as whole chickens and large pieces of vegetables.<\/li>\n<\/ul>\n<\/div>\n\n\n\n<div class=\"wp-block-column is-layout-flow wp-block-column-is-layout-flow\">\n<figure class=\"wp-block-image size-full\"><img fetchpriority=\"high\" decoding=\"async\" width=\"1001\" height=\"1001\" src=\"https:\/\/jinhuaceramic.com\/wp-content\/uploads\/2025\/04\/3-Piece-Custom-Bakeware-Set-Wholesale-Baking-Dishes-In-Bulk-4.webp\" alt=\"China Bakeware Wholesale, 3-Piece Custom Baking Pan Set Bulk-1 (Ensemble de moules \u00e0 p\u00e2tisserie personnalis\u00e9s)\" class=\"wp-image-8566\" srcset=\"https:\/\/jinhuaceramic.com\/wp-content\/uploads\/2025\/04\/3-Piece-Custom-Bakeware-Set-Wholesale-Baking-Dishes-In-Bulk-4.webp 1001w, https:\/\/jinhuaceramic.com\/wp-content\/uploads\/2025\/04\/3-Piece-Custom-Bakeware-Set-Wholesale-Baking-Dishes-In-Bulk-4-300x300.webp 300w, https:\/\/jinhuaceramic.com\/wp-content\/uploads\/2025\/04\/3-Piece-Custom-Bakeware-Set-Wholesale-Baking-Dishes-In-Bulk-4-150x150.webp 150w, https:\/\/jinhuaceramic.com\/wp-content\/uploads\/2025\/04\/3-Piece-Custom-Bakeware-Set-Wholesale-Baking-Dishes-In-Bulk-4-768x768.webp 768w, https:\/\/jinhuaceramic.com\/wp-content\/uploads\/2025\/04\/3-Piece-Custom-Bakeware-Set-Wholesale-Baking-Dishes-In-Bulk-4-12x12.webp 12w, https:\/\/jinhuaceramic.com\/wp-content\/uploads\/2025\/04\/3-Piece-Custom-Bakeware-Set-Wholesale-Baking-Dishes-In-Bulk-4-285x285.webp 285w, https:\/\/jinhuaceramic.com\/wp-content\/uploads\/2025\/04\/3-Piece-Custom-Bakeware-Set-Wholesale-Baking-Dishes-In-Bulk-4-270x270.webp 270w, https:\/\/jinhuaceramic.com\/wp-content\/uploads\/2025\/04\/3-Piece-Custom-Bakeware-Set-Wholesale-Baking-Dishes-In-Bulk-4-540x540.webp 540w, https:\/\/jinhuaceramic.com\/wp-content\/uploads\/2025\/04\/3-Piece-Custom-Bakeware-Set-Wholesale-Baking-Dishes-In-Bulk-4-660x660.webp 660w\" sizes=\"(max-width: 1001px) 100vw, 1001px\" \/><\/figure>\n<\/div>\n<\/div>","protected":false},"excerpt":{"rendered":"<p>Bienvenue sur le site d'achat en gros d'ustensiles de cuisson chinois. Nos moules \u00e0 p\u00e2tisserie personnalis\u00e9s en vrac sont beaux et pratiques avec des bords ondul\u00e9s uniques et des couleurs nouvelles, ajoutant une atmosph\u00e8re artistique \u00e0 la cuisine et \u00e0 la table \u00e0 manger. Les combinaisons de tailles multiples peuvent r\u00e9pondre \u00e0 diff\u00e9rents besoins de cuisson.<\/p>","protected":false},"featured_media":8565,"comment_status":"closed","ping_status":"closed","template":"","meta":{"_acf_changed":false},"product_brand":[],"product_cat":[53],"product_tag":[71],"class_list":{"0":"post-8563","1":"product","2":"type-product","3":"status-publish","4":"has-post-thumbnail","6":"product_cat-bakeware-in-bulk","7":"product_tag-wholesale-baking-pans","9":"first","10":"instock","11":"shipping-taxable","12":"product-type-simple"},"acf":[],"_links":{"self":[{"href":"https:\/\/jinhuaceramic.com\/fr\/wp-json\/wp\/v2\/product\/8563","targetHints":{"allow":["GET"]}}],"collection":[{"href":"https:\/\/jinhuaceramic.com\/fr\/wp-json\/wp\/v2\/product"}],"about":[{"href":"https:\/\/jinhuaceramic.com\/fr\/wp-json\/wp\/v2\/types\/product"}],"replies":[{"embeddable":true,"href":"https:\/\/jinhuaceramic.com\/fr\/wp-json\/wp\/v2\/comments?post=8563"}],"version-history":[{"count":0,"href":"https:\/\/jinhuaceramic.com\/fr\/wp-json\/wp\/v2\/product\/8563\/revisions"}],"wp:featuredmedia":[{"embeddable":true,"href":"https:\/\/jinhuaceramic.com\/fr\/wp-json\/wp\/v2\/media\/8565"}],"wp:attachment":[{"href":"https:\/\/jinhuaceramic.com\/fr\/wp-json\/wp\/v2\/media?parent=8563"}],"wp:term":[{"taxonomy":"product_brand","embeddable":true,"href":"https:\/\/jinhuaceramic.com\/fr\/wp-json\/wp\/v2\/product_brand?post=8563"},{"taxonomy":"product_cat","embeddable":true,"href":"https:\/\/jinhuaceramic.com\/fr\/wp-json\/wp\/v2\/product_cat?post=8563"},{"taxonomy":"product_tag","embeddable":true,"href":"https:\/\/jinhuaceramic.com\/fr\/wp-json\/wp\/v2\/product_tag?post=8563"}],"curies":[{"name":"wp","href":"https:\/\/api.w.org\/{rel}","templated":true}]}}