{"id":8572,"date":"2025-04-11T01:54:35","date_gmt":"2025-04-11T01:54:35","guid":{"rendered":"https:\/\/jinhuaceramic.com\/?post_type=product&#038;p=8572"},"modified":"2025-04-11T01:54:37","modified_gmt":"2025-04-11T01:54:37","slug":"chinese-crockery-wholesale","status":"publish","type":"product","link":"https:\/\/jinhuaceramic.com\/fr\/product\/chinese-crockery-wholesale\/","title":{"rendered":"Vaisselle chinoise blanche brillante avec bord dor\u00e9"},"content":{"rendered":"<div class=\"wp-block-columns is-layout-flex wp-container-core-columns-is-layout-9d6595d7 wp-block-columns-is-layout-flex\">\n<div class=\"wp-block-column is-layout-flow wp-block-column-is-layout-flow\">\n<h3 class=\"wp-block-heading\">Premium Chinese Crockery Wholesale Caract\u00e9ristiques :<\/h3>\n\n\n\n<ul class=\"wp-block-list\">\n<li><strong>Design \u00e9l\u00e9gant : <\/strong>La surface de ces sets de vaisselle chinoise n'est pas plate, mais l\u00e9g\u00e8rement in\u00e9gale, ce qui les rend uniques et haut de gamme. Ces services de table sont d'un blanc brillant avec de d\u00e9licates lignes de bordures dor\u00e9es, d'une simplicit\u00e9 intemporelle, et conviennent aux restaurants ou aux environnements domestiques avec des th\u00e8mes de d\u00e9coration vari\u00e9s.<\/li>\n\n\n\n<li><strong>Mat\u00e9riau de haute qualit\u00e9 : <\/strong>Ces vaisselles en gr\u00e8s de haute qualit\u00e9 sont chimiquement stables apr\u00e8s avoir \u00e9t\u00e9 cuites \u00e0 haute temp\u00e9rature, ne lib\u00e8rent pas de toxines et n'entrent pas directement en contact avec les aliments. Elles sont donc s\u00fbres et fiables et garantissent un r\u00e9gime alimentaire sain.<\/li>\n\n\n\n<li><strong>Large application : <\/strong>Ces ensembles de vaisselle chinoise en gros comprennent des bols et des assiettes de diff\u00e9rentes tailles pour r\u00e9pondre \u00e0 divers besoins en mati\u00e8re de repas. Avec des tons et des styles unifi\u00e9s, la vaisselle peut \u00eatre librement assortie et combin\u00e9e, qu'il s'agisse de repas familiaux quotidiens ou de d\u00eeners formels pour recevoir des invit\u00e9s, elle convient parfaitement \u00e0 la cr\u00e9ation de diff\u00e9rents effets d'assiette.<\/li>\n\n\n\n<li><strong>Facile \u00e0 entretenir : <\/strong>Ces services de vaisselle blanche en gros ont un \u00e9mail lisse, ne retiennent pas facilement les taches d'huile, les r\u00e9sidus alimentaires, etc., n'absorbent pas facilement les odeurs et sont faciles \u00e0 nettoyer. Ils peuvent \u00e9galement \u00eatre mis au lave-vaisselle pour \u00eatre nettoy\u00e9s, ce qui r\u00e9duit les probl\u00e8mes de nettoyage manuel.<\/li>\n<\/ul>\n<\/div>\n\n\n\n<div class=\"wp-block-column is-layout-flow wp-block-column-is-layout-flow\">\n<figure class=\"wp-block-image size-full\"><img fetchpriority=\"high\" decoding=\"async\" width=\"2000\" height=\"2000\" src=\"https:\/\/jinhuaceramic.com\/wp-content\/uploads\/2025\/04\/High-End-Stoneware-Dinnerware-Set-Custom-Tableware-Wholesale-4.webp\" alt=\"Vaisselle chinoise blanche brillante avec bordure dor\u00e9e-1\" class=\"wp-image-8575\" srcset=\"https:\/\/jinhuaceramic.com\/wp-content\/uploads\/2025\/04\/High-End-Stoneware-Dinnerware-Set-Custom-Tableware-Wholesale-4.webp 2000w, https:\/\/jinhuaceramic.com\/wp-content\/uploads\/2025\/04\/High-End-Stoneware-Dinnerware-Set-Custom-Tableware-Wholesale-4-300x300.webp 300w, https:\/\/jinhuaceramic.com\/wp-content\/uploads\/2025\/04\/High-End-Stoneware-Dinnerware-Set-Custom-Tableware-Wholesale-4-150x150.webp 150w, https:\/\/jinhuaceramic.com\/wp-content\/uploads\/2025\/04\/High-End-Stoneware-Dinnerware-Set-Custom-Tableware-Wholesale-4-768x768.webp 768w, https:\/\/jinhuaceramic.com\/wp-content\/uploads\/2025\/04\/High-End-Stoneware-Dinnerware-Set-Custom-Tableware-Wholesale-4-12x12.webp 12w, https:\/\/jinhuaceramic.com\/wp-content\/uploads\/2025\/04\/High-End-Stoneware-Dinnerware-Set-Custom-Tableware-Wholesale-4-285x285.webp 285w, https:\/\/jinhuaceramic.com\/wp-content\/uploads\/2025\/04\/High-End-Stoneware-Dinnerware-Set-Custom-Tableware-Wholesale-4-1600x1600.webp 1600w, https:\/\/jinhuaceramic.com\/wp-content\/uploads\/2025\/04\/High-End-Stoneware-Dinnerware-Set-Custom-Tableware-Wholesale-4-270x270.webp 270w, https:\/\/jinhuaceramic.com\/wp-content\/uploads\/2025\/04\/High-End-Stoneware-Dinnerware-Set-Custom-Tableware-Wholesale-4-540x540.webp 540w, https:\/\/jinhuaceramic.com\/wp-content\/uploads\/2025\/04\/High-End-Stoneware-Dinnerware-Set-Custom-Tableware-Wholesale-4-660x660.webp 660w\" sizes=\"(max-width: 2000px) 100vw, 2000px\" \/><\/figure>\n<\/div>\n<\/div>\n\n\n\n<p><\/p>","protected":false},"excerpt":{"rendered":"<p>Bienvenue sur le site d'achat en gros d'ensembles de vaisselle blanche. Con\u00e7us \u00e0 la mode et fabriqu\u00e9s en gr\u00e8s de haute qualit\u00e9, ces services de vaisselle chinoise en gros sont faciles \u00e0 utiliser et n\u00e9cessitent peu d'entretien. Ils sont attrayants et fonctionnels, id\u00e9aux pour am\u00e9liorer votre exp\u00e9rience culinaire.<\/p>","protected":false},"featured_media":8576,"comment_status":"closed","ping_status":"closed","template":"","meta":{"_acf_changed":false},"product_brand":[],"product_cat":[83,54],"product_tag":[],"class_list":{"0":"post-8572","1":"product","2":"type-product","3":"status-publish","4":"has-post-thumbnail","6":"product_cat-wholesale-dinnerware-sets","7":"product_cat-tableware-wholesale","9":"first","10":"instock","11":"shipping-taxable","12":"product-type-simple"},"acf":[],"_links":{"self":[{"href":"https:\/\/jinhuaceramic.com\/fr\/wp-json\/wp\/v2\/product\/8572","targetHints":{"allow":["GET"]}}],"collection":[{"href":"https:\/\/jinhuaceramic.com\/fr\/wp-json\/wp\/v2\/product"}],"about":[{"href":"https:\/\/jinhuaceramic.com\/fr\/wp-json\/wp\/v2\/types\/product"}],"replies":[{"embeddable":true,"href":"https:\/\/jinhuaceramic.com\/fr\/wp-json\/wp\/v2\/comments?post=8572"}],"version-history":[{"count":0,"href":"https:\/\/jinhuaceramic.com\/fr\/wp-json\/wp\/v2\/product\/8572\/revisions"}],"wp:featuredmedia":[{"embeddable":true,"href":"https:\/\/jinhuaceramic.com\/fr\/wp-json\/wp\/v2\/media\/8576"}],"wp:attachment":[{"href":"https:\/\/jinhuaceramic.com\/fr\/wp-json\/wp\/v2\/media?parent=8572"}],"wp:term":[{"taxonomy":"product_brand","embeddable":true,"href":"https:\/\/jinhuaceramic.com\/fr\/wp-json\/wp\/v2\/product_brand?post=8572"},{"taxonomy":"product_cat","embeddable":true,"href":"https:\/\/jinhuaceramic.com\/fr\/wp-json\/wp\/v2\/product_cat?post=8572"},{"taxonomy":"product_tag","embeddable":true,"href":"https:\/\/jinhuaceramic.com\/fr\/wp-json\/wp\/v2\/product_tag?post=8572"}],"curies":[{"name":"wp","href":"https:\/\/api.w.org\/{rel}","templated":true}]}}