{"id":8592,"date":"2025-04-16T04:05:14","date_gmt":"2025-04-16T04:05:14","guid":{"rendered":"https:\/\/jinhuaceramic.com\/?post_type=product&#038;p=8592"},"modified":"2025-04-19T03:46:07","modified_gmt":"2025-04-19T03:46:07","slug":"western-dinnerware-wholesale","status":"publish","type":"product","link":"https:\/\/jinhuaceramic.com\/fr\/product\/western-dinnerware-wholesale\/","title":{"rendered":"Vaisselle western gris bleu Wholesale, vaisselle sur mesure"},"content":{"rendered":"<div class=\"wp-block-columns is-layout-flex wp-container-core-columns-is-layout-9d6595d7 wp-block-columns-is-layout-flex\">\n<div class=\"wp-block-column is-layout-flow wp-block-column-is-layout-flow\">\n<h3 class=\"wp-block-heading\">Vaisselle occidentale de qualit\u00e9 sup\u00e9rieure Caract\u00e9ristiques :<\/h3>\n\n\n\n<ul class=\"wp-block-list\">\n<li><strong>Design moderne : <\/strong>Cette vaisselle occidentale en gros a un design simple et moderne, et sa surface est l\u00e9g\u00e8rement convexe et concave, ce qui lui conf\u00e8re un aspect rustique fait \u00e0 la main.<\/li>\n\n\n\n<li><strong>Mat\u00e9riau de haute qualit\u00e9 : <\/strong>Ces vaisselles sur mesure sont fabriqu\u00e9es en c\u00e9ramique de haute qualit\u00e9 et cuites \u00e0 haute temp\u00e9rature. Elles pr\u00e9sentent donc une bonne r\u00e9sistance \u00e0 la chaleur et une bonne stabilit\u00e9, peuvent supporter les changements de temp\u00e9rature des aliments et ne se d\u00e9forment pas ou ne se cassent pas facilement.<\/li>\n\n\n\n<li><strong>Ensemble complet :<\/strong> Cette vaisselle western comprend un bol de 24 oz, une assiette de 8,5 pouces et une assiette de 10,5 pouces pour r\u00e9pondre \u00e0 diff\u00e9rents besoins. Le bol est parfait pour la soupe, le riz, les c\u00e9r\u00e9ales, etc., l'assiette de 8,5 pouces est parfaite pour les accompagnements et l'assiette de 10,5 pouces est parfaite pour les entr\u00e9es telles que le steak.<\/li>\n\n\n\n<li><strong>Sc\u00e9narios d'application : <\/strong>Ces services de vaisselle sur mesure peuvent \u00eatre utilis\u00e9s aussi bien pour les repas quotidiens en famille que pour les occasions o\u00f9 il y a des invit\u00e9s, o\u00f9 ils peuvent ajouter \u00e0 l'ambiance du d\u00eener. Ils constituent \u00e9galement un choix agr\u00e9able pour les cadeaux, qu'il s'agisse d'un cadeau de mariage ou d'un cadeau de f\u00eate, ils peuvent exprimer une pens\u00e9e.<\/li>\n<\/ul>\n<\/div>\n\n\n\n<div class=\"wp-block-column is-layout-flow wp-block-column-is-layout-flow\">\n<figure class=\"wp-block-image size-full\"><img fetchpriority=\"high\" decoding=\"async\" width=\"2000\" height=\"2000\" src=\"https:\/\/jinhuaceramic.com\/wp-content\/uploads\/2025\/04\/Wholesale-Modern-Blue-Tableware-Custom-Dinnerware-Set-Service-For-4-5.webp\" alt=\"Vaisselle western gris bleu Wholesale, Vaisselle sur mesure-1\" class=\"wp-image-8596\" srcset=\"https:\/\/jinhuaceramic.com\/wp-content\/uploads\/2025\/04\/Wholesale-Modern-Blue-Tableware-Custom-Dinnerware-Set-Service-For-4-5.webp 2000w, https:\/\/jinhuaceramic.com\/wp-content\/uploads\/2025\/04\/Wholesale-Modern-Blue-Tableware-Custom-Dinnerware-Set-Service-For-4-5-300x300.webp 300w, https:\/\/jinhuaceramic.com\/wp-content\/uploads\/2025\/04\/Wholesale-Modern-Blue-Tableware-Custom-Dinnerware-Set-Service-For-4-5-150x150.webp 150w, https:\/\/jinhuaceramic.com\/wp-content\/uploads\/2025\/04\/Wholesale-Modern-Blue-Tableware-Custom-Dinnerware-Set-Service-For-4-5-768x768.webp 768w, https:\/\/jinhuaceramic.com\/wp-content\/uploads\/2025\/04\/Wholesale-Modern-Blue-Tableware-Custom-Dinnerware-Set-Service-For-4-5-12x12.webp 12w, https:\/\/jinhuaceramic.com\/wp-content\/uploads\/2025\/04\/Wholesale-Modern-Blue-Tableware-Custom-Dinnerware-Set-Service-For-4-5-285x285.webp 285w, https:\/\/jinhuaceramic.com\/wp-content\/uploads\/2025\/04\/Wholesale-Modern-Blue-Tableware-Custom-Dinnerware-Set-Service-For-4-5-1600x1600.webp 1600w, https:\/\/jinhuaceramic.com\/wp-content\/uploads\/2025\/04\/Wholesale-Modern-Blue-Tableware-Custom-Dinnerware-Set-Service-For-4-5-270x270.webp 270w, https:\/\/jinhuaceramic.com\/wp-content\/uploads\/2025\/04\/Wholesale-Modern-Blue-Tableware-Custom-Dinnerware-Set-Service-For-4-5-540x540.webp 540w, https:\/\/jinhuaceramic.com\/wp-content\/uploads\/2025\/04\/Wholesale-Modern-Blue-Tableware-Custom-Dinnerware-Set-Service-For-4-5-660x660.webp 660w\" sizes=\"(max-width: 2000px) 100vw, 2000px\" \/><\/figure>\n<\/div>\n<\/div>","protected":false},"excerpt":{"rendered":"<p>Bienvenue pour acheter de la vaisselle sur mesure. Cette vaisselle occidentale bleue et grise est d'une conception simple et d'une esth\u00e9tique moderne. Elle est s\u00fbre, solide et durable, adapt\u00e9e \u00e0 divers sc\u00e9narios, ce qui peut apporter aux utilisateurs une exp\u00e9rience de repas confortable et agr\u00e9able.<\/p>","protected":false},"featured_media":8599,"comment_status":"closed","ping_status":"closed","template":"","meta":{"_acf_changed":false},"product_brand":[],"product_cat":[83,54],"product_tag":[],"class_list":{"0":"post-8592","1":"product","2":"type-product","3":"status-publish","4":"has-post-thumbnail","6":"product_cat-wholesale-dinnerware-sets","7":"product_cat-tableware-wholesale","9":"first","10":"instock","11":"shipping-taxable","12":"product-type-simple"},"acf":[],"_links":{"self":[{"href":"https:\/\/jinhuaceramic.com\/fr\/wp-json\/wp\/v2\/product\/8592","targetHints":{"allow":["GET"]}}],"collection":[{"href":"https:\/\/jinhuaceramic.com\/fr\/wp-json\/wp\/v2\/product"}],"about":[{"href":"https:\/\/jinhuaceramic.com\/fr\/wp-json\/wp\/v2\/types\/product"}],"replies":[{"embeddable":true,"href":"https:\/\/jinhuaceramic.com\/fr\/wp-json\/wp\/v2\/comments?post=8592"}],"version-history":[{"count":0,"href":"https:\/\/jinhuaceramic.com\/fr\/wp-json\/wp\/v2\/product\/8592\/revisions"}],"wp:featuredmedia":[{"embeddable":true,"href":"https:\/\/jinhuaceramic.com\/fr\/wp-json\/wp\/v2\/media\/8599"}],"wp:attachment":[{"href":"https:\/\/jinhuaceramic.com\/fr\/wp-json\/wp\/v2\/media?parent=8592"}],"wp:term":[{"taxonomy":"product_brand","embeddable":true,"href":"https:\/\/jinhuaceramic.com\/fr\/wp-json\/wp\/v2\/product_brand?post=8592"},{"taxonomy":"product_cat","embeddable":true,"href":"https:\/\/jinhuaceramic.com\/fr\/wp-json\/wp\/v2\/product_cat?post=8592"},{"taxonomy":"product_tag","embeddable":true,"href":"https:\/\/jinhuaceramic.com\/fr\/wp-json\/wp\/v2\/product_tag?post=8592"}],"curies":[{"name":"wp","href":"https:\/\/api.w.org\/{rel}","templated":true}]}}