{"id":8655,"date":"2025-04-16T03:47:31","date_gmt":"2025-04-16T03:47:31","guid":{"rendered":"https:\/\/jinhuaceramic.com\/?post_type=product&#038;p=8655"},"modified":"2025-04-16T03:47:33","modified_gmt":"2025-04-16T03:47:33","slug":"bulk-dinnerware-wholesale","status":"publish","type":"product","link":"https:\/\/jinhuaceramic.com\/fr\/product\/bulk-dinnerware-wholesale\/","title":{"rendered":"Vaisselle rustique en vrac Wholesale, vaisselle sur mesure"},"content":{"rendered":"<div class=\"wp-block-columns is-layout-flex wp-container-core-columns-is-layout-9d6595d7 wp-block-columns-is-layout-flex\">\n<div class=\"wp-block-column is-layout-flow wp-block-column-is-layout-flow\">\n<h3 class=\"wp-block-heading\">Premium Bulk Dinnerware Wholesale Caract\u00e9ristiques :<\/h3>\n\n\n\n<ul class=\"wp-block-list\">\n<li><strong>Style rustique : <\/strong>Cette vaisselle en gros est con\u00e7ue pour \u00eatre rustique et \u00e9l\u00e9gante. Le gris clair chaud avec un liser\u00e9 marron le long des bords est \u00e9l\u00e9gant et polyvalent. La texture l\u00e9g\u00e8rement bossel\u00e9e de la surface de la vaisselle lui conf\u00e8re un aspect r\u00e9tro et artisanal, ce qui lui donne un aspect rustique.<\/li>\n\n\n\n<li><strong>Mat\u00e9riau c\u00e9ramique de haute qualit\u00e9 :<\/strong> Ces services de vaisselle personnalis\u00e9s sont fabriqu\u00e9s en argile c\u00e9ramique naturelle cuite \u00e0 haute temp\u00e9rature. Ils pr\u00e9sentent une bonne r\u00e9sistance \u00e0 la chaleur et peuvent contenir diff\u00e9rents aliments chauds. La vaisselle en c\u00e9ramique est durable, ne se raye et ne se casse pas facilement et a une longue dur\u00e9e de vie.<\/li>\n\n\n\n<li><strong>Pratique : <\/strong>Cette vaisselle en gros comprend diff\u00e9rentes tailles de bols et d'assiettes pour r\u00e9pondre \u00e0 une vari\u00e9t\u00e9 de besoins quotidiens en mati\u00e8re de repas, qu'il s'agisse de repas pr\u00e9par\u00e9s \u00e0 la maison ou de recevoir des invit\u00e9s, ils peuvent facilement y faire face.<\/li>\n\n\n\n<li><strong>Am\u00e9liorer l'exp\u00e9rience gastronomique : <\/strong>Ces ensembles de vaisselle sur mesure de haute qualit\u00e9 sont textur\u00e9s, offrent une exp\u00e9rience tactile raffin\u00e9e et augmentent le confort des repas. La beaut\u00e9 et l'aspect luxueux peuvent am\u00e9liorer l'ambiance et le rituel du repas, et accro\u00eetre le plaisir de manger.<\/li>\n<\/ul>\n<\/div>\n\n\n\n<div class=\"wp-block-column is-layout-flow wp-block-column-is-layout-flow\">\n<figure class=\"wp-block-image size-full\"><img fetchpriority=\"high\" decoding=\"async\" width=\"2000\" height=\"2000\" src=\"https:\/\/jinhuaceramic.com\/wp-content\/uploads\/2025\/04\/Rustic-Dinner-Crockery-Set-Wholesale-Custom-Tableware-In-Bulk-8.webp\" alt=\"Vaisselle rustique en vrac Wholesale, vaisselle sur mesure Set-1\" class=\"wp-image-8662\" srcset=\"https:\/\/jinhuaceramic.com\/wp-content\/uploads\/2025\/04\/Rustic-Dinner-Crockery-Set-Wholesale-Custom-Tableware-In-Bulk-8.webp 2000w, https:\/\/jinhuaceramic.com\/wp-content\/uploads\/2025\/04\/Rustic-Dinner-Crockery-Set-Wholesale-Custom-Tableware-In-Bulk-8-300x300.webp 300w, https:\/\/jinhuaceramic.com\/wp-content\/uploads\/2025\/04\/Rustic-Dinner-Crockery-Set-Wholesale-Custom-Tableware-In-Bulk-8-150x150.webp 150w, https:\/\/jinhuaceramic.com\/wp-content\/uploads\/2025\/04\/Rustic-Dinner-Crockery-Set-Wholesale-Custom-Tableware-In-Bulk-8-768x768.webp 768w, https:\/\/jinhuaceramic.com\/wp-content\/uploads\/2025\/04\/Rustic-Dinner-Crockery-Set-Wholesale-Custom-Tableware-In-Bulk-8-12x12.webp 12w, https:\/\/jinhuaceramic.com\/wp-content\/uploads\/2025\/04\/Rustic-Dinner-Crockery-Set-Wholesale-Custom-Tableware-In-Bulk-8-285x285.webp 285w, https:\/\/jinhuaceramic.com\/wp-content\/uploads\/2025\/04\/Rustic-Dinner-Crockery-Set-Wholesale-Custom-Tableware-In-Bulk-8-1600x1600.webp 1600w, https:\/\/jinhuaceramic.com\/wp-content\/uploads\/2025\/04\/Rustic-Dinner-Crockery-Set-Wholesale-Custom-Tableware-In-Bulk-8-270x270.webp 270w, https:\/\/jinhuaceramic.com\/wp-content\/uploads\/2025\/04\/Rustic-Dinner-Crockery-Set-Wholesale-Custom-Tableware-In-Bulk-8-540x540.webp 540w, https:\/\/jinhuaceramic.com\/wp-content\/uploads\/2025\/04\/Rustic-Dinner-Crockery-Set-Wholesale-Custom-Tableware-In-Bulk-8-660x660.webp 660w\" sizes=\"(max-width: 2000px) 100vw, 2000px\" \/><\/figure>\n<\/div>\n<\/div>","protected":false},"excerpt":{"rendered":"<p>Bienvenue pour acheter en gros de la vaisselle en vrac. Ces ensembles de vaisselle rustique sur mesure ont une belle apparence, un mat\u00e9riau c\u00e9ramique s\u00fbr et durable, et plusieurs tailles de vaisselle. Ils peuvent non seulement r\u00e9pondre aux besoins quotidiens des gens en mati\u00e8re de repas, mais aussi cr\u00e9er une atmosph\u00e8re chaleureuse, confortable et \u00e9l\u00e9gante et offrir une meilleure exp\u00e9rience gastronomique.<\/p>","protected":false},"featured_media":8663,"comment_status":"closed","ping_status":"closed","template":"","meta":{"_acf_changed":false},"product_brand":[],"product_cat":[83,54],"product_tag":[],"class_list":{"0":"post-8655","1":"product","2":"type-product","3":"status-publish","4":"has-post-thumbnail","6":"product_cat-wholesale-dinnerware-sets","7":"product_cat-tableware-wholesale","9":"first","10":"instock","11":"shipping-taxable","12":"product-type-simple"},"acf":[],"_links":{"self":[{"href":"https:\/\/jinhuaceramic.com\/fr\/wp-json\/wp\/v2\/product\/8655","targetHints":{"allow":["GET"]}}],"collection":[{"href":"https:\/\/jinhuaceramic.com\/fr\/wp-json\/wp\/v2\/product"}],"about":[{"href":"https:\/\/jinhuaceramic.com\/fr\/wp-json\/wp\/v2\/types\/product"}],"replies":[{"embeddable":true,"href":"https:\/\/jinhuaceramic.com\/fr\/wp-json\/wp\/v2\/comments?post=8655"}],"version-history":[{"count":0,"href":"https:\/\/jinhuaceramic.com\/fr\/wp-json\/wp\/v2\/product\/8655\/revisions"}],"wp:featuredmedia":[{"embeddable":true,"href":"https:\/\/jinhuaceramic.com\/fr\/wp-json\/wp\/v2\/media\/8663"}],"wp:attachment":[{"href":"https:\/\/jinhuaceramic.com\/fr\/wp-json\/wp\/v2\/media?parent=8655"}],"wp:term":[{"taxonomy":"product_brand","embeddable":true,"href":"https:\/\/jinhuaceramic.com\/fr\/wp-json\/wp\/v2\/product_brand?post=8655"},{"taxonomy":"product_cat","embeddable":true,"href":"https:\/\/jinhuaceramic.com\/fr\/wp-json\/wp\/v2\/product_cat?post=8655"},{"taxonomy":"product_tag","embeddable":true,"href":"https:\/\/jinhuaceramic.com\/fr\/wp-json\/wp\/v2\/product_tag?post=8655"}],"curies":[{"name":"wp","href":"https:\/\/api.w.org\/{rel}","templated":true}]}}