{"id":8672,"date":"2025-04-18T03:04:51","date_gmt":"2025-04-18T03:04:51","guid":{"rendered":"https:\/\/jinhuaceramic.com\/?post_type=product&#038;p=8672"},"modified":"2025-04-18T03:04:53","modified_gmt":"2025-04-18T03:04:53","slug":"wholesale-bathroom-accessory-set-2","status":"publish","type":"product","link":"https:\/\/jinhuaceramic.com\/fr\/product\/wholesale-bathroom-accessory-set-2\/","title":{"rendered":"Beige Wholesale Bathroom Accessory Set, Custom Bathroom Set"},"content":{"rendered":"<div class=\"wp-block-columns is-layout-flex wp-container-core-columns-is-layout-9d6595d7 wp-block-columns-is-layout-flex\">\n<div class=\"wp-block-column is-layout-flow wp-block-column-is-layout-flow\">\n<h3 class=\"wp-block-heading\">Ensemble d'accessoires de salle de bain haut de gamme en gros Caract\u00e9ristiques :<\/h3>\n\n\n\n<ul class=\"wp-block-list\">\n<li><strong>Design \u00e9l\u00e9gant : <\/strong>Le design de cet ensemble d'accessoires de salle de bain vendu en gros est \u00e9pur\u00e9 mais \u00e9l\u00e9gant. La couleur beige chaud et la forme arrondie sont flexibles et chaleureuses, et s'int\u00e8grent facilement dans n'importe quel design de salle de bain. La texture fine et mouchet\u00e9e de la surface ajoute une touche d'\u00e9l\u00e9gance aux accessoires de salle de bain.<\/li>\n\n\n\n<li><strong>Mat\u00e9riau de haute qualit\u00e9 : <\/strong>Nos ensembles de salle de bain sur mesure sont fabriqu\u00e9s \u00e0 partir d'un mat\u00e9riau c\u00e9ramique de haute qualit\u00e9 cuit \u00e0 haute temp\u00e9rature. Ils offrent ainsi une excellente r\u00e9sistance \u00e0 la corrosion et \u00e0 l'abrasion, supportent l'\u00e9rosion dans les conditions humides d'une salle de bain et ne se d\u00e9forment ni ne se cassent facilement.<\/li>\n\n\n\n<li><strong>Ensemble complet : <\/strong>Ces ensembles d'accessoires de salle de bain vendus en gros comprennent un distributeur de savon, un gobelet pour bain de bouche, un pot et un porte-savon, qui r\u00e9pondent aux besoins de rangement et d'utilisation des articles de toilette quotidiens. La pompe du distributeur de savon est grande et facile \u00e0 presser.<\/li>\n\n\n\n<li><strong>Facile \u00e0 nettoyer : <\/strong>Ces ensembles de salle de bain personnalis\u00e9s en c\u00e9ramique ont une surface lisse qui ne se tache pas facilement et qui est tr\u00e8s facile \u00e0 nettoyer, il suffit de les essuyer avec un chiffon humide. La c\u00e9ramique est un mat\u00e9riau qui ne favorise pas la prolif\u00e9ration des bact\u00e9ries, ce qui permet de garder les accessoires de salle de bain propres.<\/li>\n<\/ul>\n<\/div>\n\n\n\n<div class=\"wp-block-column is-layout-flow wp-block-column-is-layout-flow\">\n<figure class=\"wp-block-image size-full\"><img fetchpriority=\"high\" decoding=\"async\" width=\"1600\" height=\"1600\" src=\"https:\/\/jinhuaceramic.com\/wp-content\/uploads\/2025\/04\/Beige-Custom-Bathroom-Accessories-Set-Bathroom-Supplies-Wholesale-5.webp\" alt=\"Beige Wholesale Bathroom Accessory Set, Custom Bathroom Set-1\" class=\"wp-image-8676\" srcset=\"https:\/\/jinhuaceramic.com\/wp-content\/uploads\/2025\/04\/Beige-Custom-Bathroom-Accessories-Set-Bathroom-Supplies-Wholesale-5.webp 1600w, https:\/\/jinhuaceramic.com\/wp-content\/uploads\/2025\/04\/Beige-Custom-Bathroom-Accessories-Set-Bathroom-Supplies-Wholesale-5-300x300.webp 300w, https:\/\/jinhuaceramic.com\/wp-content\/uploads\/2025\/04\/Beige-Custom-Bathroom-Accessories-Set-Bathroom-Supplies-Wholesale-5-150x150.webp 150w, https:\/\/jinhuaceramic.com\/wp-content\/uploads\/2025\/04\/Beige-Custom-Bathroom-Accessories-Set-Bathroom-Supplies-Wholesale-5-768x768.webp 768w, https:\/\/jinhuaceramic.com\/wp-content\/uploads\/2025\/04\/Beige-Custom-Bathroom-Accessories-Set-Bathroom-Supplies-Wholesale-5-12x12.webp 12w, https:\/\/jinhuaceramic.com\/wp-content\/uploads\/2025\/04\/Beige-Custom-Bathroom-Accessories-Set-Bathroom-Supplies-Wholesale-5-285x285.webp 285w, https:\/\/jinhuaceramic.com\/wp-content\/uploads\/2025\/04\/Beige-Custom-Bathroom-Accessories-Set-Bathroom-Supplies-Wholesale-5-270x270.webp 270w, https:\/\/jinhuaceramic.com\/wp-content\/uploads\/2025\/04\/Beige-Custom-Bathroom-Accessories-Set-Bathroom-Supplies-Wholesale-5-540x540.webp 540w, https:\/\/jinhuaceramic.com\/wp-content\/uploads\/2025\/04\/Beige-Custom-Bathroom-Accessories-Set-Bathroom-Supplies-Wholesale-5-660x660.webp 660w\" sizes=\"(max-width: 1600px) 100vw, 1600px\" \/><\/figure>\n<\/div>\n<\/div>","protected":false},"excerpt":{"rendered":"<p>Bienvenue pour acheter en gros des ensembles d'accessoires de salle de bains. Nos ensembles de salle de bain beige personnalis\u00e9s sont simples et \u00e9l\u00e9gants dans leur design, durables dans leur mat\u00e9riau c\u00e9ramique, avec des accessoires complets et faciles \u00e0 nettoyer.<\/p>","protected":false},"featured_media":8678,"comment_status":"closed","ping_status":"closed","template":"","meta":{"_acf_changed":false},"product_brand":[],"product_cat":[51],"product_tag":[74],"class_list":{"0":"post-8672","1":"product","2":"type-product","3":"status-publish","4":"has-post-thumbnail","6":"product_cat-bathroom-accessories-wholesale","7":"product_tag-ceramic-bath-accessories-wholesale","9":"first","10":"instock","11":"shipping-taxable","12":"product-type-simple"},"acf":[],"_links":{"self":[{"href":"https:\/\/jinhuaceramic.com\/fr\/wp-json\/wp\/v2\/product\/8672","targetHints":{"allow":["GET"]}}],"collection":[{"href":"https:\/\/jinhuaceramic.com\/fr\/wp-json\/wp\/v2\/product"}],"about":[{"href":"https:\/\/jinhuaceramic.com\/fr\/wp-json\/wp\/v2\/types\/product"}],"replies":[{"embeddable":true,"href":"https:\/\/jinhuaceramic.com\/fr\/wp-json\/wp\/v2\/comments?post=8672"}],"version-history":[{"count":0,"href":"https:\/\/jinhuaceramic.com\/fr\/wp-json\/wp\/v2\/product\/8672\/revisions"}],"wp:featuredmedia":[{"embeddable":true,"href":"https:\/\/jinhuaceramic.com\/fr\/wp-json\/wp\/v2\/media\/8678"}],"wp:attachment":[{"href":"https:\/\/jinhuaceramic.com\/fr\/wp-json\/wp\/v2\/media?parent=8672"}],"wp:term":[{"taxonomy":"product_brand","embeddable":true,"href":"https:\/\/jinhuaceramic.com\/fr\/wp-json\/wp\/v2\/product_brand?post=8672"},{"taxonomy":"product_cat","embeddable":true,"href":"https:\/\/jinhuaceramic.com\/fr\/wp-json\/wp\/v2\/product_cat?post=8672"},{"taxonomy":"product_tag","embeddable":true,"href":"https:\/\/jinhuaceramic.com\/fr\/wp-json\/wp\/v2\/product_tag?post=8672"}],"curies":[{"name":"wp","href":"https:\/\/api.w.org\/{rel}","templated":true}]}}